{"id":2228,"date":"2017-12-30T21:02:16","date_gmt":"2017-12-30T21:02:16","guid":{"rendered":"http:\/\/biblian.is\/biblian\/s%c2%87lmarnir-133-kafli\/"},"modified":"2020-05-30T18:12:28","modified_gmt":"2020-05-30T18:12:28","slug":"salmarnir-133-kafli","status":"publish","type":"page","link":"https:\/\/biblian.is\/biblian\/salmarnir-133-kafli\/","title":{"rendered":"S\u00e1lmarnir 133. kafli"},"content":{"rendered":"<p><a name=\"1\"><span class=\"versanumer_2007\">1<\/span><\/a> Helgig\u00f6ngulj\u00f3\u00f0. Eftir Dav\u00ed\u00f0. <br \/> <span class=\"ljodatexti\"> Sj\u00e1, hversu fagurt og yndislegt \u00fea\u00f0 er<br \/>\u00feegar br\u00e6\u00f0ur b\u00faa saman. <br \/> <\/span> <span class=\"ljodatexti\"> <a name=\"2\"><span class=\"versanumer_ljod\">2<\/span><\/a>\u00dea\u00f0 l\u00edkist \u00e1g\u00e6tri ol\u00edu \u00e1 h\u00f6f\u00f0i<br \/>sem dr\u00fdpur ni\u00f0ur \u00ed skeggi\u00f0, skegg Arons,<br \/>og fellur ni\u00f0ur \u00e1 kl\u00e6\u00f0afald hans.<br \/> <\/span> <span class=\"ljodatexti\"> <a name=\"3\"><span class=\"versanumer_ljod\">3<\/span><\/a>\u00dea\u00f0 l\u00edkist d\u00f6gg af Hermonfjalli<br \/>er fellur ni\u00f0ur \u00e1 S\u00edonarfj\u00f6ll.<br \/>\u00dev\u00ed a\u00f0 \u00fear hefur Drottinn bo\u00f0i\u00f0 \u00fat blessun,<br \/>l\u00edf a\u00f0 eil\u00edfu. <\/span> <\/p>\n","protected":false},"excerpt":{"rendered":"<p>1 Helgig\u00f6ngulj\u00f3\u00f0. Eftir Dav\u00ed\u00f0. Sj\u00e1, hversu fagurt og yndislegt \u00fea\u00f0 er\u00feegar br\u00e6\u00f0ur b\u00faa saman. 2\u00dea\u00f0 l\u00edkist \u00e1g\u00e6tri ol\u00edu \u00e1 h\u00f6f\u00f0isem dr\u00fdpur ni\u00f0ur \u00ed skeggi\u00f0, skegg Arons,og fellur ni\u00f0ur \u00e1 kl\u00e6\u00f0afald hans. 3\u00dea\u00f0 l\u00edkist d\u00f6gg af Hermonfjallier fellur ni\u00f0ur \u00e1 S\u00edonarfj\u00f6ll.\u00dev\u00ed a\u00f0 \u00fear hefur Drottinn bo\u00f0i\u00f0 \u00fat blessun,l\u00edf a\u00f0 eil\u00edfu.<\/p>\n","protected":false},"author":1,"featured_media":0,"parent":0,"menu_order":0,"comment_status":"open","ping_status":"open","template":"bibliukaflar_salmarnir.php","meta":{"footnotes":""},"class_list":["post-2228","page","type-page","status-publish","hentry"],"_links":{"self":[{"href":"https:\/\/biblian.is\/biblian\/wp-json\/wp\/v2\/pages\/2228","targetHints":{"allow":["GET"]}}],"collection":[{"href":"https:\/\/biblian.is\/biblian\/wp-json\/wp\/v2\/pages"}],"about":[{"href":"https:\/\/biblian.is\/biblian\/wp-json\/wp\/v2\/types\/page"}],"author":[{"embeddable":true,"href":"https:\/\/biblian.is\/biblian\/wp-json\/wp\/v2\/users\/1"}],"replies":[{"embeddable":true,"href":"https:\/\/biblian.is\/biblian\/wp-json\/wp\/v2\/comments?post=2228"}],"version-history":[{"count":0,"href":"https:\/\/biblian.is\/biblian\/wp-json\/wp\/v2\/pages\/2228\/revisions"}],"wp:attachment":[{"href":"https:\/\/biblian.is\/biblian\/wp-json\/wp\/v2\/media?parent=2228"}],"curies":[{"name":"wp","href":"https:\/\/api.w.org\/{rel}","templated":true}]}}