{"id":2227,"date":"2017-12-30T21:02:16","date_gmt":"2017-12-30T21:02:16","guid":{"rendered":"http:\/\/biblian.is\/biblian\/s%c2%87lmarnir-132-kafli\/"},"modified":"2021-11-19T13:52:36","modified_gmt":"2021-11-19T13:52:36","slug":"salmarnir-132-kafli","status":"publish","type":"page","link":"https:\/\/biblian.is\/biblian\/salmarnir-132-kafli\/","title":{"rendered":"S\u00e1lmarnir 132. kafli"},"content":{"rendered":"<p><a name=\"1\"><span class=\"versanumer_2007\">1<\/span><\/a> Helgig\u00f6ngulj\u00f3\u00f0.<br \/> <span class=\"ljodatexti\"> Minnstu Dav\u00ed\u00f0s, Drottinn,<br \/>og allra \u00ferauta hans,<br \/> <\/span> <span class=\"ljodatexti\"> <a name=\"2\"><span class=\"versanumer_ljod\">2<\/span><\/a>hans sem s\u00f3r Drottni ei\u00f0,<br \/>h\u00e9t Hinum volduga Jakobs:<br \/> <\/span> <span class=\"ljodatexti\"> <a name=\"3\"><span class=\"versanumer_ljod\">3<\/span><\/a>\u201e\u00c9g vil eigi ganga inn \u00ed tjaldh\u00fas mitt,<br \/>ekki st\u00edga upp \u00ed hv\u00edlu m\u00edna,<br \/> <\/span> <span class=\"ljodatexti\"> <a name=\"4\"><span class=\"versanumer_ljod\">4<\/span><\/a>ekki unna augum m\u00ednum svefns<br \/>e\u00f0a augnalokum m\u00ednum blunds<br \/> <\/span> <span class=\"ljodatexti\"> <a name=\"5\"><span class=\"versanumer_ljod\">5<\/span><\/a>fyrr en \u00e9g finn Drottni sta\u00f0,<br \/>b\u00fasta\u00f0 Hinum volduga Jakobs.\u201c<br \/> <\/span> <span class=\"ljodatexti\"> <a name=\"6\"><span class=\"versanumer_ljod\">6<\/span><\/a>Sj\u00e1, v\u00e9r heyr\u00f0um um hana <span class=\"nedan_mal\" title=\" \u00de.e. s\u00e1ttm\u00e1ls\u00f6rkina.\">[<\/span> \u00ed Efrata <br \/>fundum hana \u00e1 v\u00f6llunum vi\u00f0 Jaar.<br \/> <\/span> <span class=\"ljodatexti\"> <a name=\"7\"><span class=\"versanumer_ljod\">7<\/span><\/a>H\u00f6ldum til b\u00fasta\u00f0ar Gu\u00f0s,<br \/>f\u00f6llum fram fyrir f\u00f3tsk\u00f6r hans.<br \/> <\/span> <span class=\"ljodatexti\"> <a name=\"8\"><span class=\"versanumer_ljod\">8<\/span><\/a>Kom \u00fe\u00fa, Drottinn, til hv\u00edldarsta\u00f0ar \u00fe\u00edns,<br \/>\u00fe\u00fa og \u00f6rk m\u00e1ttar \u00fe\u00edns.<br \/> <\/span> <span class=\"ljodatexti\"> <a name=\"9\"><span class=\"versanumer_ljod\">9<\/span><\/a>Prestar \u00fe\u00ednir \u00edkl\u00e6\u00f0ist r\u00e9ttl\u00e6ti<br \/>og d\u00fdrkendur \u00fe\u00ednir fagni.<br \/> <\/span> <span class=\"ljodatexti\"> <a name=\"10\"><span class=\"versanumer_ljod\">10<\/span><\/a>Sakir Dav\u00ed\u00f0s \u00fej\u00f3ns \u00fe\u00edns<br \/>v\u00edsa \u00fe\u00fa \u00fe\u00ednum smur\u00f0a eigi fr\u00e1.<br \/> <\/span> <span class=\"ljodatexti\"> <a name=\"11\"><span class=\"versanumer_ljod\">11<\/span><\/a>Drottinn s\u00f3r Dav\u00ed\u00f0 \u00f3brig\u00f0ulan ei\u00f0<br \/>sem hann mun ekki rj\u00fafa:<br \/>\u201eAf \u00e1vexti kvi\u00f0ar \u00fe\u00edns <br \/>mun \u00e9g setja mann \u00ed h\u00e1s\u00e6ti \u00feitt. <br \/> <\/span> <span class=\"ljodatexti\"> <a name=\"12\"><span class=\"versanumer_ljod\">12<\/span><\/a>Haldi synir \u00fe\u00ednir s\u00e1ttm\u00e1la minn,<br \/>l\u00f6g m\u00edn sem \u00e9g kenni \u00feeim,<br \/>\u00fe\u00e1 skulu \u00feeir og \u00feeirra synir um aldur og \u00e6vi<br \/>sitja \u00ed h\u00e1s\u00e6ti \u00fe\u00ednu.\u201c<br \/> <\/span> <span class=\"ljodatexti\"> <a name=\"13\"><span class=\"versanumer_ljod\">13<\/span><\/a>Drottinn hefur \u00fatvali\u00f0 S\u00edon,<br \/>\u00fear \u00fer\u00e1ir hann a\u00f0 hafa b\u00fasta\u00f0 sinn: <br \/> <\/span> <span class=\"ljodatexti\"> <a name=\"14\"><span class=\"versanumer_ljod\">14<\/span><\/a>\u201e\u00deetta er hv\u00edldarsta\u00f0ur minn um aldur og \u00e6vi,<br \/>h\u00e9r vil \u00e9g b\u00faa \u00fev\u00ed a\u00f0 hann hef \u00e9g \u00fer\u00e1\u00f0. <br \/> <\/span> <span class=\"ljodatexti\"> <a name=\"15\"><span class=\"versanumer_ljod\">15<\/span><\/a>Vistir S\u00edonar mun \u00e9g blessa r\u00edkulega,<br \/>se\u00f0ja hina snau\u00f0u me\u00f0 brau\u00f0i.<br \/> <\/span> <span class=\"ljodatexti\"> <a name=\"16\"><span class=\"versanumer_ljod\">16<\/span><\/a>Presta hennar vil \u00e9g \u00edkl\u00e6\u00f0a hj\u00e1lpr\u00e6\u00f0i,<br \/>hinir tr\u00faf\u00f6stu l\u00e1ti kve\u00f0a vi\u00f0 fagna\u00f0ar\u00f3p.<br \/> <\/span> <span class=\"ljodatexti\"> <a name=\"17\"><span class=\"versanumer_ljod\">17<\/span><\/a>\u00dear l\u00e6t \u00e9g vald Dav\u00ed\u00f0s eflast, <span class=\"nedan_mal\" title=\" Or\u00f0r\u00e9tt: \u00dear l\u00e6t \u00e9g Dav\u00ed\u00f0 vaxa horn.\">[<\/span><br \/>\u00e9g hef tendra\u00f0 lampa fyrir minn smur\u00f0a.<\/span><span class=\"ljodatexti\"> <a name=\"18\"><span class=\"versanumer_ljod\">18<\/span><\/a>\u00d3vini hans mun \u00e9g \u00edkl\u00e6\u00f0a sk\u00f6mm<br \/>en \u00e1 h\u00f6f\u00f0i hans mun k\u00f3r\u00f3nan lj\u00f3ma.\u201c <\/span> <\/p>\n","protected":false},"excerpt":{"rendered":"<p>1 Helgig\u00f6ngulj\u00f3\u00f0. Minnstu Dav\u00ed\u00f0s, Drottinn,og allra \u00ferauta hans, 2hans sem s\u00f3r Drottni ei\u00f0,h\u00e9t Hinum volduga Jakobs: 3\u201e\u00c9g vil eigi ganga inn \u00ed tjaldh\u00fas mitt,ekki st\u00edga upp \u00ed hv\u00edlu m\u00edna, 4ekki unna augum m\u00ednum svefnse\u00f0a augnalokum m\u00ednum blunds 5fyrr en \u00e9g finn Drottni sta\u00f0,b\u00fasta\u00f0 Hinum volduga Jakobs.\u201c 6Sj\u00e1, v\u00e9r heyr\u00f0um um hana [ \u00ed Efrata fundum hana \u00e1 v\u00f6llunum vi\u00f0 Jaar. 7H\u00f6ldum til b\u00fasta\u00f0ar Gu\u00f0s,f\u00f6llum fram fyrir f\u00f3tsk\u00f6r hans. 8Kom \u00fe\u00fa, Drottinn, til hv\u00edldarsta\u00f0ar \u00fe\u00edns,\u00fe\u00fa og \u00f6rk m\u00e1ttar \u00fe\u00edns. 9Prestar \u00fe\u00ednir \u00edkl\u00e6\u00f0ist r\u00e9ttl\u00e6tiog d\u00fdrkendur \u00fe\u00ednir fagni. 10Sakir Dav\u00ed\u00f0s \u00fej\u00f3ns \u00fe\u00ednsv\u00edsa \u00fe\u00fa \u00fe\u00ednum smur\u00f0a eigi fr\u00e1. 11Drottinn s\u00f3r Dav\u00ed\u00f0 \u00f3brig\u00f0ulan ei\u00f0sem hann <a href=\"https:\/\/biblian.is\/biblian\/salmarnir-132-kafli\/\"> [&#8230;]<\/a><\/p>\n","protected":false},"author":1,"featured_media":0,"parent":0,"menu_order":0,"comment_status":"open","ping_status":"open","template":"bibliukaflar_salmarnir.php","meta":{"footnotes":""},"class_list":["post-2227","page","type-page","status-publish","hentry"],"_links":{"self":[{"href":"https:\/\/biblian.is\/biblian\/wp-json\/wp\/v2\/pages\/2227","targetHints":{"allow":["GET"]}}],"collection":[{"href":"https:\/\/biblian.is\/biblian\/wp-json\/wp\/v2\/pages"}],"about":[{"href":"https:\/\/biblian.is\/biblian\/wp-json\/wp\/v2\/types\/page"}],"author":[{"embeddable":true,"href":"https:\/\/biblian.is\/biblian\/wp-json\/wp\/v2\/users\/1"}],"replies":[{"embeddable":true,"href":"https:\/\/biblian.is\/biblian\/wp-json\/wp\/v2\/comments?post=2227"}],"version-history":[{"count":0,"href":"https:\/\/biblian.is\/biblian\/wp-json\/wp\/v2\/pages\/2227\/revisions"}],"wp:attachment":[{"href":"https:\/\/biblian.is\/biblian\/wp-json\/wp\/v2\/media?parent=2227"}],"curies":[{"name":"wp","href":"https:\/\/api.w.org\/{rel}","templated":true}]}}