{"id":2226,"date":"2017-12-30T21:02:16","date_gmt":"2017-12-30T21:02:16","guid":{"rendered":"http:\/\/biblian.is\/biblian\/s%c2%87lmarnir-131-kafli\/"},"modified":"2020-05-30T18:12:28","modified_gmt":"2020-05-30T18:12:28","slug":"salmarnir-131-kafli","status":"publish","type":"page","link":"https:\/\/biblian.is\/biblian\/salmarnir-131-kafli\/","title":{"rendered":"S\u00e1lmarnir 131. kafli"},"content":{"rendered":"<p><a name=\"1\"><span class=\"versanumer_2007\">1<\/span><\/a> Helgig\u00f6ngulj\u00f3\u00f0. Eftir Dav\u00ed\u00f0.<br \/> <span class=\"ljodatexti\"> Drottinn, hjarta mitt er hvorki drambl\u00e1tt<br \/>n\u00e9 augu m\u00edn hrokafull.<br \/>\u00c9g f\u00e6rist ekki of miki\u00f0 \u00ed fang,<br \/>f\u00e6st ekki vi\u00f0 \u00fea\u00f0 sem er ofvaxi\u00f0 skilningi m\u00ednum.<br \/> <\/span> <span class=\"ljodatexti\"> <a name=\"2\"><span class=\"versanumer_ljod\">2<\/span><\/a>Sj\u00e1, \u00e9g hef r\u00f3a\u00f0 og sefa\u00f0 s\u00e1l m\u00edna.<br \/>Eins og l\u00edti\u00f0 barn vi\u00f0 brj\u00f3st m\u00f3\u00f0ur sinnar,<br \/>svo er s\u00e1l m\u00edn \u00ed m\u00e9r. <br \/> <\/span> <span class=\"ljodatexti\"> <a name=\"3\"><span class=\"versanumer_ljod\">3<\/span><\/a>Vona \u00e1 Drottin, \u00cdsrael,<br \/>h\u00e9\u00f0an \u00ed fr\u00e1 og a\u00f0 eil\u00edfu. <\/span> <\/p>\n","protected":false},"excerpt":{"rendered":"<p>1 Helgig\u00f6ngulj\u00f3\u00f0. Eftir Dav\u00ed\u00f0. Drottinn, hjarta mitt er hvorki drambl\u00e1ttn\u00e9 augu m\u00edn hrokafull.\u00c9g f\u00e6rist ekki of miki\u00f0 \u00ed fang,f\u00e6st ekki vi\u00f0 \u00fea\u00f0 sem er ofvaxi\u00f0 skilningi m\u00ednum. 2Sj\u00e1, \u00e9g hef r\u00f3a\u00f0 og sefa\u00f0 s\u00e1l m\u00edna.Eins og l\u00edti\u00f0 barn vi\u00f0 brj\u00f3st m\u00f3\u00f0ur sinnar,svo er s\u00e1l m\u00edn \u00ed m\u00e9r. 3Vona \u00e1 Drottin, \u00cdsrael,h\u00e9\u00f0an \u00ed fr\u00e1 og a\u00f0 eil\u00edfu.<\/p>\n","protected":false},"author":1,"featured_media":0,"parent":0,"menu_order":0,"comment_status":"open","ping_status":"open","template":"bibliukaflar_salmarnir.php","meta":{"footnotes":""},"class_list":["post-2226","page","type-page","status-publish","hentry"],"_links":{"self":[{"href":"https:\/\/biblian.is\/biblian\/wp-json\/wp\/v2\/pages\/2226","targetHints":{"allow":["GET"]}}],"collection":[{"href":"https:\/\/biblian.is\/biblian\/wp-json\/wp\/v2\/pages"}],"about":[{"href":"https:\/\/biblian.is\/biblian\/wp-json\/wp\/v2\/types\/page"}],"author":[{"embeddable":true,"href":"https:\/\/biblian.is\/biblian\/wp-json\/wp\/v2\/users\/1"}],"replies":[{"embeddable":true,"href":"https:\/\/biblian.is\/biblian\/wp-json\/wp\/v2\/comments?post=2226"}],"version-history":[{"count":0,"href":"https:\/\/biblian.is\/biblian\/wp-json\/wp\/v2\/pages\/2226\/revisions"}],"wp:attachment":[{"href":"https:\/\/biblian.is\/biblian\/wp-json\/wp\/v2\/media?parent=2226"}],"curies":[{"name":"wp","href":"https:\/\/api.w.org\/{rel}","templated":true}]}}