{"id":2225,"date":"2017-12-30T21:02:16","date_gmt":"2017-12-30T21:02:16","guid":{"rendered":"http:\/\/biblian.is\/biblian\/s%c2%87lmarnir-130-kafli\/"},"modified":"2020-05-30T18:12:28","modified_gmt":"2020-05-30T18:12:28","slug":"salmarnir-130-kafli","status":"publish","type":"page","link":"https:\/\/biblian.is\/biblian\/salmarnir-130-kafli\/","title":{"rendered":"S\u00e1lmarnir 130. kafli"},"content":{"rendered":"<p><a name=\"1\"><span class=\"versanumer_2007\">1<\/span><\/a> Helgig\u00f6ngulj\u00f3\u00f0. <br \/> <span class=\"ljodatexti\"> \u00dar dj\u00fapinu \u00e1kalla \u00e9g \u00feig, Drottinn,<br \/> <\/span> <span class=\"ljodatexti\"> <a name=\"2\"><span class=\"versanumer_ljod\">2<\/span><\/a>Drottinn, heyr \u00fe\u00fa raust m\u00edna,<br \/>l\u00e1t eyru \u00fe\u00edn hlusta \u00e1 gr\u00e1tbei\u00f0ni m\u00edna.<br \/> <\/span> <span class=\"ljodatexti\"> <a name=\"3\"><span class=\"versanumer_ljod\">3<\/span><\/a>Ef \u00fe\u00fa, Drottinn, g\u00e6fir g\u00e6tur a\u00f0 misgj\u00f6r\u00f0um,<br \/>Drottinn, hver fengi \u00fe\u00e1 sta\u00f0ist?<br \/> <\/span> <span class=\"ljodatexti\"> <a name=\"4\"><span class=\"versanumer_ljod\">4<\/span><\/a>En hj\u00e1 \u00fe\u00e9r er fyrirgefning<br \/>svo a\u00f0 menn \u00f3ttist \u00feig.<br \/> <\/span> <span class=\"ljodatexti\"> <a name=\"5\"><span class=\"versanumer_ljod\">5<\/span><\/a>\u00c9g vona \u00e1 Drottin,<br \/>s\u00e1l m\u00edn vonar,<br \/>hans or\u00f0s b\u00ed\u00f0 \u00e9g.<br \/> <\/span> <span class=\"ljodatexti\"> <a name=\"6\"><span class=\"versanumer_ljod\">6<\/span><\/a>Meir en v\u00f6kumenn morgun,<br \/>v\u00f6kumenn morgun,<br \/>\u00fer\u00e1ir s\u00e1l m\u00edn Drottin.<br \/> <\/span> <span class=\"ljodatexti\"> <a name=\"7\"><span class=\"versanumer_ljod\">7<\/span><\/a>\u00d3, \u00cdsrael, b\u00ed\u00f0 \u00fe\u00fa Drottins<br \/>\u00fev\u00ed a\u00f0 hj\u00e1 Drottni er miskunn<br \/>og hj\u00e1 honum er gn\u00e6g\u00f0 lausnar.<br \/> <\/span> <span class=\"ljodatexti\"> <a name=\"8\"><span class=\"versanumer_ljod\">8<\/span><\/a>Hann mun leysa \u00cdsrael <br \/>fr\u00e1 \u00f6llum misgj\u00f6r\u00f0um hans. <\/span> <\/p>\n","protected":false},"excerpt":{"rendered":"<p>1 Helgig\u00f6ngulj\u00f3\u00f0. \u00dar dj\u00fapinu \u00e1kalla \u00e9g \u00feig, Drottinn, 2Drottinn, heyr \u00fe\u00fa raust m\u00edna,l\u00e1t eyru \u00fe\u00edn hlusta \u00e1 gr\u00e1tbei\u00f0ni m\u00edna. 3Ef \u00fe\u00fa, Drottinn, g\u00e6fir g\u00e6tur a\u00f0 misgj\u00f6r\u00f0um,Drottinn, hver fengi \u00fe\u00e1 sta\u00f0ist? 4En hj\u00e1 \u00fe\u00e9r er fyrirgefningsvo a\u00f0 menn \u00f3ttist \u00feig. 5\u00c9g vona \u00e1 Drottin,s\u00e1l m\u00edn vonar,hans or\u00f0s b\u00ed\u00f0 \u00e9g. 6Meir en v\u00f6kumenn morgun,v\u00f6kumenn morgun,\u00fer\u00e1ir s\u00e1l m\u00edn Drottin. 7\u00d3, \u00cdsrael, b\u00ed\u00f0 \u00fe\u00fa Drottins\u00fev\u00ed a\u00f0 hj\u00e1 Drottni er miskunnog hj\u00e1 honum er gn\u00e6g\u00f0 lausnar. 8Hann mun leysa \u00cdsrael fr\u00e1 \u00f6llum misgj\u00f6r\u00f0um hans.<\/p>\n","protected":false},"author":1,"featured_media":0,"parent":0,"menu_order":0,"comment_status":"open","ping_status":"open","template":"bibliukaflar_salmarnir.php","meta":{"footnotes":""},"class_list":["post-2225","page","type-page","status-publish","hentry"],"_links":{"self":[{"href":"https:\/\/biblian.is\/biblian\/wp-json\/wp\/v2\/pages\/2225","targetHints":{"allow":["GET"]}}],"collection":[{"href":"https:\/\/biblian.is\/biblian\/wp-json\/wp\/v2\/pages"}],"about":[{"href":"https:\/\/biblian.is\/biblian\/wp-json\/wp\/v2\/types\/page"}],"author":[{"embeddable":true,"href":"https:\/\/biblian.is\/biblian\/wp-json\/wp\/v2\/users\/1"}],"replies":[{"embeddable":true,"href":"https:\/\/biblian.is\/biblian\/wp-json\/wp\/v2\/comments?post=2225"}],"version-history":[{"count":0,"href":"https:\/\/biblian.is\/biblian\/wp-json\/wp\/v2\/pages\/2225\/revisions"}],"wp:attachment":[{"href":"https:\/\/biblian.is\/biblian\/wp-json\/wp\/v2\/media?parent=2225"}],"curies":[{"name":"wp","href":"https:\/\/api.w.org\/{rel}","templated":true}]}}