{"id":2224,"date":"2017-12-30T21:02:16","date_gmt":"2017-12-30T21:02:16","guid":{"rendered":"http:\/\/biblian.is\/biblian\/s%c2%87lmarnir-129-kafli\/"},"modified":"2020-05-30T18:12:27","modified_gmt":"2020-05-30T18:12:27","slug":"salmarnir-129-kafli","status":"publish","type":"page","link":"https:\/\/biblian.is\/biblian\/salmarnir-129-kafli\/","title":{"rendered":"S\u00e1lmarnir 129. kafli"},"content":{"rendered":"<p><a name=\"1\"><span class=\"versanumer_2007\">1<\/span><\/a> Helgig\u00f6ngulj\u00f3\u00f0.<br \/> <span class=\"ljodatexti\"> Menn s\u00f3ttu mj\u00f6g a\u00f0 m\u00e9r allt fr\u00e1 \u00e6sku minni,<br \/>&#8211; skal \u00cdsrael segja &#8211;<br \/> <\/span> <span class=\"ljodatexti\"> <a name=\"2\"><span class=\"versanumer_ljod\">2<\/span><\/a>menn s\u00f3ttu mj\u00f6g a\u00f0 m\u00e9r allt fr\u00e1 \u00e6sku minni<br \/>en yfirbugu\u00f0u mig eigi. <br \/> <\/span> <span class=\"ljodatexti\"> <a name=\"3\"><span class=\"versanumer_ljod\">3<\/span><\/a>\u00deeir pl\u00e6g\u00f0u um hrygg m\u00e9r,<br \/>ger\u00f0u pl\u00f3gf\u00f6rin l\u00f6ng.<br \/> <\/span> <span class=\"ljodatexti\"> <a name=\"4\"><span class=\"versanumer_ljod\">4<\/span><\/a>En Drottinn er r\u00e9ttl\u00e1tur,<br \/>hann hefur h\u00f6ggvi\u00f0 fj\u00f6tra \u00f3gu\u00f0legra.<br \/> <\/span> <span class=\"ljodatexti\"> <a name=\"5\"><span class=\"versanumer_ljod\">5<\/span><\/a>Allir sem hata S\u00edon<br \/>skulu h\u00f6rfa sneyptir.<br \/> <\/span> <span class=\"ljodatexti\"> <a name=\"6\"><span class=\"versanumer_ljod\">6<\/span><\/a>\u00deeir skulu ver\u00f0a sem gras \u00e1 \u00feekju<br \/>sem skr\u00e6lnar \u00e1\u00f0ur en \u00fea\u00f0 sprettur.<br \/> <\/span> <span class=\"ljodatexti\"> <a name=\"7\"><span class=\"versanumer_ljod\">7<\/span><\/a>Sl\u00e1ttuma\u00f0urinn skal ekki fylla h\u00f6nd s\u00edna<br \/>n\u00e9 heldur s\u00e1 fang sitt sem bindur.<br \/> <\/span> <span class=\"ljodatexti\"> <a name=\"8\"><span class=\"versanumer_ljod\">8<\/span><\/a>Og enginn sem fram hj\u00e1 fer mun segja:<br \/>\u201eBlessun Drottins s\u00e9 me\u00f0 y\u00f0ur.\u201c<br \/>V\u00e9r blessum y\u00f0ur \u00ed nafni Drottins. <\/span> <\/p>\n","protected":false},"excerpt":{"rendered":"<p>1 Helgig\u00f6ngulj\u00f3\u00f0. Menn s\u00f3ttu mj\u00f6g a\u00f0 m\u00e9r allt fr\u00e1 \u00e6sku minni,&#8211; skal \u00cdsrael segja &#8211; 2menn s\u00f3ttu mj\u00f6g a\u00f0 m\u00e9r allt fr\u00e1 \u00e6sku minnien yfirbugu\u00f0u mig eigi. 3\u00deeir pl\u00e6g\u00f0u um hrygg m\u00e9r,ger\u00f0u pl\u00f3gf\u00f6rin l\u00f6ng. 4En Drottinn er r\u00e9ttl\u00e1tur,hann hefur h\u00f6ggvi\u00f0 fj\u00f6tra \u00f3gu\u00f0legra. 5Allir sem hata S\u00edonskulu h\u00f6rfa sneyptir. 6\u00deeir skulu ver\u00f0a sem gras \u00e1 \u00feekjusem skr\u00e6lnar \u00e1\u00f0ur en \u00fea\u00f0 sprettur. 7Sl\u00e1ttuma\u00f0urinn skal ekki fylla h\u00f6nd s\u00ednan\u00e9 heldur s\u00e1 fang sitt sem bindur. 8Og enginn sem fram hj\u00e1 fer mun segja:\u201eBlessun Drottins s\u00e9 me\u00f0 y\u00f0ur.\u201cV\u00e9r blessum y\u00f0ur \u00ed nafni Drottins.<\/p>\n","protected":false},"author":1,"featured_media":0,"parent":0,"menu_order":0,"comment_status":"open","ping_status":"open","template":"bibliukaflar_salmarnir.php","meta":{"footnotes":""},"class_list":["post-2224","page","type-page","status-publish","hentry"],"_links":{"self":[{"href":"https:\/\/biblian.is\/biblian\/wp-json\/wp\/v2\/pages\/2224","targetHints":{"allow":["GET"]}}],"collection":[{"href":"https:\/\/biblian.is\/biblian\/wp-json\/wp\/v2\/pages"}],"about":[{"href":"https:\/\/biblian.is\/biblian\/wp-json\/wp\/v2\/types\/page"}],"author":[{"embeddable":true,"href":"https:\/\/biblian.is\/biblian\/wp-json\/wp\/v2\/users\/1"}],"replies":[{"embeddable":true,"href":"https:\/\/biblian.is\/biblian\/wp-json\/wp\/v2\/comments?post=2224"}],"version-history":[{"count":0,"href":"https:\/\/biblian.is\/biblian\/wp-json\/wp\/v2\/pages\/2224\/revisions"}],"wp:attachment":[{"href":"https:\/\/biblian.is\/biblian\/wp-json\/wp\/v2\/media?parent=2224"}],"curies":[{"name":"wp","href":"https:\/\/api.w.org\/{rel}","templated":true}]}}