{"id":2223,"date":"2017-12-30T21:02:16","date_gmt":"2017-12-30T21:02:16","guid":{"rendered":"http:\/\/biblian.is\/biblian\/s%c2%87lmarnir-128-kafli\/"},"modified":"2020-05-30T18:12:27","modified_gmt":"2020-05-30T18:12:27","slug":"salmarnir-128-kafli","status":"publish","type":"page","link":"https:\/\/biblian.is\/biblian\/salmarnir-128-kafli\/","title":{"rendered":"S\u00e1lmarnir 128. kafli"},"content":{"rendered":"<p><a name=\"1\"><span class=\"versanumer_2007\">1<\/span><\/a> Helgig\u00f6ngulj\u00f3\u00f0.<br \/> <span class=\"ljodatexti\"> S\u00e6ll er hver s\u00e1 er \u00f3ttast Drottin<br \/>og gengur \u00e1 hans vegum.<br \/> <\/span> <span class=\"ljodatexti\"> <a name=\"2\"><span class=\"versanumer_ljod\">2<\/span><\/a>Afla handa \u00feinna skalt \u00fe\u00fa nj\u00f3ta,<br \/>s\u00e6ll ert \u00fe\u00fa, vel farnast \u00fe\u00e9r.<br \/> <\/span> <span class=\"ljodatexti\"> <a name=\"3\"><span class=\"versanumer_ljod\">3<\/span><\/a>Kona \u00fe\u00edn er sem frj\u00f3samur v\u00ednvi\u00f0ur <br \/>inni \u00ed h\u00fasi \u00fe\u00ednu,<br \/>b\u00f6rn \u00fe\u00edn sem teinungar ol\u00edutr\u00e9sins<br \/>umhverfis bor\u00f0 \u00feitt.<br \/> <\/span> <span class=\"ljodatexti\"> <a name=\"4\"><span class=\"versanumer_ljod\">4<\/span><\/a>Sannarlega hl\u00fdtur sl\u00edka blessun s\u00e1 ma\u00f0ur<br \/>er \u00f3ttast Drottin.<br \/> <\/span> <span class=\"ljodatexti\"> <a name=\"5\"><span class=\"versanumer_ljod\">5<\/span><\/a>Drottinn blessi \u00feig fr\u00e1 S\u00edon<br \/>svo a\u00f0 \u00fe\u00fa f\u00e1ir s\u00e9\u00f0 hamingju Jer\u00fasalem<br \/>alla \u00e6vidaga \u00fe\u00edna<br \/> <\/span> <span class=\"ljodatexti\"> <a name=\"6\"><span class=\"versanumer_ljod\">6<\/span><\/a>og s\u00e9\u00f0 barnab\u00f6rn \u00fe\u00edn.<br \/>Fri\u00f0ur s\u00e9 yfir \u00cdsrael. <\/span> <\/p>\n","protected":false},"excerpt":{"rendered":"<p>1 Helgig\u00f6ngulj\u00f3\u00f0. S\u00e6ll er hver s\u00e1 er \u00f3ttast Drottinog gengur \u00e1 hans vegum. 2Afla handa \u00feinna skalt \u00fe\u00fa nj\u00f3ta,s\u00e6ll ert \u00fe\u00fa, vel farnast \u00fe\u00e9r. 3Kona \u00fe\u00edn er sem frj\u00f3samur v\u00ednvi\u00f0ur inni \u00ed h\u00fasi \u00fe\u00ednu,b\u00f6rn \u00fe\u00edn sem teinungar ol\u00edutr\u00e9sinsumhverfis bor\u00f0 \u00feitt. 4Sannarlega hl\u00fdtur sl\u00edka blessun s\u00e1 ma\u00f0urer \u00f3ttast Drottin. 5Drottinn blessi \u00feig fr\u00e1 S\u00edonsvo a\u00f0 \u00fe\u00fa f\u00e1ir s\u00e9\u00f0 hamingju Jer\u00fasalemalla \u00e6vidaga \u00fe\u00edna 6og s\u00e9\u00f0 barnab\u00f6rn \u00fe\u00edn.Fri\u00f0ur s\u00e9 yfir \u00cdsrael.<\/p>\n","protected":false},"author":1,"featured_media":0,"parent":0,"menu_order":0,"comment_status":"open","ping_status":"open","template":"bibliukaflar_salmarnir.php","meta":{"footnotes":""},"class_list":["post-2223","page","type-page","status-publish","hentry"],"_links":{"self":[{"href":"https:\/\/biblian.is\/biblian\/wp-json\/wp\/v2\/pages\/2223","targetHints":{"allow":["GET"]}}],"collection":[{"href":"https:\/\/biblian.is\/biblian\/wp-json\/wp\/v2\/pages"}],"about":[{"href":"https:\/\/biblian.is\/biblian\/wp-json\/wp\/v2\/types\/page"}],"author":[{"embeddable":true,"href":"https:\/\/biblian.is\/biblian\/wp-json\/wp\/v2\/users\/1"}],"replies":[{"embeddable":true,"href":"https:\/\/biblian.is\/biblian\/wp-json\/wp\/v2\/comments?post=2223"}],"version-history":[{"count":0,"href":"https:\/\/biblian.is\/biblian\/wp-json\/wp\/v2\/pages\/2223\/revisions"}],"wp:attachment":[{"href":"https:\/\/biblian.is\/biblian\/wp-json\/wp\/v2\/media?parent=2223"}],"curies":[{"name":"wp","href":"https:\/\/api.w.org\/{rel}","templated":true}]}}