{"id":2222,"date":"2017-12-30T21:02:16","date_gmt":"2017-12-30T21:02:16","guid":{"rendered":"http:\/\/biblian.is\/biblian\/s%c2%87lmarnir-127-kafli\/"},"modified":"2020-05-30T18:12:27","modified_gmt":"2020-05-30T18:12:27","slug":"salmarnir-127-kafli","status":"publish","type":"page","link":"https:\/\/biblian.is\/biblian\/salmarnir-127-kafli\/","title":{"rendered":"S\u00e1lmarnir 127. kafli"},"content":{"rendered":"<p><a name=\"1\"><span class=\"versanumer_2007\">1<\/span><\/a> Helgig\u00f6ngulj\u00f3\u00f0. Eftir Sal\u00f3mon.<br \/> <span class=\"ljodatexti\"> Ef Drottinn byggir ekki h\u00fasi\u00f0<br \/>erfi\u00f0a smi\u00f0irnir til \u00f3n\u00fdtis.<br \/>Ef Drottinn verndar eigi borgina<br \/>vakir v\u00f6r\u00f0urinn til \u00f3n\u00fdtis.<br \/> <\/span> <span class=\"ljodatexti\"> <a name=\"2\"><span class=\"versanumer_ljod\">2<\/span><\/a>\u00dea\u00f0 er y\u00f0ur til einskis<br \/>a\u00f0 r\u00edsa upp \u00e1rla og ganga seint til hv\u00edlu<br \/>og eta brau\u00f0 sem afla\u00f0 er me\u00f0 striti:<br \/>Svo gefur Drottinn \u00e1stvinum s\u00ednum \u00ed svefni.<br \/> <\/span> <span class=\"ljodatexti\"> <a name=\"3\"><span class=\"versanumer_ljod\">3<\/span><\/a>Synir eru gj\u00f6f fr\u00e1 Drottni,<br \/>\u00e1v\u00f6xtur m\u00f3\u00f0url\u00edfsins er umbun.<br \/> <\/span> <span class=\"ljodatexti\"> <a name=\"4\"><span class=\"versanumer_ljod\">4<\/span><\/a>Eins og \u00f6rvar \u00ed hendi kappans<br \/>eru synir getnir \u00ed \u00e6sku.<br \/> <\/span> <span class=\"ljodatexti\"> <a name=\"5\"><span class=\"versanumer_ljod\">5<\/span><\/a>S\u00e6ll er s\u00e1 ma\u00f0ur er fyllt hefur \u00f6rvam\u00e6li sinn me\u00f0 \u00feeim.<br \/>\u00deeir ver\u00f0a eigi til skammar <br \/>er \u00feeir flytja m\u00e1l gegn \u00f3vinum s\u00ednum \u00ed borgarhli\u00f0inu. <\/span> <\/p>\n","protected":false},"excerpt":{"rendered":"<p>1 Helgig\u00f6ngulj\u00f3\u00f0. Eftir Sal\u00f3mon. Ef Drottinn byggir ekki h\u00fasi\u00f0erfi\u00f0a smi\u00f0irnir til \u00f3n\u00fdtis.Ef Drottinn verndar eigi borginavakir v\u00f6r\u00f0urinn til \u00f3n\u00fdtis. 2\u00dea\u00f0 er y\u00f0ur til einskisa\u00f0 r\u00edsa upp \u00e1rla og ganga seint til hv\u00edluog eta brau\u00f0 sem afla\u00f0 er me\u00f0 striti:Svo gefur Drottinn \u00e1stvinum s\u00ednum \u00ed svefni. 3Synir eru gj\u00f6f fr\u00e1 Drottni,\u00e1v\u00f6xtur m\u00f3\u00f0url\u00edfsins er umbun. 4Eins og \u00f6rvar \u00ed hendi kappanseru synir getnir \u00ed \u00e6sku. 5S\u00e6ll er s\u00e1 ma\u00f0ur er fyllt hefur \u00f6rvam\u00e6li sinn me\u00f0 \u00feeim.\u00deeir ver\u00f0a eigi til skammar er \u00feeir flytja m\u00e1l gegn \u00f3vinum s\u00ednum \u00ed borgarhli\u00f0inu.<\/p>\n","protected":false},"author":1,"featured_media":0,"parent":0,"menu_order":0,"comment_status":"open","ping_status":"open","template":"bibliukaflar_salmarnir.php","meta":{"footnotes":""},"class_list":["post-2222","page","type-page","status-publish","hentry"],"_links":{"self":[{"href":"https:\/\/biblian.is\/biblian\/wp-json\/wp\/v2\/pages\/2222","targetHints":{"allow":["GET"]}}],"collection":[{"href":"https:\/\/biblian.is\/biblian\/wp-json\/wp\/v2\/pages"}],"about":[{"href":"https:\/\/biblian.is\/biblian\/wp-json\/wp\/v2\/types\/page"}],"author":[{"embeddable":true,"href":"https:\/\/biblian.is\/biblian\/wp-json\/wp\/v2\/users\/1"}],"replies":[{"embeddable":true,"href":"https:\/\/biblian.is\/biblian\/wp-json\/wp\/v2\/comments?post=2222"}],"version-history":[{"count":0,"href":"https:\/\/biblian.is\/biblian\/wp-json\/wp\/v2\/pages\/2222\/revisions"}],"wp:attachment":[{"href":"https:\/\/biblian.is\/biblian\/wp-json\/wp\/v2\/media?parent=2222"}],"curies":[{"name":"wp","href":"https:\/\/api.w.org\/{rel}","templated":true}]}}