{"id":2221,"date":"2017-12-30T21:02:16","date_gmt":"2017-12-30T21:02:16","guid":{"rendered":"http:\/\/biblian.is\/biblian\/s%c2%87lmarnir-126-kafli\/"},"modified":"2020-05-30T18:12:27","modified_gmt":"2020-05-30T18:12:27","slug":"salmarnir-126-kafli","status":"publish","type":"page","link":"https:\/\/biblian.is\/biblian\/salmarnir-126-kafli\/","title":{"rendered":"S\u00e1lmarnir 126. kafli"},"content":{"rendered":"<p><a name=\"1\"><span class=\"versanumer_2007\">1<\/span><\/a> Helgig\u00f6ngulj\u00f3\u00f0.<br \/> <span class=\"ljodatexti\"> \u00deegar Drottinn sneri vi\u00f0 hag S\u00edonar <span class=\"nedan_mal\" title=\" Annar lesh\u00e1ttur: \u00deegar Drottinn leiddi \u00fatlagana heim til S\u00edonar.\">[<\/span> <br \/>var sem oss dreymdi.<br \/> <\/span> <span class=\"ljodatexti\"> <a name=\"2\"><span class=\"versanumer_ljod\">2<\/span><\/a>\u00de\u00e1 fylltist munnur vor hl\u00e1tri<br \/>og tungur vorar f\u00f6gnu\u00f0i.<br \/>\u00de\u00e1 s\u00f6g\u00f0u menn me\u00f0al \u00fej\u00f3\u00f0anna: <br \/>\u201eMikla hluti hefur Drottinn gert vi\u00f0 \u00fe\u00e1.\u201c<br \/> <\/span> <span class=\"ljodatexti\"> <a name=\"3\"><span class=\"versanumer_ljod\">3<\/span><\/a>Drottinn hefur gert mikla hluti vi\u00f0 oss,<br \/>v\u00e9r vorum gla\u00f0ir.<br \/> <\/span> <span class=\"ljodatexti\"> <a name=\"4\"><span class=\"versanumer_ljod\">4<\/span><\/a>Sn\u00fa vi\u00f0 hag vorum, Drottinn,<br \/>eins og \u00fe\u00fa fyllir \u00feurra farvegi \u00ed Su\u00f0urlandi.<br \/> <\/span> <span class=\"ljodatexti\"> <a name=\"5\"><span class=\"versanumer_ljod\">5<\/span><\/a>\u00deeir sem s\u00e1 me\u00f0 t\u00e1rum<br \/>munu uppskera me\u00f0 gle\u00f0is\u00f6ng.<br \/> <\/span> <span class=\"ljodatexti\"> <a name=\"6\"><span class=\"versanumer_ljod\">6<\/span><\/a>Gr\u00e1tandi fara menn<br \/>og bera s\u00e1\u00f0korn til s\u00e1ningar,<br \/>me\u00f0 gle\u00f0is\u00f6ng koma \u00feeir aftur<br \/>og bera kornbindin heim. <\/span> <\/p>\n","protected":false},"excerpt":{"rendered":"<p>1 Helgig\u00f6ngulj\u00f3\u00f0. \u00deegar Drottinn sneri vi\u00f0 hag S\u00edonar [ var sem oss dreymdi. 2\u00de\u00e1 fylltist munnur vor hl\u00e1triog tungur vorar f\u00f6gnu\u00f0i.\u00de\u00e1 s\u00f6g\u00f0u menn me\u00f0al \u00fej\u00f3\u00f0anna: \u201eMikla hluti hefur Drottinn gert vi\u00f0 \u00fe\u00e1.\u201c 3Drottinn hefur gert mikla hluti vi\u00f0 oss,v\u00e9r vorum gla\u00f0ir. 4Sn\u00fa vi\u00f0 hag vorum, Drottinn,eins og \u00fe\u00fa fyllir \u00feurra farvegi \u00ed Su\u00f0urlandi. 5\u00deeir sem s\u00e1 me\u00f0 t\u00e1rummunu uppskera me\u00f0 gle\u00f0is\u00f6ng. 6Gr\u00e1tandi fara mennog bera s\u00e1\u00f0korn til s\u00e1ningar,me\u00f0 gle\u00f0is\u00f6ng koma \u00feeir afturog bera kornbindin heim.<\/p>\n","protected":false},"author":1,"featured_media":0,"parent":0,"menu_order":0,"comment_status":"open","ping_status":"open","template":"bibliukaflar_salmarnir.php","meta":{"footnotes":""},"class_list":["post-2221","page","type-page","status-publish","hentry"],"_links":{"self":[{"href":"https:\/\/biblian.is\/biblian\/wp-json\/wp\/v2\/pages\/2221","targetHints":{"allow":["GET"]}}],"collection":[{"href":"https:\/\/biblian.is\/biblian\/wp-json\/wp\/v2\/pages"}],"about":[{"href":"https:\/\/biblian.is\/biblian\/wp-json\/wp\/v2\/types\/page"}],"author":[{"embeddable":true,"href":"https:\/\/biblian.is\/biblian\/wp-json\/wp\/v2\/users\/1"}],"replies":[{"embeddable":true,"href":"https:\/\/biblian.is\/biblian\/wp-json\/wp\/v2\/comments?post=2221"}],"version-history":[{"count":0,"href":"https:\/\/biblian.is\/biblian\/wp-json\/wp\/v2\/pages\/2221\/revisions"}],"wp:attachment":[{"href":"https:\/\/biblian.is\/biblian\/wp-json\/wp\/v2\/media?parent=2221"}],"curies":[{"name":"wp","href":"https:\/\/api.w.org\/{rel}","templated":true}]}}