{"id":2219,"date":"2017-12-30T21:02:16","date_gmt":"2017-12-30T21:02:16","guid":{"rendered":"http:\/\/biblian.is\/biblian\/s%c2%87lmarnir-124-kafli\/"},"modified":"2020-05-30T18:12:26","modified_gmt":"2020-05-30T18:12:26","slug":"salmarnir-124-kafli","status":"publish","type":"page","link":"https:\/\/biblian.is\/biblian\/salmarnir-124-kafli\/","title":{"rendered":"S\u00e1lmarnir 124. kafli"},"content":{"rendered":"<p><a name=\"1\"><span class=\"versanumer_2007\">1<\/span><\/a> Helgig\u00f6ngulj\u00f3\u00f0. Eftir Dav\u00ed\u00f0.<br \/> <span class=\"ljodatexti\"> Ef Drottinn hef\u00f0i ekki veri\u00f0 me\u00f0 oss,<br \/>&#8211; skal \u00cdsrael segja &#8211;<br \/> <\/span> <span class=\"ljodatexti\"> <a name=\"2\"><span class=\"versanumer_ljod\">2<\/span><\/a>hef\u00f0i Drottinn ekki veri\u00f0 me\u00f0 oss<br \/>\u00feegar menn risu \u00ed m\u00f3ti oss<br \/> <\/span> <span class=\"ljodatexti\"> <a name=\"3\"><span class=\"versanumer_ljod\">3<\/span><\/a>hef\u00f0u \u00feeir gleypt oss lifandi<br \/>\u00feegar heift \u00feeirra b\u00e1la\u00f0ist gegn oss.<br \/> <\/span> <span class=\"ljodatexti\"> <a name=\"4\"><span class=\"versanumer_ljod\">4<\/span><\/a>\u00de\u00e1 hef\u00f0u v\u00f6tnin streymt yfir oss,<br \/>elfur fl\u00e6tt yfir oss,<br \/> <\/span> <span class=\"ljodatexti\"> <a name=\"5\"><span class=\"versanumer_ljod\">5<\/span><\/a>\u00fe\u00e1 hef\u00f0i beljandi vatnsflaumur<br \/>gengi\u00f0 yfir oss.<br \/> <\/span> <span class=\"ljodatexti\"> <a name=\"6\"><span class=\"versanumer_ljod\">6<\/span><\/a>Lofa\u00f0ur s\u00e9 Drottinn<br \/>er ofurseldi oss ekki <br \/>t\u00f6nnum \u00feeirra a\u00f0 br\u00e1\u00f0.<br \/> <\/span> <span class=\"ljodatexti\"> <a name=\"7\"><span class=\"versanumer_ljod\">7<\/span><\/a>L\u00edfi voru var bjarga\u00f0 <br \/>eins og fugli \u00far sn\u00f6ru fuglarans.<br \/>Snaran brast og v\u00e9r bj\u00f6rgu\u00f0umst.<br \/> <\/span> <span class=\"ljodatexti\"> <a name=\"8\"><span class=\"versanumer_ljod\">8<\/span><\/a>Hj\u00e1lp vor er \u00ed nafni Drottins,<br \/>skapara himins og jar\u00f0ar. <\/span> <\/p>\n","protected":false},"excerpt":{"rendered":"<p>1 Helgig\u00f6ngulj\u00f3\u00f0. Eftir Dav\u00ed\u00f0. Ef Drottinn hef\u00f0i ekki veri\u00f0 me\u00f0 oss,&#8211; skal \u00cdsrael segja &#8211; 2hef\u00f0i Drottinn ekki veri\u00f0 me\u00f0 oss\u00feegar menn risu \u00ed m\u00f3ti oss 3hef\u00f0u \u00feeir gleypt oss lifandi\u00feegar heift \u00feeirra b\u00e1la\u00f0ist gegn oss. 4\u00de\u00e1 hef\u00f0u v\u00f6tnin streymt yfir oss,elfur fl\u00e6tt yfir oss, 5\u00fe\u00e1 hef\u00f0i beljandi vatnsflaumurgengi\u00f0 yfir oss. 6Lofa\u00f0ur s\u00e9 Drottinner ofurseldi oss ekki t\u00f6nnum \u00feeirra a\u00f0 br\u00e1\u00f0. 7L\u00edfi voru var bjarga\u00f0 eins og fugli \u00far sn\u00f6ru fuglarans.Snaran brast og v\u00e9r bj\u00f6rgu\u00f0umst. 8Hj\u00e1lp vor er \u00ed nafni Drottins,skapara himins og jar\u00f0ar.<\/p>\n","protected":false},"author":1,"featured_media":0,"parent":0,"menu_order":0,"comment_status":"open","ping_status":"open","template":"bibliukaflar_salmarnir.php","meta":{"footnotes":""},"class_list":["post-2219","page","type-page","status-publish","hentry"],"_links":{"self":[{"href":"https:\/\/biblian.is\/biblian\/wp-json\/wp\/v2\/pages\/2219","targetHints":{"allow":["GET"]}}],"collection":[{"href":"https:\/\/biblian.is\/biblian\/wp-json\/wp\/v2\/pages"}],"about":[{"href":"https:\/\/biblian.is\/biblian\/wp-json\/wp\/v2\/types\/page"}],"author":[{"embeddable":true,"href":"https:\/\/biblian.is\/biblian\/wp-json\/wp\/v2\/users\/1"}],"replies":[{"embeddable":true,"href":"https:\/\/biblian.is\/biblian\/wp-json\/wp\/v2\/comments?post=2219"}],"version-history":[{"count":0,"href":"https:\/\/biblian.is\/biblian\/wp-json\/wp\/v2\/pages\/2219\/revisions"}],"wp:attachment":[{"href":"https:\/\/biblian.is\/biblian\/wp-json\/wp\/v2\/media?parent=2219"}],"curies":[{"name":"wp","href":"https:\/\/api.w.org\/{rel}","templated":true}]}}