{"id":2218,"date":"2017-12-30T21:02:16","date_gmt":"2017-12-30T21:02:16","guid":{"rendered":"http:\/\/biblian.is\/biblian\/s%c2%87lmarnir-123-kafli\/"},"modified":"2020-05-30T18:12:26","modified_gmt":"2020-05-30T18:12:26","slug":"salmarnir-123-kafli","status":"publish","type":"page","link":"https:\/\/biblian.is\/biblian\/salmarnir-123-kafli\/","title":{"rendered":"S\u00e1lmarnir 123. kafli"},"content":{"rendered":"<p><a name=\"1\"><span class=\"versanumer_2007\">1<\/span><\/a> Helgig\u00f6ngulj\u00f3\u00f0.<br \/> <span class=\"ljodatexti\"> Til \u00fe\u00edn hef \u00e9g augu m\u00edn,<br \/>\u00fe\u00fa sem situr \u00e1 himnum.<br \/> <\/span> <span class=\"ljodatexti\"> <a name=\"2\"><span class=\"versanumer_ljod\">2<\/span><\/a>Eins og \u00fej\u00f3nar m\u00e6na \u00e1 h\u00f6nd h\u00fasb\u00e6nda sinna<br \/>og eins og \u00feerna m\u00e6nir \u00e1 h\u00f6nd h\u00fasm\u00f3\u00f0ur sinnar <br \/>horfa augu vor til Drottins Gu\u00f0s vors<br \/>uns hann l\u00edknar oss.<br \/> <\/span> <span class=\"ljodatexti\"> <a name=\"3\"><span class=\"versanumer_ljod\">3<\/span><\/a>L\u00edkna oss, Drottinn, l\u00edkna oss<br \/>\u00fev\u00ed a\u00f0 v\u00e9r h\u00f6fum fengi\u00f0 meira en n\u00f3g af spotti,<br \/> <\/span> <span class=\"ljodatexti\"> <a name=\"4\"><span class=\"versanumer_ljod\">4<\/span><\/a>v\u00e9r h\u00f6fum fengi\u00f0 meira en n\u00f3g af h\u00e1\u00f0i hrokafullra,<br \/>af spotti drambl\u00e1tra. <\/span> <\/p>\n","protected":false},"excerpt":{"rendered":"<p>1 Helgig\u00f6ngulj\u00f3\u00f0. Til \u00fe\u00edn hef \u00e9g augu m\u00edn,\u00fe\u00fa sem situr \u00e1 himnum. 2Eins og \u00fej\u00f3nar m\u00e6na \u00e1 h\u00f6nd h\u00fasb\u00e6nda sinnaog eins og \u00feerna m\u00e6nir \u00e1 h\u00f6nd h\u00fasm\u00f3\u00f0ur sinnar horfa augu vor til Drottins Gu\u00f0s vorsuns hann l\u00edknar oss. 3L\u00edkna oss, Drottinn, l\u00edkna oss\u00fev\u00ed a\u00f0 v\u00e9r h\u00f6fum fengi\u00f0 meira en n\u00f3g af spotti, 4v\u00e9r h\u00f6fum fengi\u00f0 meira en n\u00f3g af h\u00e1\u00f0i hrokafullra,af spotti drambl\u00e1tra.<\/p>\n","protected":false},"author":1,"featured_media":0,"parent":0,"menu_order":0,"comment_status":"open","ping_status":"open","template":"bibliukaflar_salmarnir.php","meta":{"footnotes":""},"class_list":["post-2218","page","type-page","status-publish","hentry"],"_links":{"self":[{"href":"https:\/\/biblian.is\/biblian\/wp-json\/wp\/v2\/pages\/2218","targetHints":{"allow":["GET"]}}],"collection":[{"href":"https:\/\/biblian.is\/biblian\/wp-json\/wp\/v2\/pages"}],"about":[{"href":"https:\/\/biblian.is\/biblian\/wp-json\/wp\/v2\/types\/page"}],"author":[{"embeddable":true,"href":"https:\/\/biblian.is\/biblian\/wp-json\/wp\/v2\/users\/1"}],"replies":[{"embeddable":true,"href":"https:\/\/biblian.is\/biblian\/wp-json\/wp\/v2\/comments?post=2218"}],"version-history":[{"count":0,"href":"https:\/\/biblian.is\/biblian\/wp-json\/wp\/v2\/pages\/2218\/revisions"}],"wp:attachment":[{"href":"https:\/\/biblian.is\/biblian\/wp-json\/wp\/v2\/media?parent=2218"}],"curies":[{"name":"wp","href":"https:\/\/api.w.org\/{rel}","templated":true}]}}