{"id":2217,"date":"2017-12-30T21:02:11","date_gmt":"2017-12-30T21:02:11","guid":{"rendered":"http:\/\/biblian.is\/biblian\/s%c2%87lmarnir-122-kafli\/"},"modified":"2020-05-30T18:12:26","modified_gmt":"2020-05-30T18:12:26","slug":"salmarnir-122-kafli","status":"publish","type":"page","link":"https:\/\/biblian.is\/biblian\/salmarnir-122-kafli\/","title":{"rendered":"S\u00e1lmarnir 122. kafli"},"content":{"rendered":"<p><a name=\"1\"><span class=\"versanumer_2007\">1<\/span><\/a> Helgig\u00f6ngulj\u00f3\u00f0. Eftir Dav\u00ed\u00f0.<br \/> <span class=\"ljodatexti\"> \u00c9g var\u00f0 gla\u00f0ur er menn s\u00f6g\u00f0u vi\u00f0 mig:<br \/>\u201eG\u00f6ngum \u00ed h\u00fas Drottins.\u201c<br \/> <\/span> <span class=\"ljodatexti\"> <a name=\"2\"><span class=\"versanumer_ljod\">2<\/span><\/a>F\u00e6tur vorir standa <br \/>\u00ed hli\u00f0um \u00fe\u00ednum, Jer\u00fasalem.<br \/> <\/span> <span class=\"ljodatexti\"> <a name=\"3\"><span class=\"versanumer_ljod\">3<\/span><\/a>Jer\u00fasalem, \u00fe\u00fa rammger\u00f0a borg, <br \/>\u00fe\u00e9ttbygg\u00f0 og traust, <br \/> <\/span> <span class=\"ljodatexti\"> <a name=\"4\"><span class=\"versanumer_ljod\">4<\/span><\/a>\u00feanga\u00f0 sem \u00e6ttb\u00e1lkarnir halda,<br \/>\u00e6ttb\u00e1lkar Drottins.<br \/>\u00dea\u00f0 er regla \u00ed \u00cdsrael <br \/>a\u00f0 syngja nafni Drottins lof.<br \/> <\/span> <span class=\"ljodatexti\"> <a name=\"5\"><span class=\"versanumer_ljod\">5<\/span><\/a>\u00dear standa h\u00e1s\u00e6ti d\u00f3msins,<br \/>h\u00e1s\u00e6ti Dav\u00ed\u00f0s \u00e6ttar.<br \/> <\/span> <span class=\"ljodatexti\"> <a name=\"6\"><span class=\"versanumer_ljod\">6<\/span><\/a>Bi\u00f0ji\u00f0 Jer\u00fasalem fri\u00f0ar,<br \/>a\u00f0 \u00feeir sem elska \u00feig megi b\u00faa \u00f3hultir.<br \/> <\/span> <span class=\"ljodatexti\"> <a name=\"7\"><span class=\"versanumer_ljod\">7<\/span><\/a>Fri\u00f0ur s\u00e9 innan m\u00fara \u00feinna,<br \/>heill \u00ed h\u00f6llum \u00fe\u00ednum.<br \/> <\/span> <span class=\"ljodatexti\"> <a name=\"8\"><span class=\"versanumer_ljod\">8<\/span><\/a>Sakir br\u00e6\u00f0ra minna og vina<br \/>\u00f3ska \u00e9g \u00fe\u00e9r fri\u00f0ar.<br \/> <\/span> <span class=\"ljodatexti\"> <a name=\"9\"><span class=\"versanumer_ljod\">9<\/span><\/a>Sakir h\u00fass Drottins, Gu\u00f0s vors,<br \/>vil \u00e9g leita \u00fe\u00e9r heilla. <\/span> <\/p>\n","protected":false},"excerpt":{"rendered":"<p>1 Helgig\u00f6ngulj\u00f3\u00f0. Eftir Dav\u00ed\u00f0. \u00c9g var\u00f0 gla\u00f0ur er menn s\u00f6g\u00f0u vi\u00f0 mig:\u201eG\u00f6ngum \u00ed h\u00fas Drottins.\u201c 2F\u00e6tur vorir standa \u00ed hli\u00f0um \u00fe\u00ednum, Jer\u00fasalem. 3Jer\u00fasalem, \u00fe\u00fa rammger\u00f0a borg, \u00fe\u00e9ttbygg\u00f0 og traust, 4\u00feanga\u00f0 sem \u00e6ttb\u00e1lkarnir halda,\u00e6ttb\u00e1lkar Drottins.\u00dea\u00f0 er regla \u00ed \u00cdsrael a\u00f0 syngja nafni Drottins lof. 5\u00dear standa h\u00e1s\u00e6ti d\u00f3msins,h\u00e1s\u00e6ti Dav\u00ed\u00f0s \u00e6ttar. 6Bi\u00f0ji\u00f0 Jer\u00fasalem fri\u00f0ar,a\u00f0 \u00feeir sem elska \u00feig megi b\u00faa \u00f3hultir. 7Fri\u00f0ur s\u00e9 innan m\u00fara \u00feinna,heill \u00ed h\u00f6llum \u00fe\u00ednum. 8Sakir br\u00e6\u00f0ra minna og vina\u00f3ska \u00e9g \u00fe\u00e9r fri\u00f0ar. 9Sakir h\u00fass Drottins, Gu\u00f0s vors,vil \u00e9g leita \u00fe\u00e9r heilla.<\/p>\n","protected":false},"author":1,"featured_media":0,"parent":0,"menu_order":0,"comment_status":"open","ping_status":"open","template":"bibliukaflar_salmarnir.php","meta":{"footnotes":""},"class_list":["post-2217","page","type-page","status-publish","hentry"],"_links":{"self":[{"href":"https:\/\/biblian.is\/biblian\/wp-json\/wp\/v2\/pages\/2217","targetHints":{"allow":["GET"]}}],"collection":[{"href":"https:\/\/biblian.is\/biblian\/wp-json\/wp\/v2\/pages"}],"about":[{"href":"https:\/\/biblian.is\/biblian\/wp-json\/wp\/v2\/types\/page"}],"author":[{"embeddable":true,"href":"https:\/\/biblian.is\/biblian\/wp-json\/wp\/v2\/users\/1"}],"replies":[{"embeddable":true,"href":"https:\/\/biblian.is\/biblian\/wp-json\/wp\/v2\/comments?post=2217"}],"version-history":[{"count":0,"href":"https:\/\/biblian.is\/biblian\/wp-json\/wp\/v2\/pages\/2217\/revisions"}],"wp:attachment":[{"href":"https:\/\/biblian.is\/biblian\/wp-json\/wp\/v2\/media?parent=2217"}],"curies":[{"name":"wp","href":"https:\/\/api.w.org\/{rel}","templated":true}]}}