{"id":2216,"date":"2017-12-30T21:02:11","date_gmt":"2017-12-30T21:02:11","guid":{"rendered":"http:\/\/biblian.is\/biblian\/s%c2%87lmarnir-121-kafli\/"},"modified":"2020-05-30T18:12:26","modified_gmt":"2020-05-30T18:12:26","slug":"salmarnir-121-kafli","status":"publish","type":"page","link":"https:\/\/biblian.is\/biblian\/salmarnir-121-kafli\/","title":{"rendered":"S\u00e1lmarnir 121. kafli"},"content":{"rendered":"<p><a name=\"1\"><span class=\"versanumer_2007\">1<\/span><\/a> Helgig\u00f6ngulj\u00f3\u00f0.<br \/> <span class=\"ljodatexti\"> \u00c9g hef augu m\u00edn til fjallanna,<br \/>hva\u00f0an kemur m\u00e9r hj\u00e1lp?<br \/> <\/span> <span class=\"ljodatexti\"> <a name=\"2\"><span class=\"versanumer_ljod\">2<\/span><\/a>Hj\u00e1lp m\u00edn kemur fr\u00e1 Drottni,<br \/>skapara himins og jar\u00f0ar.<br \/> <\/span> <span class=\"ljodatexti\"> <a name=\"3\"><span class=\"versanumer_ljod\">3<\/span><\/a>Hann mun ekki l\u00e1ta f\u00f3t \u00feinn skri\u00f0na,<br \/>v\u00f6r\u00f0ur \u00feinn blundar ekki.<br \/> <\/span> <span class=\"ljodatexti\"> <a name=\"4\"><span class=\"versanumer_ljod\">4<\/span><\/a>Nei, hann blundar ekki og sefur ekki,<br \/>hann, v\u00f6r\u00f0ur \u00cdsraels.<br \/> <\/span> <span class=\"ljodatexti\"> <a name=\"5\"><span class=\"versanumer_ljod\">5<\/span><\/a>Drottinn er v\u00f6r\u00f0ur \u00feinn,<br \/>Drottinn sk\u00fdlir \u00fe\u00e9r,<br \/>hann er \u00fe\u00e9r til h\u00e6gri handar.<br \/> <\/span> <span class=\"ljodatexti\"> <a name=\"6\"><span class=\"versanumer_ljod\">6<\/span><\/a>Um daga mun s\u00f3larhitinn ekki vinna \u00fe\u00e9r mein<br \/>n\u00e9 heldur tungli\u00f0 um n\u00e6tur.<br \/> <\/span> <span class=\"ljodatexti\"> <a name=\"7\"><span class=\"versanumer_ljod\">7<\/span><\/a>Drottinn mun vernda \u00feig fyrir \u00f6llu illu,<br \/>hann mun vernda s\u00e1l \u00fe\u00edna.<br \/> <\/span> <span class=\"ljodatexti\"> <a name=\"8\"><span class=\"versanumer_ljod\">8<\/span><\/a>Drottinn mun var\u00f0veita \u00fatg\u00f6ngu \u00fe\u00edna og inng\u00f6ngu<br \/>h\u00e9\u00f0an \u00ed fr\u00e1 og a\u00f0 eil\u00edfu. <\/span> <\/p>\n","protected":false},"excerpt":{"rendered":"<p>1 Helgig\u00f6ngulj\u00f3\u00f0. \u00c9g hef augu m\u00edn til fjallanna,hva\u00f0an kemur m\u00e9r hj\u00e1lp? 2Hj\u00e1lp m\u00edn kemur fr\u00e1 Drottni,skapara himins og jar\u00f0ar. 3Hann mun ekki l\u00e1ta f\u00f3t \u00feinn skri\u00f0na,v\u00f6r\u00f0ur \u00feinn blundar ekki. 4Nei, hann blundar ekki og sefur ekki,hann, v\u00f6r\u00f0ur \u00cdsraels. 5Drottinn er v\u00f6r\u00f0ur \u00feinn,Drottinn sk\u00fdlir \u00fe\u00e9r,hann er \u00fe\u00e9r til h\u00e6gri handar. 6Um daga mun s\u00f3larhitinn ekki vinna \u00fe\u00e9r meinn\u00e9 heldur tungli\u00f0 um n\u00e6tur. 7Drottinn mun vernda \u00feig fyrir \u00f6llu illu,hann mun vernda s\u00e1l \u00fe\u00edna. 8Drottinn mun var\u00f0veita \u00fatg\u00f6ngu \u00fe\u00edna og inng\u00f6nguh\u00e9\u00f0an \u00ed fr\u00e1 og a\u00f0 eil\u00edfu.<\/p>\n","protected":false},"author":1,"featured_media":0,"parent":0,"menu_order":0,"comment_status":"open","ping_status":"open","template":"bibliukaflar_salmarnir.php","meta":{"footnotes":""},"class_list":["post-2216","page","type-page","status-publish","hentry"],"_links":{"self":[{"href":"https:\/\/biblian.is\/biblian\/wp-json\/wp\/v2\/pages\/2216","targetHints":{"allow":["GET"]}}],"collection":[{"href":"https:\/\/biblian.is\/biblian\/wp-json\/wp\/v2\/pages"}],"about":[{"href":"https:\/\/biblian.is\/biblian\/wp-json\/wp\/v2\/types\/page"}],"author":[{"embeddable":true,"href":"https:\/\/biblian.is\/biblian\/wp-json\/wp\/v2\/users\/1"}],"replies":[{"embeddable":true,"href":"https:\/\/biblian.is\/biblian\/wp-json\/wp\/v2\/comments?post=2216"}],"version-history":[{"count":0,"href":"https:\/\/biblian.is\/biblian\/wp-json\/wp\/v2\/pages\/2216\/revisions"}],"wp:attachment":[{"href":"https:\/\/biblian.is\/biblian\/wp-json\/wp\/v2\/media?parent=2216"}],"curies":[{"name":"wp","href":"https:\/\/api.w.org\/{rel}","templated":true}]}}