{"id":2215,"date":"2017-12-30T21:02:11","date_gmt":"2017-12-30T21:02:11","guid":{"rendered":"http:\/\/biblian.is\/biblian\/s%c2%87lmarnir-120-kafli\/"},"modified":"2020-05-30T18:12:25","modified_gmt":"2020-05-30T18:12:25","slug":"salmarnir-120-kafli","status":"publish","type":"page","link":"https:\/\/biblian.is\/biblian\/salmarnir-120-kafli\/","title":{"rendered":"S\u00e1lmarnir 120. kafli"},"content":{"rendered":"<p><a name=\"1\"><span class=\"versanumer_2007\">1<\/span><\/a> Helgig\u00f6ngulj\u00f3\u00f0.<span class=\"nedan_mal\" title=\" 120.\u2013134. s\u00e1lmur eru safn s\u00e1lma sem eru sungnir vi\u00f0 p\u00edlagr\u00edmsg\u00f6ngu \u201eupp til\u201c Jer\u00fasalem \u00e1 st\u00f3rh\u00e1t\u00ed\u00f0um. \">[<\/span> <br \/> <span class=\"ljodatexti\"> \u00c9g \u00e1kalla Drottin \u00ed nau\u00f0um m\u00ednum<br \/>og hann b\u00e6nheyrir mig.<br \/> <\/span> <span class=\"ljodatexti\"> <a name=\"2\"><span class=\"versanumer_ljod\">2<\/span><\/a>Drottinn, bjarga m\u00e9r fr\u00e1 lj\u00fagandi v\u00f6rum<br \/>og t\u00e6landi tungum.<br \/> <\/span> <span class=\"ljodatexti\"> <a name=\"3\"><span class=\"versanumer_ljod\">3<\/span><\/a>Hvernig mun hann hegna \u00fe\u00e9r, <br \/>hva\u00f0 l\u00e1ta koma yfir \u00feig,<br \/>svikula tunga?<br \/> <\/span> <span class=\"ljodatexti\"> <a name=\"4\"><span class=\"versanumer_ljod\">4<\/span><\/a>Hvesstar \u00f6rvar hermanns<br \/>\u00e1samt gl\u00f3andi kolum.<br \/> <\/span> <span class=\"ljodatexti\"> <a name=\"5\"><span class=\"versanumer_ljod\">5<\/span><\/a>Vei m\u00e9r \u00fev\u00ed a\u00f0 \u00e9g dvelst \u00ed Mesek, <br \/>ver\u00f0 a\u00f0 b\u00faa hj\u00e1 tjaldb\u00fa\u00f0um Kedars. <span class=\"nedan_mal\" title=\" Dv\u00f6l hj\u00e1 Mesek og Kedar er l\u00edking um dv\u00f6l hins tr\u00faa\u00f0a me\u00f0al hei\u00f0inna andst\u00e6\u00f0inga. (Mesek er nafn \u00e6ttb\u00e1lks sunnan Kasp\u00edhafs og Kedar nafn \u00e6ttb\u00e1lks \u00ed au\u00f0ninni austan Dau\u00f0ahafs.)\">[<\/span> <br \/> <\/span> <span class=\"ljodatexti\"> <a name=\"6\"><span class=\"versanumer_ljod\">6<\/span><\/a>Of lengi hef \u00e9g b\u00fai\u00f0 <br \/>hj\u00e1 \u00feeim er fri\u00f0inn hata.<br \/> <\/span> <span class=\"ljodatexti\"> <a name=\"7\"><span class=\"versanumer_ljod\">7<\/span><\/a>\u00deegar \u00e9g tala um fri\u00f0<br \/>vilja \u00feeir \u00f3fri\u00f0. <\/span> <\/p>\n","protected":false},"excerpt":{"rendered":"<p>1 Helgig\u00f6ngulj\u00f3\u00f0.[ \u00c9g \u00e1kalla Drottin \u00ed nau\u00f0um m\u00ednumog hann b\u00e6nheyrir mig. 2Drottinn, bjarga m\u00e9r fr\u00e1 lj\u00fagandi v\u00f6rumog t\u00e6landi tungum. 3Hvernig mun hann hegna \u00fe\u00e9r, hva\u00f0 l\u00e1ta koma yfir \u00feig,svikula tunga? 4Hvesstar \u00f6rvar hermanns\u00e1samt gl\u00f3andi kolum. 5Vei m\u00e9r \u00fev\u00ed a\u00f0 \u00e9g dvelst \u00ed Mesek, ver\u00f0 a\u00f0 b\u00faa hj\u00e1 tjaldb\u00fa\u00f0um Kedars. [ 6Of lengi hef \u00e9g b\u00fai\u00f0 hj\u00e1 \u00feeim er fri\u00f0inn hata. 7\u00deegar \u00e9g tala um fri\u00f0vilja \u00feeir \u00f3fri\u00f0.<\/p>\n","protected":false},"author":1,"featured_media":0,"parent":0,"menu_order":0,"comment_status":"open","ping_status":"open","template":"bibliukaflar_salmarnir.php","meta":{"footnotes":""},"class_list":["post-2215","page","type-page","status-publish","hentry"],"_links":{"self":[{"href":"https:\/\/biblian.is\/biblian\/wp-json\/wp\/v2\/pages\/2215","targetHints":{"allow":["GET"]}}],"collection":[{"href":"https:\/\/biblian.is\/biblian\/wp-json\/wp\/v2\/pages"}],"about":[{"href":"https:\/\/biblian.is\/biblian\/wp-json\/wp\/v2\/types\/page"}],"author":[{"embeddable":true,"href":"https:\/\/biblian.is\/biblian\/wp-json\/wp\/v2\/users\/1"}],"replies":[{"embeddable":true,"href":"https:\/\/biblian.is\/biblian\/wp-json\/wp\/v2\/comments?post=2215"}],"version-history":[{"count":0,"href":"https:\/\/biblian.is\/biblian\/wp-json\/wp\/v2\/pages\/2215\/revisions"}],"wp:attachment":[{"href":"https:\/\/biblian.is\/biblian\/wp-json\/wp\/v2\/media?parent=2215"}],"curies":[{"name":"wp","href":"https:\/\/api.w.org\/{rel}","templated":true}]}}