{"id":2213,"date":"2017-12-30T21:02:11","date_gmt":"2017-12-30T21:02:11","guid":{"rendered":"http:\/\/biblian.is\/biblian\/s%c2%87lmarnir-118-kafli\/"},"modified":"2020-05-30T18:12:25","modified_gmt":"2020-05-30T18:12:25","slug":"salmarnir-118-kafli","status":"publish","type":"page","link":"https:\/\/biblian.is\/biblian\/salmarnir-118-kafli\/","title":{"rendered":"S\u00e1lmarnir 118. kafli"},"content":{"rendered":"<p><span class=\"ljodatexti\"> <a name=\"1\"><span class=\"versanumer_ljod\">1<\/span><\/a>\u00deakki\u00f0 Drottni \u00fev\u00ed a\u00f0 hann er g\u00f3\u00f0ur,<br \/>\u00fev\u00ed a\u00f0 miskunn hans varir a\u00f0 eil\u00edfu. <br \/> <\/span> <span class=\"ljodatexti\"> <a name=\"2\"><span class=\"versanumer_ljod\">2<\/span><\/a>\u00dea\u00f0 m\u00e6li \u00cdsrael<br \/>\u00fev\u00ed a\u00f0 miskunn hans varir a\u00f0 eil\u00edfu.<br \/> <\/span> <span class=\"ljodatexti\"> <a name=\"3\"><span class=\"versanumer_ljod\">3<\/span><\/a>\u00dea\u00f0 m\u00e6li Arons \u00e6tt<br \/>\u00fev\u00ed a\u00f0 miskunn hans varir a\u00f0 eil\u00edfu.<br \/> <\/span> <span class=\"ljodatexti\"> <a name=\"4\"><span class=\"versanumer_ljod\">4<\/span><\/a>\u00dea\u00f0 m\u00e6li \u00feeir sem \u00f3ttast Drottin<br \/>\u00fev\u00ed a\u00f0 miskunn hans varir a\u00f0 eil\u00edfu.<br \/> <\/span> <span class=\"ljodatexti\"> <a name=\"5\"><span class=\"versanumer_ljod\">5<\/span><\/a>\u00cd \u00ferengingunni \u00e1kalla\u00f0i \u00e9g Drottin,<br \/>hann b\u00e6nheyr\u00f0i mig og r\u00fdmka\u00f0i um mig.<br \/> <\/span> <span class=\"ljodatexti\"> <a name=\"6\"><span class=\"versanumer_ljod\">6<\/span><\/a>Drottinn er me\u00f0 m\u00e9r, \u00e9g \u00f3ttast eigi,<br \/>hva\u00f0 geta menn gert m\u00e9r?<br \/> <\/span> <span class=\"ljodatexti\"> <a name=\"7\"><span class=\"versanumer_ljod\">7<\/span><\/a>Drottinn er me\u00f0 m\u00e9r, hann hj\u00e1lpar m\u00e9r<br \/>og \u00e9g get hlakka\u00f0 yfir hatursm\u00f6nnum m\u00ednum.<br \/> <\/span> <span class=\"ljodatexti\"> <a name=\"8\"><span class=\"versanumer_ljod\">8<\/span><\/a>Betra er a\u00f0 leita h\u00e6lis hj\u00e1 Drottni<br \/>en a\u00f0 treysta m\u00f6nnum,<br \/> <\/span> <span class=\"ljodatexti\"> <a name=\"9\"><span class=\"versanumer_ljod\">9<\/span><\/a>betra er a\u00f0 leita skj\u00f3ls hj\u00e1 Drottni<br \/>en a\u00f0 treysta tignarm\u00f6nnum.<br \/> <\/span> <span class=\"ljodatexti\"> <a name=\"10\"><span class=\"versanumer_ljod\">10<\/span><\/a>Framandi \u00fej\u00f3\u00f0ir umkringdu mig<br \/>en \u00ed nafni Drottins hef \u00e9g sigra\u00f0 \u00fe\u00e6r.<br \/> <\/span> <span class=\"ljodatexti\"> <a name=\"11\"><span class=\"versanumer_ljod\">11<\/span><\/a>\u00de\u00e6r umkringdu mig \u00e1 alla vegu<br \/>en \u00e9g sigra\u00f0i \u00fe\u00e6r \u00ed nafni Drottins.<br \/> <\/span> <span class=\"ljodatexti\"> <a name=\"12\"><span class=\"versanumer_ljod\">12<\/span><\/a>\u00de\u00e6r umkringdu mig eins og b\u00fdflugnasveimur,<br \/>fu\u00f0ru\u00f0u upp eins og eldur \u00ed \u00feyrnum,<br \/>en \u00ed nafni Drottins hef \u00e9g sigra\u00f0 \u00fe\u00e6r.<br \/> <\/span> <span class=\"ljodatexti\"> <a name=\"13\"><span class=\"versanumer_ljod\">13<\/span><\/a>M\u00e9r var hrint og var n\u00e6rri fallinu<br \/>en Drottinn veitti m\u00e9r li\u00f0.<br \/> <\/span> <span class=\"ljodatexti\"> <a name=\"14\"><span class=\"versanumer_ljod\">14<\/span><\/a>Drottinn er styrkur minn og lofs\u00f6ngur, <br \/>hann var\u00f0 m\u00e9r til hj\u00e1lpr\u00e6\u00f0is.<br \/> <\/span> <span class=\"ljodatexti\"> <a name=\"15\"><span class=\"versanumer_ljod\">15<\/span><\/a>Fagna\u00f0ar- og sigur\u00f3p kve\u00f0a vi\u00f0 \u00ed tj\u00f6ldum r\u00e9ttl\u00e1tra:<br \/>\u201eH\u00e6gri h\u00f6nd Drottins vinnur m\u00e1ttarverk, <br \/> <\/span> <span class=\"ljodatexti\"> <a name=\"16\"><span class=\"versanumer_ljod\">16<\/span><\/a>h\u00e6gri h\u00f6nd Drottins er upphafin,<br \/>h\u00e6gri h\u00f6nd Drottins vinnur st\u00f3rvirki.\u201c <br \/> <\/span> <span class=\"ljodatexti\"> <a name=\"17\"><span class=\"versanumer_ljod\">17<\/span><\/a>\u00c9g mun eigi deyja heldur lifa<br \/>og kunngj\u00f6ra d\u00e1\u00f0ir Drottins.<br \/> <\/span> <span class=\"ljodatexti\"> <a name=\"18\"><span class=\"versanumer_ljod\">18<\/span><\/a>Drottinn hefur hirt mig har\u00f0lega<br \/>en eigi ofurselt mig dau\u00f0anum.<br \/> <\/span> <span class=\"ljodatexti\"> <a name=\"19\"><span class=\"versanumer_ljod\">19<\/span><\/a>Lj\u00faki\u00f0 upp fyrir m\u00e9r hli\u00f0um r\u00e9ttl\u00e6tisins<br \/>a\u00f0 \u00e9g megi ganga inn um \u00feau og lofa Drottin.<br \/> <\/span> <span class=\"ljodatexti\"> <a name=\"20\"><span class=\"versanumer_ljod\">20<\/span><\/a>\u00deetta er hli\u00f0 Drottins,<br \/>r\u00e9ttl\u00e1tir ganga \u00fear inn.<br \/> <\/span> <span class=\"ljodatexti\"> <a name=\"21\"><span class=\"versanumer_ljod\">21<\/span><\/a>\u00c9g \u00feakka \u00fe\u00e9r a\u00f0 \u00fe\u00fa b\u00e6nheyr\u00f0ir mig<br \/>og komst m\u00e9r til hj\u00e1lpar. <br \/> <\/span> <span class=\"ljodatexti\"> <a name=\"22\"><span class=\"versanumer_ljod\">22<\/span><\/a> Steinninn, sem smi\u00f0irnir h\u00f6fnu\u00f0u, <br \/>er or\u00f0inn a\u00f0 hyrningarsteini.<br \/> <\/span> <span class=\"ljodatexti\"> <a name=\"23\"><span class=\"versanumer_ljod\">23<\/span><\/a> A\u00f0 tilhlutan Drottins er \u00feetta or\u00f0i\u00f0, <br \/>\u00fea\u00f0 er d\u00e1samlegt \u00ed augum vorum.<br \/> <\/span> <span class=\"ljodatexti\"> <a name=\"24\"><span class=\"versanumer_ljod\">24<\/span><\/a> \u00deetta er dagurinn sem Drottinn ger\u00f0i,<br \/>f\u00f6gnum og verum gla\u00f0ir \u00e1 honum.<br \/> <\/span> <span class=\"ljodatexti\"> <a name=\"25\"><span class=\"versanumer_ljod\">25<\/span><\/a> Drottinn, hj\u00e1lpa \u00fe\u00fa,<br \/>Drottinn, gef \u00fe\u00fa gengi. <br \/> <\/span> <span class=\"ljodatexti\"> <a name=\"26\"><span class=\"versanumer_ljod\">26<\/span><\/a> Blessa\u00f0ur s\u00e9 s\u00e1 sem kemur \u00ed nafni Drottins,<br \/>fr\u00e1 h\u00fasi Drottins blessum v\u00e9r y\u00f0ur.<br \/> <\/span> <span class=\"ljodatexti\"> <a name=\"27\"><span class=\"versanumer_ljod\">27<\/span><\/a> Drottinn er Gu\u00f0, hann l\u00e6tur oss sk\u00edna lj\u00f3s, <br \/>fylki\u00f0 y\u00f0ur me\u00f0 laufgreinum<br \/>a\u00f0 hornum altarisins. <br \/> <\/span> <span class=\"ljodatexti\"> <a name=\"28\"><span class=\"versanumer_ljod\">28<\/span><\/a> \u00de\u00fa ert Gu\u00f0 minn, \u00e9g \u00feakka \u00fe\u00e9r,<br \/>Gu\u00f0 minn, \u00e9g vegsama \u00feig.<br \/> <\/span> <span class=\"ljodatexti\"> <a name=\"29\"><span class=\"versanumer_ljod\">29<\/span><\/a> \u00deakki\u00f0 Drottni \u00fev\u00ed a\u00f0 hann er g\u00f3\u00f0ur,<br \/>\u00fev\u00ed a\u00f0 miskunn hans varir a\u00f0 eil\u00edfu. <\/span> <\/p>\n","protected":false},"excerpt":{"rendered":"<p>1\u00deakki\u00f0 Drottni \u00fev\u00ed a\u00f0 hann er g\u00f3\u00f0ur,\u00fev\u00ed a\u00f0 miskunn hans varir a\u00f0 eil\u00edfu. 2\u00dea\u00f0 m\u00e6li \u00cdsrael\u00fev\u00ed a\u00f0 miskunn hans varir a\u00f0 eil\u00edfu. 3\u00dea\u00f0 m\u00e6li Arons \u00e6tt\u00fev\u00ed a\u00f0 miskunn hans varir a\u00f0 eil\u00edfu. 4\u00dea\u00f0 m\u00e6li \u00feeir sem \u00f3ttast Drottin\u00fev\u00ed a\u00f0 miskunn hans varir a\u00f0 eil\u00edfu. 5\u00cd \u00ferengingunni \u00e1kalla\u00f0i \u00e9g Drottin,hann b\u00e6nheyr\u00f0i mig og r\u00fdmka\u00f0i um mig. 6Drottinn er me\u00f0 m\u00e9r, \u00e9g \u00f3ttast eigi,hva\u00f0 geta menn gert m\u00e9r? 7Drottinn er me\u00f0 m\u00e9r, hann hj\u00e1lpar m\u00e9rog \u00e9g get hlakka\u00f0 yfir hatursm\u00f6nnum m\u00ednum. 8Betra er a\u00f0 leita h\u00e6lis hj\u00e1 Drottnien a\u00f0 treysta m\u00f6nnum, 9betra er a\u00f0 leita skj\u00f3ls hj\u00e1 Drottnien a\u00f0 treysta tignarm\u00f6nnum. 10Framandi <a href=\"https:\/\/biblian.is\/biblian\/salmarnir-118-kafli\/\"> [&#8230;]<\/a><\/p>\n","protected":false},"author":1,"featured_media":0,"parent":0,"menu_order":0,"comment_status":"open","ping_status":"open","template":"bibliukaflar_salmarnir.php","meta":{"footnotes":""},"class_list":["post-2213","page","type-page","status-publish","hentry"],"_links":{"self":[{"href":"https:\/\/biblian.is\/biblian\/wp-json\/wp\/v2\/pages\/2213","targetHints":{"allow":["GET"]}}],"collection":[{"href":"https:\/\/biblian.is\/biblian\/wp-json\/wp\/v2\/pages"}],"about":[{"href":"https:\/\/biblian.is\/biblian\/wp-json\/wp\/v2\/types\/page"}],"author":[{"embeddable":true,"href":"https:\/\/biblian.is\/biblian\/wp-json\/wp\/v2\/users\/1"}],"replies":[{"embeddable":true,"href":"https:\/\/biblian.is\/biblian\/wp-json\/wp\/v2\/comments?post=2213"}],"version-history":[{"count":0,"href":"https:\/\/biblian.is\/biblian\/wp-json\/wp\/v2\/pages\/2213\/revisions"}],"wp:attachment":[{"href":"https:\/\/biblian.is\/biblian\/wp-json\/wp\/v2\/media?parent=2213"}],"curies":[{"name":"wp","href":"https:\/\/api.w.org\/{rel}","templated":true}]}}