{"id":2212,"date":"2017-12-30T21:02:11","date_gmt":"2017-12-30T21:02:11","guid":{"rendered":"http:\/\/biblian.is\/biblian\/s%c2%87lmarnir-117-kafli\/"},"modified":"2020-05-30T18:12:24","modified_gmt":"2020-05-30T18:12:24","slug":"salmarnir-117-kafli","status":"publish","type":"page","link":"https:\/\/biblian.is\/biblian\/salmarnir-117-kafli\/","title":{"rendered":"S\u00e1lmarnir 117. kafli"},"content":{"rendered":"<p><span class=\"ljodatexti\"> <a name=\"1\"><span class=\"versanumer_ljod\">1<\/span><\/a>Lofi\u00f0 Drottin, allar \u00fej\u00f3\u00f0ir,<br \/>vegsami\u00f0 hann, allir l\u00fd\u00f0ir,<br \/> <\/span> <span class=\"ljodatexti\"> <a name=\"2\"><span class=\"versanumer_ljod\">2<\/span><\/a>\u00fev\u00ed a\u00f0 miskunn hans er voldug yfir oss<br \/>og tr\u00fafesti Drottins varir a\u00f0 eil\u00edfu.<br \/>Hallel\u00faja. <\/span> <\/p>\n","protected":false},"excerpt":{"rendered":"<p>1Lofi\u00f0 Drottin, allar \u00fej\u00f3\u00f0ir,vegsami\u00f0 hann, allir l\u00fd\u00f0ir, 2\u00fev\u00ed a\u00f0 miskunn hans er voldug yfir ossog tr\u00fafesti Drottins varir a\u00f0 eil\u00edfu.Hallel\u00faja.<\/p>\n","protected":false},"author":1,"featured_media":0,"parent":0,"menu_order":0,"comment_status":"open","ping_status":"open","template":"bibliukaflar_salmarnir.php","meta":{"footnotes":""},"class_list":["post-2212","page","type-page","status-publish","hentry"],"_links":{"self":[{"href":"https:\/\/biblian.is\/biblian\/wp-json\/wp\/v2\/pages\/2212","targetHints":{"allow":["GET"]}}],"collection":[{"href":"https:\/\/biblian.is\/biblian\/wp-json\/wp\/v2\/pages"}],"about":[{"href":"https:\/\/biblian.is\/biblian\/wp-json\/wp\/v2\/types\/page"}],"author":[{"embeddable":true,"href":"https:\/\/biblian.is\/biblian\/wp-json\/wp\/v2\/users\/1"}],"replies":[{"embeddable":true,"href":"https:\/\/biblian.is\/biblian\/wp-json\/wp\/v2\/comments?post=2212"}],"version-history":[{"count":0,"href":"https:\/\/biblian.is\/biblian\/wp-json\/wp\/v2\/pages\/2212\/revisions"}],"wp:attachment":[{"href":"https:\/\/biblian.is\/biblian\/wp-json\/wp\/v2\/media?parent=2212"}],"curies":[{"name":"wp","href":"https:\/\/api.w.org\/{rel}","templated":true}]}}