{"id":2211,"date":"2017-12-30T21:02:11","date_gmt":"2017-12-30T21:02:11","guid":{"rendered":"http:\/\/biblian.is\/biblian\/s%c2%87lmarnir-116-kafli\/"},"modified":"2020-05-30T18:12:24","modified_gmt":"2020-05-30T18:12:24","slug":"salmarnir-116-kafli","status":"publish","type":"page","link":"https:\/\/biblian.is\/biblian\/salmarnir-116-kafli\/","title":{"rendered":"S\u00e1lmarnir 116. kafli"},"content":{"rendered":"<p><span class=\"ljodatexti\"> <a name=\"1\"><span class=\"versanumer_ljod\">1<\/span><\/a>\u00c9g elska Drottin <br \/>af \u00fev\u00ed a\u00f0 hann heyrir gr\u00e1tbei\u00f0ni m\u00edna.<br \/> <\/span> <span class=\"ljodatexti\"> <a name=\"2\"><span class=\"versanumer_ljod\">2<\/span><\/a>Hann hneig\u00f0i eyra sitt a\u00f0 m\u00e9r <br \/>\u00feegar \u00e9g \u00e1kalla\u00f0i hann.<br \/> <\/span> <span class=\"ljodatexti\"> <a name=\"3\"><span class=\"versanumer_ljod\">3<\/span><\/a>Sn\u00f6rur dau\u00f0ans umkringdu mig, <br \/>angist heljar kom yfir mig,<br \/>\u00e9g m\u00e6tti nau\u00f0um og harmi.<br \/> <\/span> <span class=\"ljodatexti\"> <a name=\"4\"><span class=\"versanumer_ljod\">4<\/span><\/a>\u00de\u00e1 \u00e1kalla\u00f0i \u00e9g nafn Drottins:<br \/>\u201eDrottinn, bjarga l\u00edfi m\u00ednu.\u201c<br \/> <\/span> <span class=\"ljodatexti\"> <a name=\"5\"><span class=\"versanumer_ljod\">5<\/span><\/a>N\u00e1\u00f0ugur er Drottinn og r\u00e9ttl\u00e1tur<br \/>og Gu\u00f0 vor er miskunnsamur.<br \/> <\/span> <span class=\"ljodatexti\"> <a name=\"6\"><span class=\"versanumer_ljod\">6<\/span><\/a>Drottinn verndar sakleysingja, <br \/>\u00e9g var \u00ed nau\u00f0um og hann bjarga\u00f0i m\u00e9r.<br \/> <\/span> <span class=\"ljodatexti\"> <a name=\"7\"><span class=\"versanumer_ljod\">7<\/span><\/a>Vertu aftur r\u00f3leg, s\u00e1la m\u00edn,<br \/>\u00fev\u00ed a\u00f0 Drottinn gerir vel til \u00fe\u00edn.<br \/> <\/span> <span class=\"ljodatexti\"> <a name=\"8\"><span class=\"versanumer_ljod\">8<\/span><\/a>\u00de\u00fa bjarga\u00f0ir l\u00edfi m\u00ednu fr\u00e1 dau\u00f0a,<br \/>auga m\u00ednu fr\u00e1 t\u00e1rum,<br \/>f\u00e6ti m\u00ednum fr\u00e1 hr\u00f6sun.<br \/> <\/span> <span class=\"ljodatexti\"> <a name=\"9\"><span class=\"versanumer_ljod\">9<\/span><\/a>\u00c9g geng frammi fyrir Drottni <br \/>\u00e1 landi lifenda.<br \/> <\/span> <span class=\"ljodatexti\"> <a name=\"10\"><span class=\"versanumer_ljod\">10<\/span><\/a>\u00c9g treysti honum, \u00fev\u00ed sag\u00f0i \u00e9g:<br \/>\u201e\u00c9g er mj\u00f6g beyg\u00f0ur.\u201c<br \/> <\/span> <span class=\"ljodatexti\"> <a name=\"11\"><span class=\"versanumer_ljod\">11<\/span><\/a>\u00c9g sag\u00f0i \u00ed angist minni:<br \/>\u201eAllir menn lj\u00faga.\u201c<br \/> <\/span> <span class=\"ljodatexti\"> <a name=\"12\"><span class=\"versanumer_ljod\">12<\/span><\/a>Hva\u00f0 \u00e1 \u00e9g a\u00f0 gjalda Drottni <br \/>fyrir allar velgj\u00f6r\u00f0ir hans vi\u00f0 mig?<br \/> <\/span> <span class=\"ljodatexti\"> <a name=\"13\"><span class=\"versanumer_ljod\">13<\/span><\/a>\u00c9g lyfti bikar hj\u00e1lpr\u00e6\u00f0isins<br \/>og \u00e1kalla nafn Drottins. <br \/> <\/span> <span class=\"ljodatexti\"> <a name=\"14\"><span class=\"versanumer_ljod\">14<\/span><\/a>\u00c9g grei\u00f0i Drottni heit m\u00edn<br \/>og \u00fea\u00f0 \u00ed augs\u00fdn alls l\u00fd\u00f0s hans.<br \/> <\/span> <span class=\"ljodatexti\"> <a name=\"15\"><span class=\"versanumer_ljod\">15<\/span><\/a>D\u00fdr er \u00ed augum Drottins<br \/>dau\u00f0i d\u00fdrkenda hans. <br \/> <\/span> <span class=\"ljodatexti\"> <a name=\"16\"><span class=\"versanumer_ljod\">16<\/span><\/a>Drottinn, v\u00edst er \u00e9g \u00fej\u00f3nn \u00feinn,<br \/>\u00e9g er \u00fej\u00f3nn \u00feinn, sonur amb\u00e1ttar \u00feinnar,<br \/>\u00fe\u00fa leystir fj\u00f6tra m\u00edna.<br \/> <\/span> <span class=\"ljodatexti\"> <a name=\"17\"><span class=\"versanumer_ljod\">17<\/span><\/a>\u00c9g f\u00e6ri \u00fe\u00e9r \u00feakkarf\u00f3rn,<br \/>\u00e1kalla nafn Drottins.<br \/> <\/span> <span class=\"ljodatexti\"> <a name=\"18\"><span class=\"versanumer_ljod\">18<\/span><\/a>\u00c9g grei\u00f0i Drottni heit m\u00edn<br \/>og \u00fea\u00f0 \u00ed augs\u00fdn alls l\u00fd\u00f0s hans, <br \/> <\/span> <span class=\"ljodatexti\"> <a name=\"19\"><span class=\"versanumer_ljod\">19<\/span><\/a>\u00ed forg\u00f6r\u00f0um h\u00fass Drottins,<br \/>\u00ed \u00fe\u00e9r, Jer\u00fasalem,<br \/>Hallel\u00faja. <\/span> <\/p>\n","protected":false},"excerpt":{"rendered":"<p>1\u00c9g elska Drottin af \u00fev\u00ed a\u00f0 hann heyrir gr\u00e1tbei\u00f0ni m\u00edna. 2Hann hneig\u00f0i eyra sitt a\u00f0 m\u00e9r \u00feegar \u00e9g \u00e1kalla\u00f0i hann. 3Sn\u00f6rur dau\u00f0ans umkringdu mig, angist heljar kom yfir mig,\u00e9g m\u00e6tti nau\u00f0um og harmi. 4\u00de\u00e1 \u00e1kalla\u00f0i \u00e9g nafn Drottins:\u201eDrottinn, bjarga l\u00edfi m\u00ednu.\u201c 5N\u00e1\u00f0ugur er Drottinn og r\u00e9ttl\u00e1turog Gu\u00f0 vor er miskunnsamur. 6Drottinn verndar sakleysingja, \u00e9g var \u00ed nau\u00f0um og hann bjarga\u00f0i m\u00e9r. 7Vertu aftur r\u00f3leg, s\u00e1la m\u00edn,\u00fev\u00ed a\u00f0 Drottinn gerir vel til \u00fe\u00edn. 8\u00de\u00fa bjarga\u00f0ir l\u00edfi m\u00ednu fr\u00e1 dau\u00f0a,auga m\u00ednu fr\u00e1 t\u00e1rum,f\u00e6ti m\u00ednum fr\u00e1 hr\u00f6sun. 9\u00c9g geng frammi fyrir Drottni \u00e1 landi lifenda. 10\u00c9g treysti honum, \u00fev\u00ed sag\u00f0i \u00e9g:\u201e\u00c9g er mj\u00f6g <a href=\"https:\/\/biblian.is\/biblian\/salmarnir-116-kafli\/\"> [&#8230;]<\/a><\/p>\n","protected":false},"author":1,"featured_media":0,"parent":0,"menu_order":0,"comment_status":"open","ping_status":"open","template":"bibliukaflar_salmarnir.php","meta":{"footnotes":""},"class_list":["post-2211","page","type-page","status-publish","hentry"],"_links":{"self":[{"href":"https:\/\/biblian.is\/biblian\/wp-json\/wp\/v2\/pages\/2211","targetHints":{"allow":["GET"]}}],"collection":[{"href":"https:\/\/biblian.is\/biblian\/wp-json\/wp\/v2\/pages"}],"about":[{"href":"https:\/\/biblian.is\/biblian\/wp-json\/wp\/v2\/types\/page"}],"author":[{"embeddable":true,"href":"https:\/\/biblian.is\/biblian\/wp-json\/wp\/v2\/users\/1"}],"replies":[{"embeddable":true,"href":"https:\/\/biblian.is\/biblian\/wp-json\/wp\/v2\/comments?post=2211"}],"version-history":[{"count":0,"href":"https:\/\/biblian.is\/biblian\/wp-json\/wp\/v2\/pages\/2211\/revisions"}],"wp:attachment":[{"href":"https:\/\/biblian.is\/biblian\/wp-json\/wp\/v2\/media?parent=2211"}],"curies":[{"name":"wp","href":"https:\/\/api.w.org\/{rel}","templated":true}]}}