{"id":2208,"date":"2017-12-30T21:02:11","date_gmt":"2017-12-30T21:02:11","guid":{"rendered":"http:\/\/biblian.is\/biblian\/s%c2%87lmarnir-113-kafli\/"},"modified":"2020-05-30T18:12:24","modified_gmt":"2020-05-30T18:12:24","slug":"salmarnir-113-kafli","status":"publish","type":"page","link":"https:\/\/biblian.is\/biblian\/salmarnir-113-kafli\/","title":{"rendered":"S\u00e1lmarnir 113. kafli"},"content":{"rendered":"<p><span class=\"ljodatexti\"> <a name=\"1\"><span class=\"versanumer_ljod\">1<\/span><\/a>Hallel\u00faja. <span class=\"nedan_mal\" title=\" 113.-118. s\u00e1lmur eru nefndir Hallels\u00e1lmar. \u00de\u00e1 syngja Gy\u00f0ingar \u00e1 st\u00f3rh\u00e1t\u00ed\u00f0um, m.a. vi\u00f0 p\u00e1skam\u00e1lt\u00ed\u00f0. \u201e\u00deegar \u00feeir h\u00f6f\u00f0u sungi\u00f0 lofs\u00f6nginn [\u00fe.e. Hallels\u00e1lmana] f\u00f3ru \u00feeir til Ol\u00edu-fjallsins.\u201c (Matt 26.30)\">[<\/span> <br \/>Lofi\u00f0 Drottin, \u00fe\u00e9r \u00fej\u00f3nar hans,<br \/>lofi\u00f0 nafn Drottins.<br \/> <\/span> <span class=\"ljodatexti\"> <a name=\"2\"><span class=\"versanumer_ljod\">2<\/span><\/a>Nafn Drottins s\u00e9 blessa\u00f0<br \/>h\u00e9\u00f0an \u00ed fr\u00e1 og a\u00f0 eil\u00edfu.<br \/> <\/span> <span class=\"ljodatexti\"> <a name=\"3\"><span class=\"versanumer_ljod\">3<\/span><\/a>Fr\u00e1 s\u00f3laruppr\u00e1s til s\u00f3larlags<br \/>s\u00e9 nafn Drottins vegsama\u00f0.<br \/> <\/span> <span class=\"ljodatexti\"> <a name=\"4\"><span class=\"versanumer_ljod\">4<\/span><\/a>Drottinn er hafinn yfir allar \u00fej\u00f3\u00f0ir,<br \/>d\u00fdr\u00f0 hans er himnum h\u00e6rri.<br \/> <\/span> <span class=\"ljodatexti\"> <a name=\"5\"><span class=\"versanumer_ljod\">5<\/span><\/a>Hver er sem Drottinn, Gu\u00f0 vor?<br \/>Hann situr h\u00e1tt<br \/> <\/span> <span class=\"ljodatexti\"> <a name=\"6\"><span class=\"versanumer_ljod\">6<\/span><\/a>og horfir dj\u00fapt.<br \/>Hver er sem hann \u00e1 himni og \u00e1 j\u00f6r\u00f0u?<br \/> <\/span> <span class=\"ljodatexti\"> <a name=\"7\"><span class=\"versanumer_ljod\">7<\/span><\/a>Hann reisir l\u00edtilmagnann \u00far duftinu,<br \/>lyftir snau\u00f0um \u00far sva\u00f0inu <br \/> <\/span> <span class=\"ljodatexti\"> <a name=\"8\"><span class=\"versanumer_ljod\">8<\/span><\/a>og lei\u00f0ir hann til s\u00e6tis hj\u00e1 tignarm\u00f6nnum,<br \/>hj\u00e1 h\u00f6f\u00f0ingjum \u00fej\u00f3\u00f0ar sinnar.<br \/> <\/span> <span class=\"ljodatexti\"> <a name=\"9\"><span class=\"versanumer_ljod\">9<\/span><\/a>Hann f\u00e6r \u00f3byrjunni heimili<br \/>sem gla\u00f0ri barnam\u00f3\u00f0ur.<br \/>Hallel\u00faja. <\/span> <\/p>\n","protected":false},"excerpt":{"rendered":"<p>1Hallel\u00faja. [ Lofi\u00f0 Drottin, \u00fe\u00e9r \u00fej\u00f3nar hans,lofi\u00f0 nafn Drottins. 2Nafn Drottins s\u00e9 blessa\u00f0h\u00e9\u00f0an \u00ed fr\u00e1 og a\u00f0 eil\u00edfu. 3Fr\u00e1 s\u00f3laruppr\u00e1s til s\u00f3larlagss\u00e9 nafn Drottins vegsama\u00f0. 4Drottinn er hafinn yfir allar \u00fej\u00f3\u00f0ir,d\u00fdr\u00f0 hans er himnum h\u00e6rri. 5Hver er sem Drottinn, Gu\u00f0 vor?Hann situr h\u00e1tt 6og horfir dj\u00fapt.Hver er sem hann \u00e1 himni og \u00e1 j\u00f6r\u00f0u? 7Hann reisir l\u00edtilmagnann \u00far duftinu,lyftir snau\u00f0um \u00far sva\u00f0inu 8og lei\u00f0ir hann til s\u00e6tis hj\u00e1 tignarm\u00f6nnum,hj\u00e1 h\u00f6f\u00f0ingjum \u00fej\u00f3\u00f0ar sinnar. 9Hann f\u00e6r \u00f3byrjunni heimilisem gla\u00f0ri barnam\u00f3\u00f0ur.Hallel\u00faja.<\/p>\n","protected":false},"author":1,"featured_media":0,"parent":0,"menu_order":0,"comment_status":"open","ping_status":"open","template":"bibliukaflar_salmarnir.php","meta":{"footnotes":""},"class_list":["post-2208","page","type-page","status-publish","hentry"],"_links":{"self":[{"href":"https:\/\/biblian.is\/biblian\/wp-json\/wp\/v2\/pages\/2208","targetHints":{"allow":["GET"]}}],"collection":[{"href":"https:\/\/biblian.is\/biblian\/wp-json\/wp\/v2\/pages"}],"about":[{"href":"https:\/\/biblian.is\/biblian\/wp-json\/wp\/v2\/types\/page"}],"author":[{"embeddable":true,"href":"https:\/\/biblian.is\/biblian\/wp-json\/wp\/v2\/users\/1"}],"replies":[{"embeddable":true,"href":"https:\/\/biblian.is\/biblian\/wp-json\/wp\/v2\/comments?post=2208"}],"version-history":[{"count":0,"href":"https:\/\/biblian.is\/biblian\/wp-json\/wp\/v2\/pages\/2208\/revisions"}],"wp:attachment":[{"href":"https:\/\/biblian.is\/biblian\/wp-json\/wp\/v2\/media?parent=2208"}],"curies":[{"name":"wp","href":"https:\/\/api.w.org\/{rel}","templated":true}]}}