{"id":2207,"date":"2017-12-30T21:02:11","date_gmt":"2017-12-30T21:02:11","guid":{"rendered":"http:\/\/biblian.is\/biblian\/s%c2%87lmarnir-112-kafli\/"},"modified":"2020-05-30T18:12:23","modified_gmt":"2020-05-30T18:12:23","slug":"salmarnir-112-kafli","status":"publish","type":"page","link":"https:\/\/biblian.is\/biblian\/salmarnir-112-kafli\/","title":{"rendered":"S\u00e1lmarnir 112. kafli"},"content":{"rendered":"<p><span class=\"ljodatexti\"> <a name=\"1\"><span class=\"versanumer_ljod\">1<\/span><\/a>Hallel\u00faja.<br \/>S\u00e6ll er s\u00e1 sem \u00f3ttast Drottin<br \/>og gle\u00f0st yfir bo\u00f0um hans.<br \/> <\/span> <span class=\"ljodatexti\"> <a name=\"2\"><span class=\"versanumer_ljod\">2<\/span><\/a>Ni\u00f0jar hans ver\u00f0a voldugir \u00ed landinu, <br \/>\u00e6tt r\u00e9ttv\u00edsra mun blessun hlj\u00f3ta. <br \/> <\/span> <span class=\"ljodatexti\"> <a name=\"3\"><span class=\"versanumer_ljod\">3<\/span><\/a>N\u00e6gtir og au\u00f0\u00e6fi eru \u00ed h\u00fasi hans<br \/>og r\u00e9ttl\u00e6ti hans stendur st\u00f6\u00f0ugt a\u00f0 eil\u00edfu.<br \/> <\/span> <span class=\"ljodatexti\"> <a name=\"4\"><span class=\"versanumer_ljod\">4<\/span><\/a>R\u00e9ttv\u00edsum sk\u00edn lj\u00f3s \u00ed myrkri,<br \/>mildum, miskunns\u00f6mum og r\u00e9ttl\u00e1tum.<br \/> <\/span> <span class=\"ljodatexti\"> <a name=\"5\"><span class=\"versanumer_ljod\">5<\/span><\/a>Vel farnast \u00feeim sem l\u00e1nar f\u00faslega<br \/>og annast m\u00e1lefni s\u00edn af r\u00e9ttv\u00edsi<br \/> <\/span> <span class=\"ljodatexti\"> <a name=\"6\"><span class=\"versanumer_ljod\">6<\/span><\/a>\u00fev\u00ed a\u00f0 hann mun aldrei haggast.<br \/>Minning hins r\u00e9ttl\u00e1ta er \u00e6varandi,<br \/> <\/span> <span class=\"ljodatexti\"> <a name=\"7\"><span class=\"versanumer_ljod\">7<\/span><\/a>hann \u00fearf ekki a\u00f0 kv\u00ed\u00f0a \u00f3t\u00ed\u00f0indum,<br \/>hjarta hans er st\u00f6\u00f0ugt, hann treystir Drottni.<br \/> <\/span> <span class=\"ljodatexti\"> <a name=\"8\"><span class=\"versanumer_ljod\">8<\/span><\/a>Hjarta hans er \u00f3hult, hann \u00f3ttast ekki;<br \/>skj\u00f3tt f\u00e6r hann a\u00f0 l\u00edta fall \u00f3vina sinna.<br \/> <\/span> <span class=\"ljodatexti\"> <a name=\"9\"><span class=\"versanumer_ljod\">9<\/span><\/a>Hann hefur mi\u00f0la\u00f0 mildilega og gefi\u00f0 f\u00e1t\u00e6kum,<br \/>r\u00e9ttl\u00e6ti hans stendur st\u00f6\u00f0ugt a\u00f0 eil\u00edfu, <br \/>horn hans er hafi\u00f0 upp me\u00f0 s\u00e6md.<br \/> <\/span> <span class=\"ljodatexti\"> <a name=\"10\"><span class=\"versanumer_ljod\">10<\/span><\/a>Hinn \u00f3gu\u00f0legi s\u00e9r \u00fea\u00f0 og honum gremst,<br \/>hann gn\u00edstir t\u00f6nnum og ferst.<br \/>\u00d3skir \u00f3gu\u00f0legra r\u00e6tast ekki. <\/span> <\/p>\n","protected":false},"excerpt":{"rendered":"<p>1Hallel\u00faja.S\u00e6ll er s\u00e1 sem \u00f3ttast Drottinog gle\u00f0st yfir bo\u00f0um hans. 2Ni\u00f0jar hans ver\u00f0a voldugir \u00ed landinu, \u00e6tt r\u00e9ttv\u00edsra mun blessun hlj\u00f3ta. 3N\u00e6gtir og au\u00f0\u00e6fi eru \u00ed h\u00fasi hansog r\u00e9ttl\u00e6ti hans stendur st\u00f6\u00f0ugt a\u00f0 eil\u00edfu. 4R\u00e9ttv\u00edsum sk\u00edn lj\u00f3s \u00ed myrkri,mildum, miskunns\u00f6mum og r\u00e9ttl\u00e1tum. 5Vel farnast \u00feeim sem l\u00e1nar f\u00faslegaog annast m\u00e1lefni s\u00edn af r\u00e9ttv\u00edsi 6\u00fev\u00ed a\u00f0 hann mun aldrei haggast.Minning hins r\u00e9ttl\u00e1ta er \u00e6varandi, 7hann \u00fearf ekki a\u00f0 kv\u00ed\u00f0a \u00f3t\u00ed\u00f0indum,hjarta hans er st\u00f6\u00f0ugt, hann treystir Drottni. 8Hjarta hans er \u00f3hult, hann \u00f3ttast ekki;skj\u00f3tt f\u00e6r hann a\u00f0 l\u00edta fall \u00f3vina sinna. 9Hann hefur mi\u00f0la\u00f0 mildilega og gefi\u00f0 f\u00e1t\u00e6kum,r\u00e9ttl\u00e6ti hans stendur st\u00f6\u00f0ugt a\u00f0 <a href=\"https:\/\/biblian.is\/biblian\/salmarnir-112-kafli\/\"> [&#8230;]<\/a><\/p>\n","protected":false},"author":1,"featured_media":0,"parent":0,"menu_order":0,"comment_status":"open","ping_status":"open","template":"bibliukaflar_salmarnir.php","meta":{"footnotes":""},"class_list":["post-2207","page","type-page","status-publish","hentry"],"_links":{"self":[{"href":"https:\/\/biblian.is\/biblian\/wp-json\/wp\/v2\/pages\/2207","targetHints":{"allow":["GET"]}}],"collection":[{"href":"https:\/\/biblian.is\/biblian\/wp-json\/wp\/v2\/pages"}],"about":[{"href":"https:\/\/biblian.is\/biblian\/wp-json\/wp\/v2\/types\/page"}],"author":[{"embeddable":true,"href":"https:\/\/biblian.is\/biblian\/wp-json\/wp\/v2\/users\/1"}],"replies":[{"embeddable":true,"href":"https:\/\/biblian.is\/biblian\/wp-json\/wp\/v2\/comments?post=2207"}],"version-history":[{"count":0,"href":"https:\/\/biblian.is\/biblian\/wp-json\/wp\/v2\/pages\/2207\/revisions"}],"wp:attachment":[{"href":"https:\/\/biblian.is\/biblian\/wp-json\/wp\/v2\/media?parent=2207"}],"curies":[{"name":"wp","href":"https:\/\/api.w.org\/{rel}","templated":true}]}}