{"id":2206,"date":"2017-12-30T21:02:11","date_gmt":"2017-12-30T21:02:11","guid":{"rendered":"http:\/\/biblian.is\/biblian\/s%c2%87lmarnir-111-kafli\/"},"modified":"2020-05-30T18:12:23","modified_gmt":"2020-05-30T18:12:23","slug":"salmarnir-111-kafli","status":"publish","type":"page","link":"https:\/\/biblian.is\/biblian\/salmarnir-111-kafli\/","title":{"rendered":"S\u00e1lmarnir 111. kafli"},"content":{"rendered":"<p><span class=\"ljodatexti\"> <a name=\"1\"><span class=\"versanumer_ljod\">1<\/span><\/a>Hallel\u00faja.<br \/>\u00c9g vil lofa Drottin af \u00f6llu hjarta<br \/>\u00ed f\u00e9lagi og s\u00f6fnu\u00f0i r\u00e9ttv\u00edsra.<br \/> <\/span> <span class=\"ljodatexti\"> <a name=\"2\"><span class=\"versanumer_ljod\">2<\/span><\/a>Mikil eru verk Drottins,<br \/>ver\u00f0 \u00edhugunar \u00f6llum er hafa unun af \u00feeim.<br \/> <\/span> <span class=\"ljodatexti\"> <a name=\"3\"><span class=\"versanumer_ljod\">3<\/span><\/a>Tign og vegsemd eru verk hans<br \/>og r\u00e9ttl\u00e6ti hans stendur st\u00f6\u00f0ugt a\u00f0 eil\u00edfu.<br \/> <\/span> <span class=\"ljodatexti\"> <a name=\"4\"><span class=\"versanumer_ljod\">4<\/span><\/a>Hann hefur l\u00e1ti\u00f0 minnast d\u00e1semdarverka sinna,<br \/>n\u00e1\u00f0ugur og miskunnsamur er Drottinn,<br \/> <\/span> <span class=\"ljodatexti\"> <a name=\"5\"><span class=\"versanumer_ljod\">5<\/span><\/a>hann gaf \u00feeim f\u00e6\u00f0u er \u00f3ttast hann,<br \/>minnist s\u00e1ttm\u00e1la s\u00edns \u00e6vinlega.<br \/> <\/span> <span class=\"ljodatexti\"> <a name=\"6\"><span class=\"versanumer_ljod\">6<\/span><\/a>Hann kunngj\u00f6r\u00f0i \u00fej\u00f3\u00f0 sinni m\u00e1tt verka sinna<br \/>me\u00f0 \u00fev\u00ed a\u00f0 gefa henni erf\u00f0ahlut annarra \u00fej\u00f3\u00f0a.<br \/> <\/span> <span class=\"ljodatexti\"> <a name=\"7\"><span class=\"versanumer_ljod\">7<\/span><\/a>Hann er tr\u00far og r\u00e9ttl\u00e1tur \u00ed \u00f6llum verkum s\u00ednum,<br \/>\u00f6ll fyrirm\u00e6li hans eru \u00e1rei\u00f0anleg,<br \/> <\/span> <span class=\"ljodatexti\"> <a name=\"8\"><span class=\"versanumer_ljod\">8<\/span><\/a>standa \u00f3hagganleg um aldur og \u00e6vi,<br \/>framkv\u00e6md \u00ed tr\u00fafesti og r\u00e9ttv\u00edsi.<br \/> <\/span> <span class=\"ljodatexti\"> <a name=\"9\"><span class=\"versanumer_ljod\">9<\/span><\/a>Hann sendi lausn l\u00fd\u00f0 s\u00ednum, <br \/>setti s\u00e1ttm\u00e1la sinn a\u00f0 eil\u00edfu, <br \/>heilagt og \u00f3ttalegt er nafn hans. <br \/> <\/span> <span class=\"ljodatexti\"> <a name=\"10\"><span class=\"versanumer_ljod\">10<\/span><\/a>A\u00f0 \u00f3ttast Drottin er upphaf speki,<br \/>\u00feeir vaxa a\u00f0 viti sem hl\u00fd\u00f0a bo\u00f0um hans.<br \/>Lofst\u00edr hans stendur um eil\u00edf\u00f0. <\/span> <\/p>\n","protected":false},"excerpt":{"rendered":"<p>1Hallel\u00faja.\u00c9g vil lofa Drottin af \u00f6llu hjarta\u00ed f\u00e9lagi og s\u00f6fnu\u00f0i r\u00e9ttv\u00edsra. 2Mikil eru verk Drottins,ver\u00f0 \u00edhugunar \u00f6llum er hafa unun af \u00feeim. 3Tign og vegsemd eru verk hansog r\u00e9ttl\u00e6ti hans stendur st\u00f6\u00f0ugt a\u00f0 eil\u00edfu. 4Hann hefur l\u00e1ti\u00f0 minnast d\u00e1semdarverka sinna,n\u00e1\u00f0ugur og miskunnsamur er Drottinn, 5hann gaf \u00feeim f\u00e6\u00f0u er \u00f3ttast hann,minnist s\u00e1ttm\u00e1la s\u00edns \u00e6vinlega. 6Hann kunngj\u00f6r\u00f0i \u00fej\u00f3\u00f0 sinni m\u00e1tt verka sinname\u00f0 \u00fev\u00ed a\u00f0 gefa henni erf\u00f0ahlut annarra \u00fej\u00f3\u00f0a. 7Hann er tr\u00far og r\u00e9ttl\u00e1tur \u00ed \u00f6llum verkum s\u00ednum,\u00f6ll fyrirm\u00e6li hans eru \u00e1rei\u00f0anleg, 8standa \u00f3hagganleg um aldur og \u00e6vi,framkv\u00e6md \u00ed tr\u00fafesti og r\u00e9ttv\u00edsi. 9Hann sendi lausn l\u00fd\u00f0 s\u00ednum, setti s\u00e1ttm\u00e1la sinn a\u00f0 <a href=\"https:\/\/biblian.is\/biblian\/salmarnir-111-kafli\/\"> [&#8230;]<\/a><\/p>\n","protected":false},"author":1,"featured_media":0,"parent":0,"menu_order":0,"comment_status":"open","ping_status":"open","template":"bibliukaflar_salmarnir.php","meta":{"footnotes":""},"class_list":["post-2206","page","type-page","status-publish","hentry"],"_links":{"self":[{"href":"https:\/\/biblian.is\/biblian\/wp-json\/wp\/v2\/pages\/2206","targetHints":{"allow":["GET"]}}],"collection":[{"href":"https:\/\/biblian.is\/biblian\/wp-json\/wp\/v2\/pages"}],"about":[{"href":"https:\/\/biblian.is\/biblian\/wp-json\/wp\/v2\/types\/page"}],"author":[{"embeddable":true,"href":"https:\/\/biblian.is\/biblian\/wp-json\/wp\/v2\/users\/1"}],"replies":[{"embeddable":true,"href":"https:\/\/biblian.is\/biblian\/wp-json\/wp\/v2\/comments?post=2206"}],"version-history":[{"count":0,"href":"https:\/\/biblian.is\/biblian\/wp-json\/wp\/v2\/pages\/2206\/revisions"}],"wp:attachment":[{"href":"https:\/\/biblian.is\/biblian\/wp-json\/wp\/v2\/media?parent=2206"}],"curies":[{"name":"wp","href":"https:\/\/api.w.org\/{rel}","templated":true}]}}