{"id":2205,"date":"2017-12-30T21:02:11","date_gmt":"2017-12-30T21:02:11","guid":{"rendered":"http:\/\/biblian.is\/biblian\/s%c2%87lmarnir-110-kafli\/"},"modified":"2020-05-30T18:12:23","modified_gmt":"2020-05-30T18:12:23","slug":"salmarnir-110-kafli","status":"publish","type":"page","link":"https:\/\/biblian.is\/biblian\/salmarnir-110-kafli\/","title":{"rendered":"S\u00e1lmarnir 110. kafli"},"content":{"rendered":"<p><a name=\"1\"><span class=\"versanumer_2007\">1<\/span><\/a> Dav\u00ed\u00f0ss\u00e1lmur.<br \/> <span class=\"ljodatexti\"> Svo segir Drottinn vi\u00f0 herra minn:<br \/>\u201eSet \u00feig m\u00e9r til h\u00e6gri handar,<br \/>\u00fe\u00e1 mun \u00e9g leggja \u00f3vini \u00fe\u00edna<br \/>sem sk\u00f6r f\u00f3ta \u00feinna.\u201c<br \/> <\/span> <span class=\"ljodatexti\"> <a name=\"2\"><span class=\"versanumer_ljod\">2<\/span><\/a>Drottinn r\u00e9ttir \u00fat \u00feinn volduga sprota fr\u00e1 S\u00edon.<br \/>Drottna \u00fe\u00fa me\u00f0al \u00f3vina \u00feinna.<br \/> <\/span> <span class=\"ljodatexti\"> <a name=\"3\"><span class=\"versanumer_ljod\">3<\/span><\/a>\u00dej\u00f3\u00f0 \u00fe\u00edn kemur f\u00faslega er \u00fe\u00fa kve\u00f0ur til her \u00feinn. <span class=\"nedan_mal\" title=\" \u00d6nnur hugsanleg \u00fe\u00fd\u00f0ing: \u00e1 valdadegi \u00fe\u00ednum.\">[<\/span> <br \/>\u00c1 helgum fj\u00f6llum f\u00e6ddi \u00e9g \u00feig<br \/>eins og d\u00f6gg \u00far skauti morgunro\u00f0ans. <span class=\"nedan_mal\" title=\" \u00d6nnur hugsanleg \u00fe\u00fd\u00f0ing: \u00cd helgum skr\u00fa\u00f0a kemur \u00e6skul\u00fd\u00f0ur \u00feinn til \u00fe\u00edn l\u00edkt og d\u00f6gg fr\u00e1 skauti morgunro\u00f0ans.\">[<\/span> <br \/> <\/span> <span class=\"ljodatexti\"> <a name=\"4\"><span class=\"versanumer_ljod\">4<\/span><\/a>Drottinn hefur svari\u00f0 <br \/>og hann i\u00f0rar \u00feess eigi: <br \/>\u201e\u00de\u00fa ert prestur a\u00f0 eil\u00edfu<br \/>a\u00f0 h\u00e6tti Melk\u00edsedeks.\u201c<br \/> <\/span> <span class=\"ljodatexti\"> <a name=\"5\"><span class=\"versanumer_ljod\">5<\/span><\/a>Drottinn er \u00fe\u00e9r til h\u00e6gri handar,<br \/>hann knosar konunga \u00e1 degi rei\u00f0i sinnar.<br \/> <\/span> <span class=\"ljodatexti\"> <a name=\"6\"><span class=\"versanumer_ljod\">6<\/span><\/a>Hann heldur d\u00f3m me\u00f0al \u00fej\u00f3\u00f0anna,<br \/>fyllir allt l\u00edkum,<br \/>knosar h\u00f6f\u00f0ingja um v\u00ed\u00f0an vang.<br \/> <\/span> <span class=\"ljodatexti\"> <a name=\"7\"><span class=\"versanumer_ljod\">7<\/span><\/a>\u00c1 lei\u00f0inni drekkur hann \u00far l\u00e6knum,<br \/>\u00feess vegna ber hann h\u00f6fu\u00f0i\u00f0 h\u00e1tt. <\/span> <\/p>\n","protected":false},"excerpt":{"rendered":"<p>1 Dav\u00ed\u00f0ss\u00e1lmur. Svo segir Drottinn vi\u00f0 herra minn:\u201eSet \u00feig m\u00e9r til h\u00e6gri handar,\u00fe\u00e1 mun \u00e9g leggja \u00f3vini \u00fe\u00ednasem sk\u00f6r f\u00f3ta \u00feinna.\u201c 2Drottinn r\u00e9ttir \u00fat \u00feinn volduga sprota fr\u00e1 S\u00edon.Drottna \u00fe\u00fa me\u00f0al \u00f3vina \u00feinna. 3\u00dej\u00f3\u00f0 \u00fe\u00edn kemur f\u00faslega er \u00fe\u00fa kve\u00f0ur til her \u00feinn. [ \u00c1 helgum fj\u00f6llum f\u00e6ddi \u00e9g \u00feigeins og d\u00f6gg \u00far skauti morgunro\u00f0ans. [ 4Drottinn hefur svari\u00f0 og hann i\u00f0rar \u00feess eigi: \u201e\u00de\u00fa ert prestur a\u00f0 eil\u00edfua\u00f0 h\u00e6tti Melk\u00edsedeks.\u201c 5Drottinn er \u00fe\u00e9r til h\u00e6gri handar,hann knosar konunga \u00e1 degi rei\u00f0i sinnar. 6Hann heldur d\u00f3m me\u00f0al \u00fej\u00f3\u00f0anna,fyllir allt l\u00edkum,knosar h\u00f6f\u00f0ingja um v\u00ed\u00f0an vang. 7\u00c1 lei\u00f0inni drekkur hann \u00far l\u00e6knum,\u00feess <a href=\"https:\/\/biblian.is\/biblian\/salmarnir-110-kafli\/\"> [&#8230;]<\/a><\/p>\n","protected":false},"author":1,"featured_media":0,"parent":0,"menu_order":0,"comment_status":"open","ping_status":"open","template":"bibliukaflar_salmarnir.php","meta":{"footnotes":""},"class_list":["post-2205","page","type-page","status-publish","hentry"],"_links":{"self":[{"href":"https:\/\/biblian.is\/biblian\/wp-json\/wp\/v2\/pages\/2205","targetHints":{"allow":["GET"]}}],"collection":[{"href":"https:\/\/biblian.is\/biblian\/wp-json\/wp\/v2\/pages"}],"about":[{"href":"https:\/\/biblian.is\/biblian\/wp-json\/wp\/v2\/types\/page"}],"author":[{"embeddable":true,"href":"https:\/\/biblian.is\/biblian\/wp-json\/wp\/v2\/users\/1"}],"replies":[{"embeddable":true,"href":"https:\/\/biblian.is\/biblian\/wp-json\/wp\/v2\/comments?post=2205"}],"version-history":[{"count":0,"href":"https:\/\/biblian.is\/biblian\/wp-json\/wp\/v2\/pages\/2205\/revisions"}],"wp:attachment":[{"href":"https:\/\/biblian.is\/biblian\/wp-json\/wp\/v2\/media?parent=2205"}],"curies":[{"name":"wp","href":"https:\/\/api.w.org\/{rel}","templated":true}]}}