{"id":2204,"date":"2017-12-30T21:02:11","date_gmt":"2017-12-30T21:02:11","guid":{"rendered":"http:\/\/biblian.is\/biblian\/s%c2%87lmarnir-109-kafli\/"},"modified":"2020-05-30T18:12:22","modified_gmt":"2020-05-30T18:12:22","slug":"salmarnir-109-kafli","status":"publish","type":"page","link":"https:\/\/biblian.is\/biblian\/salmarnir-109-kafli\/","title":{"rendered":"S\u00e1lmarnir 109. kafli"},"content":{"rendered":"<p><a name=\"1\"><span class=\"versanumer_2007\">1<\/span><\/a> Til s\u00f6ngstj\u00f3rans. Dav\u00ed\u00f0ss\u00e1lmur.<br \/> <span class=\"ljodatexti\"> \u00de\u00fa, Gu\u00f0 lofs\u00f6ngs m\u00edns, ver eigi hlj\u00f3\u00f0ur<br \/> <\/span> <span class=\"ljodatexti\"> <a name=\"2\"><span class=\"versanumer_ljod\">2<\/span><\/a>\u00fev\u00ed a\u00f0 \u00f3gu\u00f0legan og svikulan munn opna \u00feeir gegn m\u00e9r,<br \/>tala vi\u00f0 mig me\u00f0 lj\u00fagandi tungu.<br \/> <\/span> <span class=\"ljodatexti\"> <a name=\"3\"><span class=\"versanumer_ljod\">3<\/span><\/a>Me\u00f0 hatursor\u00f0um umkringja \u00feeir mig<br \/>og \u00e1reita mig a\u00f0 \u00e1st\u00e6\u00f0ulausu.<br \/> <\/span> <span class=\"ljodatexti\"> <a name=\"4\"><span class=\"versanumer_ljod\">4<\/span><\/a>\u00deeir launa elsku m\u00edna me\u00f0 fjandskap<br \/>en \u00e9g endurgeld \u00feeim me\u00f0 b\u00e6n. <br \/> <\/span> <span class=\"ljodatexti\"> <a name=\"5\"><span class=\"versanumer_ljod\">5<\/span><\/a>\u00deeir launa m\u00e9r gott me\u00f0 illu<br \/>og elsku m\u00edna me\u00f0 hatri.<br \/> <\/span> <span class=\"ljodatexti\"> <a name=\"6\"><span class=\"versanumer_ljod\">6<\/span><\/a>Sendi\u00f0 \u00f3gu\u00f0legan gegn m\u00f3tst\u00f6\u00f0umanni m\u00ednum<br \/>og \u00e1k\u00e6randinn standi honum til h\u00e6gri handar. <br \/> <\/span> <span class=\"ljodatexti\"> <a name=\"7\"><span class=\"versanumer_ljod\">7<\/span><\/a>Hann gangi sakfelldur fr\u00e1 d\u00f3mi <br \/>og b\u00e6n hans ver\u00f0i honum til \u00e1fellis.<br \/> <\/span> <span class=\"ljodatexti\"> <a name=\"8\"><span class=\"versanumer_ljod\">8<\/span><\/a>Dagar hans ver\u00f0i f\u00e1ir<br \/>og annar hlj\u00f3ti emb\u00e6tti hans.<br \/> <\/span> <span class=\"ljodatexti\"> <a name=\"9\"><span class=\"versanumer_ljod\">9<\/span><\/a>B\u00f6rn hans ver\u00f0i f\u00f6\u00f0urlaus<br \/>og kona hans ekkja,<br \/> <\/span> <span class=\"ljodatexti\"> <a name=\"10\"><span class=\"versanumer_ljod\">10<\/span><\/a>b\u00f6rn hans fari \u00e1 fl\u00e6king og vergang,<br \/>rekin \u00far r\u00fastum heimilis s\u00edns. <br \/> <\/span> <span class=\"ljodatexti\"> <a name=\"11\"><span class=\"versanumer_ljod\">11<\/span><\/a>Okrarinn leggi sn\u00f6ru fyrir allar eigur hans <br \/>og \u00f3kunnugir r\u00e6ni afla hans.<br \/> <\/span> <span class=\"ljodatexti\"> <a name=\"12\"><span class=\"versanumer_ljod\">12<\/span><\/a>Enginn s\u00fdni honum l\u00edkn <br \/>og enginn aumkist yfir f\u00f6\u00f0urlaus b\u00f6rn hans.<br \/> <\/span> <span class=\"ljodatexti\"> <a name=\"13\"><span class=\"versanumer_ljod\">13<\/span><\/a>Ni\u00f0jar hans ver\u00f0i afm\u00e1\u00f0ir,<br \/>n\u00f6fn \u00feeirra \u00feurrku\u00f0 \u00fat \u00ed n\u00e6stu kynsl\u00f3\u00f0.<br \/> <\/span> <span class=\"ljodatexti\"> <a name=\"14\"><span class=\"versanumer_ljod\">14<\/span><\/a>Drottinn minnist misgj\u00f6r\u00f0ar fe\u00f0ra hans <br \/>og synd m\u00f3\u00f0ur hans ver\u00f0i ekki afm\u00e1\u00f0,<br \/> <\/span> <span class=\"ljodatexti\"> <a name=\"15\"><span class=\"versanumer_ljod\">15<\/span><\/a>s\u00e9u \u00fe\u00e6r \u00e6t\u00ed\u00f0 fyrir augum Drottins,<br \/>hann afm\u00e1i minningu hans<span class=\"nedan_mal\" title=\"\u00deannig \u00ed gr\u00edsku sj\u00f6t\u00edumanna\u00fe\u00fd\u00f0ingunni en hebreski textinn hefur \u201e\u00feeirra\u201c.\">[<\/span> af j\u00f6r\u00f0inni<br \/> <\/span> <span class=\"ljodatexti\"> <a name=\"16\"><span class=\"versanumer_ljod\">16<\/span><\/a>sakir \u00feess a\u00f0 hann gleymdi a\u00f0 s\u00fdna g\u00e6sku<br \/>en ofs\u00f3tti hinn hrj\u00e1\u00f0a og snau\u00f0a <br \/>og hinn r\u00e1\u00f0\u00ferota til \u00feess a\u00f0 drepa hann.<br \/> <\/span> <span class=\"ljodatexti\"> <a name=\"17\"><span class=\"versanumer_ljod\">17<\/span><\/a>Hann haf\u00f0i \u00e1n\u00e6gju af b\u00f6lb\u00e6num,<br \/>\u00fe\u00e6r bitni \u00e1 honum sj\u00e1lfum,<br \/>blessun gladdi hann ekki,<br \/>h\u00fan s\u00e9 honum fjarri.<br \/> <\/span> <span class=\"ljodatexti\"> <a name=\"18\"><span class=\"versanumer_ljod\">18<\/span><\/a>Hann \u00edkl\u00e6ddist b\u00f6lvuninni sem kufli,<br \/>h\u00fan \u00ferengi s\u00e9r \u00ed innyfli hans sem vatn<br \/>og \u00ed bein hans sem ol\u00eda,<br \/> <\/span> <span class=\"ljodatexti\"> <a name=\"19\"><span class=\"versanumer_ljod\">19<\/span><\/a>h\u00fan ver\u00f0i honum skikkja sem hylur hann,<br \/>belti er hann s\u00edfellt gyr\u00f0ist.<br \/> <\/span> <span class=\"ljodatexti\"> <a name=\"20\"><span class=\"versanumer_ljod\">20<\/span><\/a>\u00deetta s\u00e9u laun hatursmanna minna fr\u00e1 Drottni,<br \/>\u00feeirra sem s\u00edfellt r\u00e6gja mig.<br \/> <\/span> <span class=\"ljodatexti\"> <a name=\"21\"><span class=\"versanumer_ljod\">21<\/span><\/a>En \u00fe\u00fa, Drottinn, Gu\u00f0 minn, breyt vel vi\u00f0 mig sakir nafns \u00fe\u00edns, <br \/>frelsa mig sakir g\u00e6sku \u00feinnar og miskunnar<br \/> <\/span> <span class=\"ljodatexti\"> <a name=\"22\"><span class=\"versanumer_ljod\">22<\/span><\/a> \u00fev\u00ed a\u00f0 \u00e9g er hrj\u00e1\u00f0ur og snau\u00f0ur,<br \/>hjarta\u00f0 berst \u00ed brj\u00f3sti m\u00e9r.<br \/> <\/span> <span class=\"ljodatexti\"> <a name=\"23\"><span class=\"versanumer_ljod\">23<\/span><\/a> \u00c9g hverf sem skugginn er degi hallar,<br \/>\u00e9g er fl\u00e6mdur burt eins og engispretta,<br \/> <\/span> <span class=\"ljodatexti\"> <a name=\"24\"><span class=\"versanumer_ljod\">24<\/span><\/a> hn\u00e9 m\u00edn skj\u00f6gra af f\u00f6stu<br \/>og hold mitt skortir feiti.<br \/> <\/span> <span class=\"ljodatexti\"> <a name=\"25\"><span class=\"versanumer_ljod\">25<\/span><\/a> \u00c9g er or\u00f0inn m\u00f6nnum a\u00f0 spotti,<br \/>\u00feeir hrista h\u00f6fu\u00f0i\u00f0 \u00feegar \u00feeir sj\u00e1 mig.<br \/> <\/span> <span class=\"ljodatexti\"> <a name=\"26\"><span class=\"versanumer_ljod\">26<\/span><\/a> Hj\u00e1lpa m\u00e9r, Drottinn, Gu\u00f0 minn,<br \/>bjarga m\u00e9r eftir miskunn \u00feinni,<br \/> <\/span> <span class=\"ljodatexti\"> <a name=\"27\"><span class=\"versanumer_ljod\">27<\/span><\/a> a\u00f0 \u00feeir megi komast a\u00f0 raun um a\u00f0 \u00fea\u00f0 var \u00fe\u00edn h\u00f6nd,<br \/>a\u00f0 \u00fea\u00f0 varst \u00fe\u00fa, Drottinn, sem ger\u00f0ir \u00fea\u00f0.<br \/> <\/span> <span class=\"ljodatexti\"> <a name=\"28\"><span class=\"versanumer_ljod\">28<\/span><\/a> B\u00f6lvi \u00feeir, blessar \u00fe\u00fa,<br \/>r\u00edsi \u00feeir gegn m\u00e9r ver\u00f0i \u00feeir til skammar<br \/>en \u00fej\u00f3nn \u00feinn gle\u00f0jist.<br \/> <\/span> <span class=\"ljodatexti\"> <a name=\"29\"><span class=\"versanumer_ljod\">29<\/span><\/a> Andst\u00e6\u00f0ingar m\u00ednir \u00edkl\u00e6\u00f0ist sv\u00edvir\u00f0ing,<br \/>sveipi sig sk\u00f6mminni eins og skikkju.<br \/> <\/span> <span class=\"ljodatexti\"> <a name=\"30\"><span class=\"versanumer_ljod\">30<\/span><\/a> \u00c9g vil lofa Drottin me\u00f0 munni m\u00ednum,<br \/>\u00ed fj\u00f6lmenni vegsama \u00e9g hann<br \/> <\/span> <span class=\"ljodatexti\"> <a name=\"31\"><span class=\"versanumer_ljod\">31<\/span><\/a> \u00fev\u00ed a\u00f0 hann stendur vi\u00f0 hli\u00f0 hins snau\u00f0a<br \/>til a\u00f0 hj\u00e1lpa honum gegn \u00feeim sem sakfella hann. <\/span> <\/p>\n","protected":false},"excerpt":{"rendered":"<p>1 Til s\u00f6ngstj\u00f3rans. Dav\u00ed\u00f0ss\u00e1lmur. \u00de\u00fa, Gu\u00f0 lofs\u00f6ngs m\u00edns, ver eigi hlj\u00f3\u00f0ur 2\u00fev\u00ed a\u00f0 \u00f3gu\u00f0legan og svikulan munn opna \u00feeir gegn m\u00e9r,tala vi\u00f0 mig me\u00f0 lj\u00fagandi tungu. 3Me\u00f0 hatursor\u00f0um umkringja \u00feeir migog \u00e1reita mig a\u00f0 \u00e1st\u00e6\u00f0ulausu. 4\u00deeir launa elsku m\u00edna me\u00f0 fjandskapen \u00e9g endurgeld \u00feeim me\u00f0 b\u00e6n. 5\u00deeir launa m\u00e9r gott me\u00f0 illuog elsku m\u00edna me\u00f0 hatri. 6Sendi\u00f0 \u00f3gu\u00f0legan gegn m\u00f3tst\u00f6\u00f0umanni m\u00ednumog \u00e1k\u00e6randinn standi honum til h\u00e6gri handar. 7Hann gangi sakfelldur fr\u00e1 d\u00f3mi og b\u00e6n hans ver\u00f0i honum til \u00e1fellis. 8Dagar hans ver\u00f0i f\u00e1irog annar hlj\u00f3ti emb\u00e6tti hans. 9B\u00f6rn hans ver\u00f0i f\u00f6\u00f0urlausog kona hans ekkja, 10b\u00f6rn hans fari \u00e1 fl\u00e6king og <a href=\"https:\/\/biblian.is\/biblian\/salmarnir-109-kafli\/\"> [&#8230;]<\/a><\/p>\n","protected":false},"author":1,"featured_media":0,"parent":0,"menu_order":0,"comment_status":"open","ping_status":"open","template":"bibliukaflar_salmarnir.php","meta":{"footnotes":""},"class_list":["post-2204","page","type-page","status-publish","hentry"],"_links":{"self":[{"href":"https:\/\/biblian.is\/biblian\/wp-json\/wp\/v2\/pages\/2204","targetHints":{"allow":["GET"]}}],"collection":[{"href":"https:\/\/biblian.is\/biblian\/wp-json\/wp\/v2\/pages"}],"about":[{"href":"https:\/\/biblian.is\/biblian\/wp-json\/wp\/v2\/types\/page"}],"author":[{"embeddable":true,"href":"https:\/\/biblian.is\/biblian\/wp-json\/wp\/v2\/users\/1"}],"replies":[{"embeddable":true,"href":"https:\/\/biblian.is\/biblian\/wp-json\/wp\/v2\/comments?post=2204"}],"version-history":[{"count":0,"href":"https:\/\/biblian.is\/biblian\/wp-json\/wp\/v2\/pages\/2204\/revisions"}],"wp:attachment":[{"href":"https:\/\/biblian.is\/biblian\/wp-json\/wp\/v2\/media?parent=2204"}],"curies":[{"name":"wp","href":"https:\/\/api.w.org\/{rel}","templated":true}]}}