{"id":2203,"date":"2017-12-30T21:02:11","date_gmt":"2017-12-30T21:02:11","guid":{"rendered":"http:\/\/biblian.is\/biblian\/s%c2%87lmarnir-108-kafli\/"},"modified":"2020-05-30T18:12:22","modified_gmt":"2020-05-30T18:12:22","slug":"salmarnir-108-kafli","status":"publish","type":"page","link":"https:\/\/biblian.is\/biblian\/salmarnir-108-kafli\/","title":{"rendered":"S\u00e1lmarnir 108. kafli"},"content":{"rendered":"<p><a name=\"1\"><span class=\"versanumer_2007\">1<\/span><\/a> Lj\u00f3\u00f0. Dav\u00ed\u00f0ss\u00e1lmur.<br \/> <span class=\"ljodatexti\"> <a name=\"2\"><span class=\"versanumer_ljod\">2<\/span><\/a>Hjarta mitt er st\u00f6\u00f0ugt, \u00f3 Gu\u00f0, <br \/>\u00e9g vil syngja og leika.<br \/>Vakna \u00fe\u00fa, s\u00e1l m\u00edn,<br \/> <\/span> <span class=\"ljodatexti\"> <a name=\"3\"><span class=\"versanumer_ljod\">3<\/span><\/a>vakna \u00fe\u00fa, harpa og g\u00edgja,<br \/>\u00e9g \u00e6tla a\u00f0 vekja morgunro\u00f0ann.<br \/> <\/span> <span class=\"ljodatexti\"> <a name=\"4\"><span class=\"versanumer_ljod\">4<\/span><\/a>\u00c9g lofa \u00feig me\u00f0al l\u00fd\u00f0anna, Drottinn, <br \/>vegsama \u00feig me\u00f0al \u00fej\u00f3\u00f0anna<br \/> <\/span> <span class=\"ljodatexti\"> <a name=\"5\"><span class=\"versanumer_ljod\">5<\/span><\/a>\u00fev\u00ed a\u00f0 miskunn \u00fe\u00edn n\u00e6r til himna<br \/>og tr\u00fafesti \u00fe\u00edn til sk\u00fdjanna.<br \/> <\/span> <span class=\"ljodatexti\"> <a name=\"6\"><span class=\"versanumer_ljod\">6<\/span><\/a>Hef \u00feig h\u00e1tt yfir himininn, Gu\u00f0,<br \/>d\u00fdr\u00f0 \u00fe\u00edn brei\u00f0ist yfir gj\u00f6rvalla j\u00f6r\u00f0ina. <br \/> <\/span> <span class=\"ljodatexti\"> <a name=\"7\"><span class=\"versanumer_ljod\">7<\/span><\/a>Hj\u00e1lpa \u00fe\u00fa me\u00f0 h\u00e6gri hendi \u00feinni og b\u00e6nheyr mig<br \/>til \u00feess a\u00f0 \u00feeir sem \u00fe\u00fa elskar megi frelsast.<br \/> <\/span> <span class=\"ljodatexti\"> <a name=\"8\"><span class=\"versanumer_ljod\">8<\/span><\/a>Gu\u00f0 hefur sagt \u00ed helgid\u00f3mi s\u00ednum:<br \/>\u201e\u00c9g vil fagna sigri, \u00e9g vil skipta S\u00edkem,<br \/>m\u00e6la S\u00fakk\u00f3tdalinn.<br \/> <\/span> <span class=\"ljodatexti\"> <a name=\"9\"><span class=\"versanumer_ljod\">9<\/span><\/a>\u00c9g \u00e1 G\u00edlea\u00f0 og \u00e9g \u00e1 Manasse,<br \/>Efra\u00edm er hj\u00e1lmurinn \u00e1 h\u00f6f\u00f0i m\u00e9r,<br \/>J\u00fada veldissproti minn.<br \/> <\/span> <span class=\"ljodatexti\"> <a name=\"10\"><span class=\"versanumer_ljod\">10<\/span><\/a>M\u00f3ab er handlaug m\u00edn,<br \/>\u00e9g fleygi sk\u00f3m m\u00ednum \u00e1 Ed\u00f3m,<br \/>\u00e9g hr\u00f3sa sigri yfir Filisteu.\u201c<br \/> <\/span> <span class=\"ljodatexti\"> <a name=\"11\"><span class=\"versanumer_ljod\">11<\/span><\/a>Hver lei\u00f0ir mig til virkisborgarinnar,<br \/>hver fer me\u00f0 mig til Ed\u00f3ms?<br \/> <\/span> <span class=\"ljodatexti\"> <a name=\"12\"><span class=\"versanumer_ljod\">12<\/span><\/a>Hefur \u00fe\u00fa eigi \u00fatsk\u00fafa\u00f0 oss, Gu\u00f0,<br \/>og fer\u00f0 eigi \u00fat me\u00f0 hersveitum vorum?<br \/> <\/span> <span class=\"ljodatexti\"> <a name=\"13\"><span class=\"versanumer_ljod\">13<\/span><\/a>Veit oss li\u00f0 gegn fjandm\u00f6nnunum<br \/>\u00fev\u00ed a\u00f0 hj\u00e1lp manna er einskis n\u00fdt.<br \/> <\/span> <span class=\"ljodatexti\"> <a name=\"14\"><span class=\"versanumer_ljod\">14<\/span><\/a>Me\u00f0 Gu\u00f0s hj\u00e1lp munum v\u00e9r vinna afrek<br \/>og hann mun tro\u00f0a \u00f3vini vora f\u00f3tum. <\/span> <\/p>\n","protected":false},"excerpt":{"rendered":"<p>1 Lj\u00f3\u00f0. Dav\u00ed\u00f0ss\u00e1lmur. 2Hjarta mitt er st\u00f6\u00f0ugt, \u00f3 Gu\u00f0, \u00e9g vil syngja og leika.Vakna \u00fe\u00fa, s\u00e1l m\u00edn, 3vakna \u00fe\u00fa, harpa og g\u00edgja,\u00e9g \u00e6tla a\u00f0 vekja morgunro\u00f0ann. 4\u00c9g lofa \u00feig me\u00f0al l\u00fd\u00f0anna, Drottinn, vegsama \u00feig me\u00f0al \u00fej\u00f3\u00f0anna 5\u00fev\u00ed a\u00f0 miskunn \u00fe\u00edn n\u00e6r til himnaog tr\u00fafesti \u00fe\u00edn til sk\u00fdjanna. 6Hef \u00feig h\u00e1tt yfir himininn, Gu\u00f0,d\u00fdr\u00f0 \u00fe\u00edn brei\u00f0ist yfir gj\u00f6rvalla j\u00f6r\u00f0ina. 7Hj\u00e1lpa \u00fe\u00fa me\u00f0 h\u00e6gri hendi \u00feinni og b\u00e6nheyr migtil \u00feess a\u00f0 \u00feeir sem \u00fe\u00fa elskar megi frelsast. 8Gu\u00f0 hefur sagt \u00ed helgid\u00f3mi s\u00ednum:\u201e\u00c9g vil fagna sigri, \u00e9g vil skipta S\u00edkem,m\u00e6la S\u00fakk\u00f3tdalinn. 9\u00c9g \u00e1 G\u00edlea\u00f0 og \u00e9g \u00e1 Manasse,Efra\u00edm er hj\u00e1lmurinn \u00e1 h\u00f6f\u00f0i <a href=\"https:\/\/biblian.is\/biblian\/salmarnir-108-kafli\/\"> [&#8230;]<\/a><\/p>\n","protected":false},"author":1,"featured_media":0,"parent":0,"menu_order":0,"comment_status":"open","ping_status":"open","template":"bibliukaflar_salmarnir.php","meta":{"footnotes":""},"class_list":["post-2203","page","type-page","status-publish","hentry"],"_links":{"self":[{"href":"https:\/\/biblian.is\/biblian\/wp-json\/wp\/v2\/pages\/2203","targetHints":{"allow":["GET"]}}],"collection":[{"href":"https:\/\/biblian.is\/biblian\/wp-json\/wp\/v2\/pages"}],"about":[{"href":"https:\/\/biblian.is\/biblian\/wp-json\/wp\/v2\/types\/page"}],"author":[{"embeddable":true,"href":"https:\/\/biblian.is\/biblian\/wp-json\/wp\/v2\/users\/1"}],"replies":[{"embeddable":true,"href":"https:\/\/biblian.is\/biblian\/wp-json\/wp\/v2\/comments?post=2203"}],"version-history":[{"count":0,"href":"https:\/\/biblian.is\/biblian\/wp-json\/wp\/v2\/pages\/2203\/revisions"}],"wp:attachment":[{"href":"https:\/\/biblian.is\/biblian\/wp-json\/wp\/v2\/media?parent=2203"}],"curies":[{"name":"wp","href":"https:\/\/api.w.org\/{rel}","templated":true}]}}