{"id":2202,"date":"2017-12-30T21:02:11","date_gmt":"2017-12-30T21:02:11","guid":{"rendered":"http:\/\/biblian.is\/biblian\/s%c2%87lmarnir-107-kafli\/"},"modified":"2020-05-30T18:12:22","modified_gmt":"2020-05-30T18:12:22","slug":"salmarnir-107-kafli","status":"publish","type":"page","link":"https:\/\/biblian.is\/biblian\/salmarnir-107-kafli\/","title":{"rendered":"S\u00e1lmarnir 107. kafli"},"content":{"rendered":"<h2 class=\"millifyrirsogn_2007\"> Fimmta b\u00f3k<\/h2>\n<p><span class=\"ljodatexti\"><a name=\"1\"><span class=\"versanumer_ljod\">1<\/span><\/a>\u00deakki\u00f0 Drottni \u00fev\u00ed a\u00f0 hann er g\u00f3\u00f0ur,<br \/>\u00fev\u00ed a\u00f0 miskunn hans varir a\u00f0 eil\u00edfu.<br \/> <\/span> <span class=\"ljodatexti\"> <a name=\"2\"><span class=\"versanumer_ljod\">2<\/span><\/a>Svo skulu hinir endurleystu Drottins segja,<br \/>\u00feeir er hann hefur leyst \u00far nau\u00f0um<br \/> <\/span> <span class=\"ljodatexti\"> <a name=\"3\"><span class=\"versanumer_ljod\">3<\/span><\/a>og safna\u00f0 saman fr\u00e1 \u00f6\u00f0rum l\u00f6ndum,<br \/>fr\u00e1 austri og vestri, fr\u00e1 nor\u00f0ri og su\u00f0ri. <br \/> <\/span> <span class=\"ljodatexti\"> <a name=\"4\"><span class=\"versanumer_ljod\">4<\/span><\/a>\u00deeir reiku\u00f0u um ey\u00f0im\u00f6rkina, um veglaus \u00f6r\u00e6fin,<br \/>og fundu eigi lei\u00f0 til byggilegrar borgar.<br \/> <\/span> <span class=\"ljodatexti\"> <a name=\"5\"><span class=\"versanumer_ljod\">5<\/span><\/a>\u00de\u00e1 hungra\u00f0i og \u00feyrsti<br \/>og l\u00edfskraftur \u00feeirra \u00fevarr.<br \/> <\/span> <span class=\"ljodatexti\"> <a name=\"6\"><span class=\"versanumer_ljod\">6<\/span><\/a>\u00de\u00e1 hr\u00f3pu\u00f0u \u00feeir til Drottins \u00ed ney\u00f0 sinni,<br \/>hann bjarga\u00f0i \u00feeim \u00far \u00ferengingum \u00feeirra,<br \/> <\/span> <span class=\"ljodatexti\"> <a name=\"7\"><span class=\"versanumer_ljod\">7<\/span><\/a>leiddi \u00fe\u00e1 \u00e1 r\u00e9ttan veg<br \/>svo a\u00f0 \u00feeir komust til byggilegrar borgar.<br \/> <\/span> <span class=\"ljodatexti\"> <a name=\"8\"><span class=\"versanumer_ljod\">8<\/span><\/a>\u00deeir skulu \u00feakka Drottni miskunn hans<br \/>og d\u00e1semdarverk hans vi\u00f0 mannanna b\u00f6rn<br \/> <\/span> <span class=\"ljodatexti\"> <a name=\"9\"><span class=\"versanumer_ljod\">9<\/span><\/a>\u00fev\u00ed a\u00f0 hann svala\u00f0i hinum \u00feyrsta<br \/>og metta\u00f0i hungra\u00f0an g\u00e6\u00f0um.<br \/> <\/span> <span class=\"ljodatexti\"> <a name=\"10\"><span class=\"versanumer_ljod\">10<\/span><\/a>\u00deeir sem s\u00e1tu \u00ed sorta og svartn\u00e6tti <br \/>voru fangar \u00ed eymd og j\u00e1rnum<br \/> <\/span> <span class=\"ljodatexti\"> <a name=\"11\"><span class=\"versanumer_ljod\">11<\/span><\/a>\u00fev\u00ed a\u00f0 \u00feeir h\u00f6f\u00f0u \u00ferj\u00f3skast gegn bo\u00f0or\u00f0um Gu\u00f0s<br \/>og haft a\u00f0 engu r\u00e1\u00f0 Hins h\u00e6sta.<br \/> <\/span> <span class=\"ljodatexti\"> <a name=\"12\"><span class=\"versanumer_ljod\">12<\/span><\/a>Hann beyg\u00f0i hug \u00feeirra me\u00f0 m\u00e6\u00f0u,<br \/>\u00feeir hr\u00f6su\u00f0u og enginn kom til hj\u00e1lpar.<br \/> <\/span> <span class=\"ljodatexti\"> <a name=\"13\"><span class=\"versanumer_ljod\">13<\/span><\/a>\u00deeir hr\u00f3pu\u00f0u til Drottins \u00ed ney\u00f0 sinni,<br \/>hann bjarga\u00f0i \u00feeim \u00far \u00ferengingum \u00feeirra,<br \/> <\/span> <span class=\"ljodatexti\"> <a name=\"14\"><span class=\"versanumer_ljod\">14<\/span><\/a>leiddi \u00fe\u00e1 \u00fat \u00far sortanum og svartn\u00e6ttinu<br \/>og sleit sundur fj\u00f6tra \u00feeirra.<br \/> <\/span> <span class=\"ljodatexti\"> <a name=\"15\"><span class=\"versanumer_ljod\">15<\/span><\/a>\u00deeir skulu \u00feakka Drottni miskunn hans<br \/>og d\u00e1semdarverk hans vi\u00f0 mannanna b\u00f6rn<br \/> <\/span> <span class=\"ljodatexti\"> <a name=\"16\"><span class=\"versanumer_ljod\">16<\/span><\/a>\u00fev\u00ed a\u00f0 hann braut eirhli\u00f0in <br \/>og m\u00f6lva\u00f0i j\u00e1rnsl\u00e1rnar.<br \/> <\/span> <span class=\"ljodatexti\"> <a name=\"17\"><span class=\"versanumer_ljod\">17<\/span><\/a>\u00deeir sem s\u00fdktust vegna syndugs l\u00edfernis, <br \/>\u00fej\u00e1\u00f0ust vegna misgj\u00f6r\u00f0a sinna, <br \/> <\/span> <span class=\"ljodatexti\"> <a name=\"18\"><span class=\"versanumer_ljod\">18<\/span><\/a>\u00feeim bau\u00f0 vi\u00f0 allri f\u00e6\u00f0u<br \/>og \u00feeir voru n\u00e6rri dau\u00f0ans dyrum. <br \/> <\/span> <span class=\"ljodatexti\"> <a name=\"19\"><span class=\"versanumer_ljod\">19<\/span><\/a>\u00de\u00e1 hr\u00f3pu\u00f0u \u00feeir til Drottins \u00ed ney\u00f0 sinni<br \/>og hann bjarga\u00f0i \u00feeim \u00far \u00ferengingum \u00feeirra,<br \/> <\/span> <span class=\"ljodatexti\"> <a name=\"20\"><span class=\"versanumer_ljod\">20<\/span><\/a>sendi or\u00f0 sitt og l\u00e6kna\u00f0i \u00fe\u00e1<br \/>og bjarga\u00f0i \u00feeim fr\u00e1 gr\u00f6finni. <br \/> <\/span> <span class=\"ljodatexti\"> <a name=\"21\"><span class=\"versanumer_ljod\">21<\/span><\/a>\u00deeir skulu \u00feakka Drottni miskunn hans<br \/>og d\u00e1semdarverk hans vi\u00f0 mannanna b\u00f6rn,<br \/> <\/span> <span class=\"ljodatexti\"> <a name=\"22\"><span class=\"versanumer_ljod\">22<\/span><\/a> f\u00e6ra honum \u00feakkarf\u00f3rnir<br \/>og segja fr\u00e1 verkum hans me\u00f0 f\u00f6gnu\u00f0i.<br \/> <\/span> <span class=\"ljodatexti\"> <a name=\"23\"><span class=\"versanumer_ljod\">23<\/span><\/a> \u00deeir sem f\u00f3ru um hafi\u00f0 \u00e1 skipum<br \/>og r\u00e1ku verslun \u00e1 hinum miklu h\u00f6fum<br \/> <\/span> <span class=\"ljodatexti\"> <a name=\"24\"><span class=\"versanumer_ljod\">24<\/span><\/a> s\u00e1u verk Drottins<br \/>og d\u00e1semdarverk hans \u00e1 dj\u00fapinu.<br \/> <\/span> <span class=\"ljodatexti\"> <a name=\"25\"><span class=\"versanumer_ljod\">25<\/span><\/a> \u00dev\u00ed a\u00f0 hann bau\u00f0 og \u00fe\u00e1 kom stormvi\u00f0ri <br \/>sem h\u00f3f upp \u00f6ldur hafsins. <br \/> <\/span> <span class=\"ljodatexti\"> <a name=\"26\"><span class=\"versanumer_ljod\">26<\/span><\/a> \u00deeir h\u00f3fust til himins, hnigu \u00ed dj\u00fapi\u00f0,<br \/>og \u00feeim f\u00e9llst hugur \u00ed h\u00e1skanum.<br \/> <\/span> <span class=\"ljodatexti\"> <a name=\"27\"><span class=\"versanumer_ljod\">27<\/span><\/a> \u00deeir skj\u00f6gru\u00f0u og reiku\u00f0u eins og drukkinn ma\u00f0ur<br \/>og kunn\u00e1tta \u00feeirra kom a\u00f0 engu haldi. <br \/> <\/span> <span class=\"ljodatexti\"> <a name=\"28\"><span class=\"versanumer_ljod\">28<\/span><\/a> \u00de\u00e1 hr\u00f3pu\u00f0u \u00feeir til Drottins \u00ed ney\u00f0 sinni<br \/>og hann bjarga\u00f0i \u00feeim \u00far \u00ferengingum \u00feeirra.<br \/> <\/span> <span class=\"ljodatexti\"> <a name=\"29\"><span class=\"versanumer_ljod\">29<\/span><\/a> Hann breytti storminum \u00ed bl\u00ed\u00f0an bl\u00e6<br \/>og \u00f6ldur hafsins l\u00e6g\u00f0i.<br \/> <\/span> <span class=\"ljodatexti\"> <a name=\"30\"><span class=\"versanumer_ljod\">30<\/span><\/a> \u00deeir gl\u00f6ddust \u00feegar \u00fe\u00e6r kyrr\u00f0ust<br \/>og hann leiddi \u00fe\u00e1 til \u00feeirrar hafnar sem \u00feeir \u00fer\u00e1\u00f0u.<br \/> <\/span> <span class=\"ljodatexti\"> <a name=\"31\"><span class=\"versanumer_ljod\">31<\/span><\/a> \u00deeir skulu \u00feakka Drottni miskunn hans<br \/>og d\u00e1semdarverk hans vi\u00f0 mannanna b\u00f6rn,<br \/> <\/span> <span class=\"ljodatexti\"> <a name=\"32\"><span class=\"versanumer_ljod\">32<\/span><\/a> vegsama hann \u00ed s\u00f6fnu\u00f0i \u00fej\u00f3\u00f0arinnar<br \/>og lofa hann \u00ed r\u00e1\u00f0i \u00f6ldunganna.<br \/> <\/span> <span class=\"ljodatexti\"> <a name=\"33\"><span class=\"versanumer_ljod\">33<\/span><\/a> Hann gerir flj\u00f3tin a\u00f0 ey\u00f0im\u00f6rk<br \/>og uppsprettur a\u00f0 \u00feurrum lendum,<br \/> <\/span> <span class=\"ljodatexti\"> <a name=\"34\"><span class=\"versanumer_ljod\">34<\/span><\/a> frj\u00f3samt land a\u00f0 saltsl\u00e9ttu<br \/>sakir illsku \u00edb\u00faanna.<br \/> <\/span> <span class=\"ljodatexti\"> <a name=\"35\"><span class=\"versanumer_ljod\">35<\/span><\/a> Hann gerir ey\u00f0im\u00f6rk a\u00f0 vatnstj\u00f6rnum<br \/>og \u00feurrlendi\u00f0 a\u00f0 uppsprettum,<br \/> <\/span> <span class=\"ljodatexti\"> <a name=\"36\"><span class=\"versanumer_ljod\">36<\/span><\/a> l\u00e6tur hungra\u00f0a setjast \u00fear a\u00f0<br \/>og reisir \u00feeim borg til a\u00f0 b\u00faa \u00ed.<br \/> <\/span> <span class=\"ljodatexti\"> <a name=\"37\"><span class=\"versanumer_ljod\">37<\/span><\/a> \u00deeir s\u00e1 \u00ed akra, planta v\u00edngar\u00f0a<br \/>og uppskera r\u00edkulega.<br \/> <\/span> <span class=\"ljodatexti\"> <a name=\"38\"><span class=\"versanumer_ljod\">38<\/span><\/a> Hann blessar \u00fe\u00e1 og \u00feeir margfaldast<br \/>og ekki f\u00e6kkar hann f\u00e9na\u00f0i \u00feeirra.<br \/> <\/span> <span class=\"ljodatexti\"> <a name=\"39\"><span class=\"versanumer_ljod\">39<\/span><\/a> En \u00fe\u00f3tt \u00feeim f\u00e6kki og \u00feeir hn\u00edgi ni\u00f0ur<br \/>undan k\u00fagun, b\u00f6li og harmi<br \/> <\/span> <span class=\"ljodatexti\"> <a name=\"40\"><span class=\"versanumer_ljod\">40<\/span><\/a> eys hann sm\u00e1n yfir h\u00f6f\u00f0ingja,<br \/>l\u00e6tur \u00fe\u00e1 villast \u00ed veglausri au\u00f0n,<br \/> <\/span> <span class=\"ljodatexti\"> <a name=\"41\"><span class=\"versanumer_ljod\">41<\/span><\/a> en hinn snau\u00f0a hefur hann upp \u00far eymd sinni<br \/>og gerir \u00e6ttirnar sem hjar\u00f0ir. <br \/> <\/span> <span class=\"ljodatexti\"> <a name=\"42\"><span class=\"versanumer_ljod\">42<\/span><\/a> Hinir r\u00e9ttv\u00edsu sj\u00e1 \u00fea\u00f0 og gle\u00f0jast<br \/>og allt illt lokar munni s\u00ednum.<br \/> <\/span> <span class=\"ljodatexti\"> <a name=\"43\"><span class=\"versanumer_ljod\">43<\/span><\/a> Hver sem er vitur gefi g\u00e6tur a\u00f0 \u00feessu<br \/>og menn taki eftir n\u00e1\u00f0arverkum Drottins. <\/span> <\/p>\n","protected":false},"excerpt":{"rendered":"<p>Fimmta b\u00f3k 1\u00deakki\u00f0 Drottni \u00fev\u00ed a\u00f0 hann er g\u00f3\u00f0ur,\u00fev\u00ed a\u00f0 miskunn hans varir a\u00f0 eil\u00edfu. 2Svo skulu hinir endurleystu Drottins segja,\u00feeir er hann hefur leyst \u00far nau\u00f0um 3og safna\u00f0 saman fr\u00e1 \u00f6\u00f0rum l\u00f6ndum,fr\u00e1 austri og vestri, fr\u00e1 nor\u00f0ri og su\u00f0ri. 4\u00deeir reiku\u00f0u um ey\u00f0im\u00f6rkina, um veglaus \u00f6r\u00e6fin,og fundu eigi lei\u00f0 til byggilegrar borgar. 5\u00de\u00e1 hungra\u00f0i og \u00feyrstiog l\u00edfskraftur \u00feeirra \u00fevarr. 6\u00de\u00e1 hr\u00f3pu\u00f0u \u00feeir til Drottins \u00ed ney\u00f0 sinni,hann bjarga\u00f0i \u00feeim \u00far \u00ferengingum \u00feeirra, 7leiddi \u00fe\u00e1 \u00e1 r\u00e9ttan vegsvo a\u00f0 \u00feeir komust til byggilegrar borgar. 8\u00deeir skulu \u00feakka Drottni miskunn hansog d\u00e1semdarverk hans vi\u00f0 mannanna b\u00f6rn 9\u00fev\u00ed a\u00f0 hann svala\u00f0i hinum <a href=\"https:\/\/biblian.is\/biblian\/salmarnir-107-kafli\/\"> [&#8230;]<\/a><\/p>\n","protected":false},"author":1,"featured_media":0,"parent":0,"menu_order":0,"comment_status":"open","ping_status":"open","template":"bibliukaflar_salmarnir.php","meta":{"footnotes":""},"class_list":["post-2202","page","type-page","status-publish","hentry"],"_links":{"self":[{"href":"https:\/\/biblian.is\/biblian\/wp-json\/wp\/v2\/pages\/2202","targetHints":{"allow":["GET"]}}],"collection":[{"href":"https:\/\/biblian.is\/biblian\/wp-json\/wp\/v2\/pages"}],"about":[{"href":"https:\/\/biblian.is\/biblian\/wp-json\/wp\/v2\/types\/page"}],"author":[{"embeddable":true,"href":"https:\/\/biblian.is\/biblian\/wp-json\/wp\/v2\/users\/1"}],"replies":[{"embeddable":true,"href":"https:\/\/biblian.is\/biblian\/wp-json\/wp\/v2\/comments?post=2202"}],"version-history":[{"count":0,"href":"https:\/\/biblian.is\/biblian\/wp-json\/wp\/v2\/pages\/2202\/revisions"}],"wp:attachment":[{"href":"https:\/\/biblian.is\/biblian\/wp-json\/wp\/v2\/media?parent=2202"}],"curies":[{"name":"wp","href":"https:\/\/api.w.org\/{rel}","templated":true}]}}