{"id":2199,"date":"2017-12-30T21:02:11","date_gmt":"2017-12-30T21:02:11","guid":{"rendered":"http:\/\/biblian.is\/biblian\/s%c2%87lmarnir-104-kafli\/"},"modified":"2020-05-30T18:12:21","modified_gmt":"2020-05-30T18:12:21","slug":"salmarnir-104-kafli","status":"publish","type":"page","link":"https:\/\/biblian.is\/biblian\/salmarnir-104-kafli\/","title":{"rendered":"S\u00e1lmarnir 104. kafli"},"content":{"rendered":"<p><span class=\"ljodatexti\"> <a name=\"1\"><span class=\"versanumer_ljod\">1<\/span><\/a>Lofa \u00fe\u00fa Drottin, s\u00e1la m\u00edn.<br \/>Drottinn, Gu\u00f0 minn, \u00fe\u00fa ert harla mikill. <br \/>\u00de\u00fa ert skr\u00fdddur d\u00fdr\u00f0 og h\u00e1tign,<br \/> <\/span> <span class=\"ljodatexti\"> <a name=\"2\"><span class=\"versanumer_ljod\">2<\/span><\/a>sveipa\u00f0ur lj\u00f3si sem skikkju.<br \/>\u00de\u00fa \u00feenur \u00fat himininn eins og tjaldd\u00fak,<br \/> <\/span> <span class=\"ljodatexti\"> <a name=\"3\"><span class=\"versanumer_ljod\">3<\/span><\/a>reftir sal \u00feinn ofar sk\u00fdjum.<br \/>\u00de\u00fa gerir sk\u00fdin a\u00f0 vagni \u00fe\u00ednum,<br \/>fer\u00f0 um \u00e1 v\u00e6ngjum vindsins.<br \/> <\/span> <span class=\"ljodatexti\"> <a name=\"4\"><span class=\"versanumer_ljod\">4<\/span><\/a>\u00de\u00fa gerir vindana a\u00f0 sendibo\u00f0um \u00fe\u00ednum,<br \/>b\u00e1landi eld a\u00f0 \u00fej\u00f3num \u00fe\u00ednum.<br \/> <\/span> <span class=\"ljodatexti\"> <a name=\"5\"><span class=\"versanumer_ljod\">5<\/span><\/a>\u00de\u00fa grundvallar j\u00f6r\u00f0ina \u00e1 undirst\u00f6\u00f0um hennar<br \/>svo a\u00f0 h\u00fan haggast eigi um aldur og \u00e6vi.<br \/> <\/span> <span class=\"ljodatexti\"> <a name=\"6\"><span class=\"versanumer_ljod\">6<\/span><\/a>Frumdj\u00fapi\u00f0 huldi hana eins og kl\u00e6\u00f0i,<br \/>v\u00f6tnin n\u00e1\u00f0u yfir fj\u00f6llin,<br \/> <\/span> <span class=\"ljodatexti\"> <a name=\"7\"><span class=\"versanumer_ljod\">7<\/span><\/a>\u00feau fl\u00fd\u00f0u \u00f3gnun \u00fe\u00edna, <br \/>hr\u00f6kklu\u00f0ust undan \u00ferumuraust \u00feinni,<br \/> <\/span> <span class=\"ljodatexti\"> <a name=\"8\"><span class=\"versanumer_ljod\">8<\/span><\/a>fl\u00e6ddu yfir fj\u00f6ll, steyptust ni\u00f0ur \u00ed dali,<br \/>\u00feanga\u00f0 sem \u00fe\u00fa haf\u00f0ir \u00e6tla\u00f0 \u00feeim sta\u00f0. <br \/> <\/span> <span class=\"ljodatexti\"> <a name=\"9\"><span class=\"versanumer_ljod\">9<\/span><\/a>\u00de\u00fa settir vatninu m\u00f6rk sem \u00fea\u00f0 m\u00e1 ekki flj\u00f3ta yfir,<br \/>aldrei framar skal \u00fea\u00f0 hylja j\u00f6r\u00f0ina.<br \/> <\/span> <span class=\"ljodatexti\"> <a name=\"10\"><span class=\"versanumer_ljod\">10<\/span><\/a>\u00de\u00fa l\u00e9st lindir spretta upp \u00ed d\u00f6lunum,<br \/>\u00fe\u00e6r streyma milli fjallanna,<br \/> <\/span> <span class=\"ljodatexti\"> <a name=\"11\"><span class=\"versanumer_ljod\">11<\/span><\/a>\u00fe\u00e6r svala \u00f6llum d\u00fdrum merkurinnar,<br \/>villiasnarnir sl\u00f6kkva \u00fear \u00feorsta sinn.<br \/> <\/span> <span class=\"ljodatexti\"> <a name=\"12\"><span class=\"versanumer_ljod\">12<\/span><\/a>Vi\u00f0 \u00fe\u00e6r b\u00faa fuglar himinsins,<br \/>kvaka milli laufga\u00f0ra greina.<br \/> <\/span> <span class=\"ljodatexti\"> <a name=\"13\"><span class=\"versanumer_ljod\">13<\/span><\/a>\u00de\u00fa v\u00f6kvar fj\u00f6llin fr\u00e1 h\u00e1sal \u00fe\u00ednum <br \/>og af \u00e1vexti verka \u00feinna mettast j\u00f6r\u00f0in. <br \/> <\/span> <span class=\"ljodatexti\"> <a name=\"14\"><span class=\"versanumer_ljod\">14<\/span><\/a>\u00de\u00fa l\u00e6tur gras spretta handa f\u00e9na\u00f0inum<br \/>og jurtir sem ma\u00f0urinn r\u00e6ktar<br \/>svo a\u00f0 j\u00f6r\u00f0in gefi af s\u00e9r brau\u00f0<br \/> <\/span> <span class=\"ljodatexti\"> <a name=\"15\"><span class=\"versanumer_ljod\">15<\/span><\/a>og v\u00edn sem gle\u00f0ur mannsins hjarta, <br \/>ol\u00edu sem l\u00e6tur andlit hans lj\u00f3ma <br \/>og brau\u00f0 sem veitir honum \u00fer\u00f3tt.<br \/> <\/span> <span class=\"ljodatexti\"> <a name=\"16\"><span class=\"versanumer_ljod\">16<\/span><\/a>Tr\u00e9 Drottins drekka n\u00e6gju s\u00edna,<br \/>sedrustr\u00e9 L\u00edbanons sem hann gr\u00f3\u00f0ursetti.<br \/> <\/span> <span class=\"ljodatexti\"> <a name=\"17\"><span class=\"versanumer_ljod\">17<\/span><\/a>\u00dear gera fuglar s\u00e9r hrei\u00f0ur<br \/>og storkar eiga s\u00e9r b\u00fasta\u00f0 \u00ed kr\u00f3num \u00feeirra.<br \/> <\/span> <span class=\"ljodatexti\"> <a name=\"18\"><span class=\"versanumer_ljod\">18<\/span><\/a>\u00cd gn\u00e6fandi fj\u00f6llum b\u00faa steingeitur<br \/>og klettarnir eru skj\u00f3l st\u00f6kkh\u00e9ra.<br \/> <\/span> <span class=\"ljodatexti\"> <a name=\"19\"><span class=\"versanumer_ljod\">19<\/span><\/a>\u00de\u00fa ger\u00f0ir tungli\u00f0, sem \u00e1kvar\u00f0ar t\u00ed\u00f0irnar,<br \/>og s\u00f3lina sem veit hven\u00e6r h\u00fan \u00e1 a\u00f0 ganga til vi\u00f0ar.<br \/> <\/span> <span class=\"ljodatexti\"> <a name=\"20\"><span class=\"versanumer_ljod\">20<\/span><\/a>\u00de\u00fa sendir myrkri\u00f0, \u00fe\u00e1 ver\u00f0ur n\u00f3tt<br \/>og \u00f6ll sk\u00f3gard\u00fdrin fara \u00e1 stj\u00e1.<br \/> <\/span> <span class=\"ljodatexti\"> <a name=\"21\"><span class=\"versanumer_ljod\">21<\/span><\/a>Lj\u00f3nin \u00f6skra eftir br\u00e1\u00f0<br \/>og krefjast \u00e6tis af Gu\u00f0i.<br \/> <\/span> <span class=\"ljodatexti\"> <a name=\"22\"><span class=\"versanumer_ljod\">22<\/span><\/a> \u00deegar s\u00f3lin r\u00eds draga \u00feau sig \u00ed hl\u00e9<br \/>og leggjast \u00ed b\u00e6li s\u00edn.<br \/> <\/span> <span class=\"ljodatexti\"> <a name=\"23\"><span class=\"versanumer_ljod\">23<\/span><\/a> \u00de\u00e1 fer ma\u00f0urinn \u00fat til starfa sinna<br \/>og vinnur \u00fear til kv\u00f6ldar.<br \/> <\/span> <span class=\"ljodatexti\"> <a name=\"24\"><span class=\"versanumer_ljod\">24<\/span><\/a> Hversu m\u00f6rg eru verk \u00fe\u00edn, Drottinn?<br \/>\u00de\u00fa vannst \u00feau \u00f6ll af speki.<br \/>J\u00f6r\u00f0in er full af \u00fev\u00ed sem \u00fe\u00fa hefur skapa\u00f0.<br \/> <\/span> <span class=\"ljodatexti\"> <a name=\"25\"><span class=\"versanumer_ljod\">25<\/span><\/a> \u00dear er hafi\u00f0, miki\u00f0 og v\u00edtt \u00e1 alla vegu.<br \/>\u00dear er \u00f3teljandi gr\u00fai,<br \/>sm\u00e1 d\u00fdr og st\u00f3r.<br \/> <\/span> <span class=\"ljodatexti\"> <a name=\"26\"><span class=\"versanumer_ljod\">26<\/span><\/a> \u00dear fara skipin um<br \/>og Levjatan <span class=\"nedan_mal\" title=\" Sj\u00e1 sk\u00fdringu vi\u00f0 Job 3.8.\">[<\/span> er \u00fe\u00fa hefur skapa\u00f0 til \u00feess a\u00f0 leika s\u00e9r \u00fear.<br \/> <\/span> <span class=\"ljodatexti\"> <a name=\"27\"><span class=\"versanumer_ljod\">27<\/span><\/a> \u00d6ll vona \u00feau \u00e1 \u00feig<br \/>a\u00f0 \u00fe\u00fa gefir \u00feeim f\u00e6\u00f0u \u00feeirra \u00e1 r\u00e9ttum t\u00edma.<br \/> <\/span> <span class=\"ljodatexti\"> <a name=\"28\"><span class=\"versanumer_ljod\">28<\/span><\/a> \u00de\u00fa gefur \u00feeim og \u00feau t\u00edna,<br \/>\u00fe\u00fa l\u00fdkur upp hendi \u00feinni og \u00feau mettast g\u00e6\u00f0um.<br \/> <\/span> <span class=\"ljodatexti\"> <a name=\"29\"><span class=\"versanumer_ljod\">29<\/span><\/a> \u00de\u00fa byrgir auglit \u00feitt, \u00fe\u00e1 skelfast \u00feau,<br \/>\u00fe\u00fa tekur aftur anda \u00feeirra, \u00fe\u00e1 andast \u00feau <br \/>og hverfa aftur til moldarinnar.<br \/> <\/span> <span class=\"ljodatexti\"> <a name=\"30\"><span class=\"versanumer_ljod\">30<\/span><\/a> \u00de\u00fa sendir \u00fat anda \u00feinn, \u00fe\u00e1 ver\u00f0a \u00feau til<br \/>og \u00fe\u00fa endurn\u00fdjar \u00e1sj\u00f3nu jar\u00f0ar.<br \/> <\/span> <span class=\"ljodatexti\"> <a name=\"31\"><span class=\"versanumer_ljod\">31<\/span><\/a> D\u00fdr\u00f0 Drottins vari a\u00f0 eil\u00edfu,<br \/>Drottinn gle\u00f0jist yfir verkum s\u00ednum,<br \/> <\/span> <span class=\"ljodatexti\"> <a name=\"32\"><span class=\"versanumer_ljod\">32<\/span><\/a> hann sem l\u00edtur til jar\u00f0ar svo a\u00f0 h\u00fan n\u00f6trar,<br \/>sem snertir vi\u00f0 fj\u00f6llunum svo a\u00f0 \u00far \u00feeim r\u00fdkur.<br \/> <\/span> <span class=\"ljodatexti\"> <a name=\"33\"><span class=\"versanumer_ljod\">33<\/span><\/a> \u00c9g vil lj\u00f3\u00f0a um Drottin me\u00f0an lifi,<br \/>lofsyngja Gu\u00f0i m\u00ednum me\u00f0an \u00e9g er til.<br \/> <\/span> <span class=\"ljodatexti\"> <a name=\"34\"><span class=\"versanumer_ljod\">34<\/span><\/a> \u00d3, a\u00f0 m\u00e1l mitt m\u00e6tti falla honum \u00ed ge\u00f0.<br \/>\u00c9g gle\u00f0st yfir Drottni.<br \/> <\/span> <span class=\"ljodatexti\"> <a name=\"35\"><span class=\"versanumer_ljod\">35<\/span><\/a> \u00d3, a\u00f0 syndarar m\u00e6ttu hverfa af j\u00f6r\u00f0inni<br \/>og \u00f3gu\u00f0legir ekki vera til framar.<br \/>Lofa \u00fe\u00fa Drottin, s\u00e1la m\u00edn.<br \/>Hallel\u00faja.<span class=\"nedan_mal\" title=\"\u00de.e. Lofi\u00f0 Drottin. (Hallel\u00fa: lofi\u00f0, ja (Jahve): Drottinn.)\">[<\/span> <\/span> <\/p>\n","protected":false},"excerpt":{"rendered":"<p>1Lofa \u00fe\u00fa Drottin, s\u00e1la m\u00edn.Drottinn, Gu\u00f0 minn, \u00fe\u00fa ert harla mikill. \u00de\u00fa ert skr\u00fdddur d\u00fdr\u00f0 og h\u00e1tign, 2sveipa\u00f0ur lj\u00f3si sem skikkju.\u00de\u00fa \u00feenur \u00fat himininn eins og tjaldd\u00fak, 3reftir sal \u00feinn ofar sk\u00fdjum.\u00de\u00fa gerir sk\u00fdin a\u00f0 vagni \u00fe\u00ednum,fer\u00f0 um \u00e1 v\u00e6ngjum vindsins. 4\u00de\u00fa gerir vindana a\u00f0 sendibo\u00f0um \u00fe\u00ednum,b\u00e1landi eld a\u00f0 \u00fej\u00f3num \u00fe\u00ednum. 5\u00de\u00fa grundvallar j\u00f6r\u00f0ina \u00e1 undirst\u00f6\u00f0um hennarsvo a\u00f0 h\u00fan haggast eigi um aldur og \u00e6vi. 6Frumdj\u00fapi\u00f0 huldi hana eins og kl\u00e6\u00f0i,v\u00f6tnin n\u00e1\u00f0u yfir fj\u00f6llin, 7\u00feau fl\u00fd\u00f0u \u00f3gnun \u00fe\u00edna, hr\u00f6kklu\u00f0ust undan \u00ferumuraust \u00feinni, 8fl\u00e6ddu yfir fj\u00f6ll, steyptust ni\u00f0ur \u00ed dali,\u00feanga\u00f0 sem \u00fe\u00fa haf\u00f0ir \u00e6tla\u00f0 \u00feeim sta\u00f0. 9\u00de\u00fa settir vatninu m\u00f6rk sem <a href=\"https:\/\/biblian.is\/biblian\/salmarnir-104-kafli\/\"> [&#8230;]<\/a><\/p>\n","protected":false},"author":1,"featured_media":0,"parent":0,"menu_order":0,"comment_status":"open","ping_status":"open","template":"bibliukaflar_salmarnir.php","meta":{"footnotes":""},"class_list":["post-2199","page","type-page","status-publish","hentry"],"_links":{"self":[{"href":"https:\/\/biblian.is\/biblian\/wp-json\/wp\/v2\/pages\/2199","targetHints":{"allow":["GET"]}}],"collection":[{"href":"https:\/\/biblian.is\/biblian\/wp-json\/wp\/v2\/pages"}],"about":[{"href":"https:\/\/biblian.is\/biblian\/wp-json\/wp\/v2\/types\/page"}],"author":[{"embeddable":true,"href":"https:\/\/biblian.is\/biblian\/wp-json\/wp\/v2\/users\/1"}],"replies":[{"embeddable":true,"href":"https:\/\/biblian.is\/biblian\/wp-json\/wp\/v2\/comments?post=2199"}],"version-history":[{"count":0,"href":"https:\/\/biblian.is\/biblian\/wp-json\/wp\/v2\/pages\/2199\/revisions"}],"wp:attachment":[{"href":"https:\/\/biblian.is\/biblian\/wp-json\/wp\/v2\/media?parent=2199"}],"curies":[{"name":"wp","href":"https:\/\/api.w.org\/{rel}","templated":true}]}}