{"id":2198,"date":"2017-12-30T21:02:11","date_gmt":"2017-12-30T21:02:11","guid":{"rendered":"http:\/\/biblian.is\/biblian\/s%c2%87lmarnir-103-kafli\/"},"modified":"2021-02-03T20:31:47","modified_gmt":"2021-02-03T20:31:47","slug":"salmarnir-103-kafli","status":"publish","type":"page","link":"https:\/\/biblian.is\/biblian\/salmarnir-103-kafli\/","title":{"rendered":"S\u00e1lmarnir 103. kafli"},"content":{"rendered":"<p><a name=\"1\"><span class=\"versanumer_2007\">1<\/span><\/a> Dav\u00ed\u00f0ss\u00e1lmur.<br \/> <span class=\"ljodatexti\"> Lofa \u00fe\u00fa Drottin, s\u00e1la m\u00edn, <br \/>og allt sem \u00ed m\u00e9r er, hans heilaga nafn;<br \/> <\/span> <span class=\"ljodatexti\"> <a name=\"2a\"><span class=\"versanumer_ljod\">2<\/span><\/a> lofa \u00fe\u00fa Drottin, s\u00e1la m\u00edn, <br \/>og gleym eigi neinum velgj\u00f6r\u00f0um hans. <br \/> <\/span> <span class=\"ljodatexti\"> <a name=\"3\"><span class=\"versanumer_ljod\">3<\/span><\/a> Hann fyrirgefur allar misgj\u00f6r\u00f0ir \u00fe\u00ednar, <br \/>l\u00e6knar \u00f6ll \u00fe\u00edn mein, <br \/> <\/span> <span class=\"ljodatexti\"> <a name=\"4\"><span class=\"versanumer_ljod\">4<\/span><\/a> leysir l\u00edf \u00feitt fr\u00e1 gr\u00f6finni, <br \/>kr\u00fdnir \u00feig n\u00e1\u00f0 og miskunn. <br \/> <\/span> <span class=\"ljodatexti\"> <a name=\"5\"><span class=\"versanumer_ljod\">5<\/span><\/a> Hann mettar \u00feig g\u00e6\u00f0um, <br \/>\u00fe\u00fa yngist upp sem \u00f6rninn. <br \/> <\/span> <span class=\"ljodatexti\"> <a name=\"6\"><span class=\"versanumer_ljod\">6<\/span><\/a> Drottinn fremur r\u00e9ttl\u00e6ti <br \/>og veitir r\u00e9tt \u00f6llum k\u00fagu\u00f0um. <br \/> <\/span> <span class=\"ljodatexti\"> <a name=\"7\"><span class=\"versanumer_ljod\">7<\/span><\/a> Hann ger\u00f0i M\u00f3se vegu s\u00edna kunna<br \/>og \u00cdsraelsb\u00f6rnum st\u00f3rvirki s\u00edn. <br \/> <\/span> <span class=\"ljodatexti\"> <a name=\"8\"><span class=\"versanumer_ljod\">8<\/span><\/a> N\u00e1\u00f0ugur og miskunnsamur er Drottinn, <br \/>\u00feolinm\u00f3\u00f0ur og mj\u00f6g g\u00e6skur\u00edkur. <br \/> <\/span> <span class=\"ljodatexti\"> <a name=\"9\"><span class=\"versanumer_ljod\">9<\/span><\/a> Hann \u00fereytir eigi deilur um aldur <br \/>og er eigi eil\u00edflega rei\u00f0ur. <br \/> <\/span> <span class=\"ljodatexti\"> <a name=\"10\"><span class=\"versanumer_ljod\">10<\/span><\/a> Hann hefur eigi breytt vi\u00f0 oss eftir syndum vorum <br \/>og eigi goldi\u00f0 oss eftir misgj\u00f6r\u00f0um vorum<br \/> <\/span> <span class=\"ljodatexti\"> <a name=\"11\"><span class=\"versanumer_ljod\">11<\/span><\/a> heldur svo h\u00e1r sem himinninn er yfir j\u00f6r\u00f0inni,<br \/>svo voldug er miskunn hans vi\u00f0 \u00fe\u00e1 er \u00f3ttast hann. <br \/> <\/span> <span class=\"ljodatexti\"> <a name=\"12\"><span class=\"versanumer_ljod\">12<\/span><\/a> Svo langt sem austri\u00f0 er fr\u00e1 vestrinu, <br \/>svo langt hefur hann fjarl\u00e6gt afbrot vor fr\u00e1 oss. <br \/> <\/span> <span class=\"ljodatexti\"> <a name=\"13\"><span class=\"versanumer_ljod\">13<\/span><\/a> Eins og fa\u00f0ir s\u00fdnir miskunn b\u00f6rnum s\u00ednum, <br \/>eins hefur Drottinn s\u00fdnt miskunn \u00feeim er \u00f3ttast hann. <br \/> <\/span> <span class=\"ljodatexti\"> <a name=\"14\"><span class=\"versanumer_ljod\">14<\/span><\/a> \u00dev\u00ed a\u00f0 hann \u00feekkir e\u00f0li vort, <br \/>minnist \u00feess a\u00f0 v\u00e9r erum mold. <br \/> <\/span> <span class=\"ljodatexti\"> <a name=\"15\"><span class=\"versanumer_ljod\">15<\/span><\/a> Dagar mannsins eru sem grasi\u00f0, <br \/>hann bl\u00f3mgast sem bl\u00f3mi\u00f0 \u00e1 m\u00f6rkinni, <br \/> <\/span> <span class=\"ljodatexti\"> <a name=\"16\"><span class=\"versanumer_ljod\">16<\/span><\/a> \u00feegar vindur bl\u00e6s \u00e1 hann er hann horfinn<br \/>og sta\u00f0ur hans \u00feekkir hann ekki framar. <br \/> <\/span> <span class=\"ljodatexti\"> <a name=\"17\"><span class=\"versanumer_ljod\">17<\/span><\/a> En miskunn Drottins vi\u00f0 \u00fe\u00e1 er \u00f3ttast hann <br \/>varir fr\u00e1 eil\u00edf\u00f0 til eil\u00edf\u00f0ar <br \/>og r\u00e9ttl\u00e6ti hans n\u00e6r til barnabarnanna, <br \/> <\/span> <span class=\"ljodatexti\"> <a name=\"18\"><span class=\"versanumer_ljod\">18<\/span><\/a> \u00feeirra er var\u00f0veita s\u00e1ttm\u00e1la hans <br \/>og muna a\u00f0 breyta eftir bo\u00f0um hans. <br \/> <\/span> <span class=\"ljodatexti\"> <a name=\"19\"><span class=\"versanumer_ljod\">19<\/span><\/a> Drottinn hefur reist h\u00e1s\u00e6ti sitt \u00e1 himnum<br \/>og konungd\u00f3mur hans drottnar yfir alheimi. <br \/> <\/span> <span class=\"ljodatexti\"> <a name=\"20\"><span class=\"versanumer_ljod\">20<\/span><\/a> Lofi\u00f0 Drottin, \u00fe\u00e9r englar hans, <br \/>\u00fe\u00e9r voldugu hetjur er framkv\u00e6mi\u00f0 bo\u00f0 hans, <br \/>er \u00fe\u00e9r heyri\u00f0 hlj\u00f3minn af or\u00f0i hans. <br \/> <\/span> <span class=\"ljodatexti\"> <a name=\"21\"><span class=\"versanumer_ljod\">21<\/span><\/a> Lofi\u00f0 Drottin, allar hersveitir hans, <br \/>\u00fej\u00f3nar hans er framkv\u00e6mi\u00f0 vilja hans. <br \/> <\/span> <span class=\"ljodatexti\"> <a name=\"22\"><span class=\"versanumer_ljod\">22<\/span><\/a> Lofi\u00f0 Drottin, \u00f6ll verk hans, <br \/>\u00e1 hverjum sta\u00f0 \u00ed r\u00edki hans. <br \/>Lofa \u00fe\u00fa Drottin, s\u00e1la m\u00edn. <\/span> <\/p>\n","protected":false},"excerpt":{"rendered":"<p>1 Dav\u00ed\u00f0ss\u00e1lmur. Lofa \u00fe\u00fa Drottin, s\u00e1la m\u00edn, og allt sem \u00ed m\u00e9r er, hans heilaga nafn; 2 lofa \u00fe\u00fa Drottin, s\u00e1la m\u00edn, og gleym eigi neinum velgj\u00f6r\u00f0um hans. 3 Hann fyrirgefur allar misgj\u00f6r\u00f0ir \u00fe\u00ednar, l\u00e6knar \u00f6ll \u00fe\u00edn mein, 4 leysir l\u00edf \u00feitt fr\u00e1 gr\u00f6finni, kr\u00fdnir \u00feig n\u00e1\u00f0 og miskunn. 5 Hann mettar \u00feig g\u00e6\u00f0um, \u00fe\u00fa yngist upp sem \u00f6rninn. 6 Drottinn fremur r\u00e9ttl\u00e6ti og veitir r\u00e9tt \u00f6llum k\u00fagu\u00f0um. 7 Hann ger\u00f0i M\u00f3se vegu s\u00edna kunnaog \u00cdsraelsb\u00f6rnum st\u00f3rvirki s\u00edn. 8 N\u00e1\u00f0ugur og miskunnsamur er Drottinn, \u00feolinm\u00f3\u00f0ur og mj\u00f6g g\u00e6skur\u00edkur. 9 Hann \u00fereytir eigi deilur um aldur og er eigi eil\u00edflega rei\u00f0ur. <a href=\"https:\/\/biblian.is\/biblian\/salmarnir-103-kafli\/\"> [&#8230;]<\/a><\/p>\n","protected":false},"author":1,"featured_media":0,"parent":0,"menu_order":0,"comment_status":"open","ping_status":"open","template":"bibliukaflar_salmarnir.php","meta":{"footnotes":""},"class_list":["post-2198","page","type-page","status-publish","hentry"],"_links":{"self":[{"href":"https:\/\/biblian.is\/biblian\/wp-json\/wp\/v2\/pages\/2198","targetHints":{"allow":["GET"]}}],"collection":[{"href":"https:\/\/biblian.is\/biblian\/wp-json\/wp\/v2\/pages"}],"about":[{"href":"https:\/\/biblian.is\/biblian\/wp-json\/wp\/v2\/types\/page"}],"author":[{"embeddable":true,"href":"https:\/\/biblian.is\/biblian\/wp-json\/wp\/v2\/users\/1"}],"replies":[{"embeddable":true,"href":"https:\/\/biblian.is\/biblian\/wp-json\/wp\/v2\/comments?post=2198"}],"version-history":[{"count":0,"href":"https:\/\/biblian.is\/biblian\/wp-json\/wp\/v2\/pages\/2198\/revisions"}],"wp:attachment":[{"href":"https:\/\/biblian.is\/biblian\/wp-json\/wp\/v2\/media?parent=2198"}],"curies":[{"name":"wp","href":"https:\/\/api.w.org\/{rel}","templated":true}]}}