{"id":2196,"date":"2017-12-30T21:02:05","date_gmt":"2017-12-30T21:02:05","guid":{"rendered":"http:\/\/biblian.is\/biblian\/s%c2%87lmarnir-101-kafli\/"},"modified":"2020-05-30T18:12:21","modified_gmt":"2020-05-30T18:12:21","slug":"salmarnir-101-kafli","status":"publish","type":"page","link":"https:\/\/biblian.is\/biblian\/salmarnir-101-kafli\/","title":{"rendered":"S\u00e1lmarnir 101. kafli"},"content":{"rendered":"<p><a name=\"1\"><span class=\"versanumer_2007\">1<\/span><\/a> Dav\u00ed\u00f0ss\u00e1lmur.<br \/> <span class=\"ljodatexti\"> \u00c9g vil syngja um n\u00e1\u00f0 og r\u00e9tt,<br \/>lofsyngja \u00fe\u00e9r, Drottinn. <br \/> <\/span> <span class=\"ljodatexti\"> <a name=\"2\"><span class=\"versanumer_ljod\">2<\/span><\/a>\u00c9g vil gefa g\u00e6tur a\u00f0 vegi hins r\u00e1\u00f0vanda, <br \/>hven\u00e6r kemur \u00fe\u00fa til m\u00edn?<br \/>\u00cd grandvarleik hjartans <br \/>vil \u00e9g ganga um \u00ed h\u00fasi m\u00ednu.<br \/> <\/span> <span class=\"ljodatexti\"> <a name=\"3\"><span class=\"versanumer_ljod\">3<\/span><\/a>\u00c9g vil ekki hafa illvirki fyrir augum, <br \/>\u00e9g hata \u00fe\u00e1 sem a\u00f0hafast illt<br \/>og samneyti \u00feeim ekki.<br \/> <\/span> <span class=\"ljodatexti\"> <a name=\"4\"><span class=\"versanumer_ljod\">4<\/span><\/a>Svikult hjarta skal fr\u00e1 m\u00e9r v\u00edkja,<br \/>illmenni vil \u00e9g eigi \u00feekkja.<br \/> <\/span> <span class=\"ljodatexti\"> <a name=\"5\"><span class=\"versanumer_ljod\">5<\/span><\/a>R\u00e6gi einhver vin sinn \u00e1 laun<br \/>\u00feagga \u00e9g ni\u00f0ur \u00ed honum.<br \/>\u00deann sem hefur \u00fe\u00f3tta \u00ed augum og hroka \u00ed hjarta <br \/>f\u00e6 \u00e9g ekki \u00feola\u00f0.<br \/> <\/span> <span class=\"ljodatexti\"> <a name=\"6\"><span class=\"versanumer_ljod\">6<\/span><\/a>Augu m\u00edn hv\u00edla \u00e1 hinum tr\u00faf\u00f6stu \u00ed landinu,<br \/>\u00feeir f\u00e1 a\u00f0 b\u00faa hj\u00e1 m\u00e9r;<br \/>s\u00e1 sem gengur veg hins r\u00e1\u00f0vanda<br \/>mun f\u00e1 a\u00f0 \u00fej\u00f3na m\u00e9r.<br \/> <\/span> <span class=\"ljodatexti\"> <a name=\"7\"><span class=\"versanumer_ljod\">7<\/span><\/a>Enginn m\u00e1 hafast vi\u00f0 \u00ed h\u00fasi m\u00ednu<br \/>er svik fremur.<br \/>S\u00e1 sem fer me\u00f0 lygar <br \/>stenst ekki fyrir augum m\u00ednum.<br \/> <\/span> <span class=\"ljodatexti\"> <a name=\"8\"><span class=\"versanumer_ljod\">8<\/span><\/a>Hvern morgun \u00feagga \u00e9g ni\u00f0ur<br \/>\u00ed \u00f6llum \u00f3gu\u00f0legum \u00ed landinu <br \/>og \u00fatr\u00fdmi \u00far borg Drottins<br \/>\u00f6llum illgj\u00f6r\u00f0am\u00f6nnum. <\/span> <\/p>\n","protected":false},"excerpt":{"rendered":"<p>1 Dav\u00ed\u00f0ss\u00e1lmur. \u00c9g vil syngja um n\u00e1\u00f0 og r\u00e9tt,lofsyngja \u00fe\u00e9r, Drottinn. 2\u00c9g vil gefa g\u00e6tur a\u00f0 vegi hins r\u00e1\u00f0vanda, hven\u00e6r kemur \u00fe\u00fa til m\u00edn?\u00cd grandvarleik hjartans vil \u00e9g ganga um \u00ed h\u00fasi m\u00ednu. 3\u00c9g vil ekki hafa illvirki fyrir augum, \u00e9g hata \u00fe\u00e1 sem a\u00f0hafast illtog samneyti \u00feeim ekki. 4Svikult hjarta skal fr\u00e1 m\u00e9r v\u00edkja,illmenni vil \u00e9g eigi \u00feekkja. 5R\u00e6gi einhver vin sinn \u00e1 laun\u00feagga \u00e9g ni\u00f0ur \u00ed honum.\u00deann sem hefur \u00fe\u00f3tta \u00ed augum og hroka \u00ed hjarta f\u00e6 \u00e9g ekki \u00feola\u00f0. 6Augu m\u00edn hv\u00edla \u00e1 hinum tr\u00faf\u00f6stu \u00ed landinu,\u00feeir f\u00e1 a\u00f0 b\u00faa hj\u00e1 m\u00e9r;s\u00e1 sem gengur veg hins r\u00e1\u00f0vandamun <a href=\"https:\/\/biblian.is\/biblian\/salmarnir-101-kafli\/\"> [&#8230;]<\/a><\/p>\n","protected":false},"author":1,"featured_media":0,"parent":0,"menu_order":0,"comment_status":"open","ping_status":"open","template":"bibliukaflar_salmarnir.php","meta":{"footnotes":""},"class_list":["post-2196","page","type-page","status-publish","hentry"],"_links":{"self":[{"href":"https:\/\/biblian.is\/biblian\/wp-json\/wp\/v2\/pages\/2196","targetHints":{"allow":["GET"]}}],"collection":[{"href":"https:\/\/biblian.is\/biblian\/wp-json\/wp\/v2\/pages"}],"about":[{"href":"https:\/\/biblian.is\/biblian\/wp-json\/wp\/v2\/types\/page"}],"author":[{"embeddable":true,"href":"https:\/\/biblian.is\/biblian\/wp-json\/wp\/v2\/users\/1"}],"replies":[{"embeddable":true,"href":"https:\/\/biblian.is\/biblian\/wp-json\/wp\/v2\/comments?post=2196"}],"version-history":[{"count":0,"href":"https:\/\/biblian.is\/biblian\/wp-json\/wp\/v2\/pages\/2196\/revisions"}],"wp:attachment":[{"href":"https:\/\/biblian.is\/biblian\/wp-json\/wp\/v2\/media?parent=2196"}],"curies":[{"name":"wp","href":"https:\/\/api.w.org\/{rel}","templated":true}]}}