{"id":2195,"date":"2017-12-30T21:02:05","date_gmt":"2017-12-30T21:02:05","guid":{"rendered":"http:\/\/biblian.is\/biblian\/s%c2%87lmarnir-100-kafli\/"},"modified":"2020-05-30T18:12:21","modified_gmt":"2020-05-30T18:12:21","slug":"salmarnir-100-kafli","status":"publish","type":"page","link":"https:\/\/biblian.is\/biblian\/salmarnir-100-kafli\/","title":{"rendered":"S\u00e1lmarnir 100. kafli"},"content":{"rendered":"<p><a name=\"1\"><span class=\"versanumer_2007\">1<\/span><\/a> \u00deakkarf\u00f3rnars\u00e1lmur.<br \/> <span class=\"ljodatexti\"> \u00d6ll ver\u00f6ldin fagni fyrir Drottni.<br \/> <\/span> <span class=\"ljodatexti\"> <a name=\"2\"><span class=\"versanumer_ljod\">2<\/span><\/a>\u00dej\u00f3ni\u00f0 Drottni me\u00f0 gle\u00f0i,<br \/>komi\u00f0 fyrir auglit hans me\u00f0 fagna\u00f0ars\u00f6ng.<br \/> <\/span> <span class=\"ljodatexti\"> <a name=\"3\"><span class=\"versanumer_ljod\">3<\/span><\/a>J\u00e1ti\u00f0 a\u00f0 Drottinn er Gu\u00f0,<br \/>hann hefur skapa\u00f0 oss og hans erum v\u00e9r,<br \/>l\u00fd\u00f0ur hans og g\u00e6sluhj\u00f6r\u00f0.<br \/> <\/span> <span class=\"ljodatexti\"> <a name=\"4\"><span class=\"versanumer_ljod\">4<\/span><\/a>Gangi\u00f0 inn um hli\u00f0 hans me\u00f0 \u00feakkargj\u00f6r\u00f0,<br \/>\u00ed forgar\u00f0a hans me\u00f0 lofs\u00f6ng.<br \/>Lofi\u00f0 hann, tigni\u00f0 nafn hans,<br \/> <\/span> <span class=\"ljodatexti\"> <a name=\"5\"><span class=\"versanumer_ljod\">5<\/span><\/a>\u00fev\u00ed a\u00f0 Drottinn er g\u00f3\u00f0ur,<br \/>miskunn hans varir a\u00f0 eil\u00edfu<br \/>og tr\u00fafesti hans fr\u00e1 kyni til kyns. <\/span> <\/p>\n","protected":false},"excerpt":{"rendered":"<p>1 \u00deakkarf\u00f3rnars\u00e1lmur. \u00d6ll ver\u00f6ldin fagni fyrir Drottni. 2\u00dej\u00f3ni\u00f0 Drottni me\u00f0 gle\u00f0i,komi\u00f0 fyrir auglit hans me\u00f0 fagna\u00f0ars\u00f6ng. 3J\u00e1ti\u00f0 a\u00f0 Drottinn er Gu\u00f0,hann hefur skapa\u00f0 oss og hans erum v\u00e9r,l\u00fd\u00f0ur hans og g\u00e6sluhj\u00f6r\u00f0. 4Gangi\u00f0 inn um hli\u00f0 hans me\u00f0 \u00feakkargj\u00f6r\u00f0,\u00ed forgar\u00f0a hans me\u00f0 lofs\u00f6ng.Lofi\u00f0 hann, tigni\u00f0 nafn hans, 5\u00fev\u00ed a\u00f0 Drottinn er g\u00f3\u00f0ur,miskunn hans varir a\u00f0 eil\u00edfuog tr\u00fafesti hans fr\u00e1 kyni til kyns.<\/p>\n","protected":false},"author":1,"featured_media":0,"parent":0,"menu_order":0,"comment_status":"open","ping_status":"open","template":"bibliukaflar_salmarnir.php","meta":{"footnotes":""},"class_list":["post-2195","page","type-page","status-publish","hentry"],"_links":{"self":[{"href":"https:\/\/biblian.is\/biblian\/wp-json\/wp\/v2\/pages\/2195","targetHints":{"allow":["GET"]}}],"collection":[{"href":"https:\/\/biblian.is\/biblian\/wp-json\/wp\/v2\/pages"}],"about":[{"href":"https:\/\/biblian.is\/biblian\/wp-json\/wp\/v2\/types\/page"}],"author":[{"embeddable":true,"href":"https:\/\/biblian.is\/biblian\/wp-json\/wp\/v2\/users\/1"}],"replies":[{"embeddable":true,"href":"https:\/\/biblian.is\/biblian\/wp-json\/wp\/v2\/comments?post=2195"}],"version-history":[{"count":0,"href":"https:\/\/biblian.is\/biblian\/wp-json\/wp\/v2\/pages\/2195\/revisions"}],"wp:attachment":[{"href":"https:\/\/biblian.is\/biblian\/wp-json\/wp\/v2\/media?parent=2195"}],"curies":[{"name":"wp","href":"https:\/\/api.w.org\/{rel}","templated":true}]}}