{"id":2193,"date":"2017-12-30T21:02:05","date_gmt":"2017-12-30T21:02:05","guid":{"rendered":"http:\/\/biblian.is\/biblian\/s%c2%87lmarnir-98-kafli\/"},"modified":"2020-05-30T18:12:53","modified_gmt":"2020-05-30T18:12:53","slug":"salmarnir-98-kafli","status":"publish","type":"page","link":"https:\/\/biblian.is\/biblian\/salmarnir-98-kafli\/","title":{"rendered":"S\u00e1lmarnir 98. kafli"},"content":{"rendered":"<p><a name=\"1\"><span class=\"versanumer_2007\">1<\/span><\/a> S\u00e1lmur.<br \/> <span class=\"ljodatexti\"> Syngi\u00f0 Drottni n\u00fdjan s\u00f6ng<br \/>\u00fev\u00ed a\u00f0 hann hefur unni\u00f0 d\u00e1semdarverk,<br \/>h\u00e6gri h\u00f6nd hans hj\u00e1lpa\u00f0i honum<br \/>og heilagur armur hans.<br \/> <\/span> <span class=\"ljodatexti\"> <a name=\"2\"><span class=\"versanumer_ljod\">2<\/span><\/a>Drottinn kunngj\u00f6r\u00f0i hj\u00e1lpr\u00e6\u00f0i sitt<br \/>og s\u00fdndi \u00fej\u00f3\u00f0unum r\u00e9ttl\u00e6ti sitt.<br \/> <\/span> <span class=\"ljodatexti\"> <a name=\"3\"><span class=\"versanumer_ljod\">3<\/span><\/a>Hann minntist miskunnar sinnar <br \/>og tr\u00fafesti sinnar vi\u00f0 \u00cdsraels h\u00fas.<br \/>\u00d6ll endim\u00f6rk jar\u00f0ar<br \/>s\u00e1u hj\u00e1lpr\u00e6\u00f0i Gu\u00f0s vors.<br \/> <\/span> <span class=\"ljodatexti\"> <a name=\"4\"><span class=\"versanumer_ljod\">4<\/span><\/a>L\u00e1ti\u00f0 gle\u00f0i\u00f3p gjalla fyrir Drottni, \u00f6ll l\u00f6nd,<br \/>hefji\u00f0 gle\u00f0is\u00f6ng, hr\u00f3pi\u00f0 fagna\u00f0ar\u00f3p og lofsyngi\u00f0.<br \/> <\/span> <span class=\"ljodatexti\"> <a name=\"5\"><span class=\"versanumer_ljod\">5<\/span><\/a>Leiki\u00f0 fyrir Drottni \u00e1 g\u00edgju,<br \/>\u00e1 g\u00edgju me\u00f0 lofs\u00f6ngshlj\u00f3mi,<br \/> <\/span> <span class=\"ljodatexti\"> <a name=\"6\"><span class=\"versanumer_ljod\">6<\/span><\/a>me\u00f0 l\u00fa\u00f0ra\u00feyt og b\u00e1s\u00fanuhlj\u00f3mi,<br \/>l\u00e1ti\u00f0 gle\u00f0i\u00f3p gjalla fyrir konunginum, Drottni.<br \/> <\/span> <span class=\"ljodatexti\"> <a name=\"7\"><span class=\"versanumer_ljod\">7<\/span><\/a>Hafi\u00f0 drynji og allt sem \u00ed \u00fev\u00ed er,<br \/>heimurinn og \u00feeir sem \u00ed honum b\u00faa.<br \/> <\/span> <span class=\"ljodatexti\"> <a name=\"8\"><span class=\"versanumer_ljod\">8<\/span><\/a>Flj\u00f3tin skulu klappa lof \u00ed l\u00f3fa,<br \/>fj\u00f6llin fagna \u00f6ll saman<br \/> <\/span> <span class=\"ljodatexti\"> <a name=\"9\"><span class=\"versanumer_ljod\">9<\/span><\/a>fyrir augliti Drottins \u00fev\u00ed a\u00f0 hann kemur<br \/>til a\u00f0 r\u00edkja yfir j\u00f6r\u00f0inni,<br \/>r\u00edkja yfir heiminum me\u00f0 r\u00e9ttl\u00e6ti,<br \/>yfir \u00fej\u00f3\u00f0unum me\u00f0 r\u00e9ttv\u00edsi. <\/span> <\/p>\n","protected":false},"excerpt":{"rendered":"<p>1 S\u00e1lmur. Syngi\u00f0 Drottni n\u00fdjan s\u00f6ng\u00fev\u00ed a\u00f0 hann hefur unni\u00f0 d\u00e1semdarverk,h\u00e6gri h\u00f6nd hans hj\u00e1lpa\u00f0i honumog heilagur armur hans. 2Drottinn kunngj\u00f6r\u00f0i hj\u00e1lpr\u00e6\u00f0i sittog s\u00fdndi \u00fej\u00f3\u00f0unum r\u00e9ttl\u00e6ti sitt. 3Hann minntist miskunnar sinnar og tr\u00fafesti sinnar vi\u00f0 \u00cdsraels h\u00fas.\u00d6ll endim\u00f6rk jar\u00f0ars\u00e1u hj\u00e1lpr\u00e6\u00f0i Gu\u00f0s vors. 4L\u00e1ti\u00f0 gle\u00f0i\u00f3p gjalla fyrir Drottni, \u00f6ll l\u00f6nd,hefji\u00f0 gle\u00f0is\u00f6ng, hr\u00f3pi\u00f0 fagna\u00f0ar\u00f3p og lofsyngi\u00f0. 5Leiki\u00f0 fyrir Drottni \u00e1 g\u00edgju,\u00e1 g\u00edgju me\u00f0 lofs\u00f6ngshlj\u00f3mi, 6me\u00f0 l\u00fa\u00f0ra\u00feyt og b\u00e1s\u00fanuhlj\u00f3mi,l\u00e1ti\u00f0 gle\u00f0i\u00f3p gjalla fyrir konunginum, Drottni. 7Hafi\u00f0 drynji og allt sem \u00ed \u00fev\u00ed er,heimurinn og \u00feeir sem \u00ed honum b\u00faa. 8Flj\u00f3tin skulu klappa lof \u00ed l\u00f3fa,fj\u00f6llin fagna \u00f6ll saman 9fyrir augliti Drottins \u00fev\u00ed a\u00f0 hann kemurtil <a href=\"https:\/\/biblian.is\/biblian\/salmarnir-98-kafli\/\"> [&#8230;]<\/a><\/p>\n","protected":false},"author":1,"featured_media":0,"parent":0,"menu_order":0,"comment_status":"open","ping_status":"open","template":"bibliukaflar_salmarnir.php","meta":{"footnotes":""},"class_list":["post-2193","page","type-page","status-publish","hentry"],"_links":{"self":[{"href":"https:\/\/biblian.is\/biblian\/wp-json\/wp\/v2\/pages\/2193","targetHints":{"allow":["GET"]}}],"collection":[{"href":"https:\/\/biblian.is\/biblian\/wp-json\/wp\/v2\/pages"}],"about":[{"href":"https:\/\/biblian.is\/biblian\/wp-json\/wp\/v2\/types\/page"}],"author":[{"embeddable":true,"href":"https:\/\/biblian.is\/biblian\/wp-json\/wp\/v2\/users\/1"}],"replies":[{"embeddable":true,"href":"https:\/\/biblian.is\/biblian\/wp-json\/wp\/v2\/comments?post=2193"}],"version-history":[{"count":0,"href":"https:\/\/biblian.is\/biblian\/wp-json\/wp\/v2\/pages\/2193\/revisions"}],"wp:attachment":[{"href":"https:\/\/biblian.is\/biblian\/wp-json\/wp\/v2\/media?parent=2193"}],"curies":[{"name":"wp","href":"https:\/\/api.w.org\/{rel}","templated":true}]}}