{"id":2192,"date":"2017-12-30T21:02:05","date_gmt":"2017-12-30T21:02:05","guid":{"rendered":"http:\/\/biblian.is\/biblian\/s%c2%87lmarnir-97-kafli\/"},"modified":"2020-05-30T18:12:53","modified_gmt":"2020-05-30T18:12:53","slug":"salmarnir-97-kafli","status":"publish","type":"page","link":"https:\/\/biblian.is\/biblian\/salmarnir-97-kafli\/","title":{"rendered":"S\u00e1lmarnir 97. kafli"},"content":{"rendered":"<p><span class=\"ljodatexti\"> <a name=\"1\"><span class=\"versanumer_ljod\">1<\/span><\/a>Drottinn er konungur, j\u00f6r\u00f0in fagni,<br \/>eyjafj\u00f6ldinn gle\u00f0jist.<br \/> <\/span> <span class=\"ljodatexti\"> <a name=\"2\"><span class=\"versanumer_ljod\">2<\/span><\/a>Sk\u00fd og sorti umlykja hann,<br \/>r\u00e9ttl\u00e6ti og r\u00e9ttur eru grundv\u00f6llur h\u00e1s\u00e6tis hans. <br \/> <\/span> <span class=\"ljodatexti\"> <a name=\"3\"><span class=\"versanumer_ljod\">3<\/span><\/a>Eldur fer fyrir honum<br \/>og ey\u00f0ir fjandm\u00f6nnum hans allt um kring.<br \/> <\/span> <span class=\"ljodatexti\"> <a name=\"4\"><span class=\"versanumer_ljod\">4<\/span><\/a>Leiftur hans l\u00fdsa um jar\u00f0r\u00edki,<br \/>j\u00f6r\u00f0in s\u00e9r \u00fea\u00f0 og n\u00f6trar,<br \/> <\/span> <span class=\"ljodatexti\"> <a name=\"5\"><span class=\"versanumer_ljod\">5<\/span><\/a>bj\u00f6rgin br\u00e1\u00f0na sem vax fyrir augliti Drottins,<br \/>frammi fyrir Drottni gj\u00f6rvallrar jar\u00f0arinnar.<br \/> <\/span> <span class=\"ljodatexti\"> <a name=\"6\"><span class=\"versanumer_ljod\">6<\/span><\/a>Himnarnir kunngj\u00f6ra r\u00e9ttl\u00e6ti hans <br \/>og allar \u00fej\u00f3\u00f0ir sj\u00e1 d\u00fdr\u00f0 hans.<br \/> <\/span> <span class=\"ljodatexti\"> <a name=\"7\"><span class=\"versanumer_ljod\">7<\/span><\/a>Allir skur\u00f0go\u00f0ad\u00fdrkendur ver\u00f0a til skammar, <br \/>\u00feeir sem st\u00e6ra sig af falsgu\u00f0um.<br \/>Allir gu\u00f0ir munu falla fram fyrir honum.<br \/> <\/span> <span class=\"ljodatexti\"> <a name=\"8\"><span class=\"versanumer_ljod\">8<\/span><\/a>S\u00edon heyrir \u00feetta og gle\u00f0st<br \/>og d\u00e6tur J\u00fada fagna <span class=\"nedan_mal\" title=\" \u00c1tt er vi\u00f0 borgirnar \u00ed J\u00fada.\">[<\/span> <br \/>yfir d\u00f3mum \u00fe\u00ednum, Drottinn.<br \/> <\/span> <span class=\"ljodatexti\"> <a name=\"9\"><span class=\"versanumer_ljod\">9<\/span><\/a>\u00dev\u00ed a\u00f0 \u00fe\u00fa, Drottinn, ert Hinn h\u00e6sti yfir allri j\u00f6r\u00f0inni,<br \/>mj\u00f6g h\u00e1tt hafinn yfir alla gu\u00f0i.<br \/> <\/span> <span class=\"ljodatexti\"> <a name=\"10\"><span class=\"versanumer_ljod\">10<\/span><\/a>\u00de\u00e9r, sem elski\u00f0 Drottin, hati\u00f0 illt.<br \/>Hann verndar d\u00fdrkendur s\u00edna,<br \/>frelsar \u00fe\u00e1 \u00far hendi \u00f3gu\u00f0legra.<br \/> <\/span> <span class=\"ljodatexti\"> <a name=\"11\"><span class=\"versanumer_ljod\">11<\/span><\/a>Lj\u00f3s sk\u00edn r\u00e9ttl\u00e1tum<br \/>og gle\u00f0i hjartahreinum.<br \/> <\/span> <span class=\"ljodatexti\"> <a name=\"12\"><span class=\"versanumer_ljod\">12<\/span><\/a>Gle\u00f0jist, \u00fe\u00e9r r\u00e9ttl\u00e1tir, yfir Drottni,<br \/>vegsami\u00f0 hans heilaga nafn. <\/span> <\/p>\n","protected":false},"excerpt":{"rendered":"<p>1Drottinn er konungur, j\u00f6r\u00f0in fagni,eyjafj\u00f6ldinn gle\u00f0jist. 2Sk\u00fd og sorti umlykja hann,r\u00e9ttl\u00e6ti og r\u00e9ttur eru grundv\u00f6llur h\u00e1s\u00e6tis hans. 3Eldur fer fyrir honumog ey\u00f0ir fjandm\u00f6nnum hans allt um kring. 4Leiftur hans l\u00fdsa um jar\u00f0r\u00edki,j\u00f6r\u00f0in s\u00e9r \u00fea\u00f0 og n\u00f6trar, 5bj\u00f6rgin br\u00e1\u00f0na sem vax fyrir augliti Drottins,frammi fyrir Drottni gj\u00f6rvallrar jar\u00f0arinnar. 6Himnarnir kunngj\u00f6ra r\u00e9ttl\u00e6ti hans og allar \u00fej\u00f3\u00f0ir sj\u00e1 d\u00fdr\u00f0 hans. 7Allir skur\u00f0go\u00f0ad\u00fdrkendur ver\u00f0a til skammar, \u00feeir sem st\u00e6ra sig af falsgu\u00f0um.Allir gu\u00f0ir munu falla fram fyrir honum. 8S\u00edon heyrir \u00feetta og gle\u00f0stog d\u00e6tur J\u00fada fagna [ yfir d\u00f3mum \u00fe\u00ednum, Drottinn. 9\u00dev\u00ed a\u00f0 \u00fe\u00fa, Drottinn, ert Hinn h\u00e6sti yfir allri j\u00f6r\u00f0inni,mj\u00f6g h\u00e1tt hafinn yfir <a href=\"https:\/\/biblian.is\/biblian\/salmarnir-97-kafli\/\"> [&#8230;]<\/a><\/p>\n","protected":false},"author":1,"featured_media":0,"parent":0,"menu_order":0,"comment_status":"open","ping_status":"open","template":"bibliukaflar_salmarnir.php","meta":{"footnotes":""},"class_list":["post-2192","page","type-page","status-publish","hentry"],"_links":{"self":[{"href":"https:\/\/biblian.is\/biblian\/wp-json\/wp\/v2\/pages\/2192","targetHints":{"allow":["GET"]}}],"collection":[{"href":"https:\/\/biblian.is\/biblian\/wp-json\/wp\/v2\/pages"}],"about":[{"href":"https:\/\/biblian.is\/biblian\/wp-json\/wp\/v2\/types\/page"}],"author":[{"embeddable":true,"href":"https:\/\/biblian.is\/biblian\/wp-json\/wp\/v2\/users\/1"}],"replies":[{"embeddable":true,"href":"https:\/\/biblian.is\/biblian\/wp-json\/wp\/v2\/comments?post=2192"}],"version-history":[{"count":0,"href":"https:\/\/biblian.is\/biblian\/wp-json\/wp\/v2\/pages\/2192\/revisions"}],"wp:attachment":[{"href":"https:\/\/biblian.is\/biblian\/wp-json\/wp\/v2\/media?parent=2192"}],"curies":[{"name":"wp","href":"https:\/\/api.w.org\/{rel}","templated":true}]}}