{"id":2191,"date":"2017-12-30T21:02:05","date_gmt":"2017-12-30T21:02:05","guid":{"rendered":"http:\/\/biblian.is\/biblian\/s%c2%87lmarnir-96-kafli\/"},"modified":"2020-05-30T18:12:53","modified_gmt":"2020-05-30T18:12:53","slug":"salmarnir-96-kafli","status":"publish","type":"page","link":"https:\/\/biblian.is\/biblian\/salmarnir-96-kafli\/","title":{"rendered":"S\u00e1lmarnir 96. kafli"},"content":{"rendered":"<p><span class=\"ljodatexti\"> <a name=\"1\"><span class=\"versanumer_ljod\">1<\/span><\/a>Syngi\u00f0 Drottni n\u00fdjan s\u00f6ng,<br \/>syngi\u00f0 Drottni, \u00f6ll l\u00f6nd, <br \/> <\/span> <span class=\"ljodatexti\"> <a name=\"2\"><span class=\"versanumer_ljod\">2<\/span><\/a>syngi\u00f0 Drottni, lofi\u00f0 nafn hans,<br \/>kunngj\u00f6ri\u00f0 hj\u00e1lpr\u00e1\u00f0 hans dag eftir dag.<br \/> <\/span> <span class=\"ljodatexti\"> <a name=\"3\"><span class=\"versanumer_ljod\">3<\/span><\/a>Segi\u00f0 fr\u00e1 d\u00fdr\u00f0 hans me\u00f0al \u00fej\u00f3\u00f0anna,<br \/>fr\u00e1 d\u00e1semdarverkum hans me\u00f0al allra l\u00fd\u00f0a<br \/> <\/span> <span class=\"ljodatexti\"> <a name=\"4\"><span class=\"versanumer_ljod\">4<\/span><\/a>\u00fev\u00ed a\u00f0 mikill er Drottinn og mj\u00f6g vegsamlegur,<br \/>\u00f3ttalegri \u00f6llum gu\u00f0um.<br \/> <\/span> <span class=\"ljodatexti\"> <a name=\"5\"><span class=\"versanumer_ljod\">5<\/span><\/a>\u00dev\u00ed a\u00f0 allir gu\u00f0ir \u00fej\u00f3\u00f0anna eru falsgu\u00f0ir<br \/>en Drottinn hefur gert himininn,<br \/> <\/span> <span class=\"ljodatexti\"> <a name=\"6\"><span class=\"versanumer_ljod\">6<\/span><\/a>d\u00fdr\u00f0 og h\u00e1tign eru frammi fyrir honum,<br \/>m\u00e1ttur og pr\u00fd\u00f0i \u00ed helgid\u00f3mi hans.<br \/> <\/span> <span class=\"ljodatexti\"> <a name=\"7\"><span class=\"versanumer_ljod\">7<\/span><\/a>Tigni\u00f0 Drottin, \u00fe\u00e9r \u00e6ttir \u00fej\u00f3\u00f0a,<br \/>tigni\u00f0 Drottin me\u00f0 d\u00fdr\u00f0 og m\u00e6tti,<br \/> <\/span> <span class=\"ljodatexti\"> <a name=\"8\"><span class=\"versanumer_ljod\">8<\/span><\/a>tigni\u00f0 Drottin, hei\u00f0ri\u00f0 nafn hans,<br \/>f\u00e6ri\u00f0 f\u00f3rn og komi\u00f0 til forgar\u00f0a hans.<br \/> <\/span> <span class=\"ljodatexti\"> <a name=\"9\"><span class=\"versanumer_ljod\">9<\/span><\/a>Falli\u00f0 fram fyrir heilagri h\u00e1tign Drottins, <span class=\"nedan_mal\" title=\" \u00d6nnur hugsanleg \u00fe\u00fd\u00f0ing: Falli\u00f0 fram fyrir Drottni \u00ed helgum skr\u00fa\u00f0a.\">[<\/span> <br \/>\u00f6ll j\u00f6r\u00f0in skj\u00e1lfi frammi fyrir honum.<br \/> <\/span> <span class=\"ljodatexti\"> <a name=\"10\"><span class=\"versanumer_ljod\">10<\/span><\/a>Bo\u00f0i\u00f0 me\u00f0al \u00fej\u00f3\u00f0anna: Drottinn er konungur.<br \/>J\u00f6r\u00f0in er \u00e1 traustum grunni, h\u00fan bifast ekki.<br \/>Hann d\u00e6mir \u00fej\u00f3\u00f0irnar me\u00f0 r\u00e9ttv\u00edsi.<br \/> <\/span> <span class=\"ljodatexti\"> <a name=\"11\"><span class=\"versanumer_ljod\">11<\/span><\/a>Himinninn gle\u00f0jist og j\u00f6r\u00f0in fagni,<br \/>hafi\u00f0 drynji og allt sem \u00ed \u00fev\u00ed er,<br \/> <\/span> <span class=\"ljodatexti\"> <a name=\"12\"><span class=\"versanumer_ljod\">12<\/span><\/a>foldin fagni og allt sem \u00e1 henni er,<br \/>\u00f6ll tr\u00e9 sk\u00f3garins fagni me\u00f0 \u00feeim <br \/> <\/span> <span class=\"ljodatexti\"> <a name=\"13\"><span class=\"versanumer_ljod\">13<\/span><\/a>fyrir augliti Drottins \u00fev\u00ed a\u00f0 hann kemur,<br \/>hann kemur til a\u00f0 r\u00edkja \u00e1 j\u00f6r\u00f0u,<br \/> <\/span> <span class=\"ljodatexti\"> <a name=\"14\"><span class=\"versanumer_ljod\">14<\/span><\/a>hann mun stj\u00f3rna heiminum me\u00f0 r\u00e9ttl\u00e6ti<br \/>og \u00fej\u00f3\u00f0unum af tr\u00fafesti sinni. <\/span> <\/p>\n","protected":false},"excerpt":{"rendered":"<p>1Syngi\u00f0 Drottni n\u00fdjan s\u00f6ng,syngi\u00f0 Drottni, \u00f6ll l\u00f6nd, 2syngi\u00f0 Drottni, lofi\u00f0 nafn hans,kunngj\u00f6ri\u00f0 hj\u00e1lpr\u00e1\u00f0 hans dag eftir dag. 3Segi\u00f0 fr\u00e1 d\u00fdr\u00f0 hans me\u00f0al \u00fej\u00f3\u00f0anna,fr\u00e1 d\u00e1semdarverkum hans me\u00f0al allra l\u00fd\u00f0a 4\u00fev\u00ed a\u00f0 mikill er Drottinn og mj\u00f6g vegsamlegur,\u00f3ttalegri \u00f6llum gu\u00f0um. 5\u00dev\u00ed a\u00f0 allir gu\u00f0ir \u00fej\u00f3\u00f0anna eru falsgu\u00f0iren Drottinn hefur gert himininn, 6d\u00fdr\u00f0 og h\u00e1tign eru frammi fyrir honum,m\u00e1ttur og pr\u00fd\u00f0i \u00ed helgid\u00f3mi hans. 7Tigni\u00f0 Drottin, \u00fe\u00e9r \u00e6ttir \u00fej\u00f3\u00f0a,tigni\u00f0 Drottin me\u00f0 d\u00fdr\u00f0 og m\u00e6tti, 8tigni\u00f0 Drottin, hei\u00f0ri\u00f0 nafn hans,f\u00e6ri\u00f0 f\u00f3rn og komi\u00f0 til forgar\u00f0a hans. 9Falli\u00f0 fram fyrir heilagri h\u00e1tign Drottins, [ \u00f6ll j\u00f6r\u00f0in skj\u00e1lfi frammi fyrir honum. 10Bo\u00f0i\u00f0 me\u00f0al \u00fej\u00f3\u00f0anna: Drottinn er <a href=\"https:\/\/biblian.is\/biblian\/salmarnir-96-kafli\/\"> [&#8230;]<\/a><\/p>\n","protected":false},"author":1,"featured_media":0,"parent":0,"menu_order":0,"comment_status":"open","ping_status":"open","template":"bibliukaflar_salmarnir.php","meta":{"footnotes":""},"class_list":["post-2191","page","type-page","status-publish","hentry"],"_links":{"self":[{"href":"https:\/\/biblian.is\/biblian\/wp-json\/wp\/v2\/pages\/2191","targetHints":{"allow":["GET"]}}],"collection":[{"href":"https:\/\/biblian.is\/biblian\/wp-json\/wp\/v2\/pages"}],"about":[{"href":"https:\/\/biblian.is\/biblian\/wp-json\/wp\/v2\/types\/page"}],"author":[{"embeddable":true,"href":"https:\/\/biblian.is\/biblian\/wp-json\/wp\/v2\/users\/1"}],"replies":[{"embeddable":true,"href":"https:\/\/biblian.is\/biblian\/wp-json\/wp\/v2\/comments?post=2191"}],"version-history":[{"count":0,"href":"https:\/\/biblian.is\/biblian\/wp-json\/wp\/v2\/pages\/2191\/revisions"}],"wp:attachment":[{"href":"https:\/\/biblian.is\/biblian\/wp-json\/wp\/v2\/media?parent=2191"}],"curies":[{"name":"wp","href":"https:\/\/api.w.org\/{rel}","templated":true}]}}