{"id":2190,"date":"2017-12-30T21:02:05","date_gmt":"2017-12-30T21:02:05","guid":{"rendered":"http:\/\/biblian.is\/biblian\/s%c2%87lmarnir-95-kafli\/"},"modified":"2020-05-30T18:12:53","modified_gmt":"2020-05-30T18:12:53","slug":"salmarnir-95-kafli","status":"publish","type":"page","link":"https:\/\/biblian.is\/biblian\/salmarnir-95-kafli\/","title":{"rendered":"S\u00e1lmarnir 95. kafli"},"content":{"rendered":"<p><span class=\"ljodatexti\"> <a name=\"1\"><span class=\"versanumer_ljod\">1<\/span><\/a>Komi\u00f0, f\u00f6gnum fyrir Drottni,<br \/>l\u00e1tum gle\u00f0i\u00f3p gjalla fyrir kletti hj\u00e1lpr\u00e6\u00f0is vors.<br \/> <\/span> <span class=\"ljodatexti\"> <a name=\"2\"><span class=\"versanumer_ljod\">2<\/span><\/a>G\u00f6ngum fyrir auglit hans me\u00f0 \u00feakkargj\u00f6r\u00f0,<br \/>syngjum gle\u00f0ilj\u00f3\u00f0 fyrir honum.<br \/> <\/span> <span class=\"ljodatexti\"> <a name=\"3\"><span class=\"versanumer_ljod\">3<\/span><\/a>\u00dev\u00ed a\u00f0 Drottinn er mikill Gu\u00f0<br \/>og mikill konungur yfir \u00f6llum gu\u00f0um.<br \/> <\/span> <span class=\"ljodatexti\"> <a name=\"4\"><span class=\"versanumer_ljod\">4<\/span><\/a>\u00cd hendi hans eru jar\u00f0ardj\u00fapin<br \/>og fjallatindarnir heyra honum til,<br \/> <\/span> <span class=\"ljodatexti\"> <a name=\"5\"><span class=\"versanumer_ljod\">5<\/span><\/a>hans er hafi\u00f0, hann hefur skapa\u00f0 \u00fea\u00f0 <br \/>og hendur hans myndu\u00f0u \u00feurrlendi\u00f0.<br \/> <\/span> <span class=\"ljodatexti\"> <a name=\"6\"><span class=\"versanumer_ljod\">6<\/span><\/a>Komi\u00f0, f\u00f6llum fram og tilbi\u00f0jum,<br \/>beygjum kn\u00e9 vor fyrir Drottni, skapara vorum. <br \/> <\/span> <span class=\"ljodatexti\"> <a name=\"7\"><span class=\"versanumer_ljod\">7<\/span><\/a>\u00dev\u00ed a\u00f0 hann er vor Gu\u00f0<br \/>og v\u00e9r erum g\u00e6slul\u00fd\u00f0ur hans,<br \/>hj\u00f6r\u00f0in sem hann g\u00e6tir. <br \/>\u00d3, a\u00f0 \u00fe\u00e9r \u00ed dag vildu\u00f0 heyra raust hans:<br \/> <\/span> <span class=\"ljodatexti\"> <a name=\"8\"><span class=\"versanumer_ljod\">8<\/span><\/a>Her\u00f0i\u00f0 ekki hj\u00f6rtu y\u00f0ar eins og vi\u00f0 Mer\u00edba,<br \/>eins og daginn hj\u00e1 Massa \u00ed ey\u00f0im\u00f6rkinni<br \/> <\/span> <span class=\"ljodatexti\"> <a name=\"9\"><span class=\"versanumer_ljod\">9<\/span><\/a>\u00feegar fe\u00f0ur y\u00f0ar freistu\u00f0u m\u00edn,<br \/>reyndu mig \u00fe\u00f3 a\u00f0 \u00feeir s\u00e6ju verk m\u00edn. <br \/> <\/span> <span class=\"ljodatexti\"> <a name=\"10\"><span class=\"versanumer_ljod\">10<\/span><\/a>\u00cd fj\u00f6rut\u00edu \u00e1r bau\u00f0 m\u00e9r vi\u00f0 \u00feessari kynsl\u00f3\u00f0<br \/>og \u00e9g sag\u00f0i: \u201eHjarta \u00feessa f\u00f3lks hefur villst af lei\u00f0, <br \/>\u00fea\u00f0 ratar ekki vegu m\u00edna.\u201c<br \/> <\/span> <span class=\"ljodatexti\"> <a name=\"11\"><span class=\"versanumer_ljod\">11<\/span><\/a>\u00c9g s\u00f3r \u00fev\u00ed \u00ed rei\u00f0i minni:<br \/>\u201e\u00deeir skulu eigi n\u00e1 til hv\u00edldarsta\u00f0ar m\u00edns.\u201c <\/span> <\/p>\n","protected":false},"excerpt":{"rendered":"<p>1Komi\u00f0, f\u00f6gnum fyrir Drottni,l\u00e1tum gle\u00f0i\u00f3p gjalla fyrir kletti hj\u00e1lpr\u00e6\u00f0is vors. 2G\u00f6ngum fyrir auglit hans me\u00f0 \u00feakkargj\u00f6r\u00f0,syngjum gle\u00f0ilj\u00f3\u00f0 fyrir honum. 3\u00dev\u00ed a\u00f0 Drottinn er mikill Gu\u00f0og mikill konungur yfir \u00f6llum gu\u00f0um. 4\u00cd hendi hans eru jar\u00f0ardj\u00fapinog fjallatindarnir heyra honum til, 5hans er hafi\u00f0, hann hefur skapa\u00f0 \u00fea\u00f0 og hendur hans myndu\u00f0u \u00feurrlendi\u00f0. 6Komi\u00f0, f\u00f6llum fram og tilbi\u00f0jum,beygjum kn\u00e9 vor fyrir Drottni, skapara vorum. 7\u00dev\u00ed a\u00f0 hann er vor Gu\u00f0og v\u00e9r erum g\u00e6slul\u00fd\u00f0ur hans,hj\u00f6r\u00f0in sem hann g\u00e6tir. \u00d3, a\u00f0 \u00fe\u00e9r \u00ed dag vildu\u00f0 heyra raust hans: 8Her\u00f0i\u00f0 ekki hj\u00f6rtu y\u00f0ar eins og vi\u00f0 Mer\u00edba,eins og daginn hj\u00e1 Massa \u00ed ey\u00f0im\u00f6rkinni 9\u00feegar fe\u00f0ur <a href=\"https:\/\/biblian.is\/biblian\/salmarnir-95-kafli\/\"> [&#8230;]<\/a><\/p>\n","protected":false},"author":1,"featured_media":0,"parent":0,"menu_order":0,"comment_status":"open","ping_status":"open","template":"bibliukaflar_salmarnir.php","meta":{"footnotes":""},"class_list":["post-2190","page","type-page","status-publish","hentry"],"_links":{"self":[{"href":"https:\/\/biblian.is\/biblian\/wp-json\/wp\/v2\/pages\/2190","targetHints":{"allow":["GET"]}}],"collection":[{"href":"https:\/\/biblian.is\/biblian\/wp-json\/wp\/v2\/pages"}],"about":[{"href":"https:\/\/biblian.is\/biblian\/wp-json\/wp\/v2\/types\/page"}],"author":[{"embeddable":true,"href":"https:\/\/biblian.is\/biblian\/wp-json\/wp\/v2\/users\/1"}],"replies":[{"embeddable":true,"href":"https:\/\/biblian.is\/biblian\/wp-json\/wp\/v2\/comments?post=2190"}],"version-history":[{"count":0,"href":"https:\/\/biblian.is\/biblian\/wp-json\/wp\/v2\/pages\/2190\/revisions"}],"wp:attachment":[{"href":"https:\/\/biblian.is\/biblian\/wp-json\/wp\/v2\/media?parent=2190"}],"curies":[{"name":"wp","href":"https:\/\/api.w.org\/{rel}","templated":true}]}}