{"id":2189,"date":"2017-12-30T21:02:05","date_gmt":"2017-12-30T21:02:05","guid":{"rendered":"http:\/\/biblian.is\/biblian\/s%c2%87lmarnir-94-kafli\/"},"modified":"2020-05-30T18:12:52","modified_gmt":"2020-05-30T18:12:52","slug":"salmarnir-94-kafli","status":"publish","type":"page","link":"https:\/\/biblian.is\/biblian\/salmarnir-94-kafli\/","title":{"rendered":"S\u00e1lmarnir 94. kafli"},"content":{"rendered":"<p><span class=\"ljodatexti\"> <a name=\"1\"><span class=\"versanumer_ljod\">1<\/span><\/a>Drottinn, Gu\u00f0 hefndarinnar, <span class=\"nedan_mal\" title=\" Hugtaki\u00f0 \u201ehefnd\u201c er s\u00f3tt \u00ed m\u00e1lfar r\u00e9ttarfarsins og merkir \u00fe\u00e1 ath\u00f6fn a\u00f0 vinna bug \u00e1 rangl\u00e6tinu (\u201ehefna\u201c rangl\u00e6tisins, \u00fe.e. r\u00e1\u00f0a b\u00e6tur \u00e1 \u00fev\u00ed) og bera r\u00e9ttl\u00e6ti\u00f0 fram til sigurs, tryggja r\u00e9tt \u00feess sem \u00f3r\u00e9tti hefur veri\u00f0 beittur. \u201eA\u00f0 r\u00e9tta hlut einhvers\u201c hj\u00e1 L\u00fakasi (18.7) er sama hugtaki\u00f0 og \u201ea\u00f0 hefna\u201c. Hefnd og d\u00f3mur eru hli\u00f0st\u00e6\u00f0 or\u00f0.\">[<\/span> <br \/>Gu\u00f0 hefndarinnar, birst \u00fe\u00fa \u00ed lj\u00f3ma.<br \/> <\/span> <span class=\"ljodatexti\"> <a name=\"2\"><span class=\"versanumer_ljod\">2<\/span><\/a>R\u00eds \u00fe\u00fa upp, d\u00f3mari jar\u00f0ar,<br \/>endurgjald drembil\u00e1tum breytni \u00feeirra.<br \/> <\/span> <span class=\"ljodatexti\"> <a name=\"3\"><span class=\"versanumer_ljod\">3<\/span><\/a>Hve lengi, Drottinn, mega gu\u00f0lausir,<br \/>hve lengi mega gu\u00f0lausir fagna?<br \/> <\/span> <span class=\"ljodatexti\"> <a name=\"4\"><span class=\"versanumer_ljod\">4<\/span><\/a>\u00deeir ausa \u00far s\u00e9r st\u00f3ryr\u00f0um,<br \/>allir illvirkjar hreykja s\u00e9r.<br \/> <\/span> <span class=\"ljodatexti\"> <a name=\"5\"><span class=\"versanumer_ljod\">5<\/span><\/a>\u00deeir kremja l\u00fd\u00f0 \u00feinn, Drottinn,<br \/>k\u00faga arfleif\u00f0 \u00fe\u00edna,<br \/> <\/span> <span class=\"ljodatexti\"> <a name=\"6\"><span class=\"versanumer_ljod\">6<\/span><\/a>drepa ekkjur og a\u00f0komandi<br \/>og myr\u00f0a muna\u00f0arlausa.<br \/> <\/span> <span class=\"ljodatexti\"> <a name=\"7\"><span class=\"versanumer_ljod\">7<\/span><\/a>\u00deeir segja: \u201eDrottinn s\u00e9r \u00feetta ekki,<br \/>Gu\u00f0 Jakobs tekur ekki eftir \u00fev\u00ed.\u201c<br \/> <\/span> <span class=\"ljodatexti\"> <a name=\"8\"><span class=\"versanumer_ljod\">8<\/span><\/a>Taki\u00f0 eftir, \u00fe\u00e9r hinir skilningslausu me\u00f0al l\u00fd\u00f0sins <br \/>og vitgr\u00f6nnu, hven\u00e6r \u00e6tli\u00f0 \u00fe\u00e9r a\u00f0 vitkast?<br \/> <\/span> <span class=\"ljodatexti\"> <a name=\"9\"><span class=\"versanumer_ljod\">9<\/span><\/a>Mun s\u00e1 eigi heyra sem eyranu hefur planta\u00f0<br \/>og s\u00e1 eigi sj\u00e1 sem auga\u00f0 hefur til b\u00fai\u00f0?<br \/> <\/span> <span class=\"ljodatexti\"> <a name=\"10\"><span class=\"versanumer_ljod\">10<\/span><\/a>Skyldi s\u00e1 ekki hegna sem agar \u00fej\u00f3\u00f0irnar,<br \/>hann, sem kennir manninum visku?<br \/> <\/span> <span class=\"ljodatexti\"> <a name=\"11\"><span class=\"versanumer_ljod\">11<\/span><\/a>Drottinn \u00feekkir hugsanir manna,<br \/>veit a\u00f0 \u00fe\u00e6r eru vindgustur einn.<br \/> <\/span> <span class=\"ljodatexti\"> <a name=\"12\"><span class=\"versanumer_ljod\">12<\/span><\/a>S\u00e6ll er s\u00e1 ma\u00f0ur er \u00fe\u00fa agar, Drottinn, <br \/>og fr\u00e6\u00f0ir me\u00f0 l\u00f6gm\u00e1li \u00fe\u00ednu <br \/> <\/span> <span class=\"ljodatexti\"> <a name=\"13\"><span class=\"versanumer_ljod\">13<\/span><\/a>svo a\u00f0 hann nj\u00f3ti fri\u00f0ar \u00e1 erfi\u00f0um d\u00f6gum<br \/>uns hinum \u00f3gu\u00f0lega ver\u00f0ur grafin gr\u00f6f.<br \/> <\/span> <span class=\"ljodatexti\"> <a name=\"14\"><span class=\"versanumer_ljod\">14<\/span><\/a>Drottinn mun ekki hafna l\u00fd\u00f0 s\u00ednum,<br \/>hann mun ekki yfirgefa arfleif\u00f0 s\u00edna. <br \/> <\/span> <span class=\"ljodatexti\"> <a name=\"15\"><span class=\"versanumer_ljod\">15<\/span><\/a>R\u00e9ttl\u00e6ti\u00f0 mun aftur r\u00edkja \u00ed r\u00e9ttarfari<br \/>og allir hjartahreinir munu l\u00fata \u00fev\u00ed.<br \/> <\/span> <span class=\"ljodatexti\"> <a name=\"16\"><span class=\"versanumer_ljod\">16<\/span><\/a>Hver mun r\u00edsa gegn gu\u00f0lausum m\u00edn vegna,<br \/>hver standa me\u00f0 m\u00e9r gegn illgj\u00f6r\u00f0am\u00f6nnum?<br \/> <\/span> <span class=\"ljodatexti\"> <a name=\"17\"><span class=\"versanumer_ljod\">17<\/span><\/a>Hef\u00f0i Drottinn ekki veri\u00f0 hj\u00e1lp m\u00edn<br \/>yr\u00f0i b\u00fasta\u00f0ur minn br\u00e1tt \u00ed landi \u00feagnarinnar.<br \/> <\/span> <span class=\"ljodatexti\"> <a name=\"18\"><span class=\"versanumer_ljod\">18<\/span><\/a>\u00deegar \u00e9g hugsa: \u201eM\u00e9r skri\u00f0nar f\u00f3tur,\u201c<br \/>\u00fe\u00e1 sty\u00f0ur mig miskunn \u00fe\u00edn, Drottinn.<br \/> <\/span> <span class=\"ljodatexti\"> <a name=\"19\"><span class=\"versanumer_ljod\">19<\/span><\/a>\u00deegar \u00e1hyggjur \u00fejaka mig <br \/>hressir huggun \u00fe\u00edn s\u00e1l m\u00edna.<br \/> <\/span> <span class=\"ljodatexti\"> <a name=\"20\"><span class=\"versanumer_ljod\">20<\/span><\/a>Ert \u00fe\u00fa \u00ed bandalagi vi\u00f0 hinn spillta d\u00f3mst\u00f3l<br \/>sem misnotar l\u00f6gin og veldur \u00fej\u00e1ningu? <br \/> <\/span> <span class=\"ljodatexti\"> <a name=\"21\"><span class=\"versanumer_ljod\">21<\/span><\/a>\u00deeir sitja um l\u00edf hins r\u00e9ttl\u00e1ta og sakfella saklaust bl\u00f3\u00f0.<br \/> <\/span> <span class=\"ljodatexti\"> <a name=\"22\"><span class=\"versanumer_ljod\">22<\/span><\/a> En Drottinn er m\u00e9r h\u00e1borg<br \/>og Gu\u00f0 minn klettur m\u00e9r til h\u00e6lis.<br \/> <\/span> <span class=\"ljodatexti\"> <a name=\"23\"><span class=\"versanumer_ljod\">23<\/span><\/a> Hann geldur \u00feeim misgj\u00f6r\u00f0 \u00feeirra<br \/>og tort\u00edmir \u00feeim \u00ed illsku \u00feeirra,<br \/>Drottinn, Gu\u00f0 vor, afm\u00e1ir \u00fe\u00e1. <\/span> <\/p>\n","protected":false},"excerpt":{"rendered":"<p>1Drottinn, Gu\u00f0 hefndarinnar, [ Gu\u00f0 hefndarinnar, birst \u00fe\u00fa \u00ed lj\u00f3ma. 2R\u00eds \u00fe\u00fa upp, d\u00f3mari jar\u00f0ar,endurgjald drembil\u00e1tum breytni \u00feeirra. 3Hve lengi, Drottinn, mega gu\u00f0lausir,hve lengi mega gu\u00f0lausir fagna? 4\u00deeir ausa \u00far s\u00e9r st\u00f3ryr\u00f0um,allir illvirkjar hreykja s\u00e9r. 5\u00deeir kremja l\u00fd\u00f0 \u00feinn, Drottinn,k\u00faga arfleif\u00f0 \u00fe\u00edna, 6drepa ekkjur og a\u00f0komandiog myr\u00f0a muna\u00f0arlausa. 7\u00deeir segja: \u201eDrottinn s\u00e9r \u00feetta ekki,Gu\u00f0 Jakobs tekur ekki eftir \u00fev\u00ed.\u201c 8Taki\u00f0 eftir, \u00fe\u00e9r hinir skilningslausu me\u00f0al l\u00fd\u00f0sins og vitgr\u00f6nnu, hven\u00e6r \u00e6tli\u00f0 \u00fe\u00e9r a\u00f0 vitkast? 9Mun s\u00e1 eigi heyra sem eyranu hefur planta\u00f0og s\u00e1 eigi sj\u00e1 sem auga\u00f0 hefur til b\u00fai\u00f0? 10Skyldi s\u00e1 ekki hegna sem agar \u00fej\u00f3\u00f0irnar,hann, sem kennir manninum visku? <a href=\"https:\/\/biblian.is\/biblian\/salmarnir-94-kafli\/\"> [&#8230;]<\/a><\/p>\n","protected":false},"author":1,"featured_media":0,"parent":0,"menu_order":0,"comment_status":"open","ping_status":"open","template":"bibliukaflar_salmarnir.php","meta":{"footnotes":""},"class_list":["post-2189","page","type-page","status-publish","hentry"],"_links":{"self":[{"href":"https:\/\/biblian.is\/biblian\/wp-json\/wp\/v2\/pages\/2189","targetHints":{"allow":["GET"]}}],"collection":[{"href":"https:\/\/biblian.is\/biblian\/wp-json\/wp\/v2\/pages"}],"about":[{"href":"https:\/\/biblian.is\/biblian\/wp-json\/wp\/v2\/types\/page"}],"author":[{"embeddable":true,"href":"https:\/\/biblian.is\/biblian\/wp-json\/wp\/v2\/users\/1"}],"replies":[{"embeddable":true,"href":"https:\/\/biblian.is\/biblian\/wp-json\/wp\/v2\/comments?post=2189"}],"version-history":[{"count":0,"href":"https:\/\/biblian.is\/biblian\/wp-json\/wp\/v2\/pages\/2189\/revisions"}],"wp:attachment":[{"href":"https:\/\/biblian.is\/biblian\/wp-json\/wp\/v2\/media?parent=2189"}],"curies":[{"name":"wp","href":"https:\/\/api.w.org\/{rel}","templated":true}]}}