{"id":2188,"date":"2017-12-30T21:02:05","date_gmt":"2017-12-30T21:02:05","guid":{"rendered":"http:\/\/biblian.is\/biblian\/s%c2%87lmarnir-93-kafli\/"},"modified":"2020-05-30T18:12:52","modified_gmt":"2020-05-30T18:12:52","slug":"salmarnir-93-kafli","status":"publish","type":"page","link":"https:\/\/biblian.is\/biblian\/salmarnir-93-kafli\/","title":{"rendered":"S\u00e1lmarnir 93. kafli"},"content":{"rendered":"<p><span class=\"ljodatexti\"> <a name=\"1\"><span class=\"versanumer_ljod\">1<\/span><\/a>Drottinn er konungur, skr\u00fdddur h\u00e1tign,<br \/>Drottinn er skr\u00fdddur, gyrtur m\u00e6tti.<br \/>Heimurinn er st\u00f6\u00f0ugur, haggast ekki.<br \/> <\/span> <span class=\"ljodatexti\"> <a name=\"2\"><span class=\"versanumer_ljod\">2<\/span><\/a>H\u00e1s\u00e6ti \u00feitt stendur st\u00f6\u00f0ugt fr\u00e1 \u00f6ndver\u00f0u,<br \/>fr\u00e1 eil\u00edf\u00f0 ert \u00fe\u00fa.<br \/> <\/span> <span class=\"ljodatexti\"> <a name=\"3\"><span class=\"versanumer_ljod\">3<\/span><\/a>Flj\u00f3tin h\u00f3fu upp, Drottinn, <br \/>flj\u00f3tin h\u00f3fu upp raust s\u00edna,<br \/>flj\u00f3tin hefja upp gn\u00fd sinn. <br \/> <\/span> <span class=\"ljodatexti\"> <a name=\"4\"><span class=\"versanumer_ljod\">4<\/span><\/a>M\u00e1ttugri en gn\u00fdr mikilla vatna,<br \/>m\u00e1ttugri en brim\u00f6ldur hafsins,<br \/>er Drottinn \u00ed upph\u00e6\u00f0um. <br \/> <\/span> <span class=\"ljodatexti\"> <a name=\"5\"><span class=\"versanumer_ljod\">5<\/span><\/a>Vitnisbur\u00f0ir \u00fe\u00ednir haggast ekki.<br \/>Heilagleiki s\u00e6mir h\u00fasi \u00fe\u00ednu, Drottinn, um allar aldir. <\/span> <\/p>\n","protected":false},"excerpt":{"rendered":"<p>1Drottinn er konungur, skr\u00fdddur h\u00e1tign,Drottinn er skr\u00fdddur, gyrtur m\u00e6tti.Heimurinn er st\u00f6\u00f0ugur, haggast ekki. 2H\u00e1s\u00e6ti \u00feitt stendur st\u00f6\u00f0ugt fr\u00e1 \u00f6ndver\u00f0u,fr\u00e1 eil\u00edf\u00f0 ert \u00fe\u00fa. 3Flj\u00f3tin h\u00f3fu upp, Drottinn, flj\u00f3tin h\u00f3fu upp raust s\u00edna,flj\u00f3tin hefja upp gn\u00fd sinn. 4M\u00e1ttugri en gn\u00fdr mikilla vatna,m\u00e1ttugri en brim\u00f6ldur hafsins,er Drottinn \u00ed upph\u00e6\u00f0um. 5Vitnisbur\u00f0ir \u00fe\u00ednir haggast ekki.Heilagleiki s\u00e6mir h\u00fasi \u00fe\u00ednu, Drottinn, um allar aldir.<\/p>\n","protected":false},"author":1,"featured_media":0,"parent":0,"menu_order":0,"comment_status":"open","ping_status":"open","template":"bibliukaflar_salmarnir.php","meta":{"footnotes":""},"class_list":["post-2188","page","type-page","status-publish","hentry"],"_links":{"self":[{"href":"https:\/\/biblian.is\/biblian\/wp-json\/wp\/v2\/pages\/2188","targetHints":{"allow":["GET"]}}],"collection":[{"href":"https:\/\/biblian.is\/biblian\/wp-json\/wp\/v2\/pages"}],"about":[{"href":"https:\/\/biblian.is\/biblian\/wp-json\/wp\/v2\/types\/page"}],"author":[{"embeddable":true,"href":"https:\/\/biblian.is\/biblian\/wp-json\/wp\/v2\/users\/1"}],"replies":[{"embeddable":true,"href":"https:\/\/biblian.is\/biblian\/wp-json\/wp\/v2\/comments?post=2188"}],"version-history":[{"count":0,"href":"https:\/\/biblian.is\/biblian\/wp-json\/wp\/v2\/pages\/2188\/revisions"}],"wp:attachment":[{"href":"https:\/\/biblian.is\/biblian\/wp-json\/wp\/v2\/media?parent=2188"}],"curies":[{"name":"wp","href":"https:\/\/api.w.org\/{rel}","templated":true}]}}