{"id":2187,"date":"2017-12-30T21:02:05","date_gmt":"2017-12-30T21:02:05","guid":{"rendered":"http:\/\/biblian.is\/biblian\/s%c2%87lmarnir-92-kafli\/"},"modified":"2020-05-30T18:12:52","modified_gmt":"2020-05-30T18:12:52","slug":"salmarnir-92-kafli","status":"publish","type":"page","link":"https:\/\/biblian.is\/biblian\/salmarnir-92-kafli\/","title":{"rendered":"S\u00e1lmarnir 92. kafli"},"content":{"rendered":"<p><a name=\"1\"><span class=\"versanumer_2007\">1<\/span><\/a> S\u00e1lmur. Hv\u00edldardagslj\u00f3\u00f0.<br \/> <span class=\"ljodatexti\"> <a name=\"2\"><span class=\"versanumer_ljod\">2<\/span><\/a>Gott er a\u00f0 lofa Drottin,<br \/>lofsyngja nafni \u00fe\u00ednu, \u00fe\u00fa Hinn h\u00e6sti,<br \/> <\/span> <span class=\"ljodatexti\"> <a name=\"3\"><span class=\"versanumer_ljod\">3<\/span><\/a>a\u00f0 kunngj\u00f6ra miskunn \u00fe\u00edna a\u00f0 morgni <br \/>og tr\u00fafesti \u00fe\u00edna um n\u00e6tur <br \/> <\/span> <span class=\"ljodatexti\"> <a name=\"4\"><span class=\"versanumer_ljod\">4<\/span><\/a>\u00e1 t\u00edstrengja\u00f0 hlj\u00f3\u00f0f\u00e6ri og h\u00f6rpu<br \/>og vi\u00f0 strengjaleik g\u00edgjunnar.<br \/> <\/span> <span class=\"ljodatexti\"> <a name=\"5\"><span class=\"versanumer_ljod\">5<\/span><\/a>\u00de\u00fa gle\u00f0ur mig, Drottinn, me\u00f0 d\u00e1\u00f0um \u00fe\u00ednum,<br \/>\u00e9g fagna yfir verkum handa \u00feinna.<br \/> <\/span> <span class=\"ljodatexti\"> <a name=\"6\"><span class=\"versanumer_ljod\">6<\/span><\/a>Hversu mikil eru verk \u00fe\u00edn, Drottinn,<br \/>hversu dj\u00fapar hugsanir \u00fe\u00ednar.<br \/> <\/span> <span class=\"ljodatexti\"> <a name=\"7\"><span class=\"versanumer_ljod\">7<\/span><\/a>F\u00e1v\u00eds ma\u00f0ur skynjar \u00fea\u00f0 ekki<br \/>og heimskinginn skilur \u00fea\u00f0 ekki:<br \/> <\/span> <span class=\"ljodatexti\"> <a name=\"8\"><span class=\"versanumer_ljod\">8<\/span><\/a>\u00de\u00f3tt \u00f3gu\u00f0legir gr\u00f3i sem grasi\u00f0<br \/>og allir illvirkjar bl\u00f3mstri<br \/>ver\u00f0a \u00feeir uppr\u00e6ttir um aldur og \u00e6vi<br \/> <\/span> <span class=\"ljodatexti\"> <a name=\"9\"><span class=\"versanumer_ljod\">9<\/span><\/a>en \u00fe\u00fa, Drottinn, ert eil\u00edflega upphafinn.<br \/> <\/span> <span class=\"ljodatexti\"> <a name=\"10\"><span class=\"versanumer_ljod\">10<\/span><\/a>\u00dev\u00ed sj\u00e1, \u00f3vinir \u00fe\u00ednir, Drottinn,<br \/>\u00fev\u00ed sj\u00e1, \u00f3vinir \u00fe\u00ednir farast<br \/>og allir illvirkjar tv\u00edstrast.<br \/> <\/span> <span class=\"ljodatexti\"> <a name=\"11\"><span class=\"versanumer_ljod\">11<\/span><\/a>En \u00fe\u00fa hefur horn mitt h\u00e1tt eins og \u00e1 villinauti,<br \/>smyr\u00f0 mig ferskri ol\u00edu.<br \/> <\/span> <span class=\"ljodatexti\"> <a name=\"12\"><span class=\"versanumer_ljod\">12<\/span><\/a>Auga mitt l\u00edtur me\u00f0 gle\u00f0i ni\u00f0ur \u00e1 fjandmenn m\u00edna,<br \/>eyra mitt heyrir me\u00f0 gle\u00f0i um n\u00ed\u00f0ingana er r\u00edsa gegn m\u00e9r.<br \/> <\/span> <span class=\"ljodatexti\"> <a name=\"13\"><span class=\"versanumer_ljod\">13<\/span><\/a>R\u00e9ttl\u00e1tir dafna sem p\u00e1lmi,<br \/>vaxa sem sedrustr\u00e9 \u00e1 L\u00edbanon,<br \/> <\/span> <span class=\"ljodatexti\"> <a name=\"14\"><span class=\"versanumer_ljod\">14<\/span><\/a>\u00feeir eru gr\u00f3\u00f0ursettir \u00ed h\u00fasi Drottins,<br \/>\u00feeir bl\u00f3mgast \u00ed forg\u00f6r\u00f0um Gu\u00f0s vors,<br \/> <\/span> <span class=\"ljodatexti\"> <a name=\"15\"><span class=\"versanumer_ljod\">15<\/span><\/a>bera \u00e1v\u00f6xt \u00ed h\u00e1rri elli,<br \/>eru safar\u00edkir og gr\u00e6nir,<br \/> <\/span> <span class=\"ljodatexti\"> <a name=\"16\"><span class=\"versanumer_ljod\">16<\/span><\/a>og bo\u00f0a: \u201eDrottinn er r\u00e9ttl\u00e1tur,<br \/>hann er bjarg mitt, hj\u00e1 honum er ekkert rangt til.\u201c <\/span> <\/p>\n","protected":false},"excerpt":{"rendered":"<p>1 S\u00e1lmur. Hv\u00edldardagslj\u00f3\u00f0. 2Gott er a\u00f0 lofa Drottin,lofsyngja nafni \u00fe\u00ednu, \u00fe\u00fa Hinn h\u00e6sti, 3a\u00f0 kunngj\u00f6ra miskunn \u00fe\u00edna a\u00f0 morgni og tr\u00fafesti \u00fe\u00edna um n\u00e6tur 4\u00e1 t\u00edstrengja\u00f0 hlj\u00f3\u00f0f\u00e6ri og h\u00f6rpuog vi\u00f0 strengjaleik g\u00edgjunnar. 5\u00de\u00fa gle\u00f0ur mig, Drottinn, me\u00f0 d\u00e1\u00f0um \u00fe\u00ednum,\u00e9g fagna yfir verkum handa \u00feinna. 6Hversu mikil eru verk \u00fe\u00edn, Drottinn,hversu dj\u00fapar hugsanir \u00fe\u00ednar. 7F\u00e1v\u00eds ma\u00f0ur skynjar \u00fea\u00f0 ekkiog heimskinginn skilur \u00fea\u00f0 ekki: 8\u00de\u00f3tt \u00f3gu\u00f0legir gr\u00f3i sem grasi\u00f0og allir illvirkjar bl\u00f3mstriver\u00f0a \u00feeir uppr\u00e6ttir um aldur og \u00e6vi 9en \u00fe\u00fa, Drottinn, ert eil\u00edflega upphafinn. 10\u00dev\u00ed sj\u00e1, \u00f3vinir \u00fe\u00ednir, Drottinn,\u00fev\u00ed sj\u00e1, \u00f3vinir \u00fe\u00ednir farastog allir illvirkjar tv\u00edstrast. 11En \u00fe\u00fa hefur horn mitt h\u00e1tt <a href=\"https:\/\/biblian.is\/biblian\/salmarnir-92-kafli\/\"> [&#8230;]<\/a><\/p>\n","protected":false},"author":1,"featured_media":0,"parent":0,"menu_order":0,"comment_status":"open","ping_status":"open","template":"bibliukaflar_salmarnir.php","meta":{"footnotes":""},"class_list":["post-2187","page","type-page","status-publish","hentry"],"_links":{"self":[{"href":"https:\/\/biblian.is\/biblian\/wp-json\/wp\/v2\/pages\/2187","targetHints":{"allow":["GET"]}}],"collection":[{"href":"https:\/\/biblian.is\/biblian\/wp-json\/wp\/v2\/pages"}],"about":[{"href":"https:\/\/biblian.is\/biblian\/wp-json\/wp\/v2\/types\/page"}],"author":[{"embeddable":true,"href":"https:\/\/biblian.is\/biblian\/wp-json\/wp\/v2\/users\/1"}],"replies":[{"embeddable":true,"href":"https:\/\/biblian.is\/biblian\/wp-json\/wp\/v2\/comments?post=2187"}],"version-history":[{"count":0,"href":"https:\/\/biblian.is\/biblian\/wp-json\/wp\/v2\/pages\/2187\/revisions"}],"wp:attachment":[{"href":"https:\/\/biblian.is\/biblian\/wp-json\/wp\/v2\/media?parent=2187"}],"curies":[{"name":"wp","href":"https:\/\/api.w.org\/{rel}","templated":true}]}}