{"id":2186,"date":"2017-12-30T21:02:05","date_gmt":"2017-12-30T21:02:05","guid":{"rendered":"http:\/\/biblian.is\/biblian\/s%c2%87lmarnir-91-kafli\/"},"modified":"2020-05-30T18:12:52","modified_gmt":"2020-05-30T18:12:52","slug":"salmarnir-91-kafli","status":"publish","type":"page","link":"https:\/\/biblian.is\/biblian\/salmarnir-91-kafli\/","title":{"rendered":"S\u00e1lmarnir 91. kafli"},"content":{"rendered":"<p><span class=\"ljodatexti\"> <a name=\"1\"><span class=\"versanumer_ljod\">1<\/span><\/a>S\u00e1 er situr \u00ed skj\u00f3li Hins h\u00e6sta<br \/>og dvelst \u00ed skugga Hins alm\u00e1ttka <br \/> <\/span> <span class=\"ljodatexti\"> <a name=\"2\"><span class=\"versanumer_ljod\">2<\/span><\/a>segir vi\u00f0 Drottin:<br \/>\u201eH\u00e6li mitt og h\u00e1borg, <br \/>Gu\u00f0 minn, er \u00e9g tr\u00fai \u00e1.\u201c<br \/> <\/span> <span class=\"ljodatexti\"> <a name=\"3\"><span class=\"versanumer_ljod\">3<\/span><\/a>Hann frelsar \u00feig \u00far sn\u00f6ru fuglarans, <br \/>fr\u00e1 dreps\u00f3tt ey\u00f0ingarinnar, <br \/> <\/span> <span class=\"ljodatexti\"> <a name=\"4\"><span class=\"versanumer_ljod\">4<\/span><\/a>hann sk\u00fdlir \u00fe\u00e9r me\u00f0 fj\u00f6\u00f0rum s\u00ednum,<br \/>undir v\u00e6ngjum hans m\u00e1tt \u00fe\u00fa h\u00e6lis leita,<br \/>tr\u00fafesti hans er skj\u00f6ldur og v\u00edgi. <br \/> <\/span> <span class=\"ljodatexti\"> <a name=\"5\"><span class=\"versanumer_ljod\">5<\/span><\/a>Eigi \u00fearft \u00fe\u00fa a\u00f0 \u00f3ttast \u00f3gnir n\u00e6turinnar<br \/>e\u00f0a \u00f6rina sem fl\u00fdgur um daga,<br \/> <\/span> <span class=\"ljodatexti\"> <a name=\"6\"><span class=\"versanumer_ljod\">6<\/span><\/a>dreps\u00f3ttina sem l\u00e6\u00f0ist um \u00ed dimmunni<br \/>e\u00f0a s\u00fdkina sem geisar um h\u00e1degi\u00f0.<br \/> <\/span> <span class=\"ljodatexti\"> <a name=\"7\"><span class=\"versanumer_ljod\">7<\/span><\/a>\u00de\u00f3tt \u00fe\u00fasund falli \u00fe\u00e9r vi\u00f0 hli\u00f0<br \/>og t\u00edu \u00fe\u00fasund \u00fe\u00e9r til h\u00e6gri handar<br \/>\u00fe\u00e1 n\u00e6r \u00fea\u00f0 ekki til \u00fe\u00edn.<br \/> <\/span> <span class=\"ljodatexti\"> <a name=\"8\"><span class=\"versanumer_ljod\">8<\/span><\/a>\u00de\u00fa munt sj\u00e1 me\u00f0 eigin augum, <br \/>horfa \u00e1 hvernig \u00f3gu\u00f0legum er endurgoldi\u00f0.<br \/> <\/span> <span class=\"ljodatexti\"> <a name=\"9\"><span class=\"versanumer_ljod\">9<\/span><\/a>\u00deitt h\u00e6li er Drottinn, <br \/>\u00fe\u00fa hefur gert Hinn h\u00e6sta a\u00f0 athvarfi \u00fe\u00ednu. <br \/> <\/span> <span class=\"ljodatexti\"> <a name=\"10\"><span class=\"versanumer_ljod\">10<\/span><\/a>Engin \u00f3g\u00e6fa hendir \u00feig <br \/>og engin pl\u00e1ga n\u00e1lgast tjald \u00feitt<br \/> <\/span> <span class=\"ljodatexti\"> <a name=\"11\"><span class=\"versanumer_ljod\">11<\/span><\/a>\u00fev\u00ed a\u00f0 \u00fe\u00edn vegna b\u00fd\u00f0ur hann \u00fat englum s\u00ednum <br \/>til \u00feess a\u00f0 g\u00e6ta \u00fe\u00edn \u00e1 \u00f6llum vegum \u00fe\u00ednum.<br \/> <\/span> <span class=\"ljodatexti\"> <a name=\"12\"><span class=\"versanumer_ljod\">12<\/span><\/a>\u00deeir munu bera \u00feig \u00e1 h\u00f6ndum s\u00e9r<br \/>svo a\u00f0 \u00fe\u00fa steytir ekki f\u00f3t \u00feinn vi\u00f0 steini.<br \/> <\/span> <span class=\"ljodatexti\"> <a name=\"13\"><span class=\"versanumer_ljod\">13<\/span><\/a>\u00de\u00fa munt st\u00edga yfir lj\u00f3n og n\u00f6\u00f0ru,<br \/>tro\u00f0a f\u00f3tum unglj\u00f3n og dreka.<br \/> <\/span> <span class=\"ljodatexti\"> <a name=\"14\"><span class=\"versanumer_ljod\">14<\/span><\/a>\u00dear sem hann er m\u00e9r tr\u00far bjarga \u00e9g honum,<br \/>\u00e9g vernda hann \u00fev\u00ed a\u00f0 hann \u00feekkir nafn mitt.<br \/> <\/span> <span class=\"ljodatexti\"> <a name=\"15\"><span class=\"versanumer_ljod\">15<\/span><\/a>\u00c1kalli hann mig mun \u00e9g b\u00e6nheyra hann,<br \/>\u00e9g er hj\u00e1 honum \u00ed ney\u00f0inni, <br \/>\u00e9g frelsa hann og geri hann vegsamlegan.<br \/> <\/span> <span class=\"ljodatexti\"> <a name=\"16\"><span class=\"versanumer_ljod\">16<\/span><\/a>\u00c9g metta hann me\u00f0 fj\u00f6ld l\u00edfdaga<br \/>og l\u00e6t hann sj\u00e1 hj\u00e1lpr\u00e6\u00f0i mitt. <\/span> <\/p>\n","protected":false},"excerpt":{"rendered":"<p>1S\u00e1 er situr \u00ed skj\u00f3li Hins h\u00e6staog dvelst \u00ed skugga Hins alm\u00e1ttka 2segir vi\u00f0 Drottin:\u201eH\u00e6li mitt og h\u00e1borg, Gu\u00f0 minn, er \u00e9g tr\u00fai \u00e1.\u201c 3Hann frelsar \u00feig \u00far sn\u00f6ru fuglarans, fr\u00e1 dreps\u00f3tt ey\u00f0ingarinnar, 4hann sk\u00fdlir \u00fe\u00e9r me\u00f0 fj\u00f6\u00f0rum s\u00ednum,undir v\u00e6ngjum hans m\u00e1tt \u00fe\u00fa h\u00e6lis leita,tr\u00fafesti hans er skj\u00f6ldur og v\u00edgi. 5Eigi \u00fearft \u00fe\u00fa a\u00f0 \u00f3ttast \u00f3gnir n\u00e6turinnare\u00f0a \u00f6rina sem fl\u00fdgur um daga, 6dreps\u00f3ttina sem l\u00e6\u00f0ist um \u00ed dimmunnie\u00f0a s\u00fdkina sem geisar um h\u00e1degi\u00f0. 7\u00de\u00f3tt \u00fe\u00fasund falli \u00fe\u00e9r vi\u00f0 hli\u00f0og t\u00edu \u00fe\u00fasund \u00fe\u00e9r til h\u00e6gri handar\u00fe\u00e1 n\u00e6r \u00fea\u00f0 ekki til \u00fe\u00edn. 8\u00de\u00fa munt sj\u00e1 me\u00f0 eigin augum, horfa \u00e1 hvernig \u00f3gu\u00f0legum <a href=\"https:\/\/biblian.is\/biblian\/salmarnir-91-kafli\/\"> [&#8230;]<\/a><\/p>\n","protected":false},"author":1,"featured_media":0,"parent":0,"menu_order":0,"comment_status":"open","ping_status":"open","template":"bibliukaflar_salmarnir.php","meta":{"footnotes":""},"class_list":["post-2186","page","type-page","status-publish","hentry"],"_links":{"self":[{"href":"https:\/\/biblian.is\/biblian\/wp-json\/wp\/v2\/pages\/2186","targetHints":{"allow":["GET"]}}],"collection":[{"href":"https:\/\/biblian.is\/biblian\/wp-json\/wp\/v2\/pages"}],"about":[{"href":"https:\/\/biblian.is\/biblian\/wp-json\/wp\/v2\/types\/page"}],"author":[{"embeddable":true,"href":"https:\/\/biblian.is\/biblian\/wp-json\/wp\/v2\/users\/1"}],"replies":[{"embeddable":true,"href":"https:\/\/biblian.is\/biblian\/wp-json\/wp\/v2\/comments?post=2186"}],"version-history":[{"count":0,"href":"https:\/\/biblian.is\/biblian\/wp-json\/wp\/v2\/pages\/2186\/revisions"}],"wp:attachment":[{"href":"https:\/\/biblian.is\/biblian\/wp-json\/wp\/v2\/media?parent=2186"}],"curies":[{"name":"wp","href":"https:\/\/api.w.org\/{rel}","templated":true}]}}