{"id":2185,"date":"2017-12-30T21:02:05","date_gmt":"2017-12-30T21:02:05","guid":{"rendered":"http:\/\/biblian.is\/biblian\/s%c2%87lmarnir-90-kafli\/"},"modified":"2020-05-30T18:12:51","modified_gmt":"2020-05-30T18:12:51","slug":"salmarnir-90-kafli","status":"publish","type":"page","link":"https:\/\/biblian.is\/biblian\/salmarnir-90-kafli\/","title":{"rendered":"S\u00e1lmarnir 90. kafli"},"content":{"rendered":"<h2 class=\"millifyrirsogn_2007\"> Fj\u00f3r\u00f0a b\u00f3k<\/h2>\n<p><a name=\"1\"><span class=\"versanumer_2007\">1<\/span><\/a> B\u00e6n gu\u00f0smannsins M\u00f3se.<br \/> <span class=\"ljodatexti\"> Drottinn, \u00fe\u00fa hefur veri\u00f0 oss athvarf <br \/>fr\u00e1 kyni til kyns.<br \/> <\/span> <span class=\"ljodatexti\"> <a name=\"2\"><span class=\"versanumer_ljod\">2<\/span><\/a>\u00c1\u00f0ur en fj\u00f6llin f\u00e6ddust<br \/>og j\u00f6r\u00f0in og heimurinn ur\u00f0u til,<br \/>fr\u00e1 eil\u00edf\u00f0 til eil\u00edf\u00f0ar ert \u00fe\u00fa, \u00f3 Gu\u00f0.<br \/> <\/span> <span class=\"ljodatexti\"> <a name=\"3\"><span class=\"versanumer_ljod\">3<\/span><\/a>\u00de\u00fa l\u00e6tur manninn hverfa aftur til duftsins <br \/>og segir: \u201eHverfi\u00f0 aftur, \u00fe\u00e9r mannanna b\u00f6rn.\u201c<br \/> <\/span> <span class=\"ljodatexti\"> <a name=\"4\"><span class=\"versanumer_ljod\">4<\/span><\/a>\u00dev\u00ed a\u00f0 \u00fe\u00fasund \u00e1r eru \u00ed \u00fe\u00ednum augum <br \/>sem dagurinn \u00ed g\u00e6r, \u00feegar hann er li\u00f0inn,<br \/>j\u00e1, eins og n\u00e6turvaka.<br \/> <\/span> <span class=\"ljodatexti\"> <a name=\"5\"><span class=\"versanumer_ljod\">5<\/span><\/a>\u00de\u00fa hr\u00edfur \u00feau burt sem \u00ed svefni,<br \/>\u00feau er a\u00f0 morgni eru sem gr\u00f3andi gras.<br \/> <\/span> <span class=\"ljodatexti\"> <a name=\"6\"><span class=\"versanumer_ljod\">6<\/span><\/a>A\u00f0 morgni bl\u00f3mgast \u00fea\u00f0 og gr\u00e6r,<br \/>a\u00f0 kv\u00f6ldi f\u00f6lnar \u00fea\u00f0 og visnar. <br \/> <\/span> <span class=\"ljodatexti\"> <a name=\"7\"><span class=\"versanumer_ljod\">7<\/span><\/a>V\u00e9r hverfum fyrir rei\u00f0i \u00feinni,<br \/>skelfumst br\u00e6\u00f0i \u00fe\u00edna.<br \/> <\/span> <span class=\"ljodatexti\"> <a name=\"8\"><span class=\"versanumer_ljod\">8<\/span><\/a>\u00de\u00fa hefur sett \u00fe\u00e9r fyrir sj\u00f3nir misgj\u00f6r\u00f0ir vorar<br \/>og leyndar syndir fyrir lj\u00f3s auglitis \u00fe\u00edns.<br \/> <\/span> <span class=\"ljodatexti\"> <a name=\"9\"><span class=\"versanumer_ljod\">9<\/span><\/a>Allir dagar vorir hverfa fyrir rei\u00f0i \u00feinni,<br \/>\u00e1r vor l\u00ed\u00f0a sem andvarp.<br \/> <\/span> <span class=\"ljodatexti\"> <a name=\"10\"><span class=\"versanumer_ljod\">10<\/span><\/a>\u00c6vidagar vorir eru sj\u00f6t\u00edu \u00e1r<br \/>og \u00feegar best l\u00e6tur \u00e1ttat\u00edu \u00e1r,<br \/>og d\u00fdrasta hnossi\u00f0 er m\u00e6\u00f0a og h\u00e9g\u00f3mi, <br \/>\u00fev\u00ed a\u00f0 \u00feeir l\u00ed\u00f0a \u00ed skyndi og v\u00e9r flj\u00fagum burt.<br \/> <\/span> <span class=\"ljodatexti\"> <a name=\"11\"><span class=\"versanumer_ljod\">11<\/span><\/a>Hver skilur m\u00e1tt rei\u00f0i \u00feinnar,<br \/>heift \u00fe\u00edna, svo a\u00f0 hann \u00f3ttist \u00feig? <br \/> <\/span> <span class=\"ljodatexti\"> <a name=\"12\"><span class=\"versanumer_ljod\">12<\/span><\/a>Kenn oss a\u00f0 telja daga vora,<br \/>a\u00f0 v\u00e9r megum \u00f6\u00f0last viturt hjarta. <br \/> <\/span> <span class=\"ljodatexti\"> <a name=\"13\"><span class=\"versanumer_ljod\">13<\/span><\/a>Sn\u00fa \u00fe\u00fa aftur, Drottinn. Hversu lengi?<br \/>S\u00fdn \u00fej\u00f3num \u00fe\u00ednum miskunn.<br \/> <\/span> <span class=\"ljodatexti\"> <a name=\"14\"><span class=\"versanumer_ljod\">14<\/span><\/a>Metta oss a\u00f0 morgni me\u00f0 miskunn \u00feinni, <br \/>a\u00f0 v\u00e9r megum fagna og gle\u00f0jast alla daga vora.<br \/> <\/span> <span class=\"ljodatexti\"> <a name=\"15\"><span class=\"versanumer_ljod\">15<\/span><\/a>Veit oss gle\u00f0i \u00ed sta\u00f0 daga \u00feeirra er \u00fe\u00fa l\u00e6g\u00f0ir oss,<br \/>\u00e1ra \u00feeirra er v\u00e9r m\u00e1ttum illt \u00feola. <br \/> <\/span> <span class=\"ljodatexti\"> <a name=\"16\"><span class=\"versanumer_ljod\">16<\/span><\/a>S\u00fdn \u00fej\u00f3num \u00fe\u00ednum d\u00e1\u00f0ir \u00fe\u00ednar<br \/>og d\u00fdr\u00f0 \u00fe\u00edna b\u00f6rnum \u00feeirra.<br \/> <\/span> <span class=\"ljodatexti\"> <a name=\"17\"><span class=\"versanumer_ljod\">17<\/span><\/a>G\u00e6ska Drottins, Gu\u00f0s vors, s\u00e9 me\u00f0 oss,<br \/>blessa \u00fe\u00fa verk handa vorra. <\/span> <\/p>\n","protected":false},"excerpt":{"rendered":"<p>Fj\u00f3r\u00f0a b\u00f3k 1 B\u00e6n gu\u00f0smannsins M\u00f3se. Drottinn, \u00fe\u00fa hefur veri\u00f0 oss athvarf fr\u00e1 kyni til kyns. 2\u00c1\u00f0ur en fj\u00f6llin f\u00e6ddustog j\u00f6r\u00f0in og heimurinn ur\u00f0u til,fr\u00e1 eil\u00edf\u00f0 til eil\u00edf\u00f0ar ert \u00fe\u00fa, \u00f3 Gu\u00f0. 3\u00de\u00fa l\u00e6tur manninn hverfa aftur til duftsins og segir: \u201eHverfi\u00f0 aftur, \u00fe\u00e9r mannanna b\u00f6rn.\u201c 4\u00dev\u00ed a\u00f0 \u00fe\u00fasund \u00e1r eru \u00ed \u00fe\u00ednum augum sem dagurinn \u00ed g\u00e6r, \u00feegar hann er li\u00f0inn,j\u00e1, eins og n\u00e6turvaka. 5\u00de\u00fa hr\u00edfur \u00feau burt sem \u00ed svefni,\u00feau er a\u00f0 morgni eru sem gr\u00f3andi gras. 6A\u00f0 morgni bl\u00f3mgast \u00fea\u00f0 og gr\u00e6r,a\u00f0 kv\u00f6ldi f\u00f6lnar \u00fea\u00f0 og visnar. 7V\u00e9r hverfum fyrir rei\u00f0i \u00feinni,skelfumst br\u00e6\u00f0i \u00fe\u00edna. 8\u00de\u00fa hefur sett <a href=\"https:\/\/biblian.is\/biblian\/salmarnir-90-kafli\/\"> [&#8230;]<\/a><\/p>\n","protected":false},"author":1,"featured_media":0,"parent":0,"menu_order":0,"comment_status":"open","ping_status":"open","template":"bibliukaflar_salmarnir.php","meta":{"footnotes":""},"class_list":["post-2185","page","type-page","status-publish","hentry"],"_links":{"self":[{"href":"https:\/\/biblian.is\/biblian\/wp-json\/wp\/v2\/pages\/2185","targetHints":{"allow":["GET"]}}],"collection":[{"href":"https:\/\/biblian.is\/biblian\/wp-json\/wp\/v2\/pages"}],"about":[{"href":"https:\/\/biblian.is\/biblian\/wp-json\/wp\/v2\/types\/page"}],"author":[{"embeddable":true,"href":"https:\/\/biblian.is\/biblian\/wp-json\/wp\/v2\/users\/1"}],"replies":[{"embeddable":true,"href":"https:\/\/biblian.is\/biblian\/wp-json\/wp\/v2\/comments?post=2185"}],"version-history":[{"count":0,"href":"https:\/\/biblian.is\/biblian\/wp-json\/wp\/v2\/pages\/2185\/revisions"}],"wp:attachment":[{"href":"https:\/\/biblian.is\/biblian\/wp-json\/wp\/v2\/media?parent=2185"}],"curies":[{"name":"wp","href":"https:\/\/api.w.org\/{rel}","templated":true}]}}