{"id":2184,"date":"2017-12-30T21:02:05","date_gmt":"2017-12-30T21:02:05","guid":{"rendered":"http:\/\/biblian.is\/biblian\/s%c2%87lmarnir-89-kafli\/"},"modified":"2020-05-30T18:12:51","modified_gmt":"2020-05-30T18:12:51","slug":"salmarnir-89-kafli","status":"publish","type":"page","link":"https:\/\/biblian.is\/biblian\/salmarnir-89-kafli\/","title":{"rendered":"S\u00e1lmarnir 89. kafli"},"content":{"rendered":"<p><a name=\"1\"><span class=\"versanumer_2007\">1<\/span><\/a> Etansmask\u00edl Esra\u00edta.<span class=\"nedan_mal\" title=\" Um Etan, sj\u00e1 sk\u00fdringu vi\u00f0 s\u00e1lm 42.1.\">[<\/span> <br \/> <span class=\"ljodatexti\"> <a name=\"2\"><span class=\"versanumer_ljod\">2<\/span><\/a>Um n\u00e1\u00f0arverk Drottins vil \u00e9g syngja a\u00f0 eil\u00edfu <br \/>og kunngj\u00f6ra tr\u00fafesti \u00fe\u00edna me\u00f0 munni m\u00ednum fr\u00e1 kyni til kyns.<br \/> <\/span> <span class=\"ljodatexti\"> <a name=\"3\"><span class=\"versanumer_ljod\">3<\/span><\/a>\u00dev\u00ed a\u00f0 \u00e9g segi: N\u00e1\u00f0 \u00fe\u00edn er traust a\u00f0 eil\u00edfu,<br \/>tr\u00fafesti \u00fe\u00edn grundv\u00f6llu\u00f0 \u00e1 himni.<br \/> <\/span> <span class=\"ljodatexti\"> <a name=\"4\"><span class=\"versanumer_ljod\">4<\/span><\/a>\u00c9g ger\u00f0i s\u00e1ttm\u00e1la vi\u00f0 minn \u00fatvalda,<br \/>vann Dav\u00ed\u00f0 \u00fej\u00f3ni m\u00ednum ei\u00f0:<br \/> <\/span> <span class=\"ljodatexti\"> <a name=\"5\"><span class=\"versanumer_ljod\">5<\/span><\/a>\u00c9g mun festa \u00e6tt \u00fe\u00edna \u00ed sessi a\u00f0 eil\u00edfu<br \/>og h\u00e1s\u00e6ti \u00feitt reisi \u00e9g fr\u00e1 kyni til kyns. (Sela)<br \/> <\/span> <span class=\"ljodatexti\"> <a name=\"6\"><span class=\"versanumer_ljod\">6<\/span><\/a>Himnarnir lofa d\u00e1semdarverk \u00fe\u00edn, Drottinn,<br \/>og s\u00f6fnu\u00f0ur heilagra tr\u00fafesti \u00fe\u00edna. <br \/> <\/span> <span class=\"ljodatexti\"> <a name=\"7\"><span class=\"versanumer_ljod\">7<\/span><\/a>\u00dev\u00ed a\u00f0 hver er \u00ed upph\u00e6\u00f0um jafn Drottni<br \/>og hver af gu\u00f0anna sonum <span class=\"nedan_mal\" title=\" \u00de.e. hinum himnesku hir\u00f0sveitum, sbr. Jes 6.1\u20136.2.\">[<\/span> er Drottni l\u00edkur?<br \/> <\/span> <span class=\"ljodatexti\"> <a name=\"8\"><span class=\"versanumer_ljod\">8<\/span><\/a>Gu\u00f0 er \u00f3gnvekjandi \u00ed h\u00f3pi heilagra,<br \/>meiri og \u00f3ttalegri \u00f6llum sem eru umhverfis hann.<br \/> <\/span> <span class=\"ljodatexti\"> <a name=\"9\"><span class=\"versanumer_ljod\">9<\/span><\/a>Drottinn, Gu\u00f0 hersveitanna, hver er sem \u00fe\u00fa?<br \/>\u00de\u00fa ert voldugur, Drottinn, og tr\u00fafesti \u00fe\u00edn umlykur \u00feig. <br \/> <\/span> <span class=\"ljodatexti\"> <a name=\"10\"><span class=\"versanumer_ljod\">10<\/span><\/a>\u00de\u00fa r\u00edkir yfir ofstopa hafsins,<br \/>\u00fe\u00fa l\u00e6gir r\u00edsandi \u00f6ldurnar, <br \/> <\/span> <span class=\"ljodatexti\"> <a name=\"11\"><span class=\"versanumer_ljod\">11<\/span><\/a>\u00fe\u00fa knosa\u00f0ir skr\u00edmsli\u00f0 Rahab <span class=\"nedan_mal\" title=\" Rahab t\u00e1knar Egyptaland.\">[<\/span> til dau\u00f0a <br \/>og tv\u00edstra\u00f0ir \u00f3vinum \u00fe\u00ednum me\u00f0 voldugum armi.<br \/> <\/span> <span class=\"ljodatexti\"> <a name=\"12\"><span class=\"versanumer_ljod\">12<\/span><\/a>\u00deinn er himinninn, \u00fe\u00edn er j\u00f6r\u00f0in,<br \/>\u00fe\u00fa grundvalla\u00f0ir heiminn og allt sem \u00ed honum er.<br \/> <\/span> <span class=\"ljodatexti\"> <a name=\"13\"><span class=\"versanumer_ljod\">13<\/span><\/a>Nor\u00f0ri\u00f0 og su\u00f0ri\u00f0 skapa\u00f0ir \u00fe\u00fa,<br \/>Tabor og Hermon fagna yfir nafni \u00fe\u00ednu.<br \/> <\/span> <span class=\"ljodatexti\"> <a name=\"14\"><span class=\"versanumer_ljod\">14<\/span><\/a>Armur \u00feinn er m\u00e1ttugur, h\u00f6nd \u00fe\u00edn sterk,<br \/>h\u00e6gri h\u00f6nd \u00fe\u00edn h\u00e1tt upp hafin.<br \/> <\/span> <span class=\"ljodatexti\"> <a name=\"15\"><span class=\"versanumer_ljod\">15<\/span><\/a>R\u00e9ttl\u00e6ti og r\u00e9ttv\u00edsi eru sto\u00f0ir h\u00e1s\u00e6tis \u00fe\u00edns, <br \/>miskunn og tr\u00fafesti \u00fej\u00f3na fyrir augliti \u00fe\u00ednu.<br \/> <\/span> <span class=\"ljodatexti\"> <a name=\"16\"><span class=\"versanumer_ljod\">16<\/span><\/a>S\u00e6l er s\u00fa \u00fej\u00f3\u00f0 sem kann a\u00f0 hylla \u00feig, Drottinn,<br \/>sem gengur \u00ed lj\u00f3ma auglitis \u00fe\u00edns,<br \/> <\/span> <span class=\"ljodatexti\"> <a name=\"17\"><span class=\"versanumer_ljod\">17<\/span><\/a>fagnar yfir nafni \u00fe\u00ednu hvern dag<br \/>og gle\u00f0st yfir r\u00e9ttl\u00e6ti \u00fe\u00ednu. <br \/> <\/span> <span class=\"ljodatexti\"> <a name=\"18\"><span class=\"versanumer_ljod\">18<\/span><\/a>\u00dev\u00ed a\u00f0 \u00fe\u00fa ert pr\u00fd\u00f0i hennar og m\u00e1ttur<br \/>og fyrir vel\u00fe\u00f3knun \u00fe\u00edna er horn vort hafi\u00f0.<br \/> <\/span> <span class=\"ljodatexti\"> <a name=\"19\"><span class=\"versanumer_ljod\">19<\/span><\/a>\u00dev\u00ed a\u00f0 skj\u00f6ldur vor heyrir Drottni til<br \/>og konungur vor Hinum heilaga \u00ed \u00cdsrael.<br \/> <\/span> <span class=\"ljodatexti\"> <a name=\"20\"><span class=\"versanumer_ljod\">20<\/span><\/a>\u00c1\u00f0ur fyrr tala\u00f0ir \u00fe\u00fa \u00ed s\u00fdn<br \/>til \u00feeirra sem treystu \u00fe\u00e9r og sag\u00f0ir:<br \/>\u201e\u00c9g hef sett k\u00f3r\u00f3nu \u00e1 kappa, <br \/>upphafi\u00f0 ungan mann <span class=\"nedan_mal\" title=\" \u00d6nnur hugsanleg \u00fe\u00fd\u00f0ing: \u00fatvalinn mann.\">[<\/span> af l\u00fd\u00f0num.<br \/> <\/span> <span class=\"ljodatexti\"> <a name=\"21\"><span class=\"versanumer_ljod\">21<\/span><\/a>\u00c9g fann \u00fej\u00f3n minn Dav\u00ed\u00f0,<br \/>smur\u00f0i hann me\u00f0 minni heil\u00f6gu ol\u00edu.<br \/> <\/span> <span class=\"ljodatexti\"> <a name=\"22\"><span class=\"versanumer_ljod\">22<\/span><\/a> H\u00f6nd m\u00edn mun sty\u00f0ja hann<br \/>og armur minn styrkja hann.<br \/> <\/span> <span class=\"ljodatexti\"> <a name=\"23\"><span class=\"versanumer_ljod\">23<\/span><\/a> Enginn \u00f3vinur mun yfirbuga hann<br \/>og enginn ofbeldisma\u00f0ur beygja hann,<br \/> <\/span> <span class=\"ljodatexti\"> <a name=\"24\"><span class=\"versanumer_ljod\">24<\/span><\/a> \u00ed augs\u00fdn hans mun \u00e9g brj\u00f3ta andst\u00e6\u00f0inga hans \u00e1 bak aftur,<br \/>gera \u00fat af vi\u00f0 hatursmenn hans.<br \/> <\/span> <span class=\"ljodatexti\"> <a name=\"25\"><span class=\"versanumer_ljod\">25<\/span><\/a> Tr\u00fafesti m\u00edn og miskunn skulu vera me\u00f0 honum<br \/>og vegna nafns m\u00edns mun horn hans h\u00e1tt upp hafi\u00f0.<br \/> <\/span> <span class=\"ljodatexti\"> <a name=\"26\"><span class=\"versanumer_ljod\">26<\/span><\/a> \u00c9g legg h\u00f6nd hans \u00e1 hafi\u00f0,<br \/>h\u00e6gri h\u00f6nd hans \u00e1 flj\u00f3tin.<br \/> <\/span> <span class=\"ljodatexti\"> <a name=\"27\"><span class=\"versanumer_ljod\">27<\/span><\/a> Hann mun hr\u00f3pa til m\u00edn: \u00de\u00fa ert fa\u00f0ir minn,<br \/>Gu\u00f0 minn, og klettur hj\u00e1lpr\u00e6\u00f0is m\u00edns.<br \/> <\/span> <span class=\"ljodatexti\"> <a name=\"28\"><span class=\"versanumer_ljod\">28<\/span><\/a> \u00c9g geri hann a\u00f0 frumbur\u00f0i m\u00ednum,<br \/>a\u00f0 hinum \u00e6\u00f0sta me\u00f0al konunga jar\u00f0ar.<br \/> <\/span> <span class=\"ljodatexti\"> <a name=\"29\"><span class=\"versanumer_ljod\">29<\/span><\/a> \u00c9g mun var\u00f0veita miskunn m\u00edna vi\u00f0 hann a\u00f0 eil\u00edfu,<br \/>s\u00e1ttm\u00e1li minn vi\u00f0 hann skal st\u00f6\u00f0ugur standa.<br \/> <\/span> <span class=\"ljodatexti\"> <a name=\"30\"><span class=\"versanumer_ljod\">30<\/span><\/a> \u00c9g mun vi\u00f0halda \u00e6tt hans um aldur<br \/>og h\u00e1s\u00e6ti hans me\u00f0an himinninn stendur.<br \/> <\/span> <span class=\"ljodatexti\"> <a name=\"31\"><span class=\"versanumer_ljod\">31<\/span><\/a> Hverfi synir hans fr\u00e1 l\u00f6gm\u00e1li m\u00ednu, <br \/>fylgi \u00feeir ekki reglum m\u00ednum,<br \/> <\/span> <span class=\"ljodatexti\"> <a name=\"32\"><span class=\"versanumer_ljod\">32<\/span><\/a> vanhelgi l\u00f6g m\u00edn<br \/>og haldi ekki bo\u00f0or\u00f0 m\u00edn,<br \/> <\/span> <span class=\"ljodatexti\"> <a name=\"33\"><span class=\"versanumer_ljod\">33<\/span><\/a> \u00fe\u00e1 mun \u00e9g vitja afbrota \u00feeirra me\u00f0 vendinum<br \/>og misgj\u00f6r\u00f0a \u00feeirra me\u00f0 pl\u00e1gum<br \/> <\/span> <span class=\"ljodatexti\"> <a name=\"34\"><span class=\"versanumer_ljod\">34<\/span><\/a> en miskunn m\u00edna mun \u00e9g ekki fr\u00e1 honum taka <br \/>og eigi breg\u00f0a tr\u00fafesti minni. <br \/> <\/span> <span class=\"ljodatexti\"> <a name=\"35\"><span class=\"versanumer_ljod\">35<\/span><\/a> \u00c9g mun ekki vanhelga s\u00e1ttm\u00e1la minn<br \/>og ekki taka \u00fea\u00f0 aftur sem m\u00e9r hefur af v\u00f6rum li\u00f0i\u00f0. <br \/> <\/span> <span class=\"ljodatexti\"> <a name=\"36\"><span class=\"versanumer_ljod\">36<\/span><\/a> Ei\u00f0 s\u00f3r \u00e9g vi\u00f0 heilagleika minn:<br \/>\u00c9g mun aldrei breg\u00f0ast Dav\u00ed\u00f0.<br \/> <\/span> <span class=\"ljodatexti\"> <a name=\"37\"><span class=\"versanumer_ljod\">37<\/span><\/a> \u00c6tt hans skal haldast vi\u00f0 um aldur og \u00e6vi<br \/>og h\u00e1s\u00e6ti hans sem s\u00f3lin frammi fyrir m\u00e9r,<br \/> <\/span> <span class=\"ljodatexti\"> <a name=\"38\"><span class=\"versanumer_ljod\">38<\/span><\/a> \u00fea\u00f0 skal standa a\u00f0 eil\u00edfu sem tungli\u00f0,<br \/>hi\u00f0 trausta vitni ofar sk\u00fdjum.\u201c (Sela)<br \/> <\/span> <span class=\"ljodatexti\"> <a name=\"39\"><span class=\"versanumer_ljod\">39<\/span><\/a> En n\u00fa hefur \u00fe\u00fa hafna\u00f0 \u00fe\u00ednum smur\u00f0a,<br \/>\u00fatsk\u00fafa\u00f0 honum \u00ed rei\u00f0i \u00feinni,<br \/> <\/span> <span class=\"ljodatexti\"> <a name=\"40\"><span class=\"versanumer_ljod\">40<\/span><\/a> \u00fe\u00fa hefur rift s\u00e1ttm\u00e1lanum vi\u00f0 \u00fej\u00f3n \u00feinn,<br \/>vanhelga\u00f0 k\u00f3r\u00f3nu hans og fleygt til jar\u00f0ar.<br \/> <\/span> <span class=\"ljodatexti\"> <a name=\"41\"><span class=\"versanumer_ljod\">41<\/span><\/a> \u00de\u00fa braust ni\u00f0ur alla varnarm\u00fara hans<br \/>og lag\u00f0ir virki hans \u00ed r\u00fast.<br \/> <\/span> <span class=\"ljodatexti\"> <a name=\"42\"><span class=\"versanumer_ljod\">42<\/span><\/a> Allir vegfarendur r\u00e6na hann<br \/>og grannar hans h\u00e6\u00f0a hann.<br \/> <\/span> <span class=\"ljodatexti\"> <a name=\"43\"><span class=\"versanumer_ljod\">43<\/span><\/a> \u00de\u00fa hefur hafi\u00f0 h\u00e6gri h\u00f6nd \u00f3vina hans <br \/>og glatt alla fjandmenn hans.<br \/> <\/span> <span class=\"ljodatexti\"> <a name=\"44\"><span class=\"versanumer_ljod\">44<\/span><\/a> \u00de\u00fa snerir sver\u00f0seggjum hans undan<br \/>og studdir hann ekki \u00ed str\u00ed\u00f0inu.<br \/> <\/span> <span class=\"ljodatexti\"> <a name=\"45\"><span class=\"versanumer_ljod\">45<\/span><\/a> \u00de\u00fa eyddir vegsemd hans<br \/>og steyptir h\u00e1s\u00e6ti hans til jar\u00f0ar.<br \/> <\/span> <span class=\"ljodatexti\"> <a name=\"46\"><span class=\"versanumer_ljod\">46<\/span><\/a> \u00de\u00fa hefur stytt \u00e6skudaga hans<br \/>og huli\u00f0 hann sm\u00e1n. (Sela)<br \/> <\/span> <span class=\"ljodatexti\"> <a name=\"47\"><span class=\"versanumer_ljod\">47<\/span><\/a> Hversu lengi, Drottinn, <br \/>\u00e6tlar \u00fe\u00fa a\u00f0 dyljast,<br \/>\u00e1 rei\u00f0i \u00fe\u00edn a\u00f0 loga sem eldur?<br \/> <\/span> <span class=\"ljodatexti\"> <a name=\"48\"><span class=\"versanumer_ljod\">48<\/span><\/a> Minnstu \u00feess hve \u00e6vi m\u00edn er stutt <br \/>og til hv\u00edl\u00edks f\u00e1n\u00fdtis \u00fe\u00fa hefur skapa\u00f0 mennina.<br \/> <\/span> <span class=\"ljodatexti\"> <a name=\"49\"><span class=\"versanumer_ljod\">49<\/span><\/a> Hver er s\u00e1 er lifir og s\u00e9r eigi dau\u00f0ann,<br \/>hver heimtir l\u00edf sitt \u00far greipum Heljar? (Sela)<br \/> <\/span> <span class=\"ljodatexti\"> <a name=\"50\"><span class=\"versanumer_ljod\">50<\/span><\/a> Hvar eru fyrri n\u00e1\u00f0arverk \u00fe\u00edn, Drottinn,<br \/>sem \u00fe\u00fa s\u00f3rst Dav\u00ed\u00f0 \u00ed tr\u00fafesti \u00feinni?<br \/> <\/span> <span class=\"ljodatexti\"> <a name=\"51\"><span class=\"versanumer_ljod\">51<\/span><\/a> Minnstu, Drottinn, h\u00e1\u00f0ungar \u00fej\u00f3na \u00feinna, <br \/>\u00e1 m\u00e9r hv\u00edlir h\u00e1\u00f0 margra \u00fej\u00f3\u00f0a<br \/> <\/span> <span class=\"ljodatexti\"> <a name=\"52\"><span class=\"versanumer_ljod\">52<\/span><\/a> sem fjandmenn \u00fe\u00ednir sm\u00e1nu\u00f0u \u00feig me\u00f0, Drottinn,<br \/>og vanvirtu f\u00f3tspor \u00fe\u00edns smur\u00f0a.<br \/> <\/span> <span class=\"ljodatexti\"> <a name=\"53\"><span class=\"versanumer_ljod\">53<\/span><\/a> Lofa\u00f0ur s\u00e9 Drottinn a\u00f0 eil\u00edfu.<br \/>Amen. Amen. <\/span> <\/p>\n","protected":false},"excerpt":{"rendered":"<p>1 Etansmask\u00edl Esra\u00edta.[ 2Um n\u00e1\u00f0arverk Drottins vil \u00e9g syngja a\u00f0 eil\u00edfu og kunngj\u00f6ra tr\u00fafesti \u00fe\u00edna me\u00f0 munni m\u00ednum fr\u00e1 kyni til kyns. 3\u00dev\u00ed a\u00f0 \u00e9g segi: N\u00e1\u00f0 \u00fe\u00edn er traust a\u00f0 eil\u00edfu,tr\u00fafesti \u00fe\u00edn grundv\u00f6llu\u00f0 \u00e1 himni. 4\u00c9g ger\u00f0i s\u00e1ttm\u00e1la vi\u00f0 minn \u00fatvalda,vann Dav\u00ed\u00f0 \u00fej\u00f3ni m\u00ednum ei\u00f0: 5\u00c9g mun festa \u00e6tt \u00fe\u00edna \u00ed sessi a\u00f0 eil\u00edfuog h\u00e1s\u00e6ti \u00feitt reisi \u00e9g fr\u00e1 kyni til kyns. (Sela) 6Himnarnir lofa d\u00e1semdarverk \u00fe\u00edn, Drottinn,og s\u00f6fnu\u00f0ur heilagra tr\u00fafesti \u00fe\u00edna. 7\u00dev\u00ed a\u00f0 hver er \u00ed upph\u00e6\u00f0um jafn Drottniog hver af gu\u00f0anna sonum [ er Drottni l\u00edkur? 8Gu\u00f0 er \u00f3gnvekjandi \u00ed h\u00f3pi heilagra,meiri og \u00f3ttalegri \u00f6llum sem eru <a href=\"https:\/\/biblian.is\/biblian\/salmarnir-89-kafli\/\"> [&#8230;]<\/a><\/p>\n","protected":false},"author":1,"featured_media":0,"parent":0,"menu_order":0,"comment_status":"open","ping_status":"open","template":"bibliukaflar_salmarnir.php","meta":{"footnotes":""},"class_list":["post-2184","page","type-page","status-publish","hentry"],"_links":{"self":[{"href":"https:\/\/biblian.is\/biblian\/wp-json\/wp\/v2\/pages\/2184","targetHints":{"allow":["GET"]}}],"collection":[{"href":"https:\/\/biblian.is\/biblian\/wp-json\/wp\/v2\/pages"}],"about":[{"href":"https:\/\/biblian.is\/biblian\/wp-json\/wp\/v2\/types\/page"}],"author":[{"embeddable":true,"href":"https:\/\/biblian.is\/biblian\/wp-json\/wp\/v2\/users\/1"}],"replies":[{"embeddable":true,"href":"https:\/\/biblian.is\/biblian\/wp-json\/wp\/v2\/comments?post=2184"}],"version-history":[{"count":0,"href":"https:\/\/biblian.is\/biblian\/wp-json\/wp\/v2\/pages\/2184\/revisions"}],"wp:attachment":[{"href":"https:\/\/biblian.is\/biblian\/wp-json\/wp\/v2\/media?parent=2184"}],"curies":[{"name":"wp","href":"https:\/\/api.w.org\/{rel}","templated":true}]}}