{"id":2183,"date":"2017-12-30T21:02:05","date_gmt":"2017-12-30T21:02:05","guid":{"rendered":"http:\/\/biblian.is\/biblian\/s%c2%87lmarnir-88-kafli\/"},"modified":"2020-05-30T18:12:50","modified_gmt":"2020-05-30T18:12:50","slug":"salmarnir-88-kafli","status":"publish","type":"page","link":"https:\/\/biblian.is\/biblian\/salmarnir-88-kafli\/","title":{"rendered":"S\u00e1lmarnir 88. kafli"},"content":{"rendered":"<p><a name=\"1\"><span class=\"versanumer_2007\">1<\/span><\/a> Lj\u00f3\u00f0. K\u00f3ra\u00edtas\u00e1lmur. Til s\u00f6ngstj\u00f3rans.<br \/>Syngist me\u00f0 makalatlagi. Hemansmask\u00edl Esra\u00edta. <span class=\"nedan_mal\" title=\" Um Heman, sj\u00e1 sk\u00fdringu vi\u00f0 s\u00e1lm 42.1.\">[<\/span><br \/> <span class=\"ljodatexti\"> <a name=\"2\"><span class=\"versanumer_ljod\">2<\/span><\/a>Drottinn, Gu\u00f0 hj\u00e1lpr\u00e6\u00f0is m\u00edns,<br \/>\u00e9g hr\u00f3pa til \u00fe\u00edn um daga,<br \/>um n\u00e6tur er \u00e9g frammi fyrir \u00fe\u00e9r,<br \/> <\/span> <span class=\"ljodatexti\"> <a name=\"3\"><span class=\"versanumer_ljod\">3<\/span><\/a>l\u00e1t b\u00e6n m\u00edna koma fyrir \u00feig,<br \/>hneig eyra \u00feitt a\u00f0 kveini m\u00ednu.<br \/> <\/span> <span class=\"ljodatexti\"> <a name=\"4\"><span class=\"versanumer_ljod\">4<\/span><\/a>\u00c9g er mettur af b\u00f6li,<br \/>l\u00edf mitt n\u00e1l\u00e6gist hel,<br \/> <\/span> <span class=\"ljodatexti\"> <a name=\"5\"><span class=\"versanumer_ljod\">5<\/span><\/a>\u00e9g er talinn me\u00f0 \u00feeim sem gengnir eru til grafar,<br \/>\u00e9g er sem magn\u00ferota ma\u00f0ur.<br \/> <\/span> <span class=\"ljodatexti\"> <a name=\"6\"><span class=\"versanumer_ljod\">6<\/span><\/a>M\u00e9r er fengin hv\u00edla me\u00f0al dau\u00f0ra,<br \/>eins og me\u00f0al fallinna sem liggja \u00ed gr\u00f6f<br \/>og \u00fe\u00fa minnist ekki framar<br \/>\u00fev\u00ed a\u00f0 \u00feeir eru hrifnir burt \u00far hendi \u00feinni. <br \/> <\/span> <span class=\"ljodatexti\"> <a name=\"7\"><span class=\"versanumer_ljod\">7<\/span><\/a>\u00de\u00fa hefur lagt mig \u00ed d\u00fdpstu gr\u00f6f,<br \/>\u00ed myrkasta dj\u00fapi\u00f0.<br \/> <\/span> <span class=\"ljodatexti\"> <a name=\"8\"><span class=\"versanumer_ljod\">8<\/span><\/a>Heift \u00fe\u00edn hv\u00edlir \u00feungt \u00e1 m\u00e9r<br \/>og allir bo\u00f0ar \u00fe\u00ednir skella \u00e1 m\u00e9r. (Sela)<br \/> <\/span> <span class=\"ljodatexti\"> <a name=\"9\"><span class=\"versanumer_ljod\">9<\/span><\/a>\u00de\u00fa hefur fjarl\u00e6gt vini m\u00edna fr\u00e1 m\u00e9r,<br \/>gert mig a\u00f0 vi\u00f0urstygg\u00f0 \u00ed augum \u00feeirra.<br \/>\u00c9g er loka\u00f0ur inni og kemst ekki \u00fat,<br \/> <\/span> <span class=\"ljodatexti\"> <a name=\"10\"><span class=\"versanumer_ljod\">10<\/span><\/a>augu m\u00edn eru d\u00f6pru\u00f0 af harmi.<br \/>\u00c9g \u00e1kalla \u00feig, Drottinn, dag hvern,<br \/>lyfti h\u00f6ndum m\u00ednum til \u00fe\u00edn.<br \/> <\/span> <span class=\"ljodatexti\"> <a name=\"11\"><span class=\"versanumer_ljod\">11<\/span><\/a>Gerir \u00fe\u00fa fur\u00f0uverk vegna framli\u00f0inna<br \/>e\u00f0a r\u00edsa skuggarnir \u00e1 f\u00e6tur til a\u00f0 lofa \u00feig? (Sela)<br \/> <\/span> <span class=\"ljodatexti\"> <a name=\"12\"><span class=\"versanumer_ljod\">12<\/span><\/a>Er sagt fr\u00e1 miskunn \u00feinni \u00ed gr\u00f6finni,<br \/>fr\u00e1 tr\u00fafesti \u00feinni \u00ed helju? <br \/> <\/span> <span class=\"ljodatexti\"> <a name=\"13\"><span class=\"versanumer_ljod\">13<\/span><\/a>Birtist undram\u00e1ttur \u00feinn \u00ed myrkrinu<br \/>og r\u00e9ttl\u00e6ti \u00feitt \u00ed landi gleymskunnar?<br \/> <\/span> <span class=\"ljodatexti\"> <a name=\"14\"><span class=\"versanumer_ljod\">14<\/span><\/a>En \u00e9g hr\u00f3pa til \u00fe\u00edn, Drottinn,<br \/>b\u00e6n m\u00edn berst \u00fe\u00e9r a\u00f0 morgni.<br \/> <\/span> <span class=\"ljodatexti\"> <a name=\"15\"><span class=\"versanumer_ljod\">15<\/span><\/a>Hv\u00ed \u00fatsk\u00fafar \u00fe\u00fa m\u00e9r, Drottinn,<br \/>og hylur auglit \u00feitt fyrir m\u00e9r?<br \/> <\/span> <span class=\"ljodatexti\"> <a name=\"16\"><span class=\"versanumer_ljod\">16<\/span><\/a>\u00c9g var beyg\u00f0ur og \u00ed dau\u00f0ans greipum allt fr\u00e1 \u00e6sku,<br \/>\u00e1\u00fej\u00e1n \u00fe\u00edn hv\u00edlir \u00e1 m\u00e9r, \u00e9g er \u00f6rmagna or\u00f0inn.<br \/> <\/span> <span class=\"ljodatexti\"> <a name=\"17\"><span class=\"versanumer_ljod\">17<\/span><\/a>Gl\u00f3andi heift \u00fe\u00edn gengur yfir mig,<br \/>\u00f3gnir \u00fe\u00ednar gera \u00fat af vi\u00f0 mig,<br \/> <\/span> <span class=\"ljodatexti\"> <a name=\"18\"><span class=\"versanumer_ljod\">18<\/span><\/a>\u00fe\u00e6r umlykja mig eins og v\u00f6tn allan li\u00f0langan daginn,<br \/>\u00ferengja a\u00f0 m\u00e9r \u00far \u00f6llum \u00e1ttum.<br \/> <\/span> <span class=\"ljodatexti\"> <a name=\"19\"><span class=\"versanumer_ljod\">19<\/span><\/a>\u00de\u00fa hefur gert vini m\u00edna og vandamenn fr\u00e1hverfa m\u00e9r,<br \/>myrkri\u00f0 er minn n\u00e1nasti vinur. <\/span> <\/p>\n","protected":false},"excerpt":{"rendered":"<p>1 Lj\u00f3\u00f0. K\u00f3ra\u00edtas\u00e1lmur. Til s\u00f6ngstj\u00f3rans.Syngist me\u00f0 makalatlagi. Hemansmask\u00edl Esra\u00edta. [ 2Drottinn, Gu\u00f0 hj\u00e1lpr\u00e6\u00f0is m\u00edns,\u00e9g hr\u00f3pa til \u00fe\u00edn um daga,um n\u00e6tur er \u00e9g frammi fyrir \u00fe\u00e9r, 3l\u00e1t b\u00e6n m\u00edna koma fyrir \u00feig,hneig eyra \u00feitt a\u00f0 kveini m\u00ednu. 4\u00c9g er mettur af b\u00f6li,l\u00edf mitt n\u00e1l\u00e6gist hel, 5\u00e9g er talinn me\u00f0 \u00feeim sem gengnir eru til grafar,\u00e9g er sem magn\u00ferota ma\u00f0ur. 6M\u00e9r er fengin hv\u00edla me\u00f0al dau\u00f0ra,eins og me\u00f0al fallinna sem liggja \u00ed gr\u00f6fog \u00fe\u00fa minnist ekki framar\u00fev\u00ed a\u00f0 \u00feeir eru hrifnir burt \u00far hendi \u00feinni. 7\u00de\u00fa hefur lagt mig \u00ed d\u00fdpstu gr\u00f6f,\u00ed myrkasta dj\u00fapi\u00f0. 8Heift \u00fe\u00edn hv\u00edlir \u00feungt \u00e1 m\u00e9rog allir bo\u00f0ar <a href=\"https:\/\/biblian.is\/biblian\/salmarnir-88-kafli\/\"> [&#8230;]<\/a><\/p>\n","protected":false},"author":1,"featured_media":0,"parent":0,"menu_order":0,"comment_status":"open","ping_status":"open","template":"bibliukaflar_salmarnir.php","meta":{"footnotes":""},"class_list":["post-2183","page","type-page","status-publish","hentry"],"_links":{"self":[{"href":"https:\/\/biblian.is\/biblian\/wp-json\/wp\/v2\/pages\/2183","targetHints":{"allow":["GET"]}}],"collection":[{"href":"https:\/\/biblian.is\/biblian\/wp-json\/wp\/v2\/pages"}],"about":[{"href":"https:\/\/biblian.is\/biblian\/wp-json\/wp\/v2\/types\/page"}],"author":[{"embeddable":true,"href":"https:\/\/biblian.is\/biblian\/wp-json\/wp\/v2\/users\/1"}],"replies":[{"embeddable":true,"href":"https:\/\/biblian.is\/biblian\/wp-json\/wp\/v2\/comments?post=2183"}],"version-history":[{"count":0,"href":"https:\/\/biblian.is\/biblian\/wp-json\/wp\/v2\/pages\/2183\/revisions"}],"wp:attachment":[{"href":"https:\/\/biblian.is\/biblian\/wp-json\/wp\/v2\/media?parent=2183"}],"curies":[{"name":"wp","href":"https:\/\/api.w.org\/{rel}","templated":true}]}}