{"id":2181,"date":"2017-12-30T21:02:05","date_gmt":"2017-12-30T21:02:05","guid":{"rendered":"http:\/\/biblian.is\/biblian\/s%c2%87lmarnir-86-kafli\/"},"modified":"2020-05-30T18:12:50","modified_gmt":"2020-05-30T18:12:50","slug":"salmarnir-86-kafli","status":"publish","type":"page","link":"https:\/\/biblian.is\/biblian\/salmarnir-86-kafli\/","title":{"rendered":"S\u00e1lmarnir 86. kafli"},"content":{"rendered":"<p><a name=\"1\"><span class=\"versanumer_2007\">1<\/span><\/a> B\u00e6n Dav\u00ed\u00f0s.<br \/> <span class=\"ljodatexti\"> Hneig eyra \u00feitt, Drottinn, og b\u00e6nheyr mig<br \/>\u00fev\u00ed a\u00f0 \u00e9g er hj\u00e1lparvana og snau\u00f0ur.<br \/> <\/span> <span class=\"ljodatexti\"> <a name=\"2\"><span class=\"versanumer_ljod\">2<\/span><\/a>Vernda l\u00edf mitt \u00fev\u00ed a\u00f0 \u00e9g er \u00fe\u00e9r tr\u00far.<br \/>\u00de\u00fa ert Gu\u00f0 minn,<br \/>hj\u00e1lpa \u00fej\u00f3ni \u00fe\u00ednum sem treystir \u00fe\u00e9r.<br \/> <\/span> <span class=\"ljodatexti\"> <a name=\"3\"><span class=\"versanumer_ljod\">3<\/span><\/a>Ver m\u00e9r n\u00e1\u00f0ugur, Drottinn,<br \/>\u00fev\u00ed a\u00f0 \u00e9g \u00e1kalla \u00feig allan daginn.<br \/> <\/span> <span class=\"ljodatexti\"> <a name=\"4\"><span class=\"versanumer_ljod\">4<\/span><\/a>L\u00e1t \u00fej\u00f3n \u00feinn fagna <br \/>\u00fev\u00ed a\u00f0 \u00e9g hef s\u00e1l m\u00edna til \u00fe\u00edn.<br \/> <\/span> <span class=\"ljodatexti\"> <a name=\"5\"><span class=\"versanumer_ljod\">5<\/span><\/a>\u00de\u00fa, Drottinn, ert g\u00f3\u00f0ur og f\u00fas til a\u00f0 fyrirgefa,<br \/>g\u00e6skur\u00edkur \u00f6llum sem \u00e1kalla \u00feig.<br \/> <\/span> <span class=\"ljodatexti\"> <a name=\"6\"><span class=\"versanumer_ljod\">6<\/span><\/a>Hl\u00fd\u00f0, Drottinn, \u00e1 b\u00e6n m\u00edna<br \/>og gef gaum a\u00f0 gr\u00e1tbei\u00f0ni minni.<br \/> <\/span> <span class=\"ljodatexti\"> <a name=\"7\"><span class=\"versanumer_ljod\">7<\/span><\/a>\u00deegar \u00e9g er \u00ed nau\u00f0um staddur \u00e1kalla \u00e9g \u00feig<br \/>\u00fev\u00ed a\u00f0 \u00fe\u00fa b\u00e6nheyrir mig.<br \/> <\/span> <span class=\"ljodatexti\"> <a name=\"8\"><span class=\"versanumer_ljod\">8<\/span><\/a>Enginn er sem \u00fe\u00fa me\u00f0al gu\u00f0anna, Drottinn, <br \/>og ekkert er sem verk \u00fe\u00edn.<br \/> <\/span> <span class=\"ljodatexti\"> <a name=\"9\"><span class=\"versanumer_ljod\">9<\/span><\/a>Allar \u00fej\u00f3\u00f0ir, sem \u00fe\u00fa hefur skapa\u00f0, <br \/>munu koma og falla fram fyrir \u00fe\u00e9r, Drottinn,<br \/>og tigna nafn \u00feitt<br \/> <\/span> <span class=\"ljodatexti\"> <a name=\"10\"><span class=\"versanumer_ljod\">10<\/span><\/a>\u00fev\u00ed a\u00f0 \u00fe\u00fa ert mikill og gerir undraverk,<br \/>\u00fe\u00fa einn ert Gu\u00f0.<br \/> <\/span> <span class=\"ljodatexti\"> <a name=\"11\"><span class=\"versanumer_ljod\">11<\/span><\/a>V\u00edsa m\u00e9r veg \u00feinn, Drottinn,<br \/>a\u00f0 \u00e9g gangi \u00ed sannleika \u00fe\u00ednum, <br \/>gef m\u00e9r heilt hjarta, a\u00f0 \u00e9g tigni nafn \u00feitt.<br \/> <\/span> <span class=\"ljodatexti\"> <a name=\"12\"><span class=\"versanumer_ljod\">12<\/span><\/a>\u00c9g vil \u00feakka \u00fe\u00e9r, Drottinn, Gu\u00f0 minn, af \u00f6llu hjarta<br \/>og tigna nafn \u00feitt a\u00f0 eil\u00edfu<br \/> <\/span> <span class=\"ljodatexti\"> <a name=\"13\"><span class=\"versanumer_ljod\">13<\/span><\/a>\u00fev\u00ed a\u00f0 miskunn \u00fe\u00edn er mikil vi\u00f0 mig,<br \/>\u00fe\u00fa hefur frelsa\u00f0 s\u00e1l m\u00edna fr\u00e1 dj\u00fapi heljar.<br \/> <\/span> <span class=\"ljodatexti\"> <a name=\"14\"><span class=\"versanumer_ljod\">14<\/span><\/a>Gu\u00f0, ofstopamenn r\u00e9\u00f0ust \u00e1 mig, <br \/>h\u00f3pur ofbeldismanna s\u00f3ttist eftir l\u00edfi m\u00ednu<br \/>en \u00feig h\u00f6f\u00f0u \u00feeir ekki fyrir augum. <br \/> <\/span> <span class=\"ljodatexti\"> <a name=\"15\"><span class=\"versanumer_ljod\">15<\/span><\/a>En \u00fe\u00fa, Drottinn, ert miskunnsamur og l\u00edknsamur Gu\u00f0,<br \/>\u00feolinm\u00f3\u00f0ur, g\u00e6skur\u00edkur og harla tr\u00fafastur.<br \/> <\/span> <span class=\"ljodatexti\"> <a name=\"16\"><span class=\"versanumer_ljod\">16<\/span><\/a>Sn\u00fa \u00fe\u00e9r a\u00f0 m\u00e9r og ver m\u00e9r n\u00e1\u00f0ugur,<br \/>veit \u00fej\u00f3ni \u00fe\u00ednum kraft \u00feinn<br \/>og hj\u00e1lpa syni amb\u00e1ttar \u00feinnar.<br \/> <\/span> <span class=\"ljodatexti\"> <a name=\"17\"><span class=\"versanumer_ljod\">17<\/span><\/a>Gef m\u00e9r t\u00e1kn um g\u00e6sku \u00fe\u00edna<br \/>svo a\u00f0 hatursmenn m\u00ednir horfi \u00e1 \u00fea\u00f0 sneyptir<br \/>a\u00f0 \u00fe\u00fa, Drottinn, hj\u00e1lpar m\u00e9r og huggar mig. <\/span> <\/p>\n","protected":false},"excerpt":{"rendered":"<p>1 B\u00e6n Dav\u00ed\u00f0s. Hneig eyra \u00feitt, Drottinn, og b\u00e6nheyr mig\u00fev\u00ed a\u00f0 \u00e9g er hj\u00e1lparvana og snau\u00f0ur. 2Vernda l\u00edf mitt \u00fev\u00ed a\u00f0 \u00e9g er \u00fe\u00e9r tr\u00far.\u00de\u00fa ert Gu\u00f0 minn,hj\u00e1lpa \u00fej\u00f3ni \u00fe\u00ednum sem treystir \u00fe\u00e9r. 3Ver m\u00e9r n\u00e1\u00f0ugur, Drottinn,\u00fev\u00ed a\u00f0 \u00e9g \u00e1kalla \u00feig allan daginn. 4L\u00e1t \u00fej\u00f3n \u00feinn fagna \u00fev\u00ed a\u00f0 \u00e9g hef s\u00e1l m\u00edna til \u00fe\u00edn. 5\u00de\u00fa, Drottinn, ert g\u00f3\u00f0ur og f\u00fas til a\u00f0 fyrirgefa,g\u00e6skur\u00edkur \u00f6llum sem \u00e1kalla \u00feig. 6Hl\u00fd\u00f0, Drottinn, \u00e1 b\u00e6n m\u00ednaog gef gaum a\u00f0 gr\u00e1tbei\u00f0ni minni. 7\u00deegar \u00e9g er \u00ed nau\u00f0um staddur \u00e1kalla \u00e9g \u00feig\u00fev\u00ed a\u00f0 \u00fe\u00fa b\u00e6nheyrir mig. 8Enginn er sem \u00fe\u00fa me\u00f0al gu\u00f0anna, Drottinn, og ekkert <a href=\"https:\/\/biblian.is\/biblian\/salmarnir-86-kafli\/\"> [&#8230;]<\/a><\/p>\n","protected":false},"author":1,"featured_media":0,"parent":0,"menu_order":0,"comment_status":"open","ping_status":"open","template":"bibliukaflar_salmarnir.php","meta":{"footnotes":""},"class_list":["post-2181","page","type-page","status-publish","hentry"],"_links":{"self":[{"href":"https:\/\/biblian.is\/biblian\/wp-json\/wp\/v2\/pages\/2181","targetHints":{"allow":["GET"]}}],"collection":[{"href":"https:\/\/biblian.is\/biblian\/wp-json\/wp\/v2\/pages"}],"about":[{"href":"https:\/\/biblian.is\/biblian\/wp-json\/wp\/v2\/types\/page"}],"author":[{"embeddable":true,"href":"https:\/\/biblian.is\/biblian\/wp-json\/wp\/v2\/users\/1"}],"replies":[{"embeddable":true,"href":"https:\/\/biblian.is\/biblian\/wp-json\/wp\/v2\/comments?post=2181"}],"version-history":[{"count":0,"href":"https:\/\/biblian.is\/biblian\/wp-json\/wp\/v2\/pages\/2181\/revisions"}],"wp:attachment":[{"href":"https:\/\/biblian.is\/biblian\/wp-json\/wp\/v2\/media?parent=2181"}],"curies":[{"name":"wp","href":"https:\/\/api.w.org\/{rel}","templated":true}]}}