{"id":2180,"date":"2017-12-30T21:02:05","date_gmt":"2017-12-30T21:02:05","guid":{"rendered":"http:\/\/biblian.is\/biblian\/s%c2%87lmarnir-85-kafli\/"},"modified":"2020-05-30T18:12:50","modified_gmt":"2020-05-30T18:12:50","slug":"salmarnir-85-kafli","status":"publish","type":"page","link":"https:\/\/biblian.is\/biblian\/salmarnir-85-kafli\/","title":{"rendered":"S\u00e1lmarnir 85. kafli"},"content":{"rendered":"<p><a name=\"1\"><span class=\"versanumer_2007\">1<\/span><\/a> Til s\u00f6ngstj\u00f3rans. K\u00f3ra\u00edtas\u00e1lmur.<br \/> <span class=\"ljodatexti\"> <a name=\"2\"><span class=\"versanumer_ljod\">2<\/span><\/a>Drottinn, \u00fe\u00fa hefur haft \u00fe\u00f3knun \u00e1 landi \u00fe\u00ednu, <br \/>sn\u00fai\u00f0 vi\u00f0 hag Jakobs.<br \/> <\/span> <span class=\"ljodatexti\"> <a name=\"3\"><span class=\"versanumer_ljod\">3<\/span><\/a>\u00de\u00fa hefur fyrirgefi\u00f0 misgj\u00f6r\u00f0 l\u00fd\u00f0s \u00fe\u00edns,<br \/>huli\u00f0 allar syndir hans. (Sela)<br \/> <\/span> <span class=\"ljodatexti\"> <a name=\"4\"><span class=\"versanumer_ljod\">4<\/span><\/a>\u00de\u00fa hefur sefa\u00f0 rei\u00f0i \u00fe\u00edna,<br \/>l\u00e1ti\u00f0 af gl\u00f3andi br\u00e6\u00f0i \u00feinni.<br \/> <\/span> <span class=\"ljodatexti\"> <a name=\"5\"><span class=\"versanumer_ljod\">5<\/span><\/a>R\u00e9tt oss vi\u00f0 aftur, Gu\u00f0, frelsari vor,<br \/>og l\u00e1t af gremju \u00feinni gegn oss. <br \/> <\/span> <span class=\"ljodatexti\"> <a name=\"6\"><span class=\"versanumer_ljod\">6<\/span><\/a>\u00c6tlar \u00fe\u00fa a\u00f0 vera oss rei\u00f0ur um aldur og \u00e6vi,<br \/>l\u00e1ta rei\u00f0i \u00fe\u00edna vara fr\u00e1 kyni til kyns?<br \/> <\/span> <span class=\"ljodatexti\"> <a name=\"7\"><span class=\"versanumer_ljod\">7<\/span><\/a>Vilt \u00fe\u00fa ekki l\u00e1ta oss lifna vi\u00f0 aftur<br \/>svo a\u00f0 l\u00fd\u00f0ur \u00feinn geti gla\u00f0st yfir \u00fe\u00e9r?<br \/> <\/span> <span class=\"ljodatexti\"> <a name=\"8\"><span class=\"versanumer_ljod\">8<\/span><\/a>L\u00e1t oss, Drottinn, sj\u00e1 miskunn \u00fe\u00edna<br \/>og veit oss hj\u00e1lpr\u00e6\u00f0i \u00feitt.<br \/> <\/span> <span class=\"ljodatexti\"> <a name=\"9\"><span class=\"versanumer_ljod\">9<\/span><\/a>\u00c9g vil hl\u00fd\u00f0a \u00e1 \u00fea\u00f0 sem Drottinn Gu\u00f0 talar.<br \/>Hann talar fri\u00f0 til l\u00fd\u00f0s s\u00edns og til d\u00fdrkenda sinna<br \/>og til \u00feeirra er sn\u00faa hjarta s\u00ednu til hans. <span class=\"nedan_mal\" title=\" H\u00e9r er fylgt gr\u00edsku sj\u00f6t\u00edumanna\u00fe\u00fd\u00f0ingunni.\">[<\/span> <br \/> <\/span> <span class=\"ljodatexti\"> <a name=\"10\"><span class=\"versanumer_ljod\">10<\/span><\/a>Hj\u00e1lp hans er n\u00e1l\u00e6g \u00feeim er \u00f3ttast hann<br \/>svo a\u00f0 d\u00fdr\u00f0 hans megi b\u00faa \u00ed landi voru.<br \/> <\/span> <span class=\"ljodatexti\"> <a name=\"11\"><span class=\"versanumer_ljod\">11<\/span><\/a>Elska og tr\u00fafesti m\u00e6tast,<br \/>r\u00e9ttl\u00e6ti og fri\u00f0ur kyssast.<br \/> <\/span> <span class=\"ljodatexti\"> <a name=\"12\"><span class=\"versanumer_ljod\">12<\/span><\/a>Tr\u00fafesti sprettur \u00far j\u00f6r\u00f0inni<br \/>og r\u00e9ttl\u00e6ti horfir ni\u00f0ur af himni.<br \/> <\/span> <span class=\"ljodatexti\"> <a name=\"13\"><span class=\"versanumer_ljod\">13<\/span><\/a>\u00de\u00e1 gefur Drottinn g\u00e6\u00f0i<br \/>og landi\u00f0 afur\u00f0ir.<br \/> <\/span> <span class=\"ljodatexti\"> <a name=\"14\"><span class=\"versanumer_ljod\">14<\/span><\/a>R\u00e9ttl\u00e6ti fer fyrir honum<br \/>og fri\u00f0ur fylgir skrefum hans. <\/span> <\/p>\n","protected":false},"excerpt":{"rendered":"<p>1 Til s\u00f6ngstj\u00f3rans. K\u00f3ra\u00edtas\u00e1lmur. 2Drottinn, \u00fe\u00fa hefur haft \u00fe\u00f3knun \u00e1 landi \u00fe\u00ednu, sn\u00fai\u00f0 vi\u00f0 hag Jakobs. 3\u00de\u00fa hefur fyrirgefi\u00f0 misgj\u00f6r\u00f0 l\u00fd\u00f0s \u00fe\u00edns,huli\u00f0 allar syndir hans. (Sela) 4\u00de\u00fa hefur sefa\u00f0 rei\u00f0i \u00fe\u00edna,l\u00e1ti\u00f0 af gl\u00f3andi br\u00e6\u00f0i \u00feinni. 5R\u00e9tt oss vi\u00f0 aftur, Gu\u00f0, frelsari vor,og l\u00e1t af gremju \u00feinni gegn oss. 6\u00c6tlar \u00fe\u00fa a\u00f0 vera oss rei\u00f0ur um aldur og \u00e6vi,l\u00e1ta rei\u00f0i \u00fe\u00edna vara fr\u00e1 kyni til kyns? 7Vilt \u00fe\u00fa ekki l\u00e1ta oss lifna vi\u00f0 aftursvo a\u00f0 l\u00fd\u00f0ur \u00feinn geti gla\u00f0st yfir \u00fe\u00e9r? 8L\u00e1t oss, Drottinn, sj\u00e1 miskunn \u00fe\u00ednaog veit oss hj\u00e1lpr\u00e6\u00f0i \u00feitt. 9\u00c9g vil hl\u00fd\u00f0a \u00e1 \u00fea\u00f0 sem Drottinn Gu\u00f0 talar.Hann talar <a href=\"https:\/\/biblian.is\/biblian\/salmarnir-85-kafli\/\"> [&#8230;]<\/a><\/p>\n","protected":false},"author":1,"featured_media":0,"parent":0,"menu_order":0,"comment_status":"open","ping_status":"open","template":"bibliukaflar_salmarnir.php","meta":{"footnotes":""},"class_list":["post-2180","page","type-page","status-publish","hentry"],"_links":{"self":[{"href":"https:\/\/biblian.is\/biblian\/wp-json\/wp\/v2\/pages\/2180","targetHints":{"allow":["GET"]}}],"collection":[{"href":"https:\/\/biblian.is\/biblian\/wp-json\/wp\/v2\/pages"}],"about":[{"href":"https:\/\/biblian.is\/biblian\/wp-json\/wp\/v2\/types\/page"}],"author":[{"embeddable":true,"href":"https:\/\/biblian.is\/biblian\/wp-json\/wp\/v2\/users\/1"}],"replies":[{"embeddable":true,"href":"https:\/\/biblian.is\/biblian\/wp-json\/wp\/v2\/comments?post=2180"}],"version-history":[{"count":0,"href":"https:\/\/biblian.is\/biblian\/wp-json\/wp\/v2\/pages\/2180\/revisions"}],"wp:attachment":[{"href":"https:\/\/biblian.is\/biblian\/wp-json\/wp\/v2\/media?parent=2180"}],"curies":[{"name":"wp","href":"https:\/\/api.w.org\/{rel}","templated":true}]}}