{"id":2179,"date":"2017-12-30T21:02:05","date_gmt":"2017-12-30T21:02:05","guid":{"rendered":"http:\/\/biblian.is\/biblian\/s%c2%87lmarnir-84-kafli\/"},"modified":"2020-05-30T18:12:50","modified_gmt":"2020-05-30T18:12:50","slug":"salmarnir-84-kafli","status":"publish","type":"page","link":"https:\/\/biblian.is\/biblian\/salmarnir-84-kafli\/","title":{"rendered":"S\u00e1lmarnir 84. kafli"},"content":{"rendered":"<p><a name=\"1\"><span class=\"versanumer_2007\">1<\/span><\/a> Til s\u00f6ngstj\u00f3rans. \u00c1 gitt\u00edt. K\u00f3ra\u00edtas\u00e1lmur.<br \/> <span class=\"ljodatexti\"> <a name=\"2\"><span class=\"versanumer_ljod\">2<\/span><\/a>Hversu yndislegir eru b\u00fasta\u00f0ir \u00fe\u00ednir,<br \/>Drottinn hersveitanna.<br \/> <\/span> <span class=\"ljodatexti\"> <a name=\"3\"><span class=\"versanumer_ljod\">3<\/span><\/a>S\u00e1lu m\u00edna langa\u00f0i til,<br \/>j\u00e1, h\u00fan \u00fer\u00e1\u00f0i forgar\u00f0a Drottins,<br \/>n\u00fa fagnar hjarta mitt og hold<br \/>fyrir hinum lifanda Gu\u00f0i.<br \/> <\/span> <span class=\"ljodatexti\"> <a name=\"4\"><span class=\"versanumer_ljod\">4<\/span><\/a>Jafnvel fuglinn hefur fundi\u00f0 h\u00fas <br \/>og svalan \u00e1 s\u00e9r hrei\u00f0ur<br \/>\u00fear sem h\u00fan leggur unga s\u00edna:<br \/>\u00f6lturu \u00fe\u00edn, Drottinn hersveitanna, <br \/>konungur minn og Gu\u00f0 minn.<br \/> <\/span> <span class=\"ljodatexti\"> <a name=\"5\"><span class=\"versanumer_ljod\">5<\/span><\/a>S\u00e6lir eru \u00feeir sem b\u00faa \u00ed h\u00fasi \u00fe\u00ednu,<br \/>\u00feeir munu \u00e6t\u00ed\u00f0 lofa \u00feig. (Sela)<br \/> <\/span> <span class=\"ljodatexti\"> <a name=\"6\"><span class=\"versanumer_ljod\">6<\/span><\/a>S\u00e6lir eru \u00feeir menn sem finna styrk hj\u00e1 \u00fe\u00e9r <br \/>er \u00feeir hugsa til helgig\u00f6ngu.<br \/> <\/span> <span class=\"ljodatexti\"> <a name=\"7\"><span class=\"versanumer_ljod\">7<\/span><\/a>Er \u00feeir fara um t\u00e1radalinn <br \/>breyta \u00feeir honum \u00ed vatnsr\u00edka vin<br \/>og haustregni\u00f0 f\u00e6rir honum blessun. <br \/> <\/span> <span class=\"ljodatexti\"> <a name=\"8\"><span class=\"versanumer_ljod\">8<\/span><\/a>\u00deeim eykst \u00e6 kraftur \u00e1 g\u00f6ngunni <br \/>og f\u00e1 a\u00f0 l\u00edta Gu\u00f0 \u00e1 S\u00edon.<br \/> <\/span> <span class=\"ljodatexti\"> <a name=\"9\"><span class=\"versanumer_ljod\">9<\/span><\/a>Drottinn, Gu\u00f0 hersveitanna, heyr b\u00e6n m\u00edna,<br \/>hl\u00fd\u00f0 \u00e1 hana, Jakobs Gu\u00f0. (Sela)<br \/> <\/span> <span class=\"ljodatexti\"> <a name=\"10\"><span class=\"versanumer_ljod\">10<\/span><\/a>Gu\u00f0, skj\u00f6ldur vor, sj\u00e1<br \/>og l\u00edt \u00e1 auglit \u00fe\u00edns smur\u00f0a. <br \/> <\/span> <span class=\"ljodatexti\"> <a name=\"11\"><span class=\"versanumer_ljod\">11<\/span><\/a>\u00dev\u00ed a\u00f0 einn dagur \u00ed forg\u00f6r\u00f0um \u00fe\u00ednum<br \/>er betri en \u00fe\u00fasund a\u00f0rir. <br \/>Heldur vil \u00e9g standa vi\u00f0 \u00fer\u00f6skuldinn \u00ed h\u00fasi Gu\u00f0s m\u00edns <br \/>en dveljast \u00ed tj\u00f6ldum \u00f3gu\u00f0legra.<br \/> <\/span> <span class=\"ljodatexti\"> <a name=\"12\"><span class=\"versanumer_ljod\">12<\/span><\/a>\u00dev\u00ed a\u00f0 Drottinn Gu\u00f0 er s\u00f3l og skj\u00f6ldur,<br \/>n\u00e1\u00f0 og vegsemd veitir Drottinn <br \/>og synjar \u00feeim engra g\u00e6\u00f0a<br \/>sem ganga \u00ed grandvarleik. <br \/> <\/span> <span class=\"ljodatexti\"> <a name=\"13\"><span class=\"versanumer_ljod\">13<\/span><\/a>Drottinn hersveitanna,<br \/>s\u00e6ll er s\u00e1 ma\u00f0ur sem treystir \u00fe\u00e9r. <\/span> <\/p>\n","protected":false},"excerpt":{"rendered":"<p>1 Til s\u00f6ngstj\u00f3rans. \u00c1 gitt\u00edt. K\u00f3ra\u00edtas\u00e1lmur. 2Hversu yndislegir eru b\u00fasta\u00f0ir \u00fe\u00ednir,Drottinn hersveitanna. 3S\u00e1lu m\u00edna langa\u00f0i til,j\u00e1, h\u00fan \u00fer\u00e1\u00f0i forgar\u00f0a Drottins,n\u00fa fagnar hjarta mitt og holdfyrir hinum lifanda Gu\u00f0i. 4Jafnvel fuglinn hefur fundi\u00f0 h\u00fas og svalan \u00e1 s\u00e9r hrei\u00f0ur\u00fear sem h\u00fan leggur unga s\u00edna:\u00f6lturu \u00fe\u00edn, Drottinn hersveitanna, konungur minn og Gu\u00f0 minn. 5S\u00e6lir eru \u00feeir sem b\u00faa \u00ed h\u00fasi \u00fe\u00ednu,\u00feeir munu \u00e6t\u00ed\u00f0 lofa \u00feig. (Sela) 6S\u00e6lir eru \u00feeir menn sem finna styrk hj\u00e1 \u00fe\u00e9r er \u00feeir hugsa til helgig\u00f6ngu. 7Er \u00feeir fara um t\u00e1radalinn breyta \u00feeir honum \u00ed vatnsr\u00edka vinog haustregni\u00f0 f\u00e6rir honum blessun. 8\u00deeim eykst \u00e6 kraftur \u00e1 g\u00f6ngunni og <a href=\"https:\/\/biblian.is\/biblian\/salmarnir-84-kafli\/\"> [&#8230;]<\/a><\/p>\n","protected":false},"author":1,"featured_media":0,"parent":0,"menu_order":0,"comment_status":"open","ping_status":"open","template":"bibliukaflar_salmarnir.php","meta":{"footnotes":""},"class_list":["post-2179","page","type-page","status-publish","hentry"],"_links":{"self":[{"href":"https:\/\/biblian.is\/biblian\/wp-json\/wp\/v2\/pages\/2179","targetHints":{"allow":["GET"]}}],"collection":[{"href":"https:\/\/biblian.is\/biblian\/wp-json\/wp\/v2\/pages"}],"about":[{"href":"https:\/\/biblian.is\/biblian\/wp-json\/wp\/v2\/types\/page"}],"author":[{"embeddable":true,"href":"https:\/\/biblian.is\/biblian\/wp-json\/wp\/v2\/users\/1"}],"replies":[{"embeddable":true,"href":"https:\/\/biblian.is\/biblian\/wp-json\/wp\/v2\/comments?post=2179"}],"version-history":[{"count":0,"href":"https:\/\/biblian.is\/biblian\/wp-json\/wp\/v2\/pages\/2179\/revisions"}],"wp:attachment":[{"href":"https:\/\/biblian.is\/biblian\/wp-json\/wp\/v2\/media?parent=2179"}],"curies":[{"name":"wp","href":"https:\/\/api.w.org\/{rel}","templated":true}]}}