{"id":2178,"date":"2017-12-30T21:02:05","date_gmt":"2017-12-30T21:02:05","guid":{"rendered":"http:\/\/biblian.is\/biblian\/s%c2%87lmarnir-83-kafli\/"},"modified":"2020-05-30T18:12:49","modified_gmt":"2020-05-30T18:12:49","slug":"salmarnir-83-kafli","status":"publish","type":"page","link":"https:\/\/biblian.is\/biblian\/salmarnir-83-kafli\/","title":{"rendered":"S\u00e1lmarnir 83. kafli"},"content":{"rendered":"<p><a name=\"1\"><span class=\"versanumer_2007\">1<\/span><\/a> Lj\u00f3\u00f0. Asafss\u00e1lmur.<br \/> <span class=\"ljodatexti\"> <a name=\"2\"><span class=\"versanumer_ljod\">2<\/span><\/a>Gu\u00f0, ver eigi hlj\u00f3\u00f0ur,<br \/>ver eigi \u00fe\u00f6gull, \u00f3 Gu\u00f0, n\u00e9 a\u00f0ger\u00f0alaus.<br \/> <\/span> <span class=\"ljodatexti\"> <a name=\"3\"><span class=\"versanumer_ljod\">3<\/span><\/a>\u00dev\u00ed sj\u00e1, \u00f3vinir \u00fe\u00ednir gera hark<br \/>og hatursmenn \u00fe\u00ednir reigja sig.<br \/> <\/span> <span class=\"ljodatexti\"> <a name=\"4\"><span class=\"versanumer_ljod\">4<\/span><\/a>\u00deeir sitja \u00e1 svikr\u00e1\u00f0um vi\u00f0 l\u00fd\u00f0 \u00feinn,<br \/>leggja \u00e1 r\u00e1\u00f0in gegn \u00feeim sem \u00fe\u00fa verndar.<br \/> <\/span> <span class=\"ljodatexti\"> <a name=\"5\"><span class=\"versanumer_ljod\">5<\/span><\/a>\u00deeir segja: \u201eKomi\u00f0. V\u00e9r skulum afm\u00e1 \u00fe\u00e1 sem \u00fej\u00f3\u00f0<br \/>svo a\u00f0 nafns \u00cdsraels ver\u00f0i ekki framar minnst.\u201c<br \/> <\/span> <span class=\"ljodatexti\"> <a name=\"6\"><span class=\"versanumer_ljod\">6<\/span><\/a>\u00deeir voru einhuga um r\u00e1\u00f0ager\u00f0 s\u00edna<br \/>og ger\u00f0u bandalag gegn \u00fe\u00e9r:<br \/> <\/span> <span class=\"ljodatexti\"> <a name=\"7\"><span class=\"versanumer_ljod\">7<\/span><\/a>Ed\u00f3m\u00edtar og \u00cdsmael\u00edtar,<br \/>M\u00f3ab\u00edtar og Hagr\u00edtar,<br \/> <\/span> <span class=\"ljodatexti\"> <a name=\"8\"><span class=\"versanumer_ljod\">8<\/span><\/a>Gebal og Amm\u00f3n og Amalek,<br \/>Filistear \u00e1samt T\u00fdrusb\u00faum.<br \/> <\/span> <span class=\"ljodatexti\"> <a name=\"9\"><span class=\"versanumer_ljod\">9<\/span><\/a>Ass\u00far sameinast \u00feeim einnig<br \/>og sty\u00f0ur Lots ni\u00f0ja me\u00f0 armi s\u00ednum.<br \/> <\/span> <span class=\"ljodatexti\"> <a name=\"10\"><span class=\"versanumer_ljod\">10<\/span><\/a>Far\u00f0u me\u00f0 \u00fe\u00e1 eins og Mid\u00edan,<br \/>eins og S\u00edsera, eins og Jab\u00edn vi\u00f0 K\u00edsonl\u00e6k,<br \/> <\/span> <span class=\"ljodatexti\"> <a name=\"11\"><span class=\"versanumer_ljod\">11<\/span><\/a>\u00feeim var gereytt vi\u00f0 End\u00f3r,<br \/>\u00feeir ur\u00f0u \u00e1bur\u00f0ur \u00e1 j\u00f6r\u00f0ina.<br \/> <\/span> <span class=\"ljodatexti\"> <a name=\"12\"><span class=\"versanumer_ljod\">12<\/span><\/a>Far\u00f0u me\u00f0 lei\u00f0toga \u00feeirra eins og \u00d3reb og Seeb,<br \/>alla h\u00f6f\u00f0ingja \u00feeirra eins og Seba og Salm\u00fana<br \/> <\/span> <span class=\"ljodatexti\"> <a name=\"13\"><span class=\"versanumer_ljod\">13<\/span><\/a>sem s\u00f6g\u00f0u: \u201eV\u00e9r skulum vinna haglendi Gu\u00f0s.\u201c<br \/> <\/span> <span class=\"ljodatexti\"> <a name=\"14\"><span class=\"versanumer_ljod\">14<\/span><\/a>Gu\u00f0 minn, ger \u00fe\u00e1 sem skr\u00e6lna\u00f0a \u00feistla,<br \/>sem h\u00e1lmleggi fyrir vindi.<br \/> <\/span> <span class=\"ljodatexti\"> <a name=\"15\"><span class=\"versanumer_ljod\">15<\/span><\/a>Eins og eldur, sem brennir sk\u00f3ginn,<br \/>og logi, sem sv\u00ed\u00f0ur fj\u00f6llin,<br \/> <\/span> <span class=\"ljodatexti\"> <a name=\"16\"><span class=\"versanumer_ljod\">16<\/span><\/a>svo skaltu elta \u00fe\u00e1 me\u00f0 ofvi\u00f0ri \u00fe\u00ednu,<br \/>skelfa \u00fe\u00e1 me\u00f0 fellibyl \u00fe\u00ednum.<br \/> <\/span> <span class=\"ljodatexti\"> <a name=\"17\"><span class=\"versanumer_ljod\">17<\/span><\/a>L\u00e1t andlit \u00feeirra ro\u00f0na af sk\u00f6mm<br \/>svo a\u00f0 \u00feeir leiti nafns \u00fe\u00edns, Drottinn.<br \/> <\/span> <span class=\"ljodatexti\"> <a name=\"18\"><span class=\"versanumer_ljod\">18<\/span><\/a>L\u00e1t \u00fe\u00e1 ver\u00f0a til skammar og skelfast um aldur,<br \/>l\u00e1t \u00fe\u00e1 tort\u00edmast me\u00f0 sk\u00f6mm<br \/> <\/span> <span class=\"ljodatexti\"> <a name=\"19\"><span class=\"versanumer_ljod\">19<\/span><\/a>svo a\u00f0 \u00feeir j\u00e1ti a\u00f0 \u00fe\u00fa, sem ber\u00f0 nafni\u00f0 Drottinn,<br \/>\u00fe\u00fa einn ert Hinn h\u00e6sti yfir allri j\u00f6r\u00f0inni. <\/span> <\/p>\n","protected":false},"excerpt":{"rendered":"<p>1 Lj\u00f3\u00f0. Asafss\u00e1lmur. 2Gu\u00f0, ver eigi hlj\u00f3\u00f0ur,ver eigi \u00fe\u00f6gull, \u00f3 Gu\u00f0, n\u00e9 a\u00f0ger\u00f0alaus. 3\u00dev\u00ed sj\u00e1, \u00f3vinir \u00fe\u00ednir gera harkog hatursmenn \u00fe\u00ednir reigja sig. 4\u00deeir sitja \u00e1 svikr\u00e1\u00f0um vi\u00f0 l\u00fd\u00f0 \u00feinn,leggja \u00e1 r\u00e1\u00f0in gegn \u00feeim sem \u00fe\u00fa verndar. 5\u00deeir segja: \u201eKomi\u00f0. V\u00e9r skulum afm\u00e1 \u00fe\u00e1 sem \u00fej\u00f3\u00f0svo a\u00f0 nafns \u00cdsraels ver\u00f0i ekki framar minnst.\u201c 6\u00deeir voru einhuga um r\u00e1\u00f0ager\u00f0 s\u00ednaog ger\u00f0u bandalag gegn \u00fe\u00e9r: 7Ed\u00f3m\u00edtar og \u00cdsmael\u00edtar,M\u00f3ab\u00edtar og Hagr\u00edtar, 8Gebal og Amm\u00f3n og Amalek,Filistear \u00e1samt T\u00fdrusb\u00faum. 9Ass\u00far sameinast \u00feeim einnigog sty\u00f0ur Lots ni\u00f0ja me\u00f0 armi s\u00ednum. 10Far\u00f0u me\u00f0 \u00fe\u00e1 eins og Mid\u00edan,eins og S\u00edsera, eins og Jab\u00edn vi\u00f0 K\u00edsonl\u00e6k, 11\u00feeim var <a href=\"https:\/\/biblian.is\/biblian\/salmarnir-83-kafli\/\"> [&#8230;]<\/a><\/p>\n","protected":false},"author":1,"featured_media":0,"parent":0,"menu_order":0,"comment_status":"open","ping_status":"open","template":"bibliukaflar_salmarnir.php","meta":{"footnotes":""},"class_list":["post-2178","page","type-page","status-publish","hentry"],"_links":{"self":[{"href":"https:\/\/biblian.is\/biblian\/wp-json\/wp\/v2\/pages\/2178","targetHints":{"allow":["GET"]}}],"collection":[{"href":"https:\/\/biblian.is\/biblian\/wp-json\/wp\/v2\/pages"}],"about":[{"href":"https:\/\/biblian.is\/biblian\/wp-json\/wp\/v2\/types\/page"}],"author":[{"embeddable":true,"href":"https:\/\/biblian.is\/biblian\/wp-json\/wp\/v2\/users\/1"}],"replies":[{"embeddable":true,"href":"https:\/\/biblian.is\/biblian\/wp-json\/wp\/v2\/comments?post=2178"}],"version-history":[{"count":0,"href":"https:\/\/biblian.is\/biblian\/wp-json\/wp\/v2\/pages\/2178\/revisions"}],"wp:attachment":[{"href":"https:\/\/biblian.is\/biblian\/wp-json\/wp\/v2\/media?parent=2178"}],"curies":[{"name":"wp","href":"https:\/\/api.w.org\/{rel}","templated":true}]}}