{"id":2177,"date":"2017-12-30T21:02:00","date_gmt":"2017-12-30T21:02:00","guid":{"rendered":"http:\/\/biblian.is\/biblian\/s%c2%87lmarnir-82-kafli\/"},"modified":"2020-05-30T18:12:49","modified_gmt":"2020-05-30T18:12:49","slug":"salmarnir-82-kafli","status":"publish","type":"page","link":"https:\/\/biblian.is\/biblian\/salmarnir-82-kafli\/","title":{"rendered":"S\u00e1lmarnir 82. kafli"},"content":{"rendered":"<p><a name=\"1\"><span class=\"versanumer_2007\">1<\/span><\/a> Asafss\u00e1lmur.<br \/> <span class=\"ljodatexti\"> Gu\u00f0 stendur \u00e1 gu\u00f0a\u00feingi, <br \/>hann heldur d\u00f3m me\u00f0al gu\u00f0anna.<br \/> <\/span> <span class=\"ljodatexti\"> <a name=\"2\"><span class=\"versanumer_ljod\">2<\/span><\/a>\u201eHve lengi \u00e6tli\u00f0 \u00fe\u00e9r a\u00f0 d\u00e6ma ranglega<br \/>og draga taum \u00f3gu\u00f0legra? (Sela)<br \/> <\/span> <span class=\"ljodatexti\"> <a name=\"3\"><span class=\"versanumer_ljod\">3<\/span><\/a>Reki\u00f0 r\u00e9ttar b\u00e1gstaddra og f\u00f6\u00f0urlausra,<br \/>l\u00e1ti\u00f0 \u00fej\u00e1\u00f0a og snau\u00f0a n\u00e1 r\u00e9tti s\u00ednum,<br \/> <\/span> <span class=\"ljodatexti\"> <a name=\"4\"><span class=\"versanumer_ljod\">4<\/span><\/a>bjargi\u00f0 b\u00e1gst\u00f6ddum og snau\u00f0um,<br \/>frelsi\u00f0 \u00fe\u00e1 \u00far hendi \u00f3gu\u00f0legra.\u201c<br \/> <\/span> <span class=\"ljodatexti\"> <a name=\"5\"><span class=\"versanumer_ljod\">5<\/span><\/a>\u00deeir hafa hvorki skyn n\u00e9 skilning,<br \/>\u00feeir r\u00e1fa \u00ed myrkri.<br \/>Allar undirst\u00f6\u00f0ur jar\u00f0ar ri\u00f0a. <br \/> <\/span> <span class=\"ljodatexti\"> <a name=\"6\"><span class=\"versanumer_ljod\">6<\/span><\/a>\u00c9g sag\u00f0i: \u201e\u00de\u00e9r eru\u00f0 gu\u00f0ir,<br \/>allir saman synir Hins h\u00e6sta<br \/> <\/span> <span class=\"ljodatexti\"> <a name=\"7\"><span class=\"versanumer_ljod\">7<\/span><\/a>en samt munu\u00f0 \u00fe\u00e9r deyja sem menn,<br \/>falla sem einn af h\u00f6f\u00f0ingjunum.\u201c<br \/> <\/span> <span class=\"ljodatexti\"> <a name=\"8\"><span class=\"versanumer_ljod\">8<\/span><\/a>R\u00eds upp, Gu\u00f0, d\u00e6m \u00fe\u00fa j\u00f6r\u00f0ina<br \/>\u00fev\u00ed a\u00f0 allar \u00fej\u00f3\u00f0ir eru eign \u00fe\u00edn. <\/span> <\/p>\n","protected":false},"excerpt":{"rendered":"<p>1 Asafss\u00e1lmur. Gu\u00f0 stendur \u00e1 gu\u00f0a\u00feingi, hann heldur d\u00f3m me\u00f0al gu\u00f0anna. 2\u201eHve lengi \u00e6tli\u00f0 \u00fe\u00e9r a\u00f0 d\u00e6ma ranglegaog draga taum \u00f3gu\u00f0legra? (Sela) 3Reki\u00f0 r\u00e9ttar b\u00e1gstaddra og f\u00f6\u00f0urlausra,l\u00e1ti\u00f0 \u00fej\u00e1\u00f0a og snau\u00f0a n\u00e1 r\u00e9tti s\u00ednum, 4bjargi\u00f0 b\u00e1gst\u00f6ddum og snau\u00f0um,frelsi\u00f0 \u00fe\u00e1 \u00far hendi \u00f3gu\u00f0legra.\u201c 5\u00deeir hafa hvorki skyn n\u00e9 skilning,\u00feeir r\u00e1fa \u00ed myrkri.Allar undirst\u00f6\u00f0ur jar\u00f0ar ri\u00f0a. 6\u00c9g sag\u00f0i: \u201e\u00de\u00e9r eru\u00f0 gu\u00f0ir,allir saman synir Hins h\u00e6sta 7en samt munu\u00f0 \u00fe\u00e9r deyja sem menn,falla sem einn af h\u00f6f\u00f0ingjunum.\u201c 8R\u00eds upp, Gu\u00f0, d\u00e6m \u00fe\u00fa j\u00f6r\u00f0ina\u00fev\u00ed a\u00f0 allar \u00fej\u00f3\u00f0ir eru eign \u00fe\u00edn.<\/p>\n","protected":false},"author":1,"featured_media":0,"parent":0,"menu_order":0,"comment_status":"open","ping_status":"open","template":"bibliukaflar_salmarnir.php","meta":{"footnotes":""},"class_list":["post-2177","page","type-page","status-publish","hentry"],"_links":{"self":[{"href":"https:\/\/biblian.is\/biblian\/wp-json\/wp\/v2\/pages\/2177","targetHints":{"allow":["GET"]}}],"collection":[{"href":"https:\/\/biblian.is\/biblian\/wp-json\/wp\/v2\/pages"}],"about":[{"href":"https:\/\/biblian.is\/biblian\/wp-json\/wp\/v2\/types\/page"}],"author":[{"embeddable":true,"href":"https:\/\/biblian.is\/biblian\/wp-json\/wp\/v2\/users\/1"}],"replies":[{"embeddable":true,"href":"https:\/\/biblian.is\/biblian\/wp-json\/wp\/v2\/comments?post=2177"}],"version-history":[{"count":0,"href":"https:\/\/biblian.is\/biblian\/wp-json\/wp\/v2\/pages\/2177\/revisions"}],"wp:attachment":[{"href":"https:\/\/biblian.is\/biblian\/wp-json\/wp\/v2\/media?parent=2177"}],"curies":[{"name":"wp","href":"https:\/\/api.w.org\/{rel}","templated":true}]}}