{"id":2175,"date":"2017-12-30T21:02:00","date_gmt":"2017-12-30T21:02:00","guid":{"rendered":"http:\/\/biblian.is\/biblian\/s%c2%87lmarnir-80-kafli\/"},"modified":"2020-05-30T18:12:49","modified_gmt":"2020-05-30T18:12:49","slug":"salmarnir-80-kafli","status":"publish","type":"page","link":"https:\/\/biblian.is\/biblian\/salmarnir-80-kafli\/","title":{"rendered":"S\u00e1lmarnir 80. kafli"},"content":{"rendered":"<p><a name=\"1\"><span class=\"versanumer_2007\">1<\/span><\/a> Til s\u00f6ngstj\u00f3rans. Liljulag. Asafsvitnisbur\u00f0ur. S\u00e1lmur.<br \/> <span class=\"ljodatexti\"> <a name=\"2\"><span class=\"versanumer_ljod\">2<\/span><\/a>Hir\u00f0ir \u00cdsraels, hl\u00fd\u00f0 \u00e1,<br \/>\u00fe\u00fa, sem lei\u00f0ir J\u00f3sef eins og hj\u00f6r\u00f0.<br \/>\u00de\u00fa, sem r\u00edkir yfir ker\u00fabunum,<br \/>birst \u00fe\u00fa \u00ed geislad\u00fdr\u00f0 <br \/> <\/span> <span class=\"ljodatexti\"> <a name=\"3\"><span class=\"versanumer_ljod\">3<\/span><\/a>fyrir Efra\u00edm, Benjam\u00edn og Manasse.<br \/>Vek upp kraft \u00feinn<br \/>og skunda oss til hj\u00e1lpar.<br \/> <\/span> <span class=\"ljodatexti\"> <a name=\"4\"><span class=\"versanumer_ljod\">4<\/span><\/a>Gu\u00f0, reis oss a\u00f0 n\u00fdju,<br \/>l\u00e1t \u00e1sj\u00f3nu \u00fe\u00edna l\u00fdsa, a\u00f0 v\u00e9r frelsumst. <br \/> <\/span> <span class=\"ljodatexti\"> <a name=\"5\"><span class=\"versanumer_ljod\">5<\/span><\/a>Drottinn, Gu\u00f0 hersveitanna,<br \/>hve lengi varir rei\u00f0i \u00fe\u00edn <br \/>me\u00f0an l\u00fd\u00f0ur \u00feinn bi\u00f0ur? <br \/> <\/span> <span class=\"ljodatexti\"> <a name=\"6\"><span class=\"versanumer_ljod\">6<\/span><\/a>\u00de\u00fa gafst \u00feeim t\u00e1rabrau\u00f0 a\u00f0 eta,<br \/>f\u00e6r\u00f0ir \u00feeim gn\u00e6g\u00f0 t\u00e1ra a\u00f0 drekka. <br \/> <\/span> <span class=\"ljodatexti\"> <a name=\"7\"><span class=\"versanumer_ljod\">7<\/span><\/a>\u00de\u00fa ger\u00f0ir oss a\u00f0 \u00fer\u00e6tuefni granna vorra<br \/>og fjandmenn vorir sm\u00e1nu\u00f0u oss.<br \/> <\/span> <span class=\"ljodatexti\"> <a name=\"8\"><span class=\"versanumer_ljod\">8<\/span><\/a>Gu\u00f0 hersveitanna, reis oss a\u00f0 n\u00fdju,<br \/>l\u00e1t \u00e1sj\u00f3nu \u00fe\u00edna l\u00fdsa, a\u00f0 v\u00e9r frelsumst.<br \/> <\/span> <span class=\"ljodatexti\"> <a name=\"9\"><span class=\"versanumer_ljod\">9<\/span><\/a>\u00de\u00fa reifst upp v\u00ednvi\u00f0 \u00ed Egyptalandi,<br \/>st\u00f6kktir burt \u00fej\u00f3\u00f0um og gr\u00f3\u00f0ursettir hann,<br \/> <\/span> <span class=\"ljodatexti\"> <a name=\"10\"><span class=\"versanumer_ljod\">10<\/span><\/a>\u00fe\u00fa r\u00fdmdir til fyrir honum, <br \/>hann festi r\u00e6tur og fyllti landi\u00f0.<br \/> <\/span> <span class=\"ljodatexti\"> <a name=\"11\"><span class=\"versanumer_ljod\">11<\/span><\/a>Fj\u00f6llin huldust \u00ed skugga hans<br \/>og sedrustr\u00e9 Gu\u00f0s af greinum hans.<br \/> <\/span> <span class=\"ljodatexti\"> <a name=\"12\"><span class=\"versanumer_ljod\">12<\/span><\/a>Hann breiddi \u00fat \u00e1lmur s\u00ednar til hafsins<br \/>og teinunga s\u00edna til flj\u00f3tsins.<br \/> <\/span> <span class=\"ljodatexti\"> <a name=\"13\"><span class=\"versanumer_ljod\">13<\/span><\/a>Hv\u00ed braustu varnarvegginn um hann<br \/>svo a\u00f0 allir vegfarendur g\u00e1tu t\u00ednt \u00e1vextina?<br \/> <\/span> <span class=\"ljodatexti\"> <a name=\"14\"><span class=\"versanumer_ljod\">14<\/span><\/a>Sk\u00f3gargeltir n\u00f6gu\u00f0u hann<br \/>og d\u00fdr merkurinnar bitu hann.<br \/> <\/span> <span class=\"ljodatexti\"> <a name=\"15\"><span class=\"versanumer_ljod\">15<\/span><\/a>Gu\u00f0 hersveitanna, sn\u00fa\u00f0u aftur,<br \/>l\u00edt af himni ofan og sj\u00e1,<br \/>vernda\u00f0u \u00feennan v\u00ednvi\u00f0,<br \/> <\/span> <span class=\"ljodatexti\"> <a name=\"16\"><span class=\"versanumer_ljod\">16<\/span><\/a>\u00feennan teinung sem h\u00e6gri h\u00f6nd \u00fe\u00edn gr\u00f3\u00f0ursetti. <br \/> <\/span> <span class=\"ljodatexti\"> <a name=\"17\"><span class=\"versanumer_ljod\">17<\/span><\/a>\u00deeir brenndu hann og hjuggu,<br \/>l\u00e1t \u00fe\u00e1 farast fyrir \u00f3gnandi augliti \u00fe\u00ednu. <br \/> <\/span> <span class=\"ljodatexti\"> <a name=\"18\"><span class=\"versanumer_ljod\">18<\/span><\/a>H\u00f6nd \u00fe\u00edn hv\u00edli yfir manninum \u00fe\u00e9r til h\u00e6gri handar, <br \/>mannssyninum sem \u00f3x a\u00f0 styrk hj\u00e1 \u00fe\u00e9r.<br \/> <\/span> <span class=\"ljodatexti\"> <a name=\"19\"><span class=\"versanumer_ljod\">19<\/span><\/a>En v\u00e9r munum ekki v\u00edkja fr\u00e1 \u00fe\u00e9r.<br \/>Gef oss l\u00edf og v\u00e9r munum \u00e1kalla nafn \u00feitt.<br \/> <\/span> <span class=\"ljodatexti\"> <a name=\"20\"><span class=\"versanumer_ljod\">20<\/span><\/a>Drottinn, Gu\u00f0 hersveitanna, reis oss a\u00f0 n\u00fdju,<br \/>l\u00e1t \u00e1sj\u00f3nu \u00fe\u00edna l\u00fdsa, a\u00f0 v\u00e9r frelsumst. <\/span> <\/p>\n","protected":false},"excerpt":{"rendered":"<p>1 Til s\u00f6ngstj\u00f3rans. Liljulag. Asafsvitnisbur\u00f0ur. S\u00e1lmur. 2Hir\u00f0ir \u00cdsraels, hl\u00fd\u00f0 \u00e1,\u00fe\u00fa, sem lei\u00f0ir J\u00f3sef eins og hj\u00f6r\u00f0.\u00de\u00fa, sem r\u00edkir yfir ker\u00fabunum,birst \u00fe\u00fa \u00ed geislad\u00fdr\u00f0 3fyrir Efra\u00edm, Benjam\u00edn og Manasse.Vek upp kraft \u00feinnog skunda oss til hj\u00e1lpar. 4Gu\u00f0, reis oss a\u00f0 n\u00fdju,l\u00e1t \u00e1sj\u00f3nu \u00fe\u00edna l\u00fdsa, a\u00f0 v\u00e9r frelsumst. 5Drottinn, Gu\u00f0 hersveitanna,hve lengi varir rei\u00f0i \u00fe\u00edn me\u00f0an l\u00fd\u00f0ur \u00feinn bi\u00f0ur? 6\u00de\u00fa gafst \u00feeim t\u00e1rabrau\u00f0 a\u00f0 eta,f\u00e6r\u00f0ir \u00feeim gn\u00e6g\u00f0 t\u00e1ra a\u00f0 drekka. 7\u00de\u00fa ger\u00f0ir oss a\u00f0 \u00fer\u00e6tuefni granna vorraog fjandmenn vorir sm\u00e1nu\u00f0u oss. 8Gu\u00f0 hersveitanna, reis oss a\u00f0 n\u00fdju,l\u00e1t \u00e1sj\u00f3nu \u00fe\u00edna l\u00fdsa, a\u00f0 v\u00e9r frelsumst. 9\u00de\u00fa reifst upp v\u00ednvi\u00f0 \u00ed Egyptalandi,st\u00f6kktir burt \u00fej\u00f3\u00f0um og <a href=\"https:\/\/biblian.is\/biblian\/salmarnir-80-kafli\/\"> [&#8230;]<\/a><\/p>\n","protected":false},"author":1,"featured_media":0,"parent":0,"menu_order":0,"comment_status":"open","ping_status":"open","template":"bibliukaflar_salmarnir.php","meta":{"footnotes":""},"class_list":["post-2175","page","type-page","status-publish","hentry"],"_links":{"self":[{"href":"https:\/\/biblian.is\/biblian\/wp-json\/wp\/v2\/pages\/2175","targetHints":{"allow":["GET"]}}],"collection":[{"href":"https:\/\/biblian.is\/biblian\/wp-json\/wp\/v2\/pages"}],"about":[{"href":"https:\/\/biblian.is\/biblian\/wp-json\/wp\/v2\/types\/page"}],"author":[{"embeddable":true,"href":"https:\/\/biblian.is\/biblian\/wp-json\/wp\/v2\/users\/1"}],"replies":[{"embeddable":true,"href":"https:\/\/biblian.is\/biblian\/wp-json\/wp\/v2\/comments?post=2175"}],"version-history":[{"count":0,"href":"https:\/\/biblian.is\/biblian\/wp-json\/wp\/v2\/pages\/2175\/revisions"}],"wp:attachment":[{"href":"https:\/\/biblian.is\/biblian\/wp-json\/wp\/v2\/media?parent=2175"}],"curies":[{"name":"wp","href":"https:\/\/api.w.org\/{rel}","templated":true}]}}