{"id":2173,"date":"2017-12-30T21:02:00","date_gmt":"2017-12-30T21:02:00","guid":{"rendered":"http:\/\/biblian.is\/biblian\/s%c2%87lmarnir-78-kafli\/"},"modified":"2020-05-30T18:12:48","modified_gmt":"2020-05-30T18:12:48","slug":"salmarnir-78-kafli","status":"publish","type":"page","link":"https:\/\/biblian.is\/biblian\/salmarnir-78-kafli\/","title":{"rendered":"S\u00e1lmarnir 78. kafli"},"content":{"rendered":"<p><a name=\"1\"><span class=\"versanumer_2007\">1<\/span><\/a> Asafsmask\u00edl.<br \/> <span class=\"ljodatexti\"> Hl\u00fd\u00f0 \u00fe\u00fa, \u00fej\u00f3\u00f0 m\u00edn, \u00e1 kenningu m\u00edna, <br \/>legg eyrun a\u00f0 r\u00e6\u00f0u munns m\u00edns.<br \/> <\/span> <span class=\"ljodatexti\"> <a name=\"2\"><span class=\"versanumer_ljod\">2<\/span><\/a>\u00c9g vil opna munn minn me\u00f0 l\u00edkingu <br \/>og t\u00falka li\u00f0na t\u00ed\u00f0.<br \/> <\/span> <span class=\"ljodatexti\"> <a name=\"3\"><span class=\"versanumer_ljod\">3<\/span><\/a>\u00dea\u00f0 sem v\u00e9r h\u00f6fum heyrt og \u00feekkjum<br \/>og fe\u00f0ur vorir s\u00f6g\u00f0u oss fr\u00e1<br \/> <\/span> <span class=\"ljodatexti\"> <a name=\"4\"><span class=\"versanumer_ljod\">4<\/span><\/a>\u00e6tlum v\u00e9r ekki a\u00f0 dylja fyrir b\u00f6rnum \u00feeirra<br \/>heldur segja komandi kynsl\u00f3\u00f0 <br \/>fr\u00e1 d\u00e1\u00f0um Drottins og m\u00e6tti hans<br \/>og m\u00e1ttarverkunum sem hann vann.<br \/> <\/span> <span class=\"ljodatexti\"> <a name=\"5\"><span class=\"versanumer_ljod\">5<\/span><\/a>Hann setti Jakobi reglur<br \/>og l\u00f6gm\u00e1l \u00ed \u00cdsrael<br \/>sem hann bau\u00f0 fe\u00f0rum vorum<br \/>a\u00f0 kenna b\u00f6rnum s\u00ednum<br \/> <\/span> <span class=\"ljodatexti\"> <a name=\"6\"><span class=\"versanumer_ljod\">6<\/span><\/a>svo a\u00f0 komandi kynsl\u00f3\u00f0 nemi<br \/>og b\u00f6rn, sem s\u00ed\u00f0ar f\u00e6\u00f0ast,<br \/>gangi fram og segi s\u00ednum b\u00f6rnum.<br \/> <\/span> <span class=\"ljodatexti\"> <a name=\"7\"><span class=\"versanumer_ljod\">7<\/span><\/a>\u00deau setji traust sitt \u00e1 Gu\u00f0,<br \/>gleymi ekki st\u00f3rvirkjum Gu\u00f0s <br \/>og var\u00f0veiti bo\u00f0or\u00f0 hans<br \/> <\/span> <span class=\"ljodatexti\"> <a name=\"8\"><span class=\"versanumer_ljod\">8<\/span><\/a>en ver\u00f0i ekki eins og fe\u00f0ur \u00feeirra,<br \/>\u00ferj\u00f3sk og \u00f3d\u00e6l kynsl\u00f3\u00f0, <br \/>reikul \u00ed r\u00e1\u00f0i <br \/>me\u00f0 anda \u00f3tr\u00faan Gu\u00f0i. <br \/> <\/span> <span class=\"ljodatexti\"> <a name=\"9\"><span class=\"versanumer_ljod\">9<\/span><\/a>Ni\u00f0jar Efra\u00edms, vopna\u00f0ir boga, <br \/>fl\u00fd\u00f0u \u00e1 orrustudeginum.<br \/> <\/span> <span class=\"ljodatexti\"> <a name=\"10\"><span class=\"versanumer_ljod\">10<\/span><\/a>\u00deeir h\u00e9ldu ekki s\u00e1ttm\u00e1la Gu\u00f0s<br \/>og vildu ekki fylgja l\u00f6gum hans,<br \/> <\/span> <span class=\"ljodatexti\"> <a name=\"11\"><span class=\"versanumer_ljod\">11<\/span><\/a>gleymdu st\u00f3rvirkjum Drottins <br \/>og m\u00e1ttarverkunum sem hann l\u00e9t \u00fe\u00e1 sj\u00e1.<br \/> <\/span> <span class=\"ljodatexti\"> <a name=\"12\"><span class=\"versanumer_ljod\">12<\/span><\/a>Hann dr\u00fdg\u00f0i d\u00e1\u00f0ir \u00ed augs\u00fdn fe\u00f0ra \u00feeirra<br \/>\u00ed Egyptalandi, \u00e1 S\u00f3anv\u00f6llum.<br \/> <\/span> <span class=\"ljodatexti\"> <a name=\"13\"><span class=\"versanumer_ljod\">13<\/span><\/a>Hann klauf hafi\u00f0 og leiddi \u00fe\u00e1 yfir<br \/>og l\u00e9t vatni\u00f0 standa sem vegg. <br \/> <\/span> <span class=\"ljodatexti\"> <a name=\"14\"><span class=\"versanumer_ljod\">14<\/span><\/a>Hann leiddi \u00fe\u00e1 me\u00f0 sk\u00fdi um daga<br \/>og um n\u00e6tur me\u00f0 l\u00fdsandi eldi.<br \/> <\/span> <span class=\"ljodatexti\"> <a name=\"15\"><span class=\"versanumer_ljod\">15<\/span><\/a>Hann klauf kletta \u00ed au\u00f0ninni<br \/>og gaf \u00feeim gn\u00e6g\u00f0 vatns eins og \u00far frumdj\u00fapinu. <br \/> <\/span> <span class=\"ljodatexti\"> <a name=\"16\"><span class=\"versanumer_ljod\">16<\/span><\/a>Hann l\u00e9t l\u00e6ki spretta \u00far kletti,<br \/>vatni\u00f0 streyma ni\u00f0ur sem flj\u00f3t.<br \/> <\/span> <span class=\"ljodatexti\"> <a name=\"17\"><span class=\"versanumer_ljod\">17<\/span><\/a>\u00de\u00f3 h\u00e9ldu \u00feeir \u00e1fram a\u00f0 syndga gegn honum,<br \/>r\u00edsa \u00ed ey\u00f0im\u00f6rkinni gegn Hinum h\u00e6sta.<br \/> <\/span> <span class=\"ljodatexti\"> <a name=\"18\"><span class=\"versanumer_ljod\">18<\/span><\/a>\u00deeir freistu\u00f0u Gu\u00f0s af \u00e1setningi<br \/>me\u00f0 \u00fev\u00ed a\u00f0 heimta mat a\u00f0 vild sinni.<br \/> <\/span> <span class=\"ljodatexti\"> <a name=\"19\"><span class=\"versanumer_ljod\">19<\/span><\/a>\u00deeir m\u00e6ltu gegn Gu\u00f0i og s\u00f6g\u00f0u: <br \/>\u201eGetur Gu\u00f0 b\u00fai\u00f0 bor\u00f0 \u00ed ey\u00f0im\u00f6rkinni?<br \/> <\/span> <span class=\"ljodatexti\"> <a name=\"20\"><span class=\"versanumer_ljod\">20<\/span><\/a>V\u00edst laust hann klett svo a\u00f0 vatn fl\u00e6ddi \u00fat<br \/>og l\u00e6kir spruttu fram<br \/>en getur hann einnig gefi\u00f0 oss brau\u00f0<br \/>og s\u00e9\u00f0 l\u00fd\u00f0 s\u00ednum fyrir kj\u00f6ti?\u201c<br \/> <\/span> <span class=\"ljodatexti\"> <a name=\"21\"><span class=\"versanumer_ljod\">21<\/span><\/a>Drottinn heyr\u00f0i \u00feetta og reiddist,<br \/>eldur blossa\u00f0i upp gegn Jakobi<br \/>og rei\u00f0i brann gegn \u00cdsrael<br \/> <\/span> <span class=\"ljodatexti\"> <a name=\"22\"><span class=\"versanumer_ljod\">22<\/span><\/a> \u00fev\u00ed a\u00f0 \u00feeir tr\u00fa\u00f0u ekki Gu\u00f0i<br \/>e\u00f0a treystu hj\u00e1lp hans.<br \/> <\/span> <span class=\"ljodatexti\"> <a name=\"23\"><span class=\"versanumer_ljod\">23<\/span><\/a> \u00de\u00e1 bau\u00f0 hann sk\u00fdjunum \u00ed h\u00e6\u00f0um<br \/>og opna\u00f0i dyr himins,<br \/> <\/span> <span class=\"ljodatexti\"> <a name=\"24\"><span class=\"versanumer_ljod\">24<\/span><\/a> l\u00e9t manna rigna yfir \u00fe\u00e1 til matar<br \/>og gaf \u00feeim himnakorn,<br \/> <\/span> <span class=\"ljodatexti\"> <a name=\"25\"><span class=\"versanumer_ljod\">25<\/span><\/a> englabrau\u00f0 fengu menn a\u00f0 eta,<br \/>hann sendi \u00feeim f\u00e6\u00f0u og \u00feeir ur\u00f0u mettir. <br \/> <\/span> <span class=\"ljodatexti\"> <a name=\"26\"><span class=\"versanumer_ljod\">26<\/span><\/a> Hann l\u00e9t austanvindinn bl\u00e1sa af himnum <br \/>og kn\u00fa\u00f0i sunnanvindinn me\u00f0 m\u00e6tti s\u00ednum.<br \/> <\/span> <span class=\"ljodatexti\"> <a name=\"27\"><span class=\"versanumer_ljod\">27<\/span><\/a> Hann l\u00e9t kj\u00f6ti rigna yfir \u00fe\u00e1 sem dufti<br \/>og merg\u00f0 fugla eins og sandi \u00e1 sj\u00e1varstr\u00f6nd.<br \/> <\/span> <span class=\"ljodatexti\"> <a name=\"28\"><span class=\"versanumer_ljod\">28<\/span><\/a> Hann l\u00e9t \u00fe\u00e1 falla ni\u00f0ur \u00ed b\u00fa\u00f0ir s\u00ednar<br \/>umhverfis b\u00fasta\u00f0 sinn.<br \/> <\/span> <span class=\"ljodatexti\"> <a name=\"29\"><span class=\"versanumer_ljod\">29<\/span><\/a> \u00deeir \u00e1tu og ur\u00f0u vel saddir,<br \/>hann sendi \u00feeim \u00fea\u00f0 sem \u00feeir girntust.<br \/> <\/span> <span class=\"ljodatexti\"> <a name=\"30\"><span class=\"versanumer_ljod\">30<\/span><\/a> \u00c1\u00f0ur en gr\u00e6\u00f0gin hvarf \u00feeim,<br \/>me\u00f0an maturinn var enn \u00ed munni \u00feeirra,<br \/> <\/span> <span class=\"ljodatexti\"> <a name=\"31\"><span class=\"versanumer_ljod\">31<\/span><\/a> reis heift Gu\u00f0s gegn \u00feeim<br \/>og hann deyddi valdamenn \u00feeirra, <br \/>felldi \u00e6skumenn \u00cdsraels.<br \/> <\/span> <span class=\"ljodatexti\"> <a name=\"32\"><span class=\"versanumer_ljod\">32<\/span><\/a> \u00der\u00e1tt fyrir allt \u00feetta h\u00e9ldu \u00feeir \u00e1fram a\u00f0 syndga gegn honum<br \/>og tr\u00fa\u00f0u ekki \u00e1 m\u00e1ttarverk hans.<br \/> <\/span> <span class=\"ljodatexti\"> <a name=\"33\"><span class=\"versanumer_ljod\">33<\/span><\/a> Hann l\u00e9t \u00fev\u00ed daga \u00feeirra hverfa eins og andgust,<br \/>\u00e1r \u00feeirra enda \u00ed skelfingu.<br \/> <\/span> <span class=\"ljodatexti\"> <a name=\"34\"><span class=\"versanumer_ljod\">34<\/span><\/a> \u00deegar hann laust \u00fe\u00e1 leitu\u00f0u \u00feeir hans,<br \/>i\u00f0ru\u00f0ust og sneru s\u00e9r til Gu\u00f0s,<br \/> <\/span> <span class=\"ljodatexti\"> <a name=\"35\"><span class=\"versanumer_ljod\">35<\/span><\/a> minntust \u00feess a\u00f0 Gu\u00f0 var klettur \u00feeirra<br \/>og Hinn h\u00e6sti Gu\u00f0 frelsari \u00feeirra.<br \/> <\/span> <span class=\"ljodatexti\"> <a name=\"36\"><span class=\"versanumer_ljod\">36<\/span><\/a> \u00cd munni \u00feeirra var hr\u00e6sni, <br \/>me\u00f0 tungu sinni lugu \u00feeir a\u00f0 honum.<br \/> <\/span> <span class=\"ljodatexti\"> <a name=\"37\"><span class=\"versanumer_ljod\">37<\/span><\/a> Hjarta \u00feeirra var ekki st\u00f6\u00f0ugt gagnvart honum<br \/>og \u00feeir reyndust \u00f3tr\u00fair s\u00e1ttm\u00e1la hans. <br \/> <\/span> <span class=\"ljodatexti\"> <a name=\"38\"><span class=\"versanumer_ljod\">38<\/span><\/a> En hann er miskunnsamur, fyrirgefur misgj\u00f6r\u00f0ir<br \/>og ey\u00f0ir \u00feeim ekki.<br \/>Oft stillir hann rei\u00f0i s\u00edna,<br \/>heldur aftur af br\u00e6\u00f0i sinni.<br \/> <\/span> <span class=\"ljodatexti\"> <a name=\"39\"><span class=\"versanumer_ljod\">39<\/span><\/a> Hann minntist \u00feess a\u00f0 \u00feeir voru hold,<br \/>andgustur sem l\u00ed\u00f0ur burt og sn\u00fdr ekki aftur.<br \/> <\/span> <span class=\"ljodatexti\"> <a name=\"40\"><span class=\"versanumer_ljod\">40<\/span><\/a> Hve oft risu \u00feeir ekki gegn honum \u00ed au\u00f0ninni,<br \/>stygg\u00f0u hann \u00ed ey\u00f0im\u00f6rkinni.<br \/> <\/span> <span class=\"ljodatexti\"> <a name=\"41\"><span class=\"versanumer_ljod\">41<\/span><\/a> \u00deeir reyndu Gu\u00f0 hva\u00f0 eftir anna\u00f0<br \/>og vanvirtu Hinn heilaga \u00ed \u00cdsrael.<br \/> <\/span> <span class=\"ljodatexti\"> <a name=\"42\"><span class=\"versanumer_ljod\">42<\/span><\/a> \u00deeir minntust ekki handar hans,<br \/>dagsins sem hann frelsa\u00f0i \u00fe\u00e1 fr\u00e1 \u00f3vininum,<br \/> <\/span> <span class=\"ljodatexti\"> <a name=\"43\"><span class=\"versanumer_ljod\">43<\/span><\/a> \u00feegar hann ger\u00f0i t\u00e1kn s\u00edn \u00ed Egyptalandi<br \/>og undur s\u00edn \u00e1 S\u00f3anv\u00f6llum.<br \/> <\/span> <span class=\"ljodatexti\"> <a name=\"44\"><span class=\"versanumer_ljod\">44<\/span><\/a> Hann breytti flj\u00f3tum \u00feeirra \u00ed bl\u00f3\u00f0 <br \/>og \u00feeir g\u00e1tu ekki drukki\u00f0 vatn \u00far l\u00e6kjum s\u00ednum.<br \/> <\/span> <span class=\"ljodatexti\"> <a name=\"45\"><span class=\"versanumer_ljod\">45<\/span><\/a> Hann sendi flugur gegn \u00feeim sem \u00e1tu \u00fe\u00e1<br \/>og froska sem eyddu \u00feeim.<br \/> <\/span> <span class=\"ljodatexti\"> <a name=\"46\"><span class=\"versanumer_ljod\">46<\/span><\/a> Hann gaf \u00e1tvargi afur\u00f0ir \u00feeirra<br \/>og engisprettum uppskeru \u00feeirra.<br \/> <\/span> <span class=\"ljodatexti\"> <a name=\"47\"><span class=\"versanumer_ljod\">47<\/span><\/a> Hann eyddi v\u00ednvi\u00f0 \u00feeirra me\u00f0 hagli<br \/>og m\u00f3rberjatr\u00e9 \u00feeirra me\u00f0 frosti.<br \/> <\/span> <span class=\"ljodatexti\"> <a name=\"48\"><span class=\"versanumer_ljod\">48<\/span><\/a> Hann ofurseldi f\u00e9 \u00feeirra dreps\u00f3tt <br \/>og hjar\u00f0ir \u00feeirra sj\u00fakd\u00f3mum. <br \/> <\/span> <span class=\"ljodatexti\"> <a name=\"49\"><span class=\"versanumer_ljod\">49<\/span><\/a> Hann sendi logandi heift s\u00edna gegn \u00feeim,<br \/>harm, br\u00e6\u00f0i og nau\u00f0ir,<br \/>sveitir illra sendibo\u00f0a.<br \/> <\/span> <span class=\"ljodatexti\"> <a name=\"50\"><span class=\"versanumer_ljod\">50<\/span><\/a> Hann gaf rei\u00f0inni lausan taum,<br \/>\u00feyrmdi ekki l\u00edfi \u00feeirra<br \/>heldur ofurseldi \u00fe\u00e1 dreps\u00f3tt.<br \/> <\/span> <span class=\"ljodatexti\"> <a name=\"51\"><span class=\"versanumer_ljod\">51<\/span><\/a> Hann laust alla frumbur\u00f0i \u00ed Egyptalandi,<br \/>frumgr\u00f3\u00f0a karlmennskunnar \u00ed tj\u00f6ldum Kams.<br \/> <\/span> <span class=\"ljodatexti\"> <a name=\"52\"><span class=\"versanumer_ljod\">52<\/span><\/a> \u00dev\u00ed n\u00e6st h\u00e9lt hann af sta\u00f0 me\u00f0 \u00fej\u00f3\u00f0 s\u00edna eins og fj\u00e1rsafn,<br \/>leiddi hana eins og hj\u00f6r\u00f0 um ey\u00f0im\u00f6rkina.<br \/> <\/span> <span class=\"ljodatexti\"> <a name=\"53\"><span class=\"versanumer_ljod\">53<\/span><\/a> Hann leiddi \u00fe\u00e1 \u00f3hulta og \u00f3ttalausa<br \/>en \u00f3vini \u00feeirra huldi hafi\u00f0. <br \/> <\/span> <span class=\"ljodatexti\"> <a name=\"54\"><span class=\"versanumer_ljod\">54<\/span><\/a> S\u00ed\u00f0an f\u00f3r hann me\u00f0 \u00fe\u00e1 til s\u00edns heilaga lands,<br \/>til fjalllendisins sem h\u00e6gri h\u00f6nd hans haf\u00f0i unni\u00f0,<br \/> <\/span> <span class=\"ljodatexti\"> <a name=\"55\"><span class=\"versanumer_ljod\">55<\/span><\/a> st\u00f6kkti \u00fej\u00f3\u00f0um undan \u00feeim,<br \/>skipti landi \u00feeirra \u00ed erf\u00f0al\u00f6nd me\u00f0 hlutkesti,<br \/>l\u00e9t \u00e6ttb\u00e1lka \u00cdsraels setjast a\u00f0 \u00ed tj\u00f6ldum \u00feeirra.<br \/> <\/span> <span class=\"ljodatexti\"> <a name=\"56\"><span class=\"versanumer_ljod\">56<\/span><\/a> En \u00feeir freistu\u00f0u Hins h\u00e6sta Gu\u00f0s, risu gegn honum<br \/>og h\u00e9ldu ekki l\u00f6g hans,<br \/> <\/span> <span class=\"ljodatexti\"> <a name=\"57\"><span class=\"versanumer_ljod\">57<\/span><\/a> sviku hann \u00ed trygg\u00f0um eins og fe\u00f0ur \u00feeirra,<br \/>brug\u00f0ust eins og svikull bogi. <br \/> <\/span> <span class=\"ljodatexti\"> <a name=\"58\"><span class=\"versanumer_ljod\">58<\/span><\/a> \u00deeir reittu hann til rei\u00f0i me\u00f0 f\u00f3rnarh\u00e6\u00f0um s\u00ednum,<br \/>v\u00f6ktu afbr\u00fd\u00f0i hans me\u00f0 skur\u00f0go\u00f0um s\u00ednum.<br \/> <\/span> <span class=\"ljodatexti\"> <a name=\"59\"><span class=\"versanumer_ljod\">59<\/span><\/a> Gu\u00f0 heyr\u00f0i \u00fea\u00f0 og reiddist<br \/>og hafna\u00f0i \u00cdsrael a\u00f0 fullu.<br \/> <\/span> <span class=\"ljodatexti\"> <a name=\"60\"><span class=\"versanumer_ljod\">60<\/span><\/a> Hann yfirgaf b\u00fasta\u00f0inn \u00ed S\u00edl\u00f3,<br \/>tjaldi\u00f0 sem hann bj\u00f3 \u00ed me\u00f0al manna.<br \/> <\/span> <span class=\"ljodatexti\"> <a name=\"61\"><span class=\"versanumer_ljod\">61<\/span><\/a> Hann l\u00e9t herlei\u00f0a m\u00e1tt sinn, <br \/>seldi d\u00fdr\u00f0 s\u00edna \u00ed hendur fjandmanna.<br \/> <\/span> <span class=\"ljodatexti\"> <a name=\"62\"><span class=\"versanumer_ljod\">62<\/span><\/a> Hann ofurseldi l\u00fd\u00f0 sinn sver\u00f0seggjum,<br \/>reiddist arfleif\u00f0 sinni.<br \/> <\/span> <span class=\"ljodatexti\"> <a name=\"63\"><span class=\"versanumer_ljod\">63<\/span><\/a> \u00c6skumenn hans gleypti eldurinn,<br \/>meyjar hans ur\u00f0u af br\u00fa\u00f0kaupss\u00f6ngvum,<br \/> <\/span> <span class=\"ljodatexti\"> <a name=\"64\"><span class=\"versanumer_ljod\">64<\/span><\/a> prestar hans f\u00e9llu fyrir sver\u00f0i<br \/>og ekkjur hans fengu ekki harmlj\u00f3\u00f0 flutt.<br \/> <\/span> <span class=\"ljodatexti\"> <a name=\"65\"><span class=\"versanumer_ljod\">65<\/span><\/a> \u00de\u00e1 vakna\u00f0i Drottinn eins og af svefni,<br \/>eins og bardagama\u00f0ur sem vaknar af \u00f6lv\u00edmu.<br \/> <\/span> <span class=\"ljodatexti\"> <a name=\"66\"><span class=\"versanumer_ljod\">66<\/span><\/a> Hann rak fjandmenn s\u00edna \u00e1 fl\u00f3tta, <br \/>ger\u00f0i \u00feeim \u00e6varandi h\u00e1\u00f0ung.<br \/> <\/span> <span class=\"ljodatexti\"> <a name=\"67\"><span class=\"versanumer_ljod\">67<\/span><\/a> Hann hafna\u00f0i tjaldi J\u00f3sefs,<br \/>kaus s\u00e9r eigi \u00e6ttb\u00e1lk Efra\u00edms<br \/> <\/span> <span class=\"ljodatexti\"> <a name=\"68\"><span class=\"versanumer_ljod\">68<\/span><\/a> en valdi s\u00e9r J\u00fada \u00e6tt,<br \/>S\u00edonarfjall sem hann elska\u00f0i.<br \/> <\/span> <span class=\"ljodatexti\"> <a name=\"69\"><span class=\"versanumer_ljod\">69<\/span><\/a> Hann reisti helgid\u00f3m sinn sem himinh\u00e6\u00f0ir,<br \/>grundvalla\u00f0i hann a\u00f0 eil\u00edfu eins og j\u00f6r\u00f0ina.<br \/> <\/span> <span class=\"ljodatexti\"> <a name=\"70\"><span class=\"versanumer_ljod\">70<\/span><\/a> S\u00ed\u00f0an \u00fatvaldi hann \u00fej\u00f3n sinn, Dav\u00ed\u00f0,<br \/>s\u00f3tti hann \u00ed fj\u00e1rbyrgin.<br \/> <\/span> <span class=\"ljodatexti\"> <a name=\"71\"><span class=\"versanumer_ljod\">71<\/span><\/a> Hann t\u00f3k hann fr\u00e1 lamb\u00e1num<br \/>til \u00feess a\u00f0 vera hir\u00f0ir fyrir Jakob, l\u00fd\u00f0 sinn,<br \/>og arfleif\u00f0 s\u00edna, \u00cdsrael.<br \/> <\/span> <span class=\"ljodatexti\"> <a name=\"72\"><span class=\"versanumer_ljod\">72<\/span><\/a> Dav\u00ed\u00f0 var hir\u00f0ir \u00feeirra af heilum hug,<br \/>leiddi \u00fe\u00e1 me\u00f0 hygginni hendi. <\/span> <\/p>\n","protected":false},"excerpt":{"rendered":"<p>1 Asafsmask\u00edl. Hl\u00fd\u00f0 \u00fe\u00fa, \u00fej\u00f3\u00f0 m\u00edn, \u00e1 kenningu m\u00edna, legg eyrun a\u00f0 r\u00e6\u00f0u munns m\u00edns. 2\u00c9g vil opna munn minn me\u00f0 l\u00edkingu og t\u00falka li\u00f0na t\u00ed\u00f0. 3\u00dea\u00f0 sem v\u00e9r h\u00f6fum heyrt og \u00feekkjumog fe\u00f0ur vorir s\u00f6g\u00f0u oss fr\u00e1 4\u00e6tlum v\u00e9r ekki a\u00f0 dylja fyrir b\u00f6rnum \u00feeirraheldur segja komandi kynsl\u00f3\u00f0 fr\u00e1 d\u00e1\u00f0um Drottins og m\u00e6tti hansog m\u00e1ttarverkunum sem hann vann. 5Hann setti Jakobi reglurog l\u00f6gm\u00e1l \u00ed \u00cdsraelsem hann bau\u00f0 fe\u00f0rum voruma\u00f0 kenna b\u00f6rnum s\u00ednum 6svo a\u00f0 komandi kynsl\u00f3\u00f0 nemiog b\u00f6rn, sem s\u00ed\u00f0ar f\u00e6\u00f0ast,gangi fram og segi s\u00ednum b\u00f6rnum. 7\u00deau setji traust sitt \u00e1 Gu\u00f0,gleymi ekki st\u00f3rvirkjum Gu\u00f0s og var\u00f0veiti bo\u00f0or\u00f0 hans <a href=\"https:\/\/biblian.is\/biblian\/salmarnir-78-kafli\/\"> [&#8230;]<\/a><\/p>\n","protected":false},"author":1,"featured_media":0,"parent":0,"menu_order":0,"comment_status":"open","ping_status":"open","template":"bibliukaflar_salmarnir.php","meta":{"footnotes":""},"class_list":["post-2173","page","type-page","status-publish","hentry"],"_links":{"self":[{"href":"https:\/\/biblian.is\/biblian\/wp-json\/wp\/v2\/pages\/2173","targetHints":{"allow":["GET"]}}],"collection":[{"href":"https:\/\/biblian.is\/biblian\/wp-json\/wp\/v2\/pages"}],"about":[{"href":"https:\/\/biblian.is\/biblian\/wp-json\/wp\/v2\/types\/page"}],"author":[{"embeddable":true,"href":"https:\/\/biblian.is\/biblian\/wp-json\/wp\/v2\/users\/1"}],"replies":[{"embeddable":true,"href":"https:\/\/biblian.is\/biblian\/wp-json\/wp\/v2\/comments?post=2173"}],"version-history":[{"count":0,"href":"https:\/\/biblian.is\/biblian\/wp-json\/wp\/v2\/pages\/2173\/revisions"}],"wp:attachment":[{"href":"https:\/\/biblian.is\/biblian\/wp-json\/wp\/v2\/media?parent=2173"}],"curies":[{"name":"wp","href":"https:\/\/api.w.org\/{rel}","templated":true}]}}