{"id":2172,"date":"2017-12-30T21:02:00","date_gmt":"2017-12-30T21:02:00","guid":{"rendered":"http:\/\/biblian.is\/biblian\/s%c2%87lmarnir-77-kafli\/"},"modified":"2020-05-30T18:12:48","modified_gmt":"2020-05-30T18:12:48","slug":"salmarnir-77-kafli","status":"publish","type":"page","link":"https:\/\/biblian.is\/biblian\/salmarnir-77-kafli\/","title":{"rendered":"S\u00e1lmarnir 77. kafli"},"content":{"rendered":"<p><a name=\"1\"><span class=\"versanumer_2007\">1<\/span><\/a> Til s\u00f6ngstj\u00f3rans. Fyrir Jed\u00fat\u00fan.<span class=\"nedan_mal\" title=\" E\u00f0a: Vi\u00f0 skriftam\u00e1l.\">[<\/span> Asafss\u00e1lmur.<br \/> <span class=\"ljodatexti\"> <a name=\"2\"><span class=\"versanumer_ljod\">2<\/span><\/a>\u00c9g kalla til Gu\u00f0s og hr\u00f3pa, <br \/>kalla til Gu\u00f0s svo a\u00f0 hann heyri til m\u00edn.<br \/> <\/span> <span class=\"ljodatexti\"> <a name=\"3\"><span class=\"versanumer_ljod\">3<\/span><\/a>\u00cd ney\u00f0 minni leita \u00e9g til Drottins, <br \/>r\u00e9tti \u00fat hendur m\u00ednar um n\u00e6tur og \u00fereytist ekki, <br \/>\u00e9g l\u00e6t ekki huggast.<br \/> <\/span> <span class=\"ljodatexti\"> <a name=\"4\"><span class=\"versanumer_ljod\">4<\/span><\/a>Minnist \u00e9g Gu\u00f0s andvarpa \u00e9g,<br \/>hugsi \u00e9g mig um missi \u00e9g m\u00f3\u00f0inn. (Sela)<br \/> <\/span> <span class=\"ljodatexti\"> <a name=\"5\"><span class=\"versanumer_ljod\">5<\/span><\/a>\u00de\u00fa heldur augum m\u00ednum opnum,<br \/>m\u00e9r er \u00f3r\u00f3tt og \u00e9g m\u00e1 eigi m\u00e6la.<br \/> <\/span> <span class=\"ljodatexti\"> <a name=\"6\"><span class=\"versanumer_ljod\">6<\/span><\/a>\u00c9g \u00edhuga fyrri daga,<br \/>l\u00f6ngu li\u00f0in \u00e1r.<br \/> <\/span> <span class=\"ljodatexti\"> <a name=\"7\"><span class=\"versanumer_ljod\">7<\/span><\/a>\u00c9g er hugsi um n\u00e6tur, <br \/>huglei\u00f0i \u00ed hjarta m\u00ednu,<br \/>grandsko\u00f0a hug minn.<br \/> <\/span> <span class=\"ljodatexti\"> <a name=\"8\"><span class=\"versanumer_ljod\">8<\/span><\/a>\u00datsk\u00fafar Drottinn um aldur og \u00e6vi,<br \/>er n\u00e1\u00f0 hans me\u00f0 \u00f6llu horfin,<br \/> <\/span> <span class=\"ljodatexti\"> <a name=\"9\"><span class=\"versanumer_ljod\">9<\/span><\/a>er tr\u00fafesti hans \u00e1 enda,<br \/>fyrirheit hans endanlega \u00ferotin?<br \/> <\/span> <span class=\"ljodatexti\"> <a name=\"10\"><span class=\"versanumer_ljod\">10<\/span><\/a>Hefur Gu\u00f0 gleymt g\u00e6sku sinni<br \/>og \u00ed rei\u00f0i byrgt miskunn s\u00edna? (Sela)<br \/> <\/span> <span class=\"ljodatexti\"> <a name=\"11\"><span class=\"versanumer_ljod\">11<\/span><\/a>\u00c9g hugsa: \u201e\u00deetta er kv\u00f6l m\u00edn, <br \/>a\u00f0 h\u00e6gri h\u00f6nd Hins h\u00e6sta hefur breyst.\u201c<br \/> <\/span> <span class=\"ljodatexti\"> <a name=\"12\"><span class=\"versanumer_ljod\">12<\/span><\/a>\u00c9g minnist verka Drottins,<br \/>j\u00e1, \u00e9g vil minnast fyrri d\u00e1\u00f0a \u00feinna,<br \/> <\/span> <span class=\"ljodatexti\"> <a name=\"13\"><span class=\"versanumer_ljod\">13<\/span><\/a>\u00e9g vil huglei\u00f0a \u00f6ll \u00fe\u00edn verk,<br \/>\u00edhuga st\u00f3rvirki \u00fe\u00edn. <br \/> <\/span> <span class=\"ljodatexti\"> <a name=\"14\"><span class=\"versanumer_ljod\">14<\/span><\/a>Gu\u00f0, helgur er vegur \u00feinn. <br \/>Hva\u00f0a gu\u00f0 er svo mikill sem vor Gu\u00f0? <br \/> <\/span> <span class=\"ljodatexti\"> <a name=\"15\"><span class=\"versanumer_ljod\">15<\/span><\/a>\u00de\u00fa ert s\u00e1 Gu\u00f0 sem vinnur m\u00e1ttarverk, <br \/>\u00fe\u00fa birtir m\u00e1tt \u00feinn me\u00f0al \u00fej\u00f3\u00f0anna.<br \/> <\/span> <span class=\"ljodatexti\"> <a name=\"16\"><span class=\"versanumer_ljod\">16<\/span><\/a>\u00de\u00fa frelsa\u00f0ir l\u00fd\u00f0 \u00feinn me\u00f0 armi \u00fe\u00ednum, <br \/>syni Jakobs og J\u00f3sefs. (Sela)<br \/> <\/span> <span class=\"ljodatexti\"> <a name=\"17\"><span class=\"versanumer_ljod\">17<\/span><\/a>V\u00f6tnin s\u00e1u \u00feig, \u00f3 Gu\u00f0,<br \/>v\u00f6tnin s\u00e1u \u00feig og skelfdust<br \/>og undirdj\u00fapin skulfu.<br \/> <\/span> <span class=\"ljodatexti\"> <a name=\"18\"><span class=\"versanumer_ljod\">18<\/span><\/a>Vatni\u00f0 streymdi \u00far sk\u00fdjunum, <br \/>\u00ferumuraust drundi \u00far sk\u00fdja\u00feykkninu<br \/>og \u00f6rvar \u00fe\u00ednar \u00feutu.<br \/> <\/span> <span class=\"ljodatexti\"> <a name=\"19\"><span class=\"versanumer_ljod\">19<\/span><\/a>\u00derumur \u00fe\u00ednar kv\u00e1\u00f0u vi\u00f0, <br \/>leiftur l\u00fdstu upp heiminn, <br \/>j\u00f6r\u00f0in skalf og n\u00f6tra\u00f0i.<br \/> <\/span> <span class=\"ljodatexti\"> <a name=\"20\"><span class=\"versanumer_ljod\">20<\/span><\/a>Lei\u00f0 \u00fe\u00edn l\u00e1 gegnum hafi\u00f0,<br \/>vegur \u00feinn um mikil v\u00f6tn,<br \/>en spor \u00fe\u00edn ur\u00f0u ekki rakin.<br \/> <\/span> <span class=\"ljodatexti\"> <a name=\"21\"><span class=\"versanumer_ljod\">21<\/span><\/a>\u00de\u00fa leiddir l\u00fd\u00f0 \u00feinn eins og hj\u00f6r\u00f0<br \/>me\u00f0 hendi M\u00f3se og Arons. <\/span> <\/p>\n","protected":false},"excerpt":{"rendered":"<p>1 Til s\u00f6ngstj\u00f3rans. Fyrir Jed\u00fat\u00fan.[ Asafss\u00e1lmur. 2\u00c9g kalla til Gu\u00f0s og hr\u00f3pa, kalla til Gu\u00f0s svo a\u00f0 hann heyri til m\u00edn. 3\u00cd ney\u00f0 minni leita \u00e9g til Drottins, r\u00e9tti \u00fat hendur m\u00ednar um n\u00e6tur og \u00fereytist ekki, \u00e9g l\u00e6t ekki huggast. 4Minnist \u00e9g Gu\u00f0s andvarpa \u00e9g,hugsi \u00e9g mig um missi \u00e9g m\u00f3\u00f0inn. (Sela) 5\u00de\u00fa heldur augum m\u00ednum opnum,m\u00e9r er \u00f3r\u00f3tt og \u00e9g m\u00e1 eigi m\u00e6la. 6\u00c9g \u00edhuga fyrri daga,l\u00f6ngu li\u00f0in \u00e1r. 7\u00c9g er hugsi um n\u00e6tur, huglei\u00f0i \u00ed hjarta m\u00ednu,grandsko\u00f0a hug minn. 8\u00datsk\u00fafar Drottinn um aldur og \u00e6vi,er n\u00e1\u00f0 hans me\u00f0 \u00f6llu horfin, 9er tr\u00fafesti hans \u00e1 enda,fyrirheit hans endanlega <a href=\"https:\/\/biblian.is\/biblian\/salmarnir-77-kafli\/\"> [&#8230;]<\/a><\/p>\n","protected":false},"author":1,"featured_media":0,"parent":0,"menu_order":0,"comment_status":"open","ping_status":"open","template":"bibliukaflar_salmarnir.php","meta":{"footnotes":""},"class_list":["post-2172","page","type-page","status-publish","hentry"],"_links":{"self":[{"href":"https:\/\/biblian.is\/biblian\/wp-json\/wp\/v2\/pages\/2172","targetHints":{"allow":["GET"]}}],"collection":[{"href":"https:\/\/biblian.is\/biblian\/wp-json\/wp\/v2\/pages"}],"about":[{"href":"https:\/\/biblian.is\/biblian\/wp-json\/wp\/v2\/types\/page"}],"author":[{"embeddable":true,"href":"https:\/\/biblian.is\/biblian\/wp-json\/wp\/v2\/users\/1"}],"replies":[{"embeddable":true,"href":"https:\/\/biblian.is\/biblian\/wp-json\/wp\/v2\/comments?post=2172"}],"version-history":[{"count":0,"href":"https:\/\/biblian.is\/biblian\/wp-json\/wp\/v2\/pages\/2172\/revisions"}],"wp:attachment":[{"href":"https:\/\/biblian.is\/biblian\/wp-json\/wp\/v2\/media?parent=2172"}],"curies":[{"name":"wp","href":"https:\/\/api.w.org\/{rel}","templated":true}]}}