{"id":2171,"date":"2017-12-30T21:02:00","date_gmt":"2017-12-30T21:02:00","guid":{"rendered":"http:\/\/biblian.is\/biblian\/s%c2%87lmarnir-76-kafli\/"},"modified":"2020-05-30T18:12:48","modified_gmt":"2020-05-30T18:12:48","slug":"salmarnir-76-kafli","status":"publish","type":"page","link":"https:\/\/biblian.is\/biblian\/salmarnir-76-kafli\/","title":{"rendered":"S\u00e1lmarnir 76. kafli"},"content":{"rendered":"<p><a name=\"1\"><span class=\"versanumer_2007\">1<\/span><\/a> Til s\u00f6ngstj\u00f3rans. Me\u00f0 strengjaleik. Asafss\u00e1lmur. Lj\u00f3\u00f0.<br \/> <span class=\"ljodatexti\"> <a name=\"2\"><span class=\"versanumer_ljod\">2<\/span><\/a>Gu\u00f0 ger\u00f0i sig kunnan \u00ed J\u00fada,<br \/>nafn hans er miki\u00f0 \u00ed \u00cdsrael.<br \/> <\/span> <span class=\"ljodatexti\"> <a name=\"3\"><span class=\"versanumer_ljod\">3<\/span><\/a>Tjaldb\u00fa\u00f0 hans er \u00ed Salem,<br \/>b\u00fasta\u00f0ur hans \u00e1 S\u00edon<br \/> <\/span> <span class=\"ljodatexti\"> <a name=\"4\"><span class=\"versanumer_ljod\">4<\/span><\/a>\u00fear sem hann braut leiftrandi \u00f6rvar, <br \/>skj\u00f6ld og sver\u00f0 og \u00f6nnur vopn. (Sela)<br \/> <\/span> <span class=\"ljodatexti\"> <a name=\"5\"><span class=\"versanumer_ljod\">5<\/span><\/a>\u00d3gnvekjandi ert \u00fe\u00fa,<br \/>tignarlegri en hin \u00f6ldnu fj\u00f6ll. <br \/> <\/span> <span class=\"ljodatexti\"> <a name=\"6\"><span class=\"versanumer_ljod\">6<\/span><\/a>Hugrakkir menn voru r\u00e6ndir,<br \/>\u00feeir sofnu\u00f0u svefni s\u00ednum, <br \/>hendurnar brug\u00f0ust hetjunum.<br \/> <\/span> <span class=\"ljodatexti\"> <a name=\"7\"><span class=\"versanumer_ljod\">7<\/span><\/a>Fyrir \u00f3gn \u00feinni, Jakobs Gu\u00f0,<br \/>misstu hestar og vagnar m\u00e1tt sinn. <br \/> <\/span> <span class=\"ljodatexti\"> <a name=\"8\"><span class=\"versanumer_ljod\">8<\/span><\/a>\u00de\u00fa ert \u00f3gnvekjandi, <br \/>hver f\u00e6r sta\u00f0ist rei\u00f0i \u00fe\u00edna? <br \/> <\/span> <span class=\"ljodatexti\"> <a name=\"9\"><span class=\"versanumer_ljod\">9<\/span><\/a>\u00de\u00fa kunngj\u00f6rir d\u00f3m \u00feinn fr\u00e1 himni,<br \/>j\u00f6r\u00f0in skelfist og \u00feagnar<br \/> <\/span> <span class=\"ljodatexti\"> <a name=\"10\"><span class=\"versanumer_ljod\">10<\/span><\/a>\u00feegar Gu\u00f0 r\u00eds upp til a\u00f0 halda d\u00f3m,<br \/>hj\u00e1lpa \u00f6llum hrj\u00e1\u00f0um \u00e1 j\u00f6r\u00f0u. (Sela)<br \/> <\/span> <span class=\"ljodatexti\"> <a name=\"11\"><span class=\"versanumer_ljod\">11<\/span><\/a>Rei\u00f0i manna sn\u00fdst \u00ed \u00fe\u00f6kk til \u00fe\u00edn,<br \/>\u00feeir sem eftir ver\u00f0a munu sj\u00e1 \u00fea\u00f0 og fagna \u00fe\u00e9r. <br \/> <\/span> <span class=\"ljodatexti\"> <a name=\"12\"><span class=\"versanumer_ljod\">12<\/span><\/a>Vinni\u00f0 heit og efni\u00f0 \u00feau vi\u00f0 Drottin, Gu\u00f0 y\u00f0ar,<br \/>allir umhverfis hann skulu f\u00e6ra gjafir hinum \u00f3ttalega, <br \/> <\/span> <span class=\"ljodatexti\"> <a name=\"13\"><span class=\"versanumer_ljod\">13<\/span><\/a>hann br\u00fdtur ni\u00f0ur hugm\u00f3\u00f0 h\u00f6f\u00f0ingjanna,<br \/>\u00f3gnar konungum jar\u00f0arinnar. <\/span> <\/p>\n","protected":false},"excerpt":{"rendered":"<p>1 Til s\u00f6ngstj\u00f3rans. Me\u00f0 strengjaleik. Asafss\u00e1lmur. Lj\u00f3\u00f0. 2Gu\u00f0 ger\u00f0i sig kunnan \u00ed J\u00fada,nafn hans er miki\u00f0 \u00ed \u00cdsrael. 3Tjaldb\u00fa\u00f0 hans er \u00ed Salem,b\u00fasta\u00f0ur hans \u00e1 S\u00edon 4\u00fear sem hann braut leiftrandi \u00f6rvar, skj\u00f6ld og sver\u00f0 og \u00f6nnur vopn. (Sela) 5\u00d3gnvekjandi ert \u00fe\u00fa,tignarlegri en hin \u00f6ldnu fj\u00f6ll. 6Hugrakkir menn voru r\u00e6ndir,\u00feeir sofnu\u00f0u svefni s\u00ednum, hendurnar brug\u00f0ust hetjunum. 7Fyrir \u00f3gn \u00feinni, Jakobs Gu\u00f0,misstu hestar og vagnar m\u00e1tt sinn. 8\u00de\u00fa ert \u00f3gnvekjandi, hver f\u00e6r sta\u00f0ist rei\u00f0i \u00fe\u00edna? 9\u00de\u00fa kunngj\u00f6rir d\u00f3m \u00feinn fr\u00e1 himni,j\u00f6r\u00f0in skelfist og \u00feagnar 10\u00feegar Gu\u00f0 r\u00eds upp til a\u00f0 halda d\u00f3m,hj\u00e1lpa \u00f6llum hrj\u00e1\u00f0um \u00e1 j\u00f6r\u00f0u. (Sela) 11Rei\u00f0i manna sn\u00fdst \u00ed <a href=\"https:\/\/biblian.is\/biblian\/salmarnir-76-kafli\/\"> [&#8230;]<\/a><\/p>\n","protected":false},"author":1,"featured_media":0,"parent":0,"menu_order":0,"comment_status":"open","ping_status":"open","template":"bibliukaflar_salmarnir.php","meta":{"footnotes":""},"class_list":["post-2171","page","type-page","status-publish","hentry"],"_links":{"self":[{"href":"https:\/\/biblian.is\/biblian\/wp-json\/wp\/v2\/pages\/2171","targetHints":{"allow":["GET"]}}],"collection":[{"href":"https:\/\/biblian.is\/biblian\/wp-json\/wp\/v2\/pages"}],"about":[{"href":"https:\/\/biblian.is\/biblian\/wp-json\/wp\/v2\/types\/page"}],"author":[{"embeddable":true,"href":"https:\/\/biblian.is\/biblian\/wp-json\/wp\/v2\/users\/1"}],"replies":[{"embeddable":true,"href":"https:\/\/biblian.is\/biblian\/wp-json\/wp\/v2\/comments?post=2171"}],"version-history":[{"count":0,"href":"https:\/\/biblian.is\/biblian\/wp-json\/wp\/v2\/pages\/2171\/revisions"}],"wp:attachment":[{"href":"https:\/\/biblian.is\/biblian\/wp-json\/wp\/v2\/media?parent=2171"}],"curies":[{"name":"wp","href":"https:\/\/api.w.org\/{rel}","templated":true}]}}