{"id":2170,"date":"2017-12-30T21:02:00","date_gmt":"2017-12-30T21:02:00","guid":{"rendered":"http:\/\/biblian.is\/biblian\/s%c2%87lmarnir-75-kafli\/"},"modified":"2020-05-30T18:12:47","modified_gmt":"2020-05-30T18:12:47","slug":"salmarnir-75-kafli","status":"publish","type":"page","link":"https:\/\/biblian.is\/biblian\/salmarnir-75-kafli\/","title":{"rendered":"S\u00e1lmarnir 75. kafli"},"content":{"rendered":"<p><a name=\"1\"><span class=\"versanumer_2007\">1<\/span><\/a> Til s\u00f6ngstj\u00f3rans. Lag: Spill eigi. Asafss\u00e1lmur. Lj\u00f3\u00f0.<br \/> <span class=\"ljodatexti\"> <a name=\"2\"><span class=\"versanumer_ljod\">2<\/span><\/a>V\u00e9r \u00fe\u00f6kkum \u00fe\u00e9r, Gu\u00f0, v\u00e9r \u00fe\u00f6kkum.<br \/>V\u00e9r \u00e1k\u00f6llum nafn \u00feitt<br \/>og segjum fr\u00e1 undraverkum \u00fe\u00ednum.<br \/> <\/span> <span class=\"ljodatexti\"> <a name=\"3\"><span class=\"versanumer_ljod\">3<\/span><\/a>\u201e\u00deegar m\u00e9r \u00feykir t\u00edmi til kominn<br \/>d\u00e6mi \u00e9g af r\u00e9ttv\u00edsi.<br \/> <\/span> <span class=\"ljodatexti\"> <a name=\"4\"><span class=\"versanumer_ljod\">4<\/span><\/a>\u00de\u00f3tt j\u00f6r\u00f0in skj\u00e1lfi \u00e1samt \u00f6llum \u00edb\u00faum s\u00ednum<br \/>hef \u00e9g samt fest sto\u00f0ir hennar. (Sela)<br \/> <\/span> <span class=\"ljodatexti\"> <a name=\"5\"><span class=\"versanumer_ljod\">5<\/span><\/a>\u00c9g segi vi\u00f0 hrokagikkina: Hreyki\u00f0 y\u00f0ur eigi,<br \/>vi\u00f0 hina \u00f3gu\u00f0legu: Hefji\u00f0 eigi horn,<br \/> <\/span> <span class=\"ljodatexti\"> <a name=\"6\"><span class=\"versanumer_ljod\">6<\/span><\/a>hefji\u00f0 eigi horn til himins,<br \/>m\u00e6li\u00f0 eigi drambyr\u00f0i hnakkakerrtir.\u201c <br \/> <\/span> <span class=\"ljodatexti\"> <a name=\"7\"><span class=\"versanumer_ljod\">7<\/span><\/a>\u00dev\u00ed a\u00f0 hvorki fr\u00e1 austri n\u00e9 vestri<br \/>n\u00e9 \u00far au\u00f0ninni kemur neinn sem upphef\u00f0 veitir. <br \/> <\/span> <span class=\"ljodatexti\"> <a name=\"8\"><span class=\"versanumer_ljod\">8<\/span><\/a>Gu\u00f0 er s\u00e1 sem d\u00e6mir,<br \/>hann ni\u00f0url\u00e6gir einn og upphefur annan.<br \/> <\/span> <span class=\"ljodatexti\"> <a name=\"9\"><span class=\"versanumer_ljod\">9<\/span><\/a>\u00cd hendi Drottins er bikar,<br \/>fullur af frey\u00f0andi, kryddu\u00f0u v\u00edni.<br \/>Af honum skenkir hann <br \/>og hinir \u00f3gu\u00f0legu \u00e1 j\u00f6r\u00f0inni munu allir drekka, <br \/>jafnvel dreggjarnar skulu \u00feeir s\u00f6tra. <br \/> <\/span> <span class=\"ljodatexti\"> <a name=\"10\"><span class=\"versanumer_ljod\">10<\/span><\/a>En \u00e9g mun fagna a\u00f0 eil\u00edfu, <br \/>syngja lof Gu\u00f0i Jakobs.<br \/> <\/span> <span class=\"ljodatexti\"> <a name=\"11\"><span class=\"versanumer_ljod\">11<\/span><\/a>\u00c9g mun h\u00f6ggva hornin af \u00f3gu\u00f0legum,<br \/>en horn r\u00e9ttl\u00e1tra skulu gn\u00e6fa h\u00e1tt. <\/span> <\/p>\n","protected":false},"excerpt":{"rendered":"<p>1 Til s\u00f6ngstj\u00f3rans. Lag: Spill eigi. Asafss\u00e1lmur. Lj\u00f3\u00f0. 2V\u00e9r \u00fe\u00f6kkum \u00fe\u00e9r, Gu\u00f0, v\u00e9r \u00fe\u00f6kkum.V\u00e9r \u00e1k\u00f6llum nafn \u00feittog segjum fr\u00e1 undraverkum \u00fe\u00ednum. 3\u201e\u00deegar m\u00e9r \u00feykir t\u00edmi til kominnd\u00e6mi \u00e9g af r\u00e9ttv\u00edsi. 4\u00de\u00f3tt j\u00f6r\u00f0in skj\u00e1lfi \u00e1samt \u00f6llum \u00edb\u00faum s\u00ednumhef \u00e9g samt fest sto\u00f0ir hennar. (Sela) 5\u00c9g segi vi\u00f0 hrokagikkina: Hreyki\u00f0 y\u00f0ur eigi,vi\u00f0 hina \u00f3gu\u00f0legu: Hefji\u00f0 eigi horn, 6hefji\u00f0 eigi horn til himins,m\u00e6li\u00f0 eigi drambyr\u00f0i hnakkakerrtir.\u201c 7\u00dev\u00ed a\u00f0 hvorki fr\u00e1 austri n\u00e9 vestrin\u00e9 \u00far au\u00f0ninni kemur neinn sem upphef\u00f0 veitir. 8Gu\u00f0 er s\u00e1 sem d\u00e6mir,hann ni\u00f0url\u00e6gir einn og upphefur annan. 9\u00cd hendi Drottins er bikar,fullur af frey\u00f0andi, kryddu\u00f0u v\u00edni.Af honum skenkir hann og <a href=\"https:\/\/biblian.is\/biblian\/salmarnir-75-kafli\/\"> [&#8230;]<\/a><\/p>\n","protected":false},"author":1,"featured_media":0,"parent":0,"menu_order":0,"comment_status":"open","ping_status":"open","template":"bibliukaflar_salmarnir.php","meta":{"footnotes":""},"class_list":["post-2170","page","type-page","status-publish","hentry"],"_links":{"self":[{"href":"https:\/\/biblian.is\/biblian\/wp-json\/wp\/v2\/pages\/2170","targetHints":{"allow":["GET"]}}],"collection":[{"href":"https:\/\/biblian.is\/biblian\/wp-json\/wp\/v2\/pages"}],"about":[{"href":"https:\/\/biblian.is\/biblian\/wp-json\/wp\/v2\/types\/page"}],"author":[{"embeddable":true,"href":"https:\/\/biblian.is\/biblian\/wp-json\/wp\/v2\/users\/1"}],"replies":[{"embeddable":true,"href":"https:\/\/biblian.is\/biblian\/wp-json\/wp\/v2\/comments?post=2170"}],"version-history":[{"count":0,"href":"https:\/\/biblian.is\/biblian\/wp-json\/wp\/v2\/pages\/2170\/revisions"}],"wp:attachment":[{"href":"https:\/\/biblian.is\/biblian\/wp-json\/wp\/v2\/media?parent=2170"}],"curies":[{"name":"wp","href":"https:\/\/api.w.org\/{rel}","templated":true}]}}