{"id":2169,"date":"2017-12-30T21:02:00","date_gmt":"2017-12-30T21:02:00","guid":{"rendered":"http:\/\/biblian.is\/biblian\/s%c2%87lmarnir-74-kafli\/"},"modified":"2020-05-30T18:12:47","modified_gmt":"2020-05-30T18:12:47","slug":"salmarnir-74-kafli","status":"publish","type":"page","link":"https:\/\/biblian.is\/biblian\/salmarnir-74-kafli\/","title":{"rendered":"S\u00e1lmarnir 74. kafli"},"content":{"rendered":"<p><a name=\"1\"><span class=\"versanumer_2007\">1<\/span><\/a> Asafsmask\u00edl.<br \/> <span class=\"ljodatexti\"> Gu\u00f0, hv\u00ed hefur \u00fe\u00fa hafna\u00f0 oss a\u00f0 fullu,<br \/>hv\u00ed r\u00fdkur rei\u00f0i \u00fe\u00edn gegn g\u00e6sluhj\u00f6r\u00f0 \u00feinni?<br \/> <\/span> <span class=\"ljodatexti\"> <a name=\"2\"><span class=\"versanumer_ljod\">2<\/span><\/a>Minnstu safna\u00f0ar \u00fe\u00edns <br \/>sem \u00fe\u00fa for\u00f0um leystir \u00fat \u00fe\u00e9r til eignar,<br \/>minnstu S\u00edonarfjalls \u00fear sem \u00fe\u00fa settist a\u00f0.<br \/> <\/span> <span class=\"ljodatexti\"> <a name=\"3\"><span class=\"versanumer_ljod\">3<\/span><\/a>Bein skrefum \u00fe\u00ednum a\u00f0 r\u00fastunum endalausu, <br \/>\u00f3vinurinn eyddi \u00f6llu \u00ed helgid\u00f3minum,<br \/> <\/span> <span class=\"ljodatexti\"> <a name=\"4\"><span class=\"versanumer_ljod\">4<\/span><\/a>fjandmenn \u00fe\u00ednir h\u00f6f\u00f0u uppi h\u00e1reysti \u00e1 samkomusta\u00f0 \u00fe\u00ednum <br \/>og reistu \u00fear hermerki s\u00edn. <br \/> <\/span> <span class=\"ljodatexti\"> <a name=\"5\"><span class=\"versanumer_ljod\">5<\/span><\/a>\u00deeir hjuggu eins og s\u00e1<br \/>sem sveiflar \u00f6xi \u00ed \u00fe\u00e9ttum sk\u00f3gi, <br \/> <\/span> <span class=\"ljodatexti\"> <a name=\"6\"><span class=\"versanumer_ljod\">6<\/span><\/a>brutu \u00fatskur\u00f0inn me\u00f0 \u00f6xum og h\u00f6mrum <br \/> <\/span> <span class=\"ljodatexti\"> <a name=\"7\"><span class=\"versanumer_ljod\">7<\/span><\/a>og l\u00f6g\u00f0u eld \u00ed helgid\u00f3m \u00feinn, <br \/>vanhelgu\u00f0u b\u00fasta\u00f0 nafns \u00fe\u00edns og j\u00f6fnu\u00f0u vi\u00f0 j\u00f6r\u00f0u.<br \/> <\/span> <span class=\"ljodatexti\"> <a name=\"8\"><span class=\"versanumer_ljod\">8<\/span><\/a>\u00deeir hugsu\u00f0u me\u00f0 s\u00e9r: \u201eV\u00e9r munum undiroka \u00fe\u00e1 alla.\u201c<br \/>\u00deeir brenndu \u00f6ll gu\u00f0sh\u00fas \u00ed landinu.<br \/> <\/span> <span class=\"ljodatexti\"> <a name=\"9\"><span class=\"versanumer_ljod\">9<\/span><\/a>V\u00e9r sj\u00e1um ekki t\u00e1knin sem oss voru \u00e6tlu\u00f0, <br \/>\u00fear er enginn sp\u00e1ma\u00f0ur framar,<br \/>enginn me\u00f0al vor veit hve lengi \u00feetta varir.<br \/> <\/span> <span class=\"ljodatexti\"> <a name=\"10\"><span class=\"versanumer_ljod\">10<\/span><\/a>Hversu lengi, Gu\u00f0, f\u00e6r andst\u00e6\u00f0ingurinn a\u00f0 h\u00e6\u00f0a \u00feig?<br \/>\u00c1 \u00f3vinurinn a\u00f0 sm\u00e1na nafn \u00feitt um aldur og \u00e6vi?<br \/> <\/span> <span class=\"ljodatexti\"> <a name=\"11\"><span class=\"versanumer_ljod\">11<\/span><\/a>Hv\u00ed dregur \u00fe\u00fa a\u00f0 \u00fe\u00e9r h\u00f6nd \u00fe\u00edna,<br \/>hv\u00ed geymir \u00fe\u00fa h\u00e6gri h\u00f6nd \u00fe\u00edna \u00ed barmi \u00fe\u00e9r? <br \/> <\/span> <span class=\"ljodatexti\"> <a name=\"12\"><span class=\"versanumer_ljod\">12<\/span><\/a>Gu\u00f0 er konungur minn fr\u00e1 \u00f3munat\u00ed\u00f0,<br \/>hann, sem f\u00e6rir j\u00f6r\u00f0inni hj\u00e1lpr\u00e6\u00f0i.<br \/> <\/span> <span class=\"ljodatexti\"> <a name=\"13\"><span class=\"versanumer_ljod\">13<\/span><\/a>\u00de\u00fa klaufst hafi\u00f0 me\u00f0 m\u00e6tti \u00fe\u00ednum,<br \/>\u00fe\u00fa mola\u00f0ir hausa drekanna \u00e1 hafinu,<br \/> <\/span> <span class=\"ljodatexti\"> <a name=\"14\"><span class=\"versanumer_ljod\">14<\/span><\/a>\u00fe\u00fa braust hausa Levjatans, <span class=\"nedan_mal\" title=\" Sj\u00e1 sk\u00fdringu vi\u00f0 Job 3.8.\">[<\/span> <br \/>gafst hann ey\u00f0imerkurd\u00fdrum a\u00f0 \u00e6ti,<br \/> <\/span> <span class=\"ljodatexti\"> <a name=\"15\"><span class=\"versanumer_ljod\">15<\/span><\/a>\u00fe\u00fa l\u00e9st lindir og l\u00e6ki spretta fram,<br \/>\u00feurrka\u00f0ir upp vatnsmikil flj\u00f3t,<br \/> <\/span> <span class=\"ljodatexti\"> <a name=\"16\"><span class=\"versanumer_ljod\">16<\/span><\/a>\u00feinn er dagurinn og \u00fe\u00edn er n\u00f3ttin,<br \/>\u00fe\u00fa ger\u00f0ir lj\u00f3s og s\u00f3l,<br \/> <\/span> <span class=\"ljodatexti\"> <a name=\"17\"><span class=\"versanumer_ljod\">17<\/span><\/a>\u00fe\u00fa \u00e1kva\u00f0st \u00f6ll m\u00f6rk jar\u00f0ar,<br \/>sumar og vetur ger\u00f0ir \u00fe\u00fa.<br \/> <\/span> <span class=\"ljodatexti\"> <a name=\"18\"><span class=\"versanumer_ljod\">18<\/span><\/a>Mundu, Drottinn, a\u00f0 fjandma\u00f0urinn spottar<br \/>og heimskingjar lasta nafn \u00feitt.<br \/> <\/span> <span class=\"ljodatexti\"> <a name=\"19\"><span class=\"versanumer_ljod\">19<\/span><\/a>Ofursel ekki villid\u00fdrinu l\u00edf turtild\u00fafu \u00feinnar,<br \/>gleym ekki um aldur l\u00edfi \u00feinna hrj\u00e1\u00f0u.<br \/> <\/span> <span class=\"ljodatexti\"> <a name=\"20\"><span class=\"versanumer_ljod\">20<\/span><\/a>Gef g\u00e6tur a\u00f0 s\u00e1ttm\u00e1la \u00fe\u00ednum<br \/>\u00fev\u00ed a\u00f0 \u00ed hverju sk\u00famaskoti landsins r\u00edkir ofbeldi.<br \/> <\/span> <span class=\"ljodatexti\"> <a name=\"21\"><span class=\"versanumer_ljod\">21<\/span><\/a>L\u00e1t k\u00faga\u00f0a ekki sn\u00faa fr\u00e1 \u00fe\u00e9r me\u00f0 sm\u00e1n,<br \/>megi sm\u00e1\u00f0ir og snau\u00f0ir lofa nafn \u00feitt.<br \/> <\/span> <span class=\"ljodatexti\"> <a name=\"22\"><span class=\"versanumer_ljod\">22<\/span><\/a> R\u00eds upp, Gu\u00f0, berstu fyrir m\u00e1lsta\u00f0 \u00fe\u00ednum,<br \/>minnstu \u00feess a\u00f0 heimskingjar lasta \u00feig li\u00f0langan daginn,<br \/> <\/span> <span class=\"ljodatexti\"> <a name=\"23\"><span class=\"versanumer_ljod\">23<\/span><\/a> gleym eigi hr\u00f3pi \u00f3vina \u00feinna<br \/>og glaumk\u00e6ti fjandmanna \u00feinna sem s\u00edfellt st\u00edgur upp. <\/span> <\/p>\n","protected":false},"excerpt":{"rendered":"<p>1 Asafsmask\u00edl. Gu\u00f0, hv\u00ed hefur \u00fe\u00fa hafna\u00f0 oss a\u00f0 fullu,hv\u00ed r\u00fdkur rei\u00f0i \u00fe\u00edn gegn g\u00e6sluhj\u00f6r\u00f0 \u00feinni? 2Minnstu safna\u00f0ar \u00fe\u00edns sem \u00fe\u00fa for\u00f0um leystir \u00fat \u00fe\u00e9r til eignar,minnstu S\u00edonarfjalls \u00fear sem \u00fe\u00fa settist a\u00f0. 3Bein skrefum \u00fe\u00ednum a\u00f0 r\u00fastunum endalausu, \u00f3vinurinn eyddi \u00f6llu \u00ed helgid\u00f3minum, 4fjandmenn \u00fe\u00ednir h\u00f6f\u00f0u uppi h\u00e1reysti \u00e1 samkomusta\u00f0 \u00fe\u00ednum og reistu \u00fear hermerki s\u00edn. 5\u00deeir hjuggu eins og s\u00e1sem sveiflar \u00f6xi \u00ed \u00fe\u00e9ttum sk\u00f3gi, 6brutu \u00fatskur\u00f0inn me\u00f0 \u00f6xum og h\u00f6mrum 7og l\u00f6g\u00f0u eld \u00ed helgid\u00f3m \u00feinn, vanhelgu\u00f0u b\u00fasta\u00f0 nafns \u00fe\u00edns og j\u00f6fnu\u00f0u vi\u00f0 j\u00f6r\u00f0u. 8\u00deeir hugsu\u00f0u me\u00f0 s\u00e9r: \u201eV\u00e9r munum undiroka \u00fe\u00e1 alla.\u201c\u00deeir brenndu \u00f6ll gu\u00f0sh\u00fas \u00ed <a href=\"https:\/\/biblian.is\/biblian\/salmarnir-74-kafli\/\"> [&#8230;]<\/a><\/p>\n","protected":false},"author":1,"featured_media":0,"parent":0,"menu_order":0,"comment_status":"open","ping_status":"open","template":"bibliukaflar_salmarnir.php","meta":{"footnotes":""},"class_list":["post-2169","page","type-page","status-publish","hentry"],"_links":{"self":[{"href":"https:\/\/biblian.is\/biblian\/wp-json\/wp\/v2\/pages\/2169","targetHints":{"allow":["GET"]}}],"collection":[{"href":"https:\/\/biblian.is\/biblian\/wp-json\/wp\/v2\/pages"}],"about":[{"href":"https:\/\/biblian.is\/biblian\/wp-json\/wp\/v2\/types\/page"}],"author":[{"embeddable":true,"href":"https:\/\/biblian.is\/biblian\/wp-json\/wp\/v2\/users\/1"}],"replies":[{"embeddable":true,"href":"https:\/\/biblian.is\/biblian\/wp-json\/wp\/v2\/comments?post=2169"}],"version-history":[{"count":0,"href":"https:\/\/biblian.is\/biblian\/wp-json\/wp\/v2\/pages\/2169\/revisions"}],"wp:attachment":[{"href":"https:\/\/biblian.is\/biblian\/wp-json\/wp\/v2\/media?parent=2169"}],"curies":[{"name":"wp","href":"https:\/\/api.w.org\/{rel}","templated":true}]}}