{"id":2168,"date":"2017-12-30T21:02:00","date_gmt":"2017-12-30T21:02:00","guid":{"rendered":"http:\/\/biblian.is\/biblian\/s%c2%87lmarnir-73-kafli\/"},"modified":"2020-05-30T18:12:47","modified_gmt":"2020-05-30T18:12:47","slug":"salmarnir-73-kafli","status":"publish","type":"page","link":"https:\/\/biblian.is\/biblian\/salmarnir-73-kafli\/","title":{"rendered":"S\u00e1lmarnir 73. kafli"},"content":{"rendered":"<h2 class=\"millifyrirsogn_2007\"> \u00deri\u00f0ja b\u00f3k<\/h2>\n<p><a name=\"1\"><span class=\"versanumer_2007\">1<\/span><\/a> Asafss\u00e1lmur.<br \/> <span class=\"ljodatexti\"> Vissulega er Gu\u00f0 g\u00f3\u00f0ur vi\u00f0 \u00cdsrael,<br \/>vi\u00f0 \u00fe\u00e1 sem hjartahreinir eru.<br \/> <\/span> <span class=\"ljodatexti\"> <a name=\"2\"><span class=\"versanumer_ljod\">2<\/span><\/a>En vi\u00f0 l\u00e1 a\u00f0 m\u00e9r skrika\u00f0i f\u00f3tur,<br \/>litlu muna\u00f0i a\u00f0 \u00e9g hrasa\u00f0i<br \/> <\/span> <span class=\"ljodatexti\"> <a name=\"3\"><span class=\"versanumer_ljod\">3<\/span><\/a>\u00fear sem \u00e9g \u00f6funda\u00f0i ofl\u00e1tungana<br \/>\u00feegar \u00e9g s\u00e1 velgengni hinna gu\u00f0lausu.<br \/> <\/span> <span class=\"ljodatexti\"> <a name=\"4\"><span class=\"versanumer_ljod\">4<\/span><\/a>\u00deeir l\u00ed\u00f0a engar kvalir,<br \/>eru l\u00edkamlega hraustir og vel \u00e1 sig komnir,<br \/> <\/span> <span class=\"ljodatexti\"> <a name=\"5\"><span class=\"versanumer_ljod\">5<\/span><\/a>\u00feeir hafa ekki \u00e1hyggjur eins og anna\u00f0 f\u00f3lk,<br \/>ver\u00f0a ekki fyrir \u00e1f\u00f6llum eins og a\u00f0rir menn.<br \/> <\/span> <span class=\"ljodatexti\"> <a name=\"6\"><span class=\"versanumer_ljod\">6<\/span><\/a>Hrokinn er \u00fev\u00ed h\u00e1lsmen \u00feeirra,<br \/>\u00feeir eru sveipa\u00f0ir ofr\u00edki eins og skikkju.<br \/> <\/span> <span class=\"ljodatexti\"> <a name=\"7\"><span class=\"versanumer_ljod\">7<\/span><\/a>Fr\u00e1 m\u00f6rhjarta kemur misgj\u00f6r\u00f0 \u00feeirra, <span class=\"nedan_mal\" title=\" H\u00e9r er stu\u00f0st vi\u00f0 gr\u00edsku sj\u00f6t\u00edumanna\u00fe\u00fd\u00f0inguna. Hebreski textinn merkir or\u00f0r\u00e9tt: Augu \u00feeirra standa \u00fat \u00far fitunni.\">[<\/span> <br \/>hugur \u00feeirra er \u00ferunginn illum \u00e1formum.<br \/> <\/span> <span class=\"ljodatexti\"> <a name=\"8\"><span class=\"versanumer_ljod\">8<\/span><\/a>\u00deeir spotta og lasta,<br \/>af yfirl\u00e6ti h\u00f3ta \u00feeir k\u00fagun,<br \/> <\/span> <span class=\"ljodatexti\"> <a name=\"9\"><span class=\"versanumer_ljod\">9<\/span><\/a>\u00feeir gapa upp \u00ed himininn<br \/>og tungan ve\u00f0ur yfir j\u00f6r\u00f0ina.<br \/> <\/span> <span class=\"ljodatexti\"> <a name=\"10\"><span class=\"versanumer_ljod\">10<\/span><\/a>\u00dev\u00ed sn\u00fdr f\u00f3lk s\u00e9r til \u00feeirra<br \/>og drekkur \u00ed sig or\u00f0 \u00feeirra.<br \/> <\/span> <span class=\"ljodatexti\"> <a name=\"11\"><span class=\"versanumer_ljod\">11<\/span><\/a>\u00deeir segja: \u201eHva\u00f0 \u00e6tli Gu\u00f0 taki eftir \u00feessu?<br \/>Veit Hinn h\u00e6sti nokku\u00f0?\u201c<br \/> <\/span> <span class=\"ljodatexti\"> <a name=\"12\"><span class=\"versanumer_ljod\">12<\/span><\/a>Sj\u00e1, \u00feannig eru \u00feeir gu\u00f0lausu, <br \/>\u00e6t\u00ed\u00f0 \u00e1hyggjulausir og safna au\u00f0\u00e6fum.<br \/> <\/span> <span class=\"ljodatexti\"> <a name=\"13\"><span class=\"versanumer_ljod\">13<\/span><\/a>Til einskis hef \u00e9g haldi\u00f0 hjarta m\u00ednu hreinu<br \/>og \u00fevegi\u00f0 hendur m\u00ednar \u00ed sakleysi.<br \/> <\/span> <span class=\"ljodatexti\"> <a name=\"14\"><span class=\"versanumer_ljod\">14<\/span><\/a>\u00c9g \u00fej\u00e1ist allan daginn<br \/>og \u00e1 hverjum morgni b\u00ed\u00f0ur m\u00edn hirting.<br \/> <\/span> <span class=\"ljodatexti\"> <a name=\"15\"><span class=\"versanumer_ljod\">15<\/span><\/a>Hef\u00f0i \u00e9g hugsa\u00f0: \u201e\u00c9g vil tala eins og \u00feeir,\u201c<br \/>hef\u00f0i \u00e9g brug\u00f0ist b\u00f6rnum \u00fe\u00ednum.<br \/> <\/span> <span class=\"ljodatexti\"> <a name=\"16\"><span class=\"versanumer_ljod\">16<\/span><\/a>En \u00e9g velti \u00feessu fyrir m\u00e9r til a\u00f0 skilja \u00fea\u00f0<br \/>og \u00fea\u00f0 reyndist m\u00e9r hugarkv\u00f6l<br \/> <\/span> <span class=\"ljodatexti\"> <a name=\"17\"><span class=\"versanumer_ljod\">17<\/span><\/a>uns \u00e9g kom inn \u00ed helgid\u00f3ma Gu\u00f0s<br \/>og skildi afdrif \u00feeirra.<br \/> <\/span> <span class=\"ljodatexti\"> <a name=\"18\"><span class=\"versanumer_ljod\">18<\/span><\/a>J\u00e1, \u00fe\u00fa setur \u00fe\u00e1 \u00e1 h\u00e1la j\u00f6r\u00f0<br \/>og fellir \u00fe\u00e1 til jar\u00f0ar.<br \/> <\/span> <span class=\"ljodatexti\"> <a name=\"19\"><span class=\"versanumer_ljod\">19<\/span><\/a>Hve skj\u00f3tt ver\u00f0a \u00feeir a\u00f0 engu,<br \/>hverfa, hlj\u00f3ta skelfilegan dau\u00f0daga<br \/> <\/span> <span class=\"ljodatexti\"> <a name=\"20\"><span class=\"versanumer_ljod\">20<\/span><\/a>l\u00edkt og draumur hverfur fyrir v\u00f6ku,<br \/>mynd sem er gleymd vi\u00f0 f\u00f3tafer\u00f0.<br \/> <\/span> <span class=\"ljodatexti\"> <a name=\"21\"><span class=\"versanumer_ljod\">21<\/span><\/a>\u00deegar beiskja var \u00ed hjarta m\u00ednu<br \/>og kv\u00f6lin n\u00edsti hug minn<br \/> <\/span> <span class=\"ljodatexti\"> <a name=\"22\"><span class=\"versanumer_ljod\">22<\/span><\/a> var \u00e9g f\u00e1r\u00e1\u00f0ur og vissi ekkert,<br \/>eins og skynlaus skepna frammi fyrir \u00fe\u00e9r.<br \/> <\/span> <span class=\"ljodatexti\"> <a name=\"23\"><span class=\"versanumer_ljod\">23<\/span><\/a> En \u00e9g er \u00e6t\u00ed\u00f0 hj\u00e1 \u00fe\u00e9r,<br \/>\u00fe\u00fa heldur \u00ed h\u00e6gri h\u00f6nd m\u00edna,<br \/> <\/span> <span class=\"ljodatexti\"> <a name=\"24\"><span class=\"versanumer_ljod\">24<\/span><\/a> \u00fe\u00fa lei\u00f0ir mig eftir \u00e1lyktun \u00feinni<br \/>og s\u00ed\u00f0an munt \u00fe\u00fa taka vi\u00f0 m\u00e9r \u00ed d\u00fdr\u00f0.<br \/> <\/span> <span class=\"ljodatexti\"> <a name=\"25\"><span class=\"versanumer_ljod\">25<\/span><\/a> Hvern \u00e1 \u00e9g annars a\u00f0 \u00e1 himnum?<br \/>Og hafi \u00e9g \u00feig hir\u00f0i \u00e9g eigi um neitt \u00e1 j\u00f6r\u00f0u.<br \/> <\/span> <span class=\"ljodatexti\"> <a name=\"26\"><span class=\"versanumer_ljod\">26<\/span><\/a> \u00de\u00f3tt hold mitt og hjarta t\u00e6rist<br \/>er Gu\u00f0 bjarg hjarta m\u00edns og hlutskipti mitt um eil\u00edf\u00f0.<br \/> <\/span> <span class=\"ljodatexti\"> <a name=\"27\"><span class=\"versanumer_ljod\">27<\/span><\/a> \u00dev\u00ed sj\u00e1, \u00feeir farast sem fjarl\u00e6gjast \u00feig,<br \/>\u00fe\u00fa afm\u00e1ir alla sem eru \u00fe\u00e9r \u00f3tr\u00fair.<br \/> <\/span> <span class=\"ljodatexti\"> <a name=\"28\"><span class=\"versanumer_ljod\">28<\/span><\/a> En m\u00edn g\u00e6\u00f0i eru \u00fea\u00f0 a\u00f0 vera n\u00e1l\u00e6gt Gu\u00f0i,<br \/>\u00e9g ger\u00f0i Drottin a\u00f0 athvarfi m\u00ednu<br \/>og segi fr\u00e1 \u00f6llum verkum \u00fe\u00ednum. <\/span> <\/p>\n","protected":false},"excerpt":{"rendered":"<p>\u00deri\u00f0ja b\u00f3k 1 Asafss\u00e1lmur. Vissulega er Gu\u00f0 g\u00f3\u00f0ur vi\u00f0 \u00cdsrael,vi\u00f0 \u00fe\u00e1 sem hjartahreinir eru. 2En vi\u00f0 l\u00e1 a\u00f0 m\u00e9r skrika\u00f0i f\u00f3tur,litlu muna\u00f0i a\u00f0 \u00e9g hrasa\u00f0i 3\u00fear sem \u00e9g \u00f6funda\u00f0i ofl\u00e1tungana\u00feegar \u00e9g s\u00e1 velgengni hinna gu\u00f0lausu. 4\u00deeir l\u00ed\u00f0a engar kvalir,eru l\u00edkamlega hraustir og vel \u00e1 sig komnir, 5\u00feeir hafa ekki \u00e1hyggjur eins og anna\u00f0 f\u00f3lk,ver\u00f0a ekki fyrir \u00e1f\u00f6llum eins og a\u00f0rir menn. 6Hrokinn er \u00fev\u00ed h\u00e1lsmen \u00feeirra,\u00feeir eru sveipa\u00f0ir ofr\u00edki eins og skikkju. 7Fr\u00e1 m\u00f6rhjarta kemur misgj\u00f6r\u00f0 \u00feeirra, [ hugur \u00feeirra er \u00ferunginn illum \u00e1formum. 8\u00deeir spotta og lasta,af yfirl\u00e6ti h\u00f3ta \u00feeir k\u00fagun, 9\u00feeir gapa upp \u00ed himininnog tungan ve\u00f0ur yfir <a href=\"https:\/\/biblian.is\/biblian\/salmarnir-73-kafli\/\"> [&#8230;]<\/a><\/p>\n","protected":false},"author":1,"featured_media":0,"parent":0,"menu_order":0,"comment_status":"open","ping_status":"open","template":"bibliukaflar_salmarnir.php","meta":{"footnotes":""},"class_list":["post-2168","page","type-page","status-publish","hentry"],"_links":{"self":[{"href":"https:\/\/biblian.is\/biblian\/wp-json\/wp\/v2\/pages\/2168","targetHints":{"allow":["GET"]}}],"collection":[{"href":"https:\/\/biblian.is\/biblian\/wp-json\/wp\/v2\/pages"}],"about":[{"href":"https:\/\/biblian.is\/biblian\/wp-json\/wp\/v2\/types\/page"}],"author":[{"embeddable":true,"href":"https:\/\/biblian.is\/biblian\/wp-json\/wp\/v2\/users\/1"}],"replies":[{"embeddable":true,"href":"https:\/\/biblian.is\/biblian\/wp-json\/wp\/v2\/comments?post=2168"}],"version-history":[{"count":0,"href":"https:\/\/biblian.is\/biblian\/wp-json\/wp\/v2\/pages\/2168\/revisions"}],"wp:attachment":[{"href":"https:\/\/biblian.is\/biblian\/wp-json\/wp\/v2\/media?parent=2168"}],"curies":[{"name":"wp","href":"https:\/\/api.w.org\/{rel}","templated":true}]}}